{"id":1824,"date":"2016-05-09T18:39:53","date_gmt":"2016-05-09T18:39:53","guid":{"rendered":"http:\/\/nethemba.com\/cs\/?page_id=1824"},"modified":"2016-05-09T18:39:53","modified_gmt":"2016-05-09T18:39:53","slug":"podporujeme","status":"publish","type":"page","link":"https:\/\/nethemba.com\/cs\/o-nas-old\/podporujeme\/","title":{"rendered":"Podporujeme"},"content":{"rendered":"<p>Krom\u011b IT bezpe\u010dnostn\u00edch v\u00fdzkum\u016f zam\u011b\u0159en\u00fdch na hled\u00e1n\u00ed kritick\u00fdch zranitelnost\u00ed nov\u00fdch technologi\u00ed, finan\u010dn\u011b podporujeme i kulturn\u00ed akce a um\u011bleck\u00e9 skupiny, kter\u00e9 vn\u00edm\u00e1me jako d\u016fle\u017eit\u00fd element rozvoje spole\u010dnosti. Jsme spoluzakladateli n\u011bkolika unik\u00e1tn\u00edch platforem slou\u017e\u00edc\u00edch na socializaci a spolupr\u00e1ci lid\u00ed z technick\u00e9, um\u011bleck\u00e9 a r\u016fzn\u00fdch dal\u0161\u00edch komunit. Mezi projekty, kter\u00e9 jsme podpo\u0159ili nebo kontinu\u00e1ln\u011b podporujeme pat\u0159\u00ed:<\/p>\n<p><strong>HACKERSPACE<\/strong><br \/>\n<a href=\"https:\/\/www.progressbar.sk\/\">Progressbar<\/a> v Bratislav\u011b<br \/>\n<a href=\"https:\/\/www.paralelnipolis.cz\/\">Paraleln\u00ed Polis<\/a> v Praze<\/p>\n<p><strong>KONFERENCE<\/strong><br \/>\n<a href=\"http:\/\/www.cypherconf.com\/\">CypherConf 2014 &#8211; 2016<\/a> &#8211; IT bezpe\u010dnostn\u00ed konference v Bratislav\u011b a Praze<br \/>\n<a href=\"http:\/\/hcpp.cz\/\">HCPP<\/a> &#8211; hackersk\u00fd kongres v Praze<br \/>\n<a href=\"https:\/\/www.hackerfest.cz\/\">Hackerfest<\/a> &#8211; IT bezpe\u010dnostn\u00ed konference v Praze<\/p>\n<p><strong>KULTURA a UM\u011aN\u00cd<\/strong><br \/>\n<a href=\"http:\/\/hackathon.sng.sk\/\">Hackathon<\/a> &#8211; Um\u011bn\u00ed v 3D prostoru<br \/>\n<a href=\"http:\/\/www.mladypes.sk\/\">Mlad\u00fd pes<\/a> &#8211; Cyberspace and time<br \/>\n<a href=\"http:\/\/zvukforstiavnica.sk\/\">Zvuk for \u0160tiavnica<\/a> &#8211; hudebn\u00ed festival<br \/>\n<a href=\"http:\/\/www.divadloponec.cz\/predstaveni\/guide\">Guide<\/a> &#8211; tane\u010dn\u00ed p\u0159edstaven\u00ed s vyu\u017eit\u00edm nov\u00fdch m\u00e9di\u00ed<br \/>\n<a href=\"http:\/\/sensorium.is\/index.html\">Sensorium<\/a> &#8211; prvn\u00ed slovensk\u00e1 konference kreativn\u00edch technologi\u00ed<\/p>\n","protected":false},"excerpt":{"rendered":"<p>Krom\u011b IT bezpe\u010dnostn\u00edch v\u00fdzkum\u016f zam\u011b\u0159en\u00fdch na hled\u00e1n\u00ed kritick\u00fdch zranitelnost\u00ed nov\u00fdch technologi\u00ed, finan\u010dn\u011b podporujeme i kulturn\u00ed akce a um\u011bleck\u00e9 skupiny, kter\u00e9 vn\u00edm\u00e1me jako d\u016fle\u017eit\u00fd element rozvoje spole\u010dnosti. Jsme spoluzakladateli n\u011bkolika unik\u00e1tn\u00edch platforem slou\u017e\u00edc\u00edch na socializaci a spolupr\u00e1ci lid\u00ed z technick\u00e9, um\u011bleck\u00e9 a r\u016fzn\u00fdch dal\u0161\u00edch komunit. Mezi projekty, kter\u00e9 jsme podpo\u0159ili nebo kontinu\u00e1ln\u011b podporujeme pat\u0159\u00ed: HACKERSPACE Progressbar [&hellip;]<\/p>\n","protected":false},"author":2,"featured_media":0,"parent":319,"menu_order":0,"comment_status":"closed","ping_status":"closed","template":"research.php","meta":{"inline_featured_image":false,"_monsterinsights_skip_tracking":false,"_monsterinsights_sitenote_active":false,"_monsterinsights_sitenote_note":"","_monsterinsights_sitenote_category":0,"footnotes":""},"class_list":["post-1824","page","type-page","status-publish","hentry"],"yoast_head":"<!-- This site is optimized with the Yoast SEO plugin v27.4 - https:\/\/yoast.com\/product\/yoast-seo-wordpress\/ -->\n<title>Podporujeme - Nethemba<\/title>\n<meta name=\"robots\" content=\"index, follow, max-snippet:-1, max-image-preview:large, max-video-preview:-1\" \/>\n<link rel=\"canonical\" href=\"https:\/\/nethemba.com\/cs\/o-nas-old\/podporujeme\/\" \/>\n<meta property=\"og:locale\" content=\"cs_CZ\" \/>\n<meta property=\"og:type\" content=\"article\" \/>\n<meta property=\"og:title\" content=\"Podporujeme - Nethemba\" \/>\n<meta property=\"og:description\" content=\"Krom\u011b IT bezpe\u010dnostn\u00edch v\u00fdzkum\u016f zam\u011b\u0159en\u00fdch na hled\u00e1n\u00ed kritick\u00fdch zranitelnost\u00ed nov\u00fdch technologi\u00ed, finan\u010dn\u011b podporujeme i kulturn\u00ed akce a um\u011bleck\u00e9 skupiny, kter\u00e9 vn\u00edm\u00e1me jako d\u016fle\u017eit\u00fd element rozvoje spole\u010dnosti. Jsme spoluzakladateli n\u011bkolika unik\u00e1tn\u00edch platforem slou\u017e\u00edc\u00edch na socializaci a spolupr\u00e1ci lid\u00ed z technick\u00e9, um\u011bleck\u00e9 a r\u016fzn\u00fdch dal\u0161\u00edch komunit. Mezi projekty, kter\u00e9 jsme podpo\u0159ili nebo kontinu\u00e1ln\u011b podporujeme pat\u0159\u00ed: HACKERSPACE Progressbar [&hellip;]\" \/>\n<meta property=\"og:url\" content=\"https:\/\/nethemba.com\/cs\/o-nas-old\/podporujeme\/\" \/>\n<meta property=\"og:site_name\" content=\"Nethemba\" \/>\n<meta property=\"article:publisher\" content=\"https:\/\/www.facebook.com\/nethemba\" \/>\n<meta name=\"twitter:card\" content=\"summary_large_image\" \/>\n<meta name=\"twitter:site\" content=\"@nethemba\" \/>\n<meta name=\"twitter:label1\" content=\"Odhadovan\u00e1 doba \u010dten\u00ed\" \/>\n\t<meta name=\"twitter:data1\" content=\"1 minuta\" \/>\n<script type=\"application\/ld+json\" class=\"yoast-schema-graph\">{\"@context\":\"https:\\\/\\\/schema.org\",\"@graph\":[{\"@type\":\"WebPage\",\"@id\":\"https:\\\/\\\/nethemba.com\\\/cs\\\/o-nas-old\\\/podporujeme\\\/\",\"url\":\"https:\\\/\\\/nethemba.com\\\/cs\\\/o-nas-old\\\/podporujeme\\\/\",\"name\":\"Podporujeme - Nethemba\",\"isPartOf\":{\"@id\":\"https:\\\/\\\/nethemba.com\\\/de\\\/#website\"},\"datePublished\":\"2016-05-09T18:39:53+00:00\",\"breadcrumb\":{\"@id\":\"https:\\\/\\\/nethemba.com\\\/cs\\\/o-nas-old\\\/podporujeme\\\/#breadcrumb\"},\"inLanguage\":\"cs\",\"potentialAction\":[{\"@type\":\"ReadAction\",\"target\":[\"https:\\\/\\\/nethemba.com\\\/cs\\\/o-nas-old\\\/podporujeme\\\/\"]}]},{\"@type\":\"BreadcrumbList\",\"@id\":\"https:\\\/\\\/nethemba.com\\\/cs\\\/o-nas-old\\\/podporujeme\\\/#breadcrumb\",\"itemListElement\":[{\"@type\":\"ListItem\",\"position\":1,\"name\":\"Home\",\"item\":\"https:\\\/\\\/nethemba.com\\\/cs\\\/home-new-2025\\\/\"},{\"@type\":\"ListItem\",\"position\":2,\"name\":\"O n\u00e1s\",\"item\":\"https:\\\/\\\/nethemba.com\\\/cs\\\/?page_id=319\"},{\"@type\":\"ListItem\",\"position\":3,\"name\":\"Podporujeme\"}]},{\"@type\":\"WebSite\",\"@id\":\"https:\\\/\\\/nethemba.com\\\/de\\\/#website\",\"url\":\"https:\\\/\\\/nethemba.com\\\/de\\\/\",\"name\":\"Nethemba\",\"description\":\"We care about your security\",\"potentialAction\":[{\"@type\":\"SearchAction\",\"target\":{\"@type\":\"EntryPoint\",\"urlTemplate\":\"https:\\\/\\\/nethemba.com\\\/de\\\/?s={search_term_string}\"},\"query-input\":{\"@type\":\"PropertyValueSpecification\",\"valueRequired\":true,\"valueName\":\"search_term_string\"}}],\"inLanguage\":\"cs\"}]}<\/script>\n<!-- \/ Yoast SEO plugin. -->","yoast_head_json":{"title":"Podporujeme - Nethemba","robots":{"index":"index","follow":"follow","max-snippet":"max-snippet:-1","max-image-preview":"max-image-preview:large","max-video-preview":"max-video-preview:-1"},"canonical":"https:\/\/nethemba.com\/cs\/o-nas-old\/podporujeme\/","og_locale":"cs_CZ","og_type":"article","og_title":"Podporujeme - Nethemba","og_description":"Krom\u011b IT bezpe\u010dnostn\u00edch v\u00fdzkum\u016f zam\u011b\u0159en\u00fdch na hled\u00e1n\u00ed kritick\u00fdch zranitelnost\u00ed nov\u00fdch technologi\u00ed, finan\u010dn\u011b podporujeme i kulturn\u00ed akce a um\u011bleck\u00e9 skupiny, kter\u00e9 vn\u00edm\u00e1me jako d\u016fle\u017eit\u00fd element rozvoje spole\u010dnosti. Jsme spoluzakladateli n\u011bkolika unik\u00e1tn\u00edch platforem slou\u017e\u00edc\u00edch na socializaci a spolupr\u00e1ci lid\u00ed z technick\u00e9, um\u011bleck\u00e9 a r\u016fzn\u00fdch dal\u0161\u00edch komunit. Mezi projekty, kter\u00e9 jsme podpo\u0159ili nebo kontinu\u00e1ln\u011b podporujeme pat\u0159\u00ed: HACKERSPACE Progressbar [&hellip;]","og_url":"https:\/\/nethemba.com\/cs\/o-nas-old\/podporujeme\/","og_site_name":"Nethemba","article_publisher":"https:\/\/www.facebook.com\/nethemba","twitter_card":"summary_large_image","twitter_site":"@nethemba","twitter_misc":{"Odhadovan\u00e1 doba \u010dten\u00ed":"1 minuta"},"schema":{"@context":"https:\/\/schema.org","@graph":[{"@type":"WebPage","@id":"https:\/\/nethemba.com\/cs\/o-nas-old\/podporujeme\/","url":"https:\/\/nethemba.com\/cs\/o-nas-old\/podporujeme\/","name":"Podporujeme - Nethemba","isPartOf":{"@id":"https:\/\/nethemba.com\/de\/#website"},"datePublished":"2016-05-09T18:39:53+00:00","breadcrumb":{"@id":"https:\/\/nethemba.com\/cs\/o-nas-old\/podporujeme\/#breadcrumb"},"inLanguage":"cs","potentialAction":[{"@type":"ReadAction","target":["https:\/\/nethemba.com\/cs\/o-nas-old\/podporujeme\/"]}]},{"@type":"BreadcrumbList","@id":"https:\/\/nethemba.com\/cs\/o-nas-old\/podporujeme\/#breadcrumb","itemListElement":[{"@type":"ListItem","position":1,"name":"Home","item":"https:\/\/nethemba.com\/cs\/home-new-2025\/"},{"@type":"ListItem","position":2,"name":"O n\u00e1s","item":"https:\/\/nethemba.com\/cs\/?page_id=319"},{"@type":"ListItem","position":3,"name":"Podporujeme"}]},{"@type":"WebSite","@id":"https:\/\/nethemba.com\/de\/#website","url":"https:\/\/nethemba.com\/de\/","name":"Nethemba","description":"We care about your security","potentialAction":[{"@type":"SearchAction","target":{"@type":"EntryPoint","urlTemplate":"https:\/\/nethemba.com\/de\/?s={search_term_string}"},"query-input":{"@type":"PropertyValueSpecification","valueRequired":true,"valueName":"search_term_string"}}],"inLanguage":"cs"}]}},"_links":{"self":[{"href":"https:\/\/nethemba.com\/cs\/wp-json\/wp\/v2\/pages\/1824","targetHints":{"allow":["GET"]}}],"collection":[{"href":"https:\/\/nethemba.com\/cs\/wp-json\/wp\/v2\/pages"}],"about":[{"href":"https:\/\/nethemba.com\/cs\/wp-json\/wp\/v2\/types\/page"}],"author":[{"embeddable":true,"href":"https:\/\/nethemba.com\/cs\/wp-json\/wp\/v2\/users\/2"}],"replies":[{"embeddable":true,"href":"https:\/\/nethemba.com\/cs\/wp-json\/wp\/v2\/comments?post=1824"}],"version-history":[{"count":0,"href":"https:\/\/nethemba.com\/cs\/wp-json\/wp\/v2\/pages\/1824\/revisions"}],"up":[{"embeddable":true,"href":"https:\/\/nethemba.com\/cs\/wp-json\/wp\/v2\/pages\/319"}],"wp:attachment":[{"href":"https:\/\/nethemba.com\/cs\/wp-json\/wp\/v2\/media?parent=1824"}],"curies":[{"name":"wp","href":"https:\/\/api.w.org\/{rel}","templated":true}]}}