{"id":2104,"date":"2017-03-01T16:17:08","date_gmt":"2017-03-01T16:17:08","guid":{"rendered":"http:\/\/nethemba.com\/cs\/?page_id=2104"},"modified":"2017-03-01T17:19:05","modified_gmt":"2017-03-01T17:19:05","slug":"roman-fulop","status":"publish","type":"page","link":"https:\/\/nethemba.com\/cs\/o-nas-old\/nas-tym\/roman-fulop\/","title":{"rendered":"ROMAN F\u00dcL\u00d6P"},"content":{"rendered":"<p lang=\"zxx\" style=\"text-align: left;\"><span style=\"font-size: medium;\"><span style=\"color: #333333;\"><span style=\"font-family: 'Open Sans', sans-serif;\"><span lang=\"cs-CZ\">Vystudoval FIIT-STU v Bratislav\u011b obor po\u010d\u00edta\u010dov\u00e9 syst\u00e9my a s\u00edt\u011b, s diplomovou prac\u00ed zam\u011b\u0159enou na adaptivn\u00ed \u0159\u00edzen\u00ed vlastnost\u00ed p\u0159enosn\u00e9ho kan\u00e1lu (modul do Linuxov\u00e9ho j\u00e1dra).<\/span><\/span><\/span><\/span><\/p>\n<p lang=\"cs-CZ\" style=\"text-align: left;\"><span style=\"color: #333333;\"><span style=\"font-family: 'Open Sans', sans-serif;\"><span style=\"font-size: medium;\">V\u00edce ne\u017e 12 let pracoval jako softv\u00e9rov\u00fd in\u017een\u00fdr a syst\u00e9mov\u00fd administr\u00e1tor ve spole\u010dnosti zab\u00fdvaj\u00edc\u00ed se v\u00fdvojem zejm\u00e9na webov\u00fdch a mobiln\u00edch aplikac\u00ed. M\u011bl na starosti anal\u00fdzu a v\u00fdvoj webov\u00fdch aplikac\u00ed na platform\u011b PHP a ASP.NET. Vyv\u00edjel aplikace pro spr\u00e1vu obsahu a podporu elektronick\u00e9ho u\u010den\u00ed ale i integrovan\u00e9 syst\u00e9my pro spr\u00e1vu akc\u00ed ve sportovn\u00edch ar\u00e9n\u00e1ch v technologii WPF a taky CRM syst\u00e9my na platform\u011b .NET. V r\u00e1mci v\u00fdvoje softv\u00e9ru m\u00e1 zku\u0161enosti s agiln\u00edmi metodikami a kompletn\u00edm procesem v\u00fdvoje softv\u00e9ru od n\u00e1vrhu a\u017e po provoz.<\/span><\/span><\/span><\/p>\n<p lang=\"cs-CZ\" style=\"text-align: left;\"><span style=\"color: #333333;\"><span style=\"font-family: 'Open Sans', sans-serif;\"><span style=\"font-size: medium;\">Pozd\u011bji, na pozici CTO nabyl praktick\u00e9 zku\u0161enosti s pl\u00e1nov\u00e1n\u00edm technick\u00fdch aspekt\u016f v\u00fdvoje, vytv\u00e1\u0159en\u00edm a implementac\u00ed technologick\u00e9 strategie a koordinac\u00ed v\u0161ech technick\u00fdch stup\u0148\u016f v\u00fdvoje produktu.<\/span><\/span><\/span><\/p>\n<p lang=\"cs-CZ\" style=\"text-align: left;\"><span style=\"color: #333333;\"><span style=\"font-family: 'Open Sans', sans-serif;\"><span style=\"font-size: medium;\">V letech 2012 &#8211; 2014 sou\u010dasn\u011b se zam\u011bstn\u00e1n\u00edm p\u0159edn\u00e1\u0161el i na FMFI UK jako extern\u00ed lektor v\u00fduku v\u00fdvoje mobiln\u00edch aplikac\u00ed na platform\u011b Android a Windows Phone.<\/span><\/span><\/span><\/p>\n<p lang=\"zxx\" style=\"text-align: left;\"><span style=\"color: #333333;\"><span style=\"font-family: 'Open Sans', sans-serif;\"><span style=\"font-size: medium;\"><span lang=\"cs-CZ\">Roman ovl\u00e1d\u00e1 n\u011bkolik programovac\u00edch technologi\u00ed (ASP.NET &#8211; WebForms, MVC, Web Api, PHP, Javascript jak na serveru tak na klientovi, v\u00fdvoj mobiln\u00edch aplikac\u00ed pro Android nebo Windows Phone, shell programov\u00e1n\u00ed v Bash nebo Powershell, C \/ C ++, assembler) a datab\u00e1zov\u00fdch syst\u00e9m\u016f (MySQL, PostgreSQL, MSSQL). M\u00e1 zku\u0161enosti s programov\u00e1n\u00edm j\u00e1dra Linux. M\u00e1 dlouholet\u00e9 zku\u0161enosti s penetra\u010dn\u00edm testov\u00e1n\u00edm webov\u00fdch a mobiln\u00edch aplikac\u00ed, se zaji\u0161\u0165ov\u00e1n\u00edm syst\u00e9m\u016f a implementac\u00ed IDS a IPS syst\u00e9m\u016f. Ovl\u00e1d\u00e1 testovac\u00ed\u00a0<a href=\"http:\/\/www.owasp.org\/index.php\/OWASP_Testing_Guide_v4_Table_of_Contents\">metodiky OWASP<\/a>\u00a0a OSSTMM a m\u00e1 zku\u0161enosti s n\u011bkolika bezpe\u010dnostn\u00edmi testovac\u00edmi n\u00e1stroji a exploit frameworky. V\u011bnuje se i \u0161kol\u00edc\u00ed \u010dinnosti a auditem zdrojov\u00fdch k\u00f3d\u016f (nap\u0159. v souladu s Microsoft SDL).<\/span><\/span><\/span><\/span><\/p>\n<p lang=\"cs-CZ\" style=\"text-align: left;\"><span style=\"color: #333333;\"><span style=\"font-family: 'Open Sans', sans-serif;\"><span style=\"font-size: medium;\">V sou\u010dasnosti pracuje jako softw\u00e9rov\u00fd in\u017een\u00fdr pro spole\u010dnost p\u016fsob\u00edc\u00ed ve fintech sektoru a jako IT bezpe\u010dnostn\u00ed konzultant ve spole\u010dnosti Nethemba.<\/span><\/span><\/span><\/p>\n","protected":false},"excerpt":{"rendered":"<p>Vystudoval FIIT-STU v Bratislav\u011b obor po\u010d\u00edta\u010dov\u00e9 syst\u00e9my a s\u00edt\u011b, s diplomovou prac\u00ed zam\u011b\u0159enou na adaptivn\u00ed \u0159\u00edzen\u00ed vlastnost\u00ed p\u0159enosn\u00e9ho kan\u00e1lu (modul do Linuxov\u00e9ho j\u00e1dra). V\u00edce ne\u017e 12 let pracoval jako softv\u00e9rov\u00fd in\u017een\u00fdr a syst\u00e9mov\u00fd administr\u00e1tor ve spole\u010dnosti zab\u00fdvaj\u00edc\u00ed se v\u00fdvojem zejm\u00e9na webov\u00fdch a mobiln\u00edch aplikac\u00ed. M\u011bl na starosti anal\u00fdzu a v\u00fdvoj webov\u00fdch aplikac\u00ed na platform\u011b PHP [&hellip;]<\/p>\n","protected":false},"author":2,"featured_media":0,"parent":548,"menu_order":7,"comment_status":"closed","ping_status":"closed","template":"","meta":{"inline_featured_image":false,"_monsterinsights_skip_tracking":false,"_monsterinsights_sitenote_active":false,"_monsterinsights_sitenote_note":"","_monsterinsights_sitenote_category":0,"footnotes":""},"class_list":["post-2104","page","type-page","status-publish","hentry"],"yoast_head":"<!-- This site is optimized with the Yoast SEO plugin v27.4 - https:\/\/yoast.com\/product\/yoast-seo-wordpress\/ -->\n<title>ROMAN F\u00dcL\u00d6P - Nethemba<\/title>\n<meta name=\"robots\" content=\"index, follow, max-snippet:-1, max-image-preview:large, max-video-preview:-1\" \/>\n<link rel=\"canonical\" href=\"https:\/\/nethemba.com\/cs\/o-nas-old\/nas-tym\/roman-fulop\/\" \/>\n<meta property=\"og:locale\" content=\"cs_CZ\" \/>\n<meta property=\"og:type\" content=\"article\" \/>\n<meta property=\"og:title\" content=\"ROMAN F\u00dcL\u00d6P - Nethemba\" \/>\n<meta property=\"og:description\" content=\"Vystudoval FIIT-STU v Bratislav\u011b obor po\u010d\u00edta\u010dov\u00e9 syst\u00e9my a s\u00edt\u011b, s diplomovou prac\u00ed zam\u011b\u0159enou na adaptivn\u00ed \u0159\u00edzen\u00ed vlastnost\u00ed p\u0159enosn\u00e9ho kan\u00e1lu (modul do Linuxov\u00e9ho j\u00e1dra). V\u00edce ne\u017e 12 let pracoval jako softv\u00e9rov\u00fd in\u017een\u00fdr a syst\u00e9mov\u00fd administr\u00e1tor ve spole\u010dnosti zab\u00fdvaj\u00edc\u00ed se v\u00fdvojem zejm\u00e9na webov\u00fdch a mobiln\u00edch aplikac\u00ed. M\u011bl na starosti anal\u00fdzu a v\u00fdvoj webov\u00fdch aplikac\u00ed na platform\u011b PHP [&hellip;]\" \/>\n<meta property=\"og:url\" content=\"https:\/\/nethemba.com\/cs\/o-nas-old\/nas-tym\/roman-fulop\/\" \/>\n<meta property=\"og:site_name\" content=\"Nethemba\" \/>\n<meta property=\"article:publisher\" content=\"https:\/\/www.facebook.com\/nethemba\" \/>\n<meta property=\"article:modified_time\" content=\"2017-03-01T17:19:05+00:00\" \/>\n<meta name=\"twitter:card\" content=\"summary_large_image\" \/>\n<meta name=\"twitter:site\" content=\"@nethemba\" \/>\n<meta name=\"twitter:label1\" content=\"Odhadovan\u00e1 doba \u010dten\u00ed\" \/>\n\t<meta name=\"twitter:data1\" content=\"2 minuty\" \/>\n<script type=\"application\/ld+json\" class=\"yoast-schema-graph\">{\"@context\":\"https:\\\/\\\/schema.org\",\"@graph\":[{\"@type\":\"WebPage\",\"@id\":\"https:\\\/\\\/nethemba.com\\\/cs\\\/o-nas-old\\\/nas-tym\\\/roman-fulop\\\/\",\"url\":\"https:\\\/\\\/nethemba.com\\\/cs\\\/o-nas-old\\\/nas-tym\\\/roman-fulop\\\/\",\"name\":\"ROMAN F\u00dcL\u00d6P - Nethemba\",\"isPartOf\":{\"@id\":\"https:\\\/\\\/nethemba.com\\\/de\\\/#website\"},\"datePublished\":\"2017-03-01T16:17:08+00:00\",\"dateModified\":\"2017-03-01T17:19:05+00:00\",\"breadcrumb\":{\"@id\":\"https:\\\/\\\/nethemba.com\\\/cs\\\/o-nas-old\\\/nas-tym\\\/roman-fulop\\\/#breadcrumb\"},\"inLanguage\":\"cs\",\"potentialAction\":[{\"@type\":\"ReadAction\",\"target\":[\"https:\\\/\\\/nethemba.com\\\/cs\\\/o-nas-old\\\/nas-tym\\\/roman-fulop\\\/\"]}]},{\"@type\":\"BreadcrumbList\",\"@id\":\"https:\\\/\\\/nethemba.com\\\/cs\\\/o-nas-old\\\/nas-tym\\\/roman-fulop\\\/#breadcrumb\",\"itemListElement\":[{\"@type\":\"ListItem\",\"position\":1,\"name\":\"Home\",\"item\":\"https:\\\/\\\/nethemba.com\\\/cs\\\/home-new-2025\\\/\"},{\"@type\":\"ListItem\",\"position\":2,\"name\":\"O n\u00e1s\",\"item\":\"https:\\\/\\\/nethemba.com\\\/cs\\\/?page_id=319\"},{\"@type\":\"ListItem\",\"position\":3,\"name\":\"N\u00e1\u0161 t\u00fdm\",\"item\":\"https:\\\/\\\/nethemba.com\\\/cs\\\/o-nas-old\\\/nas-tym\\\/\"},{\"@type\":\"ListItem\",\"position\":4,\"name\":\"ROMAN F\u00dcL\u00d6P\"}]},{\"@type\":\"WebSite\",\"@id\":\"https:\\\/\\\/nethemba.com\\\/de\\\/#website\",\"url\":\"https:\\\/\\\/nethemba.com\\\/de\\\/\",\"name\":\"Nethemba\",\"description\":\"We care about your security\",\"potentialAction\":[{\"@type\":\"SearchAction\",\"target\":{\"@type\":\"EntryPoint\",\"urlTemplate\":\"https:\\\/\\\/nethemba.com\\\/de\\\/?s={search_term_string}\"},\"query-input\":{\"@type\":\"PropertyValueSpecification\",\"valueRequired\":true,\"valueName\":\"search_term_string\"}}],\"inLanguage\":\"cs\"}]}<\/script>\n<!-- \/ Yoast SEO plugin. -->","yoast_head_json":{"title":"ROMAN F\u00dcL\u00d6P - Nethemba","robots":{"index":"index","follow":"follow","max-snippet":"max-snippet:-1","max-image-preview":"max-image-preview:large","max-video-preview":"max-video-preview:-1"},"canonical":"https:\/\/nethemba.com\/cs\/o-nas-old\/nas-tym\/roman-fulop\/","og_locale":"cs_CZ","og_type":"article","og_title":"ROMAN F\u00dcL\u00d6P - Nethemba","og_description":"Vystudoval FIIT-STU v Bratislav\u011b obor po\u010d\u00edta\u010dov\u00e9 syst\u00e9my a s\u00edt\u011b, s diplomovou prac\u00ed zam\u011b\u0159enou na adaptivn\u00ed \u0159\u00edzen\u00ed vlastnost\u00ed p\u0159enosn\u00e9ho kan\u00e1lu (modul do Linuxov\u00e9ho j\u00e1dra). V\u00edce ne\u017e 12 let pracoval jako softv\u00e9rov\u00fd in\u017een\u00fdr a syst\u00e9mov\u00fd administr\u00e1tor ve spole\u010dnosti zab\u00fdvaj\u00edc\u00ed se v\u00fdvojem zejm\u00e9na webov\u00fdch a mobiln\u00edch aplikac\u00ed. M\u011bl na starosti anal\u00fdzu a v\u00fdvoj webov\u00fdch aplikac\u00ed na platform\u011b PHP [&hellip;]","og_url":"https:\/\/nethemba.com\/cs\/o-nas-old\/nas-tym\/roman-fulop\/","og_site_name":"Nethemba","article_publisher":"https:\/\/www.facebook.com\/nethemba","article_modified_time":"2017-03-01T17:19:05+00:00","twitter_card":"summary_large_image","twitter_site":"@nethemba","twitter_misc":{"Odhadovan\u00e1 doba \u010dten\u00ed":"2 minuty"},"schema":{"@context":"https:\/\/schema.org","@graph":[{"@type":"WebPage","@id":"https:\/\/nethemba.com\/cs\/o-nas-old\/nas-tym\/roman-fulop\/","url":"https:\/\/nethemba.com\/cs\/o-nas-old\/nas-tym\/roman-fulop\/","name":"ROMAN F\u00dcL\u00d6P - Nethemba","isPartOf":{"@id":"https:\/\/nethemba.com\/de\/#website"},"datePublished":"2017-03-01T16:17:08+00:00","dateModified":"2017-03-01T17:19:05+00:00","breadcrumb":{"@id":"https:\/\/nethemba.com\/cs\/o-nas-old\/nas-tym\/roman-fulop\/#breadcrumb"},"inLanguage":"cs","potentialAction":[{"@type":"ReadAction","target":["https:\/\/nethemba.com\/cs\/o-nas-old\/nas-tym\/roman-fulop\/"]}]},{"@type":"BreadcrumbList","@id":"https:\/\/nethemba.com\/cs\/o-nas-old\/nas-tym\/roman-fulop\/#breadcrumb","itemListElement":[{"@type":"ListItem","position":1,"name":"Home","item":"https:\/\/nethemba.com\/cs\/home-new-2025\/"},{"@type":"ListItem","position":2,"name":"O n\u00e1s","item":"https:\/\/nethemba.com\/cs\/?page_id=319"},{"@type":"ListItem","position":3,"name":"N\u00e1\u0161 t\u00fdm","item":"https:\/\/nethemba.com\/cs\/o-nas-old\/nas-tym\/"},{"@type":"ListItem","position":4,"name":"ROMAN F\u00dcL\u00d6P"}]},{"@type":"WebSite","@id":"https:\/\/nethemba.com\/de\/#website","url":"https:\/\/nethemba.com\/de\/","name":"Nethemba","description":"We care about your security","potentialAction":[{"@type":"SearchAction","target":{"@type":"EntryPoint","urlTemplate":"https:\/\/nethemba.com\/de\/?s={search_term_string}"},"query-input":{"@type":"PropertyValueSpecification","valueRequired":true,"valueName":"search_term_string"}}],"inLanguage":"cs"}]}},"_links":{"self":[{"href":"https:\/\/nethemba.com\/cs\/wp-json\/wp\/v2\/pages\/2104","targetHints":{"allow":["GET"]}}],"collection":[{"href":"https:\/\/nethemba.com\/cs\/wp-json\/wp\/v2\/pages"}],"about":[{"href":"https:\/\/nethemba.com\/cs\/wp-json\/wp\/v2\/types\/page"}],"author":[{"embeddable":true,"href":"https:\/\/nethemba.com\/cs\/wp-json\/wp\/v2\/users\/2"}],"replies":[{"embeddable":true,"href":"https:\/\/nethemba.com\/cs\/wp-json\/wp\/v2\/comments?post=2104"}],"version-history":[{"count":0,"href":"https:\/\/nethemba.com\/cs\/wp-json\/wp\/v2\/pages\/2104\/revisions"}],"up":[{"embeddable":true,"href":"https:\/\/nethemba.com\/cs\/wp-json\/wp\/v2\/pages\/548"}],"wp:attachment":[{"href":"https:\/\/nethemba.com\/cs\/wp-json\/wp\/v2\/media?parent=2104"}],"curies":[{"name":"wp","href":"https:\/\/api.w.org\/{rel}","templated":true}]}}