{"id":2167,"date":"2017-04-20T21:17:54","date_gmt":"2017-04-20T21:17:54","guid":{"rendered":"http:\/\/nethemba.com\/cs\/?page_id=2167"},"modified":"2019-08-27T10:54:03","modified_gmt":"2019-08-27T09:54:03","slug":"bezpecnostni-audit-iot","status":"publish","type":"page","link":"https:\/\/nethemba.com\/cs\/sluzby\/sitova-a-systemova-bezpecnost\/bezpecnostni-audit-iot\/","title":{"rendered":"Bezpe\u010dnostn\u00ed audit IoT"},"content":{"rendered":"<div class=\"western\" lang=\"cs-CZ\"><span style=\"font-family: 'Liberation Sans', sans-serif;\">Internet v\u011bc\u00ed (IoT) p\u0159edstavuje unik\u00e1tn\u00ed bezpe\u010dnostn\u00ed v\u00fdzvy. IoT za\u0159\u00edzen\u00ed jsou \u010dasto provozov\u00e1ny p\u0159es jednoduch\u00e9 hardv\u00e9ry, kter\u00e9 se pou\u017e\u00edvaj\u00ed nap\u0159\u00ed\u010d r\u016fzn\u00fdm prost\u0159ed\u00edm. Toto \u0161irok\u00e9 nasazen\u00ed &#8222;monokultury&#8220; vede k nov\u00fdm v\u00fdzv\u00e1m, kter\u00e9 jsou jedine\u010dn\u00e9 pro za\u0159\u00edzen\u00ed IoT. Softwarov\u00e9 aktualizace a spr\u00e1va zranitelnost\u00ed jsou velmi d\u016fle\u017eit\u00e9 a vy\u017eaduj\u00ed odli\u0161n\u00e9 strategie jako u jin\u00fdch IT aplikac\u00ed. P\u0159i navrhov\u00e1n\u00ed bezpe\u010dn\u00fdch IoT za\u0159\u00edzen\u00ed je t\u0159eba zohlednit oblasti:<\/span><\/div>\n<div class=\"western\" lang=\"cs-CZ\"><\/div>\n<div class=\"western\" lang=\"cs-CZ\"><span style=\"font-family: 'Liberation Sans', sans-serif;\"><span lang=\"cs-CZ\">&#8211; klasifikace dat<\/span><\/span><\/div>\n<div class=\"western\" lang=\"cs-CZ\"><span style=\"font-family: 'Liberation Sans', sans-serif;\"><span lang=\"cs-CZ\">&#8211; fyzick\u00e1 bezpe\u010dnost<\/span><\/span><\/div>\n<div class=\"western\" lang=\"cs-CZ\"><span style=\"font-family: 'Liberation Sans', sans-serif;\"><span lang=\"cs-CZ\">&#8211; bezpe\u010dn\u00e9 nasazen\u00ed za\u0159\u00edzen\u00ed<\/span><\/span><\/div>\n<div class=\"western\" lang=\"cs-CZ\"><span style=\"font-family: 'Liberation Sans', sans-serif;\"><span lang=\"cs-CZ\">&#8211; bezpe\u010dn\u00e9 opera\u010dn\u00ed syst\u00e9my<\/span><\/span><\/div>\n<div class=\"western\" lang=\"cs-CZ\"><span style=\"font-family: 'Liberation Sans', sans-serif;\"><span lang=\"cs-CZ\">&#8211; aplika\u010dn\u00ed bezpe\u010dnost<\/span><\/span><\/div>\n<div class=\"western\" lang=\"cs-CZ\"><span style=\"font-family: 'Liberation Sans', sans-serif;\"><span lang=\"cs-CZ\">&#8211; spr\u00e1va pov\u011b\u0159en\u00ed<\/span><\/span><\/div>\n<div class=\"western\" lang=\"cs-CZ\"><span style=\"font-family: 'Liberation Sans', sans-serif;\"><span lang=\"cs-CZ\">&#8211; \u0161ifrov\u00e1n\u00ed<\/span><\/span><\/div>\n<div class=\"western\" lang=\"cs-CZ\"><span style=\"font-family: 'Liberation Sans', sans-serif;\"><span lang=\"cs-CZ\">&#8211; s\u00ed\u0165ov\u00e9 p\u0159ipojen\u00ed<\/span><\/span><\/div>\n<div class=\"western\" lang=\"cs-CZ\"><span style=\"font-family: 'Liberation Sans', sans-serif;\"><span lang=\"cs-CZ\">&#8211; aktualizace softwaru<\/span><\/span><\/div>\n<div class=\"western\" lang=\"cs-CZ\"><span style=\"font-family: 'Liberation Sans', sans-serif;\"><span lang=\"cs-CZ\">&#8211; protokolov\u00e1n\u00ed<\/span><\/span><\/div>\n<div class=\"western\" lang=\"cs-CZ\"><\/div>\n<div class=\"western\" lang=\"cs-CZ\"><span style=\"font-family: 'Liberation Sans', sans-serif;\"><span lang=\"cs-CZ\">Nab\u00edz\u00edme audity a poradenstv\u00ed v uveden\u00fdch oblastech v pr\u016fb\u011bhu v\u0161ech f\u00e1z\u00ed procesu navrhov\u00e1n\u00ed. Pom\u016f\u017eeme v\u00e1m vybudovat bezpe\u010dn\u00fd internet v\u011bc\u00ed od rann\u00e9 f\u00e1ze navrhov\u00e1n\u00ed procesu nebo prost\u0159ednictv\u00edm konzultac\u00ed a audit\u016f v pozd\u011bj\u0161\u00edch f\u00e1zach. V z\u00e1vislosti na va\u0161ich pot\u0159eb\u00e1ch v\u00e1m nab\u00edz\u00edme:<\/span><\/span><\/div>\n<div class=\"western\" lang=\"cs-CZ\"><\/div>\n<div class=\"western\" lang=\"cs-CZ\"><span style=\"font-family: 'Liberation Sans', sans-serif;\"><span lang=\"cs-CZ\">&#8211; presk\u00famanie opera\u010dn\u00e9ho syst\u00e9mu<\/span><\/span><\/div>\n<div class=\"western\" lang=\"cs-CZ\"><span style=\"font-family: 'Liberation Sans', sans-serif;\"><span lang=\"cs-CZ\">&#8211; presk\u00famanie hardv\u00e9ru<\/span><\/span><\/div>\n<div class=\"western\" lang=\"cs-CZ\"><span style=\"font-family: 'Liberation Sans', sans-serif;\"><span lang=\"cs-CZ\">&#8211; zkoum\u00e1n\u00ed bezpe\u010dnostn\u00edch aktualizac\u00ed a proces\u016f spr\u00e1vy zranitelnosti<\/span><\/span><\/div>\n<div class=\"western\" lang=\"cs-CZ\"><span style=\"font-family: 'Liberation Sans', sans-serif;\"><span lang=\"cs-CZ\">&#8211; bezpe\u010dnostn\u00ed audit zdrojov\u00e9ho k\u00f3du aplikace<\/span><\/span><\/div>\n<div class=\"western\" lang=\"cs-CZ\"><span style=\"font-family: 'Liberation Sans', sans-serif;\"><span lang=\"cs-CZ\">&#8211; bezpe\u010dnostn\u00ed anal\u00fdza komunika\u010dn\u00edch protokol\u016f<\/span><\/span><\/div>\n<div class=\"western\" lang=\"cs-CZ\"><span style=\"font-family: 'Liberation Sans', sans-serif;\"><span lang=\"cs-CZ\">&#8211; revize va\u0161ich za\u0159\u00edzen\u00ed v souladu s\u00a0<a href=\"https:\/\/iotsecurityfoundation.org\/wp-content\/uploads\/2016\/12\/IoT-Security-Compliance-Framework.pdf\"><span lang=\"en-US\">IoT Security Compliance Framework<\/span><\/a><\/span><\/span><\/div>\n<div class=\"western\" lang=\"cs-CZ\"><span style=\"font-family: 'Liberation Sans', sans-serif;\"><span lang=\"cs-CZ\">V\u00fdstupem z testov\u00e1n\u00ed je souhrnn\u00e1 zpr\u00e1va, kter\u00e1 obsahuje popis v\u0161ech zji\u0161t\u011bn\u00fdch zranitelnost\u00ed a taky stupe\u0148 z\u00e1va\u017enosti a doporu\u010den\u00ed.<\/span><\/span><\/div>\n","protected":false},"excerpt":{"rendered":"<p>Internet v\u011bc\u00ed (IoT) p\u0159edstavuje unik\u00e1tn\u00ed bezpe\u010dnostn\u00ed v\u00fdzvy. IoT za\u0159\u00edzen\u00ed jsou \u010dasto provozov\u00e1ny p\u0159es jednoduch\u00e9 hardv\u00e9ry, kter\u00e9 se pou\u017e\u00edvaj\u00ed nap\u0159\u00ed\u010d r\u016fzn\u00fdm prost\u0159ed\u00edm. Toto \u0161irok\u00e9 nasazen\u00ed &#8222;monokultury&#8220; vede k nov\u00fdm v\u00fdzv\u00e1m, kter\u00e9 jsou jedine\u010dn\u00e9 pro za\u0159\u00edzen\u00ed IoT. Softwarov\u00e9 aktualizace a spr\u00e1va zranitelnost\u00ed jsou velmi d\u016fle\u017eit\u00e9 a vy\u017eaduj\u00ed odli\u0161n\u00e9 strategie jako u jin\u00fdch IT aplikac\u00ed. P\u0159i navrhov\u00e1n\u00ed bezpe\u010dn\u00fdch [&hellip;]<\/p>\n","protected":false},"author":2,"featured_media":0,"parent":383,"menu_order":8,"comment_status":"closed","ping_status":"closed","template":"services_detail.php","meta":{"inline_featured_image":false,"_monsterinsights_skip_tracking":false,"_monsterinsights_sitenote_active":false,"_monsterinsights_sitenote_note":"","_monsterinsights_sitenote_category":0,"footnotes":""},"class_list":["post-2167","page","type-page","status-publish","hentry"],"yoast_head":"<!-- This site is optimized with the Yoast SEO plugin v27.3 - https:\/\/yoast.com\/product\/yoast-seo-wordpress\/ -->\n<title>Bezpe\u010dnostn\u00ed audit IoT - Nethemba<\/title>\n<meta name=\"description\" content=\"Softwarov\u00e9 aktualizace a spr\u00e1va zranitelnost\u00ed IoT jsou velmi d\u016fle\u017eit\u00e9 a vy\u017eaduj\u00ed odli\u0161n\u00e9 strategie jako u jin\u00fdch IT aplikac\u00ed.\" \/>\n<meta name=\"robots\" content=\"index, follow, max-snippet:-1, max-image-preview:large, max-video-preview:-1\" \/>\n<link rel=\"canonical\" href=\"https:\/\/nethemba.com\/cs\/sluzby\/sitova-a-systemova-bezpecnost\/bezpecnostni-audit-iot\/\" \/>\n<meta property=\"og:locale\" content=\"cs_CZ\" \/>\n<meta property=\"og:type\" content=\"article\" \/>\n<meta property=\"og:title\" content=\"Bezpe\u010dnostn\u00ed audit IoT - Nethemba\" \/>\n<meta property=\"og:description\" content=\"Softwarov\u00e9 aktualizace a spr\u00e1va zranitelnost\u00ed IoT jsou velmi d\u016fle\u017eit\u00e9 a vy\u017eaduj\u00ed odli\u0161n\u00e9 strategie jako u jin\u00fdch IT aplikac\u00ed.\" \/>\n<meta property=\"og:url\" content=\"https:\/\/nethemba.com\/cs\/sluzby\/sitova-a-systemova-bezpecnost\/bezpecnostni-audit-iot\/\" \/>\n<meta property=\"og:site_name\" content=\"Nethemba\" \/>\n<meta property=\"article:publisher\" content=\"https:\/\/www.facebook.com\/nethemba\" \/>\n<meta property=\"article:modified_time\" content=\"2019-08-27T09:54:03+00:00\" \/>\n<meta name=\"twitter:card\" content=\"summary_large_image\" \/>\n<meta name=\"twitter:site\" content=\"@nethemba\" \/>\n<meta name=\"twitter:label1\" content=\"Odhadovan\u00e1 doba \u010dten\u00ed\" \/>\n\t<meta name=\"twitter:data1\" content=\"1 minuta\" \/>\n<script type=\"application\/ld+json\" class=\"yoast-schema-graph\">{\"@context\":\"https:\\\/\\\/schema.org\",\"@graph\":[{\"@type\":\"WebPage\",\"@id\":\"https:\\\/\\\/nethemba.com\\\/cs\\\/sluzby\\\/sitova-a-systemova-bezpecnost\\\/bezpecnostni-audit-iot\\\/\",\"url\":\"https:\\\/\\\/nethemba.com\\\/cs\\\/sluzby\\\/sitova-a-systemova-bezpecnost\\\/bezpecnostni-audit-iot\\\/\",\"name\":\"Bezpe\u010dnostn\u00ed audit IoT - Nethemba\",\"isPartOf\":{\"@id\":\"https:\\\/\\\/nethemba.com\\\/de\\\/#website\"},\"datePublished\":\"2017-04-20T21:17:54+00:00\",\"dateModified\":\"2019-08-27T09:54:03+00:00\",\"description\":\"Softwarov\u00e9 aktualizace a spr\u00e1va zranitelnost\u00ed IoT jsou velmi d\u016fle\u017eit\u00e9 a vy\u017eaduj\u00ed odli\u0161n\u00e9 strategie jako u jin\u00fdch IT aplikac\u00ed.\",\"breadcrumb\":{\"@id\":\"https:\\\/\\\/nethemba.com\\\/cs\\\/sluzby\\\/sitova-a-systemova-bezpecnost\\\/bezpecnostni-audit-iot\\\/#breadcrumb\"},\"inLanguage\":\"cs\",\"potentialAction\":[{\"@type\":\"ReadAction\",\"target\":[\"https:\\\/\\\/nethemba.com\\\/cs\\\/sluzby\\\/sitova-a-systemova-bezpecnost\\\/bezpecnostni-audit-iot\\\/\"]}]},{\"@type\":\"BreadcrumbList\",\"@id\":\"https:\\\/\\\/nethemba.com\\\/cs\\\/sluzby\\\/sitova-a-systemova-bezpecnost\\\/bezpecnostni-audit-iot\\\/#breadcrumb\",\"itemListElement\":[{\"@type\":\"ListItem\",\"position\":1,\"name\":\"Home\",\"item\":\"https:\\\/\\\/nethemba.com\\\/cs\\\/home-new-2025\\\/\"},{\"@type\":\"ListItem\",\"position\":2,\"name\":\"Slu\u017eby\",\"item\":\"https:\\\/\\\/nethemba.com\\\/cs\\\/sluzby\\\/\"},{\"@type\":\"ListItem\",\"position\":3,\"name\":\"S\u00ed\u0165ov\u00e1 a syst\u00e9mov\u00e1 bezpe\u010dnost\",\"item\":\"https:\\\/\\\/nethemba.com\\\/cs\\\/sluzby\\\/sitova-a-systemova-bezpecnost\\\/\"},{\"@type\":\"ListItem\",\"position\":4,\"name\":\"Bezpe\u010dnostn\u00ed audit IoT\"}]},{\"@type\":\"WebSite\",\"@id\":\"https:\\\/\\\/nethemba.com\\\/de\\\/#website\",\"url\":\"https:\\\/\\\/nethemba.com\\\/de\\\/\",\"name\":\"Nethemba\",\"description\":\"We care about your security\",\"potentialAction\":[{\"@type\":\"SearchAction\",\"target\":{\"@type\":\"EntryPoint\",\"urlTemplate\":\"https:\\\/\\\/nethemba.com\\\/de\\\/?s={search_term_string}\"},\"query-input\":{\"@type\":\"PropertyValueSpecification\",\"valueRequired\":true,\"valueName\":\"search_term_string\"}}],\"inLanguage\":\"cs\"}]}<\/script>\n<!-- \/ Yoast SEO plugin. -->","yoast_head_json":{"title":"Bezpe\u010dnostn\u00ed audit IoT - Nethemba","description":"Softwarov\u00e9 aktualizace a spr\u00e1va zranitelnost\u00ed IoT jsou velmi d\u016fle\u017eit\u00e9 a vy\u017eaduj\u00ed odli\u0161n\u00e9 strategie jako u jin\u00fdch IT aplikac\u00ed.","robots":{"index":"index","follow":"follow","max-snippet":"max-snippet:-1","max-image-preview":"max-image-preview:large","max-video-preview":"max-video-preview:-1"},"canonical":"https:\/\/nethemba.com\/cs\/sluzby\/sitova-a-systemova-bezpecnost\/bezpecnostni-audit-iot\/","og_locale":"cs_CZ","og_type":"article","og_title":"Bezpe\u010dnostn\u00ed audit IoT - Nethemba","og_description":"Softwarov\u00e9 aktualizace a spr\u00e1va zranitelnost\u00ed IoT jsou velmi d\u016fle\u017eit\u00e9 a vy\u017eaduj\u00ed odli\u0161n\u00e9 strategie jako u jin\u00fdch IT aplikac\u00ed.","og_url":"https:\/\/nethemba.com\/cs\/sluzby\/sitova-a-systemova-bezpecnost\/bezpecnostni-audit-iot\/","og_site_name":"Nethemba","article_publisher":"https:\/\/www.facebook.com\/nethemba","article_modified_time":"2019-08-27T09:54:03+00:00","twitter_card":"summary_large_image","twitter_site":"@nethemba","twitter_misc":{"Odhadovan\u00e1 doba \u010dten\u00ed":"1 minuta"},"schema":{"@context":"https:\/\/schema.org","@graph":[{"@type":"WebPage","@id":"https:\/\/nethemba.com\/cs\/sluzby\/sitova-a-systemova-bezpecnost\/bezpecnostni-audit-iot\/","url":"https:\/\/nethemba.com\/cs\/sluzby\/sitova-a-systemova-bezpecnost\/bezpecnostni-audit-iot\/","name":"Bezpe\u010dnostn\u00ed audit IoT - Nethemba","isPartOf":{"@id":"https:\/\/nethemba.com\/de\/#website"},"datePublished":"2017-04-20T21:17:54+00:00","dateModified":"2019-08-27T09:54:03+00:00","description":"Softwarov\u00e9 aktualizace a spr\u00e1va zranitelnost\u00ed IoT jsou velmi d\u016fle\u017eit\u00e9 a vy\u017eaduj\u00ed odli\u0161n\u00e9 strategie jako u jin\u00fdch IT aplikac\u00ed.","breadcrumb":{"@id":"https:\/\/nethemba.com\/cs\/sluzby\/sitova-a-systemova-bezpecnost\/bezpecnostni-audit-iot\/#breadcrumb"},"inLanguage":"cs","potentialAction":[{"@type":"ReadAction","target":["https:\/\/nethemba.com\/cs\/sluzby\/sitova-a-systemova-bezpecnost\/bezpecnostni-audit-iot\/"]}]},{"@type":"BreadcrumbList","@id":"https:\/\/nethemba.com\/cs\/sluzby\/sitova-a-systemova-bezpecnost\/bezpecnostni-audit-iot\/#breadcrumb","itemListElement":[{"@type":"ListItem","position":1,"name":"Home","item":"https:\/\/nethemba.com\/cs\/home-new-2025\/"},{"@type":"ListItem","position":2,"name":"Slu\u017eby","item":"https:\/\/nethemba.com\/cs\/sluzby\/"},{"@type":"ListItem","position":3,"name":"S\u00ed\u0165ov\u00e1 a syst\u00e9mov\u00e1 bezpe\u010dnost","item":"https:\/\/nethemba.com\/cs\/sluzby\/sitova-a-systemova-bezpecnost\/"},{"@type":"ListItem","position":4,"name":"Bezpe\u010dnostn\u00ed audit IoT"}]},{"@type":"WebSite","@id":"https:\/\/nethemba.com\/de\/#website","url":"https:\/\/nethemba.com\/de\/","name":"Nethemba","description":"We care about your security","potentialAction":[{"@type":"SearchAction","target":{"@type":"EntryPoint","urlTemplate":"https:\/\/nethemba.com\/de\/?s={search_term_string}"},"query-input":{"@type":"PropertyValueSpecification","valueRequired":true,"valueName":"search_term_string"}}],"inLanguage":"cs"}]}},"_links":{"self":[{"href":"https:\/\/nethemba.com\/cs\/wp-json\/wp\/v2\/pages\/2167","targetHints":{"allow":["GET"]}}],"collection":[{"href":"https:\/\/nethemba.com\/cs\/wp-json\/wp\/v2\/pages"}],"about":[{"href":"https:\/\/nethemba.com\/cs\/wp-json\/wp\/v2\/types\/page"}],"author":[{"embeddable":true,"href":"https:\/\/nethemba.com\/cs\/wp-json\/wp\/v2\/users\/2"}],"replies":[{"embeddable":true,"href":"https:\/\/nethemba.com\/cs\/wp-json\/wp\/v2\/comments?post=2167"}],"version-history":[{"count":0,"href":"https:\/\/nethemba.com\/cs\/wp-json\/wp\/v2\/pages\/2167\/revisions"}],"up":[{"embeddable":true,"href":"https:\/\/nethemba.com\/cs\/wp-json\/wp\/v2\/pages\/383"}],"wp:attachment":[{"href":"https:\/\/nethemba.com\/cs\/wp-json\/wp\/v2\/media?parent=2167"}],"curies":[{"name":"wp","href":"https:\/\/api.w.org\/{rel}","templated":true}]}}