{"id":2365,"date":"2017-07-24T08:09:09","date_gmt":"2017-07-24T08:09:09","guid":{"rendered":"http:\/\/nethemba.com\/cs\/?page_id=2365"},"modified":"2023-01-08T21:03:49","modified_gmt":"2023-01-08T20:03:49","slug":"tulip-solutions-s-r-o","status":"publish","type":"page","link":"https:\/\/nethemba.com\/cs\/reference-old\/tulip-solutions-s-r-o\/","title":{"rendered":"TULIP Solutions s.r.o."},"content":{"rendered":"<p>Detailn\u00ed bezpe\u010dnostn\u00ed audit webov\u00e9 aplikace, Z\u00e1t\u011b\u017eov\u00fd test webov\u00e9 aplikace a serveru, Standardn\u00ed penetra\u010dn\u00ed test API rozhran\u00ed a webov\u00e9 aplikace<\/p>\n","protected":false},"excerpt":{"rendered":"<p>Detailn\u00ed bezpe\u010dnostn\u00ed audit webov\u00e9 aplikace, Z\u00e1t\u011b\u017eov\u00fd test webov\u00e9 aplikace a serveru, Standardn\u00ed penetra\u010dn\u00ed test API rozhran\u00ed a webov\u00e9 aplikace<\/p>\n","protected":false},"author":2,"featured_media":2362,"parent":327,"menu_order":0,"comment_status":"closed","ping_status":"closed","template":"","meta":{"inline_featured_image":false,"_monsterinsights_skip_tracking":false,"_monsterinsights_sitenote_active":false,"_monsterinsights_sitenote_note":"","_monsterinsights_sitenote_category":0,"footnotes":""},"class_list":["post-2365","page","type-page","status-publish","has-post-thumbnail","hentry"],"yoast_head":"<!-- This site is optimized with the Yoast SEO plugin v27.4 - https:\/\/yoast.com\/product\/yoast-seo-wordpress\/ -->\n<title>TULIP Solutions s.r.o. - Nethemba<\/title>\n<meta name=\"robots\" content=\"index, follow, max-snippet:-1, max-image-preview:large, max-video-preview:-1\" \/>\n<link rel=\"canonical\" href=\"https:\/\/nethemba.com\/cs\/reference-old\/tulip-solutions-s-r-o\/\" \/>\n<meta property=\"og:locale\" content=\"cs_CZ\" \/>\n<meta property=\"og:type\" content=\"article\" \/>\n<meta property=\"og:title\" content=\"TULIP Solutions s.r.o. - Nethemba\" \/>\n<meta property=\"og:description\" content=\"Detailn\u00ed bezpe\u010dnostn\u00ed audit webov\u00e9 aplikace, Z\u00e1t\u011b\u017eov\u00fd test webov\u00e9 aplikace a serveru, Standardn\u00ed penetra\u010dn\u00ed test API rozhran\u00ed a webov\u00e9 aplikace\" \/>\n<meta property=\"og:url\" content=\"https:\/\/nethemba.com\/cs\/reference-old\/tulip-solutions-s-r-o\/\" \/>\n<meta property=\"og:site_name\" content=\"Nethemba\" \/>\n<meta property=\"article:publisher\" content=\"https:\/\/www.facebook.com\/nethemba\" \/>\n<meta property=\"article:modified_time\" content=\"2023-01-08T20:03:49+00:00\" \/>\n<meta property=\"og:image\" content=\"https:\/\/nethemba.com\/wp-content\/uploads\/2017\/07\/Nethemba_Tulip.png\" \/>\n\t<meta property=\"og:image:width\" content=\"160\" \/>\n\t<meta property=\"og:image:height\" content=\"21\" \/>\n\t<meta property=\"og:image:type\" content=\"image\/png\" \/>\n<meta name=\"twitter:card\" content=\"summary_large_image\" \/>\n<meta name=\"twitter:site\" content=\"@nethemba\" \/>\n<script type=\"application\/ld+json\" class=\"yoast-schema-graph\">{\"@context\":\"https:\\\/\\\/schema.org\",\"@graph\":[{\"@type\":\"WebPage\",\"@id\":\"https:\\\/\\\/nethemba.com\\\/cs\\\/reference-old\\\/tulip-solutions-s-r-o\\\/\",\"url\":\"https:\\\/\\\/nethemba.com\\\/cs\\\/reference-old\\\/tulip-solutions-s-r-o\\\/\",\"name\":\"TULIP Solutions s.r.o. - Nethemba\",\"isPartOf\":{\"@id\":\"https:\\\/\\\/nethemba.com\\\/de\\\/#website\"},\"primaryImageOfPage\":{\"@id\":\"https:\\\/\\\/nethemba.com\\\/cs\\\/reference-old\\\/tulip-solutions-s-r-o\\\/#primaryimage\"},\"image\":{\"@id\":\"https:\\\/\\\/nethemba.com\\\/cs\\\/reference-old\\\/tulip-solutions-s-r-o\\\/#primaryimage\"},\"thumbnailUrl\":\"https:\\\/\\\/nethemba.com\\\/wp-content\\\/uploads\\\/2017\\\/07\\\/Nethemba_Tulip.png\",\"datePublished\":\"2017-07-24T08:09:09+00:00\",\"dateModified\":\"2023-01-08T20:03:49+00:00\",\"breadcrumb\":{\"@id\":\"https:\\\/\\\/nethemba.com\\\/cs\\\/reference-old\\\/tulip-solutions-s-r-o\\\/#breadcrumb\"},\"inLanguage\":\"cs\",\"potentialAction\":[{\"@type\":\"ReadAction\",\"target\":[\"https:\\\/\\\/nethemba.com\\\/cs\\\/reference-old\\\/tulip-solutions-s-r-o\\\/\"]}]},{\"@type\":\"ImageObject\",\"inLanguage\":\"cs\",\"@id\":\"https:\\\/\\\/nethemba.com\\\/cs\\\/reference-old\\\/tulip-solutions-s-r-o\\\/#primaryimage\",\"url\":\"https:\\\/\\\/nethemba.com\\\/wp-content\\\/uploads\\\/2017\\\/07\\\/Nethemba_Tulip.png\",\"contentUrl\":\"https:\\\/\\\/nethemba.com\\\/wp-content\\\/uploads\\\/2017\\\/07\\\/Nethemba_Tulip.png\",\"width\":160,\"height\":21},{\"@type\":\"BreadcrumbList\",\"@id\":\"https:\\\/\\\/nethemba.com\\\/cs\\\/reference-old\\\/tulip-solutions-s-r-o\\\/#breadcrumb\",\"itemListElement\":[{\"@type\":\"ListItem\",\"position\":1,\"name\":\"Home\",\"item\":\"https:\\\/\\\/nethemba.com\\\/cs\\\/home-new-2025\\\/\"},{\"@type\":\"ListItem\",\"position\":2,\"name\":\"Reference\",\"item\":\"https:\\\/\\\/nethemba.com\\\/cs\\\/reference-old\\\/\"},{\"@type\":\"ListItem\",\"position\":3,\"name\":\"TULIP Solutions s.r.o.\"}]},{\"@type\":\"WebSite\",\"@id\":\"https:\\\/\\\/nethemba.com\\\/de\\\/#website\",\"url\":\"https:\\\/\\\/nethemba.com\\\/de\\\/\",\"name\":\"Nethemba\",\"description\":\"We care about your security\",\"potentialAction\":[{\"@type\":\"SearchAction\",\"target\":{\"@type\":\"EntryPoint\",\"urlTemplate\":\"https:\\\/\\\/nethemba.com\\\/de\\\/?s={search_term_string}\"},\"query-input\":{\"@type\":\"PropertyValueSpecification\",\"valueRequired\":true,\"valueName\":\"search_term_string\"}}],\"inLanguage\":\"cs\"}]}<\/script>\n<!-- \/ Yoast SEO plugin. -->","yoast_head_json":{"title":"TULIP Solutions s.r.o. - Nethemba","robots":{"index":"index","follow":"follow","max-snippet":"max-snippet:-1","max-image-preview":"max-image-preview:large","max-video-preview":"max-video-preview:-1"},"canonical":"https:\/\/nethemba.com\/cs\/reference-old\/tulip-solutions-s-r-o\/","og_locale":"cs_CZ","og_type":"article","og_title":"TULIP Solutions s.r.o. - Nethemba","og_description":"Detailn\u00ed bezpe\u010dnostn\u00ed audit webov\u00e9 aplikace, Z\u00e1t\u011b\u017eov\u00fd test webov\u00e9 aplikace a serveru, Standardn\u00ed penetra\u010dn\u00ed test API rozhran\u00ed a webov\u00e9 aplikace","og_url":"https:\/\/nethemba.com\/cs\/reference-old\/tulip-solutions-s-r-o\/","og_site_name":"Nethemba","article_publisher":"https:\/\/www.facebook.com\/nethemba","article_modified_time":"2023-01-08T20:03:49+00:00","og_image":[{"width":160,"height":21,"url":"https:\/\/nethemba.com\/wp-content\/uploads\/2017\/07\/Nethemba_Tulip.png","type":"image\/png"}],"twitter_card":"summary_large_image","twitter_site":"@nethemba","schema":{"@context":"https:\/\/schema.org","@graph":[{"@type":"WebPage","@id":"https:\/\/nethemba.com\/cs\/reference-old\/tulip-solutions-s-r-o\/","url":"https:\/\/nethemba.com\/cs\/reference-old\/tulip-solutions-s-r-o\/","name":"TULIP Solutions s.r.o. - Nethemba","isPartOf":{"@id":"https:\/\/nethemba.com\/de\/#website"},"primaryImageOfPage":{"@id":"https:\/\/nethemba.com\/cs\/reference-old\/tulip-solutions-s-r-o\/#primaryimage"},"image":{"@id":"https:\/\/nethemba.com\/cs\/reference-old\/tulip-solutions-s-r-o\/#primaryimage"},"thumbnailUrl":"https:\/\/nethemba.com\/wp-content\/uploads\/2017\/07\/Nethemba_Tulip.png","datePublished":"2017-07-24T08:09:09+00:00","dateModified":"2023-01-08T20:03:49+00:00","breadcrumb":{"@id":"https:\/\/nethemba.com\/cs\/reference-old\/tulip-solutions-s-r-o\/#breadcrumb"},"inLanguage":"cs","potentialAction":[{"@type":"ReadAction","target":["https:\/\/nethemba.com\/cs\/reference-old\/tulip-solutions-s-r-o\/"]}]},{"@type":"ImageObject","inLanguage":"cs","@id":"https:\/\/nethemba.com\/cs\/reference-old\/tulip-solutions-s-r-o\/#primaryimage","url":"https:\/\/nethemba.com\/wp-content\/uploads\/2017\/07\/Nethemba_Tulip.png","contentUrl":"https:\/\/nethemba.com\/wp-content\/uploads\/2017\/07\/Nethemba_Tulip.png","width":160,"height":21},{"@type":"BreadcrumbList","@id":"https:\/\/nethemba.com\/cs\/reference-old\/tulip-solutions-s-r-o\/#breadcrumb","itemListElement":[{"@type":"ListItem","position":1,"name":"Home","item":"https:\/\/nethemba.com\/cs\/home-new-2025\/"},{"@type":"ListItem","position":2,"name":"Reference","item":"https:\/\/nethemba.com\/cs\/reference-old\/"},{"@type":"ListItem","position":3,"name":"TULIP Solutions s.r.o."}]},{"@type":"WebSite","@id":"https:\/\/nethemba.com\/de\/#website","url":"https:\/\/nethemba.com\/de\/","name":"Nethemba","description":"We care about your security","potentialAction":[{"@type":"SearchAction","target":{"@type":"EntryPoint","urlTemplate":"https:\/\/nethemba.com\/de\/?s={search_term_string}"},"query-input":{"@type":"PropertyValueSpecification","valueRequired":true,"valueName":"search_term_string"}}],"inLanguage":"cs"}]}},"_links":{"self":[{"href":"https:\/\/nethemba.com\/cs\/wp-json\/wp\/v2\/pages\/2365","targetHints":{"allow":["GET"]}}],"collection":[{"href":"https:\/\/nethemba.com\/cs\/wp-json\/wp\/v2\/pages"}],"about":[{"href":"https:\/\/nethemba.com\/cs\/wp-json\/wp\/v2\/types\/page"}],"author":[{"embeddable":true,"href":"https:\/\/nethemba.com\/cs\/wp-json\/wp\/v2\/users\/2"}],"replies":[{"embeddable":true,"href":"https:\/\/nethemba.com\/cs\/wp-json\/wp\/v2\/comments?post=2365"}],"version-history":[{"count":0,"href":"https:\/\/nethemba.com\/cs\/wp-json\/wp\/v2\/pages\/2365\/revisions"}],"up":[{"embeddable":true,"href":"https:\/\/nethemba.com\/cs\/wp-json\/wp\/v2\/pages\/327"}],"wp:featuredmedia":[{"embeddable":true,"href":"https:\/\/nethemba.com\/cs\/wp-json\/wp\/v2\/media\/2362"}],"wp:attachment":[{"href":"https:\/\/nethemba.com\/cs\/wp-json\/wp\/v2\/media?parent=2365"}],"curies":[{"name":"wp","href":"https:\/\/api.w.org\/{rel}","templated":true}]}}