{"id":2520,"date":"2017-09-04T11:47:58","date_gmt":"2017-09-04T11:47:58","guid":{"rendered":"http:\/\/nethemba.com\/cs\/reference\/pojistovna-ceske-sporitelny-a-s-vienna-insurance-group\/"},"modified":"2019-10-18T21:01:30","modified_gmt":"2019-10-18T20:01:30","slug":"pojistovna-ceske-sporitelny-a-s-vienna-insurance-group","status":"publish","type":"page","link":"https:\/\/nethemba.com\/cs\/reference-old\/pojistovna-ceske-sporitelny-a-s-vienna-insurance-group\/","title":{"rendered":"Poji\u0161\u0165ovna \u010cesk\u00e9 spo\u0159itelny, a.s., Vienna Insurance Group"},"content":{"rendered":"<p>Detailn\u00ed bezpe\u010dnostn\u00ed audit webov\u00e9 aplikace, Extern\u00ed blackbox penetra\u010dn\u00ed test, Intranetov\u00fd penetra\u010dn\u00ed test, Zhotoven\u00ed zabezpe\u010den\u00ed pracovn\u00ed stanice, Ove\u0159en\u00ed antimalware \u0159e\u0161en\u00ed, Bezpe\u010dnostn\u00ed audit bezdr\u00e1tov\u00e9 s\u00edt\u011b, Standardn\u00ed penetra\u010dn\u00ed test webov\u00fdch aplikac\u00ed, Bezpe\u010dnostn\u00ed audit mobiln\u00ed aplikace<\/p>\n","protected":false},"excerpt":{"rendered":"<p>Detailn\u00ed bezpe\u010dnostn\u00ed audit webov\u00e9 aplikace, Extern\u00ed blackbox penetra\u010dn\u00ed test, Intranetov\u00fd penetra\u010dn\u00ed test, Zhotoven\u00ed zabezpe\u010den\u00ed pracovn\u00ed stanice, Ove\u0159en\u00ed antimalware \u0159e\u0161en\u00ed, Bezpe\u010dnostn\u00ed audit bezdr\u00e1tov\u00e9 s\u00edt\u011b, Standardn\u00ed penetra\u010dn\u00ed test webov\u00fdch aplikac\u00ed, Bezpe\u010dnostn\u00ed audit mobiln\u00ed aplikace<\/p>\n","protected":false},"author":2,"featured_media":2441,"parent":327,"menu_order":0,"comment_status":"closed","ping_status":"closed","template":"","meta":{"inline_featured_image":false,"_monsterinsights_skip_tracking":false,"_monsterinsights_sitenote_active":false,"_monsterinsights_sitenote_note":"","_monsterinsights_sitenote_category":0,"footnotes":""},"class_list":["post-2520","page","type-page","status-publish","has-post-thumbnail","hentry"],"yoast_head":"<!-- This site is optimized with the Yoast SEO plugin v27.3 - https:\/\/yoast.com\/product\/yoast-seo-wordpress\/ -->\n<title>Poji\u0161\u0165ovna \u010cesk\u00e9 spo\u0159itelny, a.s., Vienna Insurance Group - Nethemba<\/title>\n<meta name=\"robots\" content=\"index, follow, max-snippet:-1, max-image-preview:large, max-video-preview:-1\" \/>\n<link rel=\"canonical\" href=\"https:\/\/nethemba.com\/cs\/reference-old\/pojistovna-ceske-sporitelny-a-s-vienna-insurance-group\/\" \/>\n<meta property=\"og:locale\" content=\"cs_CZ\" \/>\n<meta property=\"og:type\" content=\"article\" \/>\n<meta property=\"og:title\" content=\"Poji\u0161\u0165ovna \u010cesk\u00e9 spo\u0159itelny, a.s., Vienna Insurance Group - Nethemba\" \/>\n<meta property=\"og:description\" content=\"Detailn\u00ed bezpe\u010dnostn\u00ed audit webov\u00e9 aplikace, Extern\u00ed blackbox penetra\u010dn\u00ed test, Intranetov\u00fd penetra\u010dn\u00ed test, Zhotoven\u00ed zabezpe\u010den\u00ed pracovn\u00ed stanice, Ove\u0159en\u00ed antimalware \u0159e\u0161en\u00ed, Bezpe\u010dnostn\u00ed audit bezdr\u00e1tov\u00e9 s\u00edt\u011b, Standardn\u00ed penetra\u010dn\u00ed test webov\u00fdch aplikac\u00ed, Bezpe\u010dnostn\u00ed audit mobiln\u00ed aplikace\" \/>\n<meta property=\"og:url\" content=\"https:\/\/nethemba.com\/cs\/reference-old\/pojistovna-ceske-sporitelny-a-s-vienna-insurance-group\/\" \/>\n<meta property=\"og:site_name\" content=\"Nethemba\" \/>\n<meta property=\"article:publisher\" content=\"https:\/\/www.facebook.com\/nethemba\" \/>\n<meta property=\"article:modified_time\" content=\"2019-10-18T20:01:30+00:00\" \/>\n<meta property=\"og:image\" content=\"https:\/\/nethemba.com\/wp-content\/uploads\/2017\/08\/pojistovna_ceske_sporitelny_Nethemba-e1502978822456.jpg\" \/>\n\t<meta property=\"og:image:width\" content=\"160\" \/>\n\t<meta property=\"og:image:height\" content=\"75\" \/>\n\t<meta property=\"og:image:type\" content=\"image\/jpeg\" \/>\n<meta name=\"twitter:card\" content=\"summary_large_image\" \/>\n<meta name=\"twitter:site\" content=\"@nethemba\" \/>\n<script type=\"application\/ld+json\" class=\"yoast-schema-graph\">{\"@context\":\"https:\\\/\\\/schema.org\",\"@graph\":[{\"@type\":\"WebPage\",\"@id\":\"https:\\\/\\\/nethemba.com\\\/cs\\\/reference-old\\\/pojistovna-ceske-sporitelny-a-s-vienna-insurance-group\\\/\",\"url\":\"https:\\\/\\\/nethemba.com\\\/cs\\\/reference-old\\\/pojistovna-ceske-sporitelny-a-s-vienna-insurance-group\\\/\",\"name\":\"Poji\u0161\u0165ovna \u010cesk\u00e9 spo\u0159itelny, a.s., Vienna Insurance Group - Nethemba\",\"isPartOf\":{\"@id\":\"https:\\\/\\\/nethemba.com\\\/de\\\/#website\"},\"primaryImageOfPage\":{\"@id\":\"https:\\\/\\\/nethemba.com\\\/cs\\\/reference-old\\\/pojistovna-ceske-sporitelny-a-s-vienna-insurance-group\\\/#primaryimage\"},\"image\":{\"@id\":\"https:\\\/\\\/nethemba.com\\\/cs\\\/reference-old\\\/pojistovna-ceske-sporitelny-a-s-vienna-insurance-group\\\/#primaryimage\"},\"thumbnailUrl\":\"https:\\\/\\\/nethemba.com\\\/wp-content\\\/uploads\\\/2017\\\/08\\\/pojistovna_ceske_sporitelny_Nethemba-e1502978822456.jpg\",\"datePublished\":\"2017-09-04T11:47:58+00:00\",\"dateModified\":\"2019-10-18T20:01:30+00:00\",\"breadcrumb\":{\"@id\":\"https:\\\/\\\/nethemba.com\\\/cs\\\/reference-old\\\/pojistovna-ceske-sporitelny-a-s-vienna-insurance-group\\\/#breadcrumb\"},\"inLanguage\":\"cs\",\"potentialAction\":[{\"@type\":\"ReadAction\",\"target\":[\"https:\\\/\\\/nethemba.com\\\/cs\\\/reference-old\\\/pojistovna-ceske-sporitelny-a-s-vienna-insurance-group\\\/\"]}]},{\"@type\":\"ImageObject\",\"inLanguage\":\"cs\",\"@id\":\"https:\\\/\\\/nethemba.com\\\/cs\\\/reference-old\\\/pojistovna-ceske-sporitelny-a-s-vienna-insurance-group\\\/#primaryimage\",\"url\":\"https:\\\/\\\/nethemba.com\\\/wp-content\\\/uploads\\\/2017\\\/08\\\/pojistovna_ceske_sporitelny_Nethemba-e1502978822456.jpg\",\"contentUrl\":\"https:\\\/\\\/nethemba.com\\\/wp-content\\\/uploads\\\/2017\\\/08\\\/pojistovna_ceske_sporitelny_Nethemba-e1502978822456.jpg\",\"width\":160,\"height\":75},{\"@type\":\"BreadcrumbList\",\"@id\":\"https:\\\/\\\/nethemba.com\\\/cs\\\/reference-old\\\/pojistovna-ceske-sporitelny-a-s-vienna-insurance-group\\\/#breadcrumb\",\"itemListElement\":[{\"@type\":\"ListItem\",\"position\":1,\"name\":\"Home\",\"item\":\"https:\\\/\\\/nethemba.com\\\/cs\\\/home-new-2025\\\/\"},{\"@type\":\"ListItem\",\"position\":2,\"name\":\"Reference\",\"item\":\"https:\\\/\\\/nethemba.com\\\/cs\\\/reference-old\\\/\"},{\"@type\":\"ListItem\",\"position\":3,\"name\":\"Poji\u0161\u0165ovna \u010cesk\u00e9 spo\u0159itelny, a.s., Vienna Insurance Group\"}]},{\"@type\":\"WebSite\",\"@id\":\"https:\\\/\\\/nethemba.com\\\/de\\\/#website\",\"url\":\"https:\\\/\\\/nethemba.com\\\/de\\\/\",\"name\":\"Nethemba\",\"description\":\"We care about your security\",\"potentialAction\":[{\"@type\":\"SearchAction\",\"target\":{\"@type\":\"EntryPoint\",\"urlTemplate\":\"https:\\\/\\\/nethemba.com\\\/de\\\/?s={search_term_string}\"},\"query-input\":{\"@type\":\"PropertyValueSpecification\",\"valueRequired\":true,\"valueName\":\"search_term_string\"}}],\"inLanguage\":\"cs\"}]}<\/script>\n<!-- \/ Yoast SEO plugin. -->","yoast_head_json":{"title":"Poji\u0161\u0165ovna \u010cesk\u00e9 spo\u0159itelny, a.s., Vienna Insurance Group - Nethemba","robots":{"index":"index","follow":"follow","max-snippet":"max-snippet:-1","max-image-preview":"max-image-preview:large","max-video-preview":"max-video-preview:-1"},"canonical":"https:\/\/nethemba.com\/cs\/reference-old\/pojistovna-ceske-sporitelny-a-s-vienna-insurance-group\/","og_locale":"cs_CZ","og_type":"article","og_title":"Poji\u0161\u0165ovna \u010cesk\u00e9 spo\u0159itelny, a.s., Vienna Insurance Group - Nethemba","og_description":"Detailn\u00ed bezpe\u010dnostn\u00ed audit webov\u00e9 aplikace, Extern\u00ed blackbox penetra\u010dn\u00ed test, Intranetov\u00fd penetra\u010dn\u00ed test, Zhotoven\u00ed zabezpe\u010den\u00ed pracovn\u00ed stanice, Ove\u0159en\u00ed antimalware \u0159e\u0161en\u00ed, Bezpe\u010dnostn\u00ed audit bezdr\u00e1tov\u00e9 s\u00edt\u011b, Standardn\u00ed penetra\u010dn\u00ed test webov\u00fdch aplikac\u00ed, Bezpe\u010dnostn\u00ed audit mobiln\u00ed aplikace","og_url":"https:\/\/nethemba.com\/cs\/reference-old\/pojistovna-ceske-sporitelny-a-s-vienna-insurance-group\/","og_site_name":"Nethemba","article_publisher":"https:\/\/www.facebook.com\/nethemba","article_modified_time":"2019-10-18T20:01:30+00:00","og_image":[{"width":160,"height":75,"url":"https:\/\/nethemba.com\/wp-content\/uploads\/2017\/08\/pojistovna_ceske_sporitelny_Nethemba-e1502978822456.jpg","type":"image\/jpeg"}],"twitter_card":"summary_large_image","twitter_site":"@nethemba","schema":{"@context":"https:\/\/schema.org","@graph":[{"@type":"WebPage","@id":"https:\/\/nethemba.com\/cs\/reference-old\/pojistovna-ceske-sporitelny-a-s-vienna-insurance-group\/","url":"https:\/\/nethemba.com\/cs\/reference-old\/pojistovna-ceske-sporitelny-a-s-vienna-insurance-group\/","name":"Poji\u0161\u0165ovna \u010cesk\u00e9 spo\u0159itelny, a.s., Vienna Insurance Group - Nethemba","isPartOf":{"@id":"https:\/\/nethemba.com\/de\/#website"},"primaryImageOfPage":{"@id":"https:\/\/nethemba.com\/cs\/reference-old\/pojistovna-ceske-sporitelny-a-s-vienna-insurance-group\/#primaryimage"},"image":{"@id":"https:\/\/nethemba.com\/cs\/reference-old\/pojistovna-ceske-sporitelny-a-s-vienna-insurance-group\/#primaryimage"},"thumbnailUrl":"https:\/\/nethemba.com\/wp-content\/uploads\/2017\/08\/pojistovna_ceske_sporitelny_Nethemba-e1502978822456.jpg","datePublished":"2017-09-04T11:47:58+00:00","dateModified":"2019-10-18T20:01:30+00:00","breadcrumb":{"@id":"https:\/\/nethemba.com\/cs\/reference-old\/pojistovna-ceske-sporitelny-a-s-vienna-insurance-group\/#breadcrumb"},"inLanguage":"cs","potentialAction":[{"@type":"ReadAction","target":["https:\/\/nethemba.com\/cs\/reference-old\/pojistovna-ceske-sporitelny-a-s-vienna-insurance-group\/"]}]},{"@type":"ImageObject","inLanguage":"cs","@id":"https:\/\/nethemba.com\/cs\/reference-old\/pojistovna-ceske-sporitelny-a-s-vienna-insurance-group\/#primaryimage","url":"https:\/\/nethemba.com\/wp-content\/uploads\/2017\/08\/pojistovna_ceske_sporitelny_Nethemba-e1502978822456.jpg","contentUrl":"https:\/\/nethemba.com\/wp-content\/uploads\/2017\/08\/pojistovna_ceske_sporitelny_Nethemba-e1502978822456.jpg","width":160,"height":75},{"@type":"BreadcrumbList","@id":"https:\/\/nethemba.com\/cs\/reference-old\/pojistovna-ceske-sporitelny-a-s-vienna-insurance-group\/#breadcrumb","itemListElement":[{"@type":"ListItem","position":1,"name":"Home","item":"https:\/\/nethemba.com\/cs\/home-new-2025\/"},{"@type":"ListItem","position":2,"name":"Reference","item":"https:\/\/nethemba.com\/cs\/reference-old\/"},{"@type":"ListItem","position":3,"name":"Poji\u0161\u0165ovna \u010cesk\u00e9 spo\u0159itelny, a.s., Vienna Insurance Group"}]},{"@type":"WebSite","@id":"https:\/\/nethemba.com\/de\/#website","url":"https:\/\/nethemba.com\/de\/","name":"Nethemba","description":"We care about your security","potentialAction":[{"@type":"SearchAction","target":{"@type":"EntryPoint","urlTemplate":"https:\/\/nethemba.com\/de\/?s={search_term_string}"},"query-input":{"@type":"PropertyValueSpecification","valueRequired":true,"valueName":"search_term_string"}}],"inLanguage":"cs"}]}},"_links":{"self":[{"href":"https:\/\/nethemba.com\/cs\/wp-json\/wp\/v2\/pages\/2520","targetHints":{"allow":["GET"]}}],"collection":[{"href":"https:\/\/nethemba.com\/cs\/wp-json\/wp\/v2\/pages"}],"about":[{"href":"https:\/\/nethemba.com\/cs\/wp-json\/wp\/v2\/types\/page"}],"author":[{"embeddable":true,"href":"https:\/\/nethemba.com\/cs\/wp-json\/wp\/v2\/users\/2"}],"replies":[{"embeddable":true,"href":"https:\/\/nethemba.com\/cs\/wp-json\/wp\/v2\/comments?post=2520"}],"version-history":[{"count":0,"href":"https:\/\/nethemba.com\/cs\/wp-json\/wp\/v2\/pages\/2520\/revisions"}],"up":[{"embeddable":true,"href":"https:\/\/nethemba.com\/cs\/wp-json\/wp\/v2\/pages\/327"}],"wp:featuredmedia":[{"embeddable":true,"href":"https:\/\/nethemba.com\/cs\/wp-json\/wp\/v2\/media\/2441"}],"wp:attachment":[{"href":"https:\/\/nethemba.com\/cs\/wp-json\/wp\/v2\/media?parent=2520"}],"curies":[{"name":"wp","href":"https:\/\/api.w.org\/{rel}","templated":true}]}}