{"id":2530,"date":"2017-09-22T10:53:39","date_gmt":"2017-09-22T10:53:39","guid":{"rendered":"http:\/\/nethemba.com\/cs\/sluzby\/sitova-a-systemova-bezpecnost\/bezpecnost-scada-systemov\/"},"modified":"2019-08-27T10:50:41","modified_gmt":"2019-08-27T09:50:41","slug":"bezpecnost-scada-systemov","status":"publish","type":"page","link":"https:\/\/nethemba.com\/cs\/sluzby\/sitova-a-systemova-bezpecnost\/bezpecnost-scada-systemov\/","title":{"rendered":"Bezpe\u010dnost SCADA syst\u00e9m\u016f"},"content":{"rendered":"<p lang=\"de-DE\">Organizac\u00edm nab\u00edz\u00edme ochranu jejich kritick\u00e9 infrastruktury identifikov\u00e1n\u00edm extern\u00edch a intern\u00edch zranitelnost\u00ed v OT prost\u0159ed\u00ed. Nab\u00edz\u00edme komplexn\u00ed prov\u011brku kybernetick\u00e9 bezpe\u010dnosti v oblasti industri\u00e1ln\u00edch kontroln\u00edch syst\u00e9m\u016f ICS\/ SCADA \/ DCS.<\/p>\n<p lang=\"de-DE\">N\u00e1\u0161 certifikovan\u00fd expert vytvo\u0159\u00ed na m\u00edru \u0161itou bezpe\u010dnostn\u00ed prov\u011brku a penetra\u010dn\u00ed test. Identifikov\u00e1n\u00edm rizik kritick\u00fdch aktiv ICS, odhalen\u00edm hrozeb a vypracov\u00e1n\u00edm pl\u00e1nu o\u0161et\u0159en\u00ed rizik efektivn\u011b chr\u00e1n\u00edme ICS\/ SCADA infrastrukturu, procesy a fyzick\u00e9 prost\u0159ed\u00ed.Rozum\u00edme senzitivn\u00edmu prost\u0159ed\u00ed ICS\/ SCADA a proto p\u0159istupujeme k penetra\u010dn\u00edmu testov\u00e1n\u00ed zodpov\u011bdn\u011b s vlastn\u00ed metodikou, kter\u00e1 neinterferuje s v\u00fdrobn\u00edm produk\u010dn\u00edm prost\u0159ed\u00edm.<\/p>\n<p lang=\"de-DE\"><b>Testov\u00e1n\u00ed zahrnuje:<\/b><\/p>\n<div lang=\"de-DE\">\u2013 Prov\u011brka fyzick\u00e9 bezpe\u010dnosti ICS\/ DCS komponent\u016f (technick\u00e9 m\u00edstnosti, datov\u00e1 centra)<\/div>\n<div lang=\"de-DE\">\u2013 Hodnocen\u00ed vysp\u011blosti bezpe\u010dnostn\u00edho pov\u011bdom\u00ed oper\u00e1tor\u016f a vedouc\u00edch provoz\u016f<\/div>\n<div lang=\"de-DE\">\u2013 Prov\u011b\u0159en\u00ed bezpe\u010dnostn\u00edch politik, procedur, proces\u016f v OT prost\u0159ed\u00ed podle standard\u016f NIST a ISA IEC 62443<\/div>\n<div lang=\"de-DE\">\u2013 Ohodnocen\u00ed vysp\u011blosti kybernetick\u00e9 bezpe\u010dnosti v provozu OT<\/div>\n<div lang=\"de-DE\">\u2013 Identifikace rizik a hrozeb v s\u00ed\u0165ov\u00e9 architektu\u0159e PCN (Process Control Network)<\/div>\n<div lang=\"de-DE\">\u2013 Identifikace rizik a hrozeb komponent\u016f PCN \u010d\u00e1sti (HMI, Engineering and SCADA workstation atd.)<\/div>\n<div lang=\"de-DE\">\u2013 Prov\u011brka bezdr\u00e1tov\u00fdch komunikac\u00ed<\/div>\n<div lang=\"de-DE\">\u2013 Penetra\u010dn\u00ed testov\u00e1n\u00ed vlastn\u00ed metodologii<\/div>\n<div lang=\"de-DE\">\u2013 Identifikace s\u00ed\u0165ov\u00fdch hrozeb pasivn\u00edm SCADA IDS senzorem (voliteln\u00e9)<\/div>\n<p lang=\"de-DE\">\n<p lang=\"de-DE\"><b>Vhodn\u00e9 pro:<\/b><\/p>\n<div lang=\"de-DE\">\u2013 V\u0161echny pr\u016fmyslov\u00e9 spole\u010dnosti<\/div>\n<div lang=\"de-DE\">\u2013 Dopravn\u00ed pr\u016fmysl, chemick\u00fd pr\u016fmysl, vodn\u00ed pr\u016fmysl, ropn\u00fd pr\u016fmysl, atomov\u00e9 elektr\u00e1rny a mnoh\u00e9 dal\u0161\u00ed<\/div>\n<p><b>D\u00e9lka testov\u00e1n\u00ed:<\/b> z\u00e1vis\u00ed na slo\u017eitosti infrastruktury<\/p>\n<p lang=\"de-DE\"><b>Rozsah v\u00fdsledn\u00e9 zpr\u00e1vy:<\/b> 40 \u2013 100 stran<\/p>\n","protected":false},"excerpt":{"rendered":"<p>Organizac\u00edm nab\u00edz\u00edme ochranu jejich kritick\u00e9 infrastruktury identifikov\u00e1n\u00edm extern\u00edch a intern\u00edch zranitelnost\u00ed v OT prost\u0159ed\u00ed. Nab\u00edz\u00edme komplexn\u00ed prov\u011brku kybernetick\u00e9 bezpe\u010dnosti v oblasti industri\u00e1ln\u00edch kontroln\u00edch syst\u00e9m\u016f ICS\/ SCADA \/ DCS. N\u00e1\u0161 certifikovan\u00fd expert vytvo\u0159\u00ed na m\u00edru \u0161itou bezpe\u010dnostn\u00ed prov\u011brku a penetra\u010dn\u00ed test. Identifikov\u00e1n\u00edm rizik kritick\u00fdch aktiv ICS, odhalen\u00edm hrozeb a vypracov\u00e1n\u00edm pl\u00e1nu o\u0161et\u0159en\u00ed rizik efektivn\u011b chr\u00e1n\u00edme ICS\/ [&hellip;]<\/p>\n","protected":false},"author":2,"featured_media":0,"parent":383,"menu_order":7,"comment_status":"closed","ping_status":"closed","template":"services_detail.php","meta":{"inline_featured_image":false,"_monsterinsights_skip_tracking":false,"_monsterinsights_sitenote_active":false,"_monsterinsights_sitenote_note":"","_monsterinsights_sitenote_category":0,"footnotes":""},"class_list":["post-2530","page","type-page","status-publish","hentry"],"yoast_head":"<!-- This site is optimized with the Yoast SEO plugin v27.4 - https:\/\/yoast.com\/product\/yoast-seo-wordpress\/ -->\n<title>Bezpe\u010dnost SCADA syst\u00e9m\u016f - Nethemba<\/title>\n<meta name=\"description\" content=\"Nab\u00edz\u00edme penetra\u010dn\u00ed testov\u00e1n\u00ed SCADA syst\u00e9m\u016f a ochranu jejich kritick\u00e9 infrastruktury identifikov\u00e1n\u00edm extern\u00edch a intern\u00edch zranitelnost\u00ed v OT prost\u0159ed\u00ed.\" \/>\n<meta name=\"robots\" content=\"index, follow, max-snippet:-1, max-image-preview:large, max-video-preview:-1\" \/>\n<link rel=\"canonical\" href=\"https:\/\/nethemba.com\/cs\/sluzby\/sitova-a-systemova-bezpecnost\/bezpecnost-scada-systemov\/\" \/>\n<meta property=\"og:locale\" content=\"cs_CZ\" \/>\n<meta property=\"og:type\" content=\"article\" \/>\n<meta property=\"og:title\" content=\"Bezpe\u010dnost SCADA syst\u00e9m\u016f - Nethemba\" \/>\n<meta property=\"og:description\" content=\"Nab\u00edz\u00edme penetra\u010dn\u00ed testov\u00e1n\u00ed SCADA syst\u00e9m\u016f a ochranu jejich kritick\u00e9 infrastruktury identifikov\u00e1n\u00edm extern\u00edch a intern\u00edch zranitelnost\u00ed v OT prost\u0159ed\u00ed.\" \/>\n<meta property=\"og:url\" content=\"https:\/\/nethemba.com\/cs\/sluzby\/sitova-a-systemova-bezpecnost\/bezpecnost-scada-systemov\/\" \/>\n<meta property=\"og:site_name\" content=\"Nethemba\" \/>\n<meta property=\"article:publisher\" content=\"https:\/\/www.facebook.com\/nethemba\" \/>\n<meta property=\"article:modified_time\" content=\"2019-08-27T09:50:41+00:00\" \/>\n<meta name=\"twitter:card\" content=\"summary_large_image\" \/>\n<meta name=\"twitter:site\" content=\"@nethemba\" \/>\n<meta name=\"twitter:label1\" content=\"Odhadovan\u00e1 doba \u010dten\u00ed\" \/>\n\t<meta name=\"twitter:data1\" content=\"1 minuta\" \/>\n<script type=\"application\/ld+json\" class=\"yoast-schema-graph\">{\"@context\":\"https:\\\/\\\/schema.org\",\"@graph\":[{\"@type\":\"WebPage\",\"@id\":\"https:\\\/\\\/nethemba.com\\\/cs\\\/sluzby\\\/sitova-a-systemova-bezpecnost\\\/bezpecnost-scada-systemov\\\/\",\"url\":\"https:\\\/\\\/nethemba.com\\\/cs\\\/sluzby\\\/sitova-a-systemova-bezpecnost\\\/bezpecnost-scada-systemov\\\/\",\"name\":\"Bezpe\u010dnost SCADA syst\u00e9m\u016f - Nethemba\",\"isPartOf\":{\"@id\":\"https:\\\/\\\/nethemba.com\\\/de\\\/#website\"},\"datePublished\":\"2017-09-22T10:53:39+00:00\",\"dateModified\":\"2019-08-27T09:50:41+00:00\",\"description\":\"Nab\u00edz\u00edme penetra\u010dn\u00ed testov\u00e1n\u00ed SCADA syst\u00e9m\u016f a ochranu jejich kritick\u00e9 infrastruktury identifikov\u00e1n\u00edm extern\u00edch a intern\u00edch zranitelnost\u00ed v OT prost\u0159ed\u00ed.\",\"breadcrumb\":{\"@id\":\"https:\\\/\\\/nethemba.com\\\/cs\\\/sluzby\\\/sitova-a-systemova-bezpecnost\\\/bezpecnost-scada-systemov\\\/#breadcrumb\"},\"inLanguage\":\"cs\",\"potentialAction\":[{\"@type\":\"ReadAction\",\"target\":[\"https:\\\/\\\/nethemba.com\\\/cs\\\/sluzby\\\/sitova-a-systemova-bezpecnost\\\/bezpecnost-scada-systemov\\\/\"]}]},{\"@type\":\"BreadcrumbList\",\"@id\":\"https:\\\/\\\/nethemba.com\\\/cs\\\/sluzby\\\/sitova-a-systemova-bezpecnost\\\/bezpecnost-scada-systemov\\\/#breadcrumb\",\"itemListElement\":[{\"@type\":\"ListItem\",\"position\":1,\"name\":\"Home\",\"item\":\"https:\\\/\\\/nethemba.com\\\/cs\\\/home-new-2025\\\/\"},{\"@type\":\"ListItem\",\"position\":2,\"name\":\"Slu\u017eby\",\"item\":\"https:\\\/\\\/nethemba.com\\\/cs\\\/sluzby\\\/\"},{\"@type\":\"ListItem\",\"position\":3,\"name\":\"S\u00ed\u0165ov\u00e1 a syst\u00e9mov\u00e1 bezpe\u010dnost\",\"item\":\"https:\\\/\\\/nethemba.com\\\/cs\\\/sluzby\\\/sitova-a-systemova-bezpecnost\\\/\"},{\"@type\":\"ListItem\",\"position\":4,\"name\":\"Bezpe\u010dnost SCADA syst\u00e9m\u016f\"}]},{\"@type\":\"WebSite\",\"@id\":\"https:\\\/\\\/nethemba.com\\\/de\\\/#website\",\"url\":\"https:\\\/\\\/nethemba.com\\\/de\\\/\",\"name\":\"Nethemba\",\"description\":\"We care about your security\",\"potentialAction\":[{\"@type\":\"SearchAction\",\"target\":{\"@type\":\"EntryPoint\",\"urlTemplate\":\"https:\\\/\\\/nethemba.com\\\/de\\\/?s={search_term_string}\"},\"query-input\":{\"@type\":\"PropertyValueSpecification\",\"valueRequired\":true,\"valueName\":\"search_term_string\"}}],\"inLanguage\":\"cs\"}]}<\/script>\n<!-- \/ Yoast SEO plugin. -->","yoast_head_json":{"title":"Bezpe\u010dnost SCADA syst\u00e9m\u016f - Nethemba","description":"Nab\u00edz\u00edme penetra\u010dn\u00ed testov\u00e1n\u00ed SCADA syst\u00e9m\u016f a ochranu jejich kritick\u00e9 infrastruktury identifikov\u00e1n\u00edm extern\u00edch a intern\u00edch zranitelnost\u00ed v OT prost\u0159ed\u00ed.","robots":{"index":"index","follow":"follow","max-snippet":"max-snippet:-1","max-image-preview":"max-image-preview:large","max-video-preview":"max-video-preview:-1"},"canonical":"https:\/\/nethemba.com\/cs\/sluzby\/sitova-a-systemova-bezpecnost\/bezpecnost-scada-systemov\/","og_locale":"cs_CZ","og_type":"article","og_title":"Bezpe\u010dnost SCADA syst\u00e9m\u016f - Nethemba","og_description":"Nab\u00edz\u00edme penetra\u010dn\u00ed testov\u00e1n\u00ed SCADA syst\u00e9m\u016f a ochranu jejich kritick\u00e9 infrastruktury identifikov\u00e1n\u00edm extern\u00edch a intern\u00edch zranitelnost\u00ed v OT prost\u0159ed\u00ed.","og_url":"https:\/\/nethemba.com\/cs\/sluzby\/sitova-a-systemova-bezpecnost\/bezpecnost-scada-systemov\/","og_site_name":"Nethemba","article_publisher":"https:\/\/www.facebook.com\/nethemba","article_modified_time":"2019-08-27T09:50:41+00:00","twitter_card":"summary_large_image","twitter_site":"@nethemba","twitter_misc":{"Odhadovan\u00e1 doba \u010dten\u00ed":"1 minuta"},"schema":{"@context":"https:\/\/schema.org","@graph":[{"@type":"WebPage","@id":"https:\/\/nethemba.com\/cs\/sluzby\/sitova-a-systemova-bezpecnost\/bezpecnost-scada-systemov\/","url":"https:\/\/nethemba.com\/cs\/sluzby\/sitova-a-systemova-bezpecnost\/bezpecnost-scada-systemov\/","name":"Bezpe\u010dnost SCADA syst\u00e9m\u016f - Nethemba","isPartOf":{"@id":"https:\/\/nethemba.com\/de\/#website"},"datePublished":"2017-09-22T10:53:39+00:00","dateModified":"2019-08-27T09:50:41+00:00","description":"Nab\u00edz\u00edme penetra\u010dn\u00ed testov\u00e1n\u00ed SCADA syst\u00e9m\u016f a ochranu jejich kritick\u00e9 infrastruktury identifikov\u00e1n\u00edm extern\u00edch a intern\u00edch zranitelnost\u00ed v OT prost\u0159ed\u00ed.","breadcrumb":{"@id":"https:\/\/nethemba.com\/cs\/sluzby\/sitova-a-systemova-bezpecnost\/bezpecnost-scada-systemov\/#breadcrumb"},"inLanguage":"cs","potentialAction":[{"@type":"ReadAction","target":["https:\/\/nethemba.com\/cs\/sluzby\/sitova-a-systemova-bezpecnost\/bezpecnost-scada-systemov\/"]}]},{"@type":"BreadcrumbList","@id":"https:\/\/nethemba.com\/cs\/sluzby\/sitova-a-systemova-bezpecnost\/bezpecnost-scada-systemov\/#breadcrumb","itemListElement":[{"@type":"ListItem","position":1,"name":"Home","item":"https:\/\/nethemba.com\/cs\/home-new-2025\/"},{"@type":"ListItem","position":2,"name":"Slu\u017eby","item":"https:\/\/nethemba.com\/cs\/sluzby\/"},{"@type":"ListItem","position":3,"name":"S\u00ed\u0165ov\u00e1 a syst\u00e9mov\u00e1 bezpe\u010dnost","item":"https:\/\/nethemba.com\/cs\/sluzby\/sitova-a-systemova-bezpecnost\/"},{"@type":"ListItem","position":4,"name":"Bezpe\u010dnost SCADA syst\u00e9m\u016f"}]},{"@type":"WebSite","@id":"https:\/\/nethemba.com\/de\/#website","url":"https:\/\/nethemba.com\/de\/","name":"Nethemba","description":"We care about your security","potentialAction":[{"@type":"SearchAction","target":{"@type":"EntryPoint","urlTemplate":"https:\/\/nethemba.com\/de\/?s={search_term_string}"},"query-input":{"@type":"PropertyValueSpecification","valueRequired":true,"valueName":"search_term_string"}}],"inLanguage":"cs"}]}},"_links":{"self":[{"href":"https:\/\/nethemba.com\/cs\/wp-json\/wp\/v2\/pages\/2530","targetHints":{"allow":["GET"]}}],"collection":[{"href":"https:\/\/nethemba.com\/cs\/wp-json\/wp\/v2\/pages"}],"about":[{"href":"https:\/\/nethemba.com\/cs\/wp-json\/wp\/v2\/types\/page"}],"author":[{"embeddable":true,"href":"https:\/\/nethemba.com\/cs\/wp-json\/wp\/v2\/users\/2"}],"replies":[{"embeddable":true,"href":"https:\/\/nethemba.com\/cs\/wp-json\/wp\/v2\/comments?post=2530"}],"version-history":[{"count":0,"href":"https:\/\/nethemba.com\/cs\/wp-json\/wp\/v2\/pages\/2530\/revisions"}],"up":[{"embeddable":true,"href":"https:\/\/nethemba.com\/cs\/wp-json\/wp\/v2\/pages\/383"}],"wp:attachment":[{"href":"https:\/\/nethemba.com\/cs\/wp-json\/wp\/v2\/media?parent=2530"}],"curies":[{"name":"wp","href":"https:\/\/api.w.org\/{rel}","templated":true}]}}