{"id":2593,"date":"2018-01-17T10:52:27","date_gmt":"2018-01-17T10:52:27","guid":{"rendered":"http:\/\/nethemba.com\/cs\/?page_id=2593"},"modified":"2018-01-17T10:52:27","modified_gmt":"2018-01-17T10:52:27","slug":"peter-sooky","status":"publish","type":"page","link":"https:\/\/nethemba.com\/cs\/o-nas-old\/nas-tym\/peter-sooky\/","title":{"rendered":"Peter So\u00f3ky"},"content":{"rendered":"<p>Bakal\u00e1\u0159sk\u00e9 studium absolvoval na VUT v Brn\u011b a n\u00e1sledn\u011b vystudoval na Masarykov\u011b Univerzit\u011b, s magisterskou prac\u00ed zam\u011b\u0159enou na v\u00fdvoj honeypot\u016f. B\u011bhem studi\u00ed m\u011bl mo\u017enost spolupracovat s CZ NIC Labs a N\u00e1rodn\u00edm \u00fa\u0159adem pro kybernetickou bezpe\u010dnost \u010cesk\u00e9 republiky, kde se v\u011bnoval v\u00fdvoji bezpe\u010dn\u00e9ho softv\u00e9ru.<\/p>\n<p>Peter disponuje hlubok\u00fdmi znalostmi v oblasti po\u010d\u00edta\u010dov\u00e9 v\u011bdy a bezpe\u010dnosti informa\u010dn\u00edch technologi\u00ed. Ovl\u00e1d\u00e1 mno\u017estv\u00ed programovac\u00edch jazyk\u016f (ASM, C \/ C ++, Java, Python, Perl, Ruby, a podobn\u011b) a n\u011bkolik syst\u00e9m\u016f datab\u00e1zov\u00e9ho managementu (MySQL, PostgreSQL, SQLite).<\/p>\n<p>V r\u00e1mci rozvoje sv\u00fdch schopnost\u00ed, pravideln\u011b participuje na sout\u011b\u017e\u00edch Capture The Flag, kde se v\u011bnuje penetra\u010dn\u00edmu testov\u00e1n\u00ed a forenzn\u00edm anal\u00fdz\u00e1m.<\/p>\n","protected":false},"excerpt":{"rendered":"<p>Bakal\u00e1\u0159sk\u00e9 studium absolvoval na VUT v Brn\u011b a n\u00e1sledn\u011b vystudoval na Masarykov\u011b Univerzit\u011b, s magisterskou prac\u00ed zam\u011b\u0159enou na v\u00fdvoj honeypot\u016f. B\u011bhem studi\u00ed m\u011bl mo\u017enost spolupracovat s CZ NIC Labs a N\u00e1rodn\u00edm \u00fa\u0159adem pro kybernetickou bezpe\u010dnost \u010cesk\u00e9 republiky, kde se v\u011bnoval v\u00fdvoji bezpe\u010dn\u00e9ho softv\u00e9ru. Peter disponuje hlubok\u00fdmi znalostmi v oblasti po\u010d\u00edta\u010dov\u00e9 v\u011bdy a bezpe\u010dnosti informa\u010dn\u00edch technologi\u00ed. [&hellip;]<\/p>\n","protected":false},"author":2,"featured_media":0,"parent":548,"menu_order":9,"comment_status":"closed","ping_status":"closed","template":"","meta":{"inline_featured_image":false,"_monsterinsights_skip_tracking":false,"_monsterinsights_sitenote_active":false,"_monsterinsights_sitenote_note":"","_monsterinsights_sitenote_category":0,"footnotes":""},"class_list":["post-2593","page","type-page","status-publish","hentry"],"yoast_head":"<!-- This site is optimized with the Yoast SEO plugin v27.2 - https:\/\/yoast.com\/product\/yoast-seo-wordpress\/ -->\n<title>Peter So\u00f3ky - Nethemba<\/title>\n<meta name=\"robots\" content=\"index, follow, max-snippet:-1, max-image-preview:large, max-video-preview:-1\" \/>\n<link rel=\"canonical\" href=\"https:\/\/nethemba.com\/cs\/o-nas-old\/nas-tym\/peter-sooky\/\" \/>\n<meta property=\"og:locale\" content=\"cs_CZ\" \/>\n<meta property=\"og:type\" content=\"article\" \/>\n<meta property=\"og:title\" content=\"Peter So\u00f3ky - Nethemba\" \/>\n<meta property=\"og:description\" content=\"Bakal\u00e1\u0159sk\u00e9 studium absolvoval na VUT v Brn\u011b a n\u00e1sledn\u011b vystudoval na Masarykov\u011b Univerzit\u011b, s magisterskou prac\u00ed zam\u011b\u0159enou na v\u00fdvoj honeypot\u016f. B\u011bhem studi\u00ed m\u011bl mo\u017enost spolupracovat s CZ NIC Labs a N\u00e1rodn\u00edm \u00fa\u0159adem pro kybernetickou bezpe\u010dnost \u010cesk\u00e9 republiky, kde se v\u011bnoval v\u00fdvoji bezpe\u010dn\u00e9ho softv\u00e9ru. Peter disponuje hlubok\u00fdmi znalostmi v oblasti po\u010d\u00edta\u010dov\u00e9 v\u011bdy a bezpe\u010dnosti informa\u010dn\u00edch technologi\u00ed. [&hellip;]\" \/>\n<meta property=\"og:url\" content=\"https:\/\/nethemba.com\/cs\/o-nas-old\/nas-tym\/peter-sooky\/\" \/>\n<meta property=\"og:site_name\" content=\"Nethemba\" \/>\n<meta property=\"article:publisher\" content=\"https:\/\/www.facebook.com\/nethemba\" \/>\n<meta name=\"twitter:card\" content=\"summary_large_image\" \/>\n<meta name=\"twitter:site\" content=\"@nethemba\" \/>\n<meta name=\"twitter:label1\" content=\"Odhadovan\u00e1 doba \u010dten\u00ed\" \/>\n\t<meta name=\"twitter:data1\" content=\"1 minuta\" \/>\n<script type=\"application\/ld+json\" class=\"yoast-schema-graph\">{\"@context\":\"https:\/\/schema.org\",\"@graph\":[{\"@type\":\"WebPage\",\"@id\":\"https:\/\/nethemba.com\/cs\/o-nas-old\/nas-tym\/peter-sooky\/\",\"url\":\"https:\/\/nethemba.com\/cs\/o-nas-old\/nas-tym\/peter-sooky\/\",\"name\":\"Peter So\u00f3ky - Nethemba\",\"isPartOf\":{\"@id\":\"https:\/\/nethemba.com\/de\/#website\"},\"datePublished\":\"2018-01-17T10:52:27+00:00\",\"breadcrumb\":{\"@id\":\"https:\/\/nethemba.com\/cs\/o-nas-old\/nas-tym\/peter-sooky\/#breadcrumb\"},\"inLanguage\":\"cs\",\"potentialAction\":[{\"@type\":\"ReadAction\",\"target\":[\"https:\/\/nethemba.com\/cs\/o-nas-old\/nas-tym\/peter-sooky\/\"]}]},{\"@type\":\"BreadcrumbList\",\"@id\":\"https:\/\/nethemba.com\/cs\/o-nas-old\/nas-tym\/peter-sooky\/#breadcrumb\",\"itemListElement\":[{\"@type\":\"ListItem\",\"position\":1,\"name\":\"Home\",\"item\":\"https:\/\/nethemba.com\/cs\/home-new-2025\/\"},{\"@type\":\"ListItem\",\"position\":2,\"name\":\"O n\u00e1s\",\"item\":\"https:\/\/nethemba.com\/cs\/?page_id=319\"},{\"@type\":\"ListItem\",\"position\":3,\"name\":\"N\u00e1\u0161 t\u00fdm\",\"item\":\"https:\/\/nethemba.com\/cs\/o-nas-old\/nas-tym\/\"},{\"@type\":\"ListItem\",\"position\":4,\"name\":\"Peter So\u00f3ky\"}]},{\"@type\":\"WebSite\",\"@id\":\"https:\/\/nethemba.com\/de\/#website\",\"url\":\"https:\/\/nethemba.com\/de\/\",\"name\":\"Nethemba\",\"description\":\"We care about your security\",\"potentialAction\":[{\"@type\":\"SearchAction\",\"target\":{\"@type\":\"EntryPoint\",\"urlTemplate\":\"https:\/\/nethemba.com\/de\/?s={search_term_string}\"},\"query-input\":{\"@type\":\"PropertyValueSpecification\",\"valueRequired\":true,\"valueName\":\"search_term_string\"}}],\"inLanguage\":\"cs\"}]}<\/script>\n<!-- \/ Yoast SEO plugin. -->","yoast_head_json":{"title":"Peter So\u00f3ky - Nethemba","robots":{"index":"index","follow":"follow","max-snippet":"max-snippet:-1","max-image-preview":"max-image-preview:large","max-video-preview":"max-video-preview:-1"},"canonical":"https:\/\/nethemba.com\/cs\/o-nas-old\/nas-tym\/peter-sooky\/","og_locale":"cs_CZ","og_type":"article","og_title":"Peter So\u00f3ky - Nethemba","og_description":"Bakal\u00e1\u0159sk\u00e9 studium absolvoval na VUT v Brn\u011b a n\u00e1sledn\u011b vystudoval na Masarykov\u011b Univerzit\u011b, s magisterskou prac\u00ed zam\u011b\u0159enou na v\u00fdvoj honeypot\u016f. B\u011bhem studi\u00ed m\u011bl mo\u017enost spolupracovat s CZ NIC Labs a N\u00e1rodn\u00edm \u00fa\u0159adem pro kybernetickou bezpe\u010dnost \u010cesk\u00e9 republiky, kde se v\u011bnoval v\u00fdvoji bezpe\u010dn\u00e9ho softv\u00e9ru. Peter disponuje hlubok\u00fdmi znalostmi v oblasti po\u010d\u00edta\u010dov\u00e9 v\u011bdy a bezpe\u010dnosti informa\u010dn\u00edch technologi\u00ed. [&hellip;]","og_url":"https:\/\/nethemba.com\/cs\/o-nas-old\/nas-tym\/peter-sooky\/","og_site_name":"Nethemba","article_publisher":"https:\/\/www.facebook.com\/nethemba","twitter_card":"summary_large_image","twitter_site":"@nethemba","twitter_misc":{"Odhadovan\u00e1 doba \u010dten\u00ed":"1 minuta"},"schema":{"@context":"https:\/\/schema.org","@graph":[{"@type":"WebPage","@id":"https:\/\/nethemba.com\/cs\/o-nas-old\/nas-tym\/peter-sooky\/","url":"https:\/\/nethemba.com\/cs\/o-nas-old\/nas-tym\/peter-sooky\/","name":"Peter So\u00f3ky - Nethemba","isPartOf":{"@id":"https:\/\/nethemba.com\/de\/#website"},"datePublished":"2018-01-17T10:52:27+00:00","breadcrumb":{"@id":"https:\/\/nethemba.com\/cs\/o-nas-old\/nas-tym\/peter-sooky\/#breadcrumb"},"inLanguage":"cs","potentialAction":[{"@type":"ReadAction","target":["https:\/\/nethemba.com\/cs\/o-nas-old\/nas-tym\/peter-sooky\/"]}]},{"@type":"BreadcrumbList","@id":"https:\/\/nethemba.com\/cs\/o-nas-old\/nas-tym\/peter-sooky\/#breadcrumb","itemListElement":[{"@type":"ListItem","position":1,"name":"Home","item":"https:\/\/nethemba.com\/cs\/home-new-2025\/"},{"@type":"ListItem","position":2,"name":"O n\u00e1s","item":"https:\/\/nethemba.com\/cs\/?page_id=319"},{"@type":"ListItem","position":3,"name":"N\u00e1\u0161 t\u00fdm","item":"https:\/\/nethemba.com\/cs\/o-nas-old\/nas-tym\/"},{"@type":"ListItem","position":4,"name":"Peter So\u00f3ky"}]},{"@type":"WebSite","@id":"https:\/\/nethemba.com\/de\/#website","url":"https:\/\/nethemba.com\/de\/","name":"Nethemba","description":"We care about your security","potentialAction":[{"@type":"SearchAction","target":{"@type":"EntryPoint","urlTemplate":"https:\/\/nethemba.com\/de\/?s={search_term_string}"},"query-input":{"@type":"PropertyValueSpecification","valueRequired":true,"valueName":"search_term_string"}}],"inLanguage":"cs"}]}},"_links":{"self":[{"href":"https:\/\/nethemba.com\/cs\/wp-json\/wp\/v2\/pages\/2593","targetHints":{"allow":["GET"]}}],"collection":[{"href":"https:\/\/nethemba.com\/cs\/wp-json\/wp\/v2\/pages"}],"about":[{"href":"https:\/\/nethemba.com\/cs\/wp-json\/wp\/v2\/types\/page"}],"author":[{"embeddable":true,"href":"https:\/\/nethemba.com\/cs\/wp-json\/wp\/v2\/users\/2"}],"replies":[{"embeddable":true,"href":"https:\/\/nethemba.com\/cs\/wp-json\/wp\/v2\/comments?post=2593"}],"version-history":[{"count":0,"href":"https:\/\/nethemba.com\/cs\/wp-json\/wp\/v2\/pages\/2593\/revisions"}],"up":[{"embeddable":true,"href":"https:\/\/nethemba.com\/cs\/wp-json\/wp\/v2\/pages\/548"}],"wp:attachment":[{"href":"https:\/\/nethemba.com\/cs\/wp-json\/wp\/v2\/media?parent=2593"}],"curies":[{"name":"wp","href":"https:\/\/api.w.org\/{rel}","templated":true}]}}