{"id":2814,"date":"2018-05-25T09:10:31","date_gmt":"2018-05-25T09:10:31","guid":{"rendered":"http:\/\/nethemba.com\/?page_id=2814"},"modified":"2019-08-19T11:40:20","modified_gmt":"2019-08-19T10:40:20","slug":"bezpecnostni-audit-smart-kontraktu","status":"publish","type":"page","link":"https:\/\/nethemba.com\/cs\/sluzby\/aplikacni-bezpecnost\/bezpecnostni-audit-smart-kontraktu\/","title":{"rendered":"Bezpe\u010dnostn\u00ed audit smart kontrakt\u016f"},"content":{"rendered":"<p>Smart kontrakty jsou nezbytnou sou\u010d\u00e1st\u00ed v\u0161ech decentralizovan\u00fdch aplikac\u00ed a ICO. Jejich bezpe\u010dnost je rozhoduj\u00edc\u00ed a jej\u00ed ohro\u017een\u00ed m\u016f\u017ee v\u00e9st ke zna\u010dn\u00fdm finan\u010dn\u00edm ztr\u00e1t\u00e1m (v\u00edce informac\u00ed z praxe &#8211; <a href=\"https:\/\/medium.com\/solidified\/the-biggest-smart-contract-hacks-in-history-or-how-to-endanger-up-to-us-2-2-billion-d5a72961d15d\">The biggest smart contract Hacks in history<\/a>).<\/p>\n<p>\u00dakolem bezpe\u010dnostn\u00edho auditu smart kontraktu je odhalovat v\u00e1\u017en\u00e9 zranitelnosti v Solidity Ethereum smart kontraktech, podle osv\u011bd\u010den\u00fdch postup\u016f tohoto smluvn\u00edho odv\u011btv\u00ed.<\/p>\n<p>V\u00edce detailn\u00edch informac\u00ed o tomto t\u00e9matu najdete v na\u0161em \u010dl\u00e1nku &#8222;<a href=\"https:\/\/nethemba.com\/summary-of-the-common-smart-contracts-vulnerabilities\/\"><strong>Shrnut\u00ed typick\u00fdch zranitelnost\u00ed smart kontrakt\u016f<\/strong><\/a>&#8222;, kde popisujeme v\u0161echny nebezpe\u010dn\u00e9 p\u0159edpoklady a typick\u00e9 bezpe\u010dnostn\u00ed probl\u00e9my v zdrav\u00edm jazyce.<\/p>\n<p><strong>\u010cas testov\u00e1n\u00ed<\/strong>:<br \/>\n1-4 t\u00fddny (v z\u00e1vislosti na slo\u017eitosti smart kontraktu)<\/p>\n<p><strong>Metodologie<\/strong>:<br \/>\nP\u0159i testov\u00e1n\u00ed smart kontrakt\u016f dodr\u017eujeme striktn\u011b <a href=\"https:\/\/consensys.github.io\/smart-contract-best-practices\/\">Ethereum Smart Contract Security Best Practices.<\/a><\/p>\n","protected":false},"excerpt":{"rendered":"<p>Smart kontrakty jsou nezbytnou sou\u010d\u00e1st\u00ed v\u0161ech decentralizovan\u00fdch aplikac\u00ed a ICO. Jejich bezpe\u010dnost je rozhoduj\u00edc\u00ed a jej\u00ed ohro\u017een\u00ed m\u016f\u017ee v\u00e9st ke zna\u010dn\u00fdm finan\u010dn\u00edm ztr\u00e1t\u00e1m (v\u00edce informac\u00ed z praxe &#8211; The biggest smart contract Hacks in history). \u00dakolem bezpe\u010dnostn\u00edho auditu smart kontraktu je odhalovat v\u00e1\u017en\u00e9 zranitelnosti v Solidity Ethereum smart kontraktech, podle osv\u011bd\u010den\u00fdch postup\u016f tohoto smluvn\u00edho odv\u011btv\u00ed. [&hellip;]<\/p>\n","protected":false},"author":2,"featured_media":0,"parent":353,"menu_order":6,"comment_status":"closed","ping_status":"closed","template":"services_detail.php","meta":{"inline_featured_image":false,"_monsterinsights_skip_tracking":false,"_monsterinsights_sitenote_active":false,"_monsterinsights_sitenote_note":"","_monsterinsights_sitenote_category":0,"footnotes":""},"class_list":["post-2814","page","type-page","status-publish","hentry"],"yoast_head":"<!-- This site is optimized with the Yoast SEO plugin v27.3 - https:\/\/yoast.com\/product\/yoast-seo-wordpress\/ -->\n<title>Bezpe\u010dnostn\u00ed audit smart kontrakt\u016f - Nethemba<\/title>\n<meta name=\"description\" content=\"Smart kontrakty jsou nezbytnou sou\u010d\u00e1st\u00ed v\u0161ech decentralizovan\u00fdch aplikac\u00ed a ICO. Test odhaluje zranitelnosti v Solidity Ethereum smart kontraktech.\" \/>\n<meta name=\"robots\" content=\"index, follow, max-snippet:-1, max-image-preview:large, max-video-preview:-1\" \/>\n<link rel=\"canonical\" href=\"https:\/\/nethemba.com\/cs\/sluzby\/aplikacni-bezpecnost\/bezpecnostni-audit-smart-kontraktu\/\" \/>\n<meta property=\"og:locale\" content=\"cs_CZ\" \/>\n<meta property=\"og:type\" content=\"article\" \/>\n<meta property=\"og:title\" content=\"Bezpe\u010dnostn\u00ed audit smart kontrakt\u016f - Nethemba\" \/>\n<meta property=\"og:description\" content=\"Smart kontrakty jsou nezbytnou sou\u010d\u00e1st\u00ed v\u0161ech decentralizovan\u00fdch aplikac\u00ed a ICO. Test odhaluje zranitelnosti v Solidity Ethereum smart kontraktech.\" \/>\n<meta property=\"og:url\" content=\"https:\/\/nethemba.com\/cs\/sluzby\/aplikacni-bezpecnost\/bezpecnostni-audit-smart-kontraktu\/\" \/>\n<meta property=\"og:site_name\" content=\"Nethemba\" \/>\n<meta property=\"article:publisher\" content=\"https:\/\/www.facebook.com\/nethemba\" \/>\n<meta property=\"article:modified_time\" content=\"2019-08-19T10:40:20+00:00\" \/>\n<meta name=\"twitter:card\" content=\"summary_large_image\" \/>\n<meta name=\"twitter:site\" content=\"@nethemba\" \/>\n<meta name=\"twitter:label1\" content=\"Odhadovan\u00e1 doba \u010dten\u00ed\" \/>\n\t<meta name=\"twitter:data1\" content=\"1 minuta\" \/>\n<script type=\"application\/ld+json\" class=\"yoast-schema-graph\">{\"@context\":\"https:\\\/\\\/schema.org\",\"@graph\":[{\"@type\":\"WebPage\",\"@id\":\"https:\\\/\\\/nethemba.com\\\/cs\\\/sluzby\\\/aplikacni-bezpecnost\\\/bezpecnostni-audit-smart-kontraktu\\\/\",\"url\":\"https:\\\/\\\/nethemba.com\\\/cs\\\/sluzby\\\/aplikacni-bezpecnost\\\/bezpecnostni-audit-smart-kontraktu\\\/\",\"name\":\"Bezpe\u010dnostn\u00ed audit smart kontrakt\u016f - Nethemba\",\"isPartOf\":{\"@id\":\"https:\\\/\\\/nethemba.com\\\/de\\\/#website\"},\"datePublished\":\"2018-05-25T09:10:31+00:00\",\"dateModified\":\"2019-08-19T10:40:20+00:00\",\"description\":\"Smart kontrakty jsou nezbytnou sou\u010d\u00e1st\u00ed v\u0161ech decentralizovan\u00fdch aplikac\u00ed a ICO. Test odhaluje zranitelnosti v Solidity Ethereum smart kontraktech.\",\"breadcrumb\":{\"@id\":\"https:\\\/\\\/nethemba.com\\\/cs\\\/sluzby\\\/aplikacni-bezpecnost\\\/bezpecnostni-audit-smart-kontraktu\\\/#breadcrumb\"},\"inLanguage\":\"cs\",\"potentialAction\":[{\"@type\":\"ReadAction\",\"target\":[\"https:\\\/\\\/nethemba.com\\\/cs\\\/sluzby\\\/aplikacni-bezpecnost\\\/bezpecnostni-audit-smart-kontraktu\\\/\"]}]},{\"@type\":\"BreadcrumbList\",\"@id\":\"https:\\\/\\\/nethemba.com\\\/cs\\\/sluzby\\\/aplikacni-bezpecnost\\\/bezpecnostni-audit-smart-kontraktu\\\/#breadcrumb\",\"itemListElement\":[{\"@type\":\"ListItem\",\"position\":1,\"name\":\"Home\",\"item\":\"https:\\\/\\\/nethemba.com\\\/cs\\\/home-new-2025\\\/\"},{\"@type\":\"ListItem\",\"position\":2,\"name\":\"Slu\u017eby\",\"item\":\"https:\\\/\\\/nethemba.com\\\/cs\\\/sluzby\\\/\"},{\"@type\":\"ListItem\",\"position\":3,\"name\":\"Aplika\u010dn\u00ed bezpe\u010dnost\",\"item\":\"https:\\\/\\\/nethemba.com\\\/cs\\\/sluzby\\\/aplikacni-bezpecnost\\\/\"},{\"@type\":\"ListItem\",\"position\":4,\"name\":\"Bezpe\u010dnostn\u00ed audit smart kontrakt\u016f\"}]},{\"@type\":\"WebSite\",\"@id\":\"https:\\\/\\\/nethemba.com\\\/de\\\/#website\",\"url\":\"https:\\\/\\\/nethemba.com\\\/de\\\/\",\"name\":\"Nethemba\",\"description\":\"We care about your security\",\"potentialAction\":[{\"@type\":\"SearchAction\",\"target\":{\"@type\":\"EntryPoint\",\"urlTemplate\":\"https:\\\/\\\/nethemba.com\\\/de\\\/?s={search_term_string}\"},\"query-input\":{\"@type\":\"PropertyValueSpecification\",\"valueRequired\":true,\"valueName\":\"search_term_string\"}}],\"inLanguage\":\"cs\"}]}<\/script>\n<!-- \/ Yoast SEO plugin. -->","yoast_head_json":{"title":"Bezpe\u010dnostn\u00ed audit smart kontrakt\u016f - Nethemba","description":"Smart kontrakty jsou nezbytnou sou\u010d\u00e1st\u00ed v\u0161ech decentralizovan\u00fdch aplikac\u00ed a ICO. Test odhaluje zranitelnosti v Solidity Ethereum smart kontraktech.","robots":{"index":"index","follow":"follow","max-snippet":"max-snippet:-1","max-image-preview":"max-image-preview:large","max-video-preview":"max-video-preview:-1"},"canonical":"https:\/\/nethemba.com\/cs\/sluzby\/aplikacni-bezpecnost\/bezpecnostni-audit-smart-kontraktu\/","og_locale":"cs_CZ","og_type":"article","og_title":"Bezpe\u010dnostn\u00ed audit smart kontrakt\u016f - Nethemba","og_description":"Smart kontrakty jsou nezbytnou sou\u010d\u00e1st\u00ed v\u0161ech decentralizovan\u00fdch aplikac\u00ed a ICO. Test odhaluje zranitelnosti v Solidity Ethereum smart kontraktech.","og_url":"https:\/\/nethemba.com\/cs\/sluzby\/aplikacni-bezpecnost\/bezpecnostni-audit-smart-kontraktu\/","og_site_name":"Nethemba","article_publisher":"https:\/\/www.facebook.com\/nethemba","article_modified_time":"2019-08-19T10:40:20+00:00","twitter_card":"summary_large_image","twitter_site":"@nethemba","twitter_misc":{"Odhadovan\u00e1 doba \u010dten\u00ed":"1 minuta"},"schema":{"@context":"https:\/\/schema.org","@graph":[{"@type":"WebPage","@id":"https:\/\/nethemba.com\/cs\/sluzby\/aplikacni-bezpecnost\/bezpecnostni-audit-smart-kontraktu\/","url":"https:\/\/nethemba.com\/cs\/sluzby\/aplikacni-bezpecnost\/bezpecnostni-audit-smart-kontraktu\/","name":"Bezpe\u010dnostn\u00ed audit smart kontrakt\u016f - Nethemba","isPartOf":{"@id":"https:\/\/nethemba.com\/de\/#website"},"datePublished":"2018-05-25T09:10:31+00:00","dateModified":"2019-08-19T10:40:20+00:00","description":"Smart kontrakty jsou nezbytnou sou\u010d\u00e1st\u00ed v\u0161ech decentralizovan\u00fdch aplikac\u00ed a ICO. Test odhaluje zranitelnosti v Solidity Ethereum smart kontraktech.","breadcrumb":{"@id":"https:\/\/nethemba.com\/cs\/sluzby\/aplikacni-bezpecnost\/bezpecnostni-audit-smart-kontraktu\/#breadcrumb"},"inLanguage":"cs","potentialAction":[{"@type":"ReadAction","target":["https:\/\/nethemba.com\/cs\/sluzby\/aplikacni-bezpecnost\/bezpecnostni-audit-smart-kontraktu\/"]}]},{"@type":"BreadcrumbList","@id":"https:\/\/nethemba.com\/cs\/sluzby\/aplikacni-bezpecnost\/bezpecnostni-audit-smart-kontraktu\/#breadcrumb","itemListElement":[{"@type":"ListItem","position":1,"name":"Home","item":"https:\/\/nethemba.com\/cs\/home-new-2025\/"},{"@type":"ListItem","position":2,"name":"Slu\u017eby","item":"https:\/\/nethemba.com\/cs\/sluzby\/"},{"@type":"ListItem","position":3,"name":"Aplika\u010dn\u00ed bezpe\u010dnost","item":"https:\/\/nethemba.com\/cs\/sluzby\/aplikacni-bezpecnost\/"},{"@type":"ListItem","position":4,"name":"Bezpe\u010dnostn\u00ed audit smart kontrakt\u016f"}]},{"@type":"WebSite","@id":"https:\/\/nethemba.com\/de\/#website","url":"https:\/\/nethemba.com\/de\/","name":"Nethemba","description":"We care about your security","potentialAction":[{"@type":"SearchAction","target":{"@type":"EntryPoint","urlTemplate":"https:\/\/nethemba.com\/de\/?s={search_term_string}"},"query-input":{"@type":"PropertyValueSpecification","valueRequired":true,"valueName":"search_term_string"}}],"inLanguage":"cs"}]}},"_links":{"self":[{"href":"https:\/\/nethemba.com\/cs\/wp-json\/wp\/v2\/pages\/2814","targetHints":{"allow":["GET"]}}],"collection":[{"href":"https:\/\/nethemba.com\/cs\/wp-json\/wp\/v2\/pages"}],"about":[{"href":"https:\/\/nethemba.com\/cs\/wp-json\/wp\/v2\/types\/page"}],"author":[{"embeddable":true,"href":"https:\/\/nethemba.com\/cs\/wp-json\/wp\/v2\/users\/2"}],"replies":[{"embeddable":true,"href":"https:\/\/nethemba.com\/cs\/wp-json\/wp\/v2\/comments?post=2814"}],"version-history":[{"count":0,"href":"https:\/\/nethemba.com\/cs\/wp-json\/wp\/v2\/pages\/2814\/revisions"}],"up":[{"embeddable":true,"href":"https:\/\/nethemba.com\/cs\/wp-json\/wp\/v2\/pages\/353"}],"wp:attachment":[{"href":"https:\/\/nethemba.com\/cs\/wp-json\/wp\/v2\/media?parent=2814"}],"curies":[{"name":"wp","href":"https:\/\/api.w.org\/{rel}","templated":true}]}}