{"id":365,"date":"2015-11-08T20:34:03","date_gmt":"2015-11-08T20:34:03","guid":{"rendered":"http:\/\/nethemba.com\/cs\/?page_id=365"},"modified":"2019-08-19T10:48:51","modified_gmt":"2019-08-19T09:48:51","slug":"standardni-penetracni-test","status":"publish","type":"page","link":"https:\/\/nethemba.com\/cs\/sluzby\/aplikacni-bezpecnost\/standardni-penetracni-test\/","title":{"rendered":"Standardn\u00ed penetra\u010dn\u00ed test"},"content":{"rendered":"<p>C\u00edlem standardn\u00edho penetra\u010dn\u00edho testu je odhalit co nejv\u011bt\u0161\u00ed mno\u017estv\u00ed kritick\u00fdch zranitelnost\u00ed ve webov\u00e9 aplikaci a webov\u00e9m serveru b\u011bhem 3 dn\u00ed, odhalit zp\u016fsob jejich vyu\u017eit\u00ed a p\u0159\u00edpadnou mo\u017enost z\u00edsk\u00e1n\u00ed privilegovan\u00e9ho p\u0159\u00edstupu.<\/p>\n<p lang=\"cs-CZ\">Test se skl\u00e1d\u00e1 z n\u00e1sleduj\u00edc\u00edch f\u00e1z\u00ed:<\/p>\n<ul>\n<li><strong><span lang=\"cs-CZ\">Sb\u011br informac\u00ed <\/span><\/strong><span lang=\"cs-CZ\">\u2013 o c\u00edlov\u00e9m syst\u00e9mu jsou sesb\u00edran\u00e9, identifikovan\u00e9 a analyzovan\u00e9 v\u0161echny dostupn\u00e9 informace, v\u010detn\u011b verze webov\u00e9ho serveru, pou\u017eit\u00fdch modul\u016f, programov\u00e9 platformy, p\u0159\u00edpadn\u00e1 identifikace webov\u00e9ho aplika\u010dn\u00edho firewallu a p\u0159\u00edstupov\u00fdch bod\u016f do aplikace<\/span><\/li>\n<li><strong><span lang=\"cs-CZ\">Enumerace a mapov\u00e1n\u00ed zranitelnost\u00ed<\/span><\/strong><span lang=\"cs-CZ\"> \u2013 pomoc\u00ed intrusivn\u00edch metod a technik (speci\u00e1ln\u011b zkonstruovan\u00e9ho HTTP\u00a0po\u017eadavku) jsou identifikov\u00e1ny potenci\u00e1ln\u00ed slabiny (pou\u017eit\u00e9 jsou speci\u00e1ln\u00ed bezpe\u010dnostn\u00ed scannery, &#8222;fault-injection proxies&#8220; a tak\u00e9 n\u00e1sledn\u00e9 manu\u00e1ln\u00ed ov\u011b\u0159en\u00ed)<\/span><\/li>\n<li><strong><span lang=\"cs-CZ\">Vyu\u017eit\u00ed zranitelnost\u00ed <\/span><\/strong><span lang=\"cs-CZ\">&#8211; pokus o z\u00edsk\u00e1n\u00ed p\u0159\u00edstupu pomoc\u00ed d\u0159\u00edve identifikovan\u00fdch zranitelnost\u00ed C\u00edlem je z\u00edskat u\u017eivatelsk\u00fd nebo privilegovan\u00fd (administr\u00e1torsk\u00fd) p\u0159\u00edstup do aplikace nebo opera\u010dn\u00edho syst\u00e9mu\u00a0<\/span><\/li>\n<\/ul>\n<p><strong><span lang=\"cs-CZ\">Vlastnosti:<\/span><\/strong><\/p>\n<ul>\n<li>\n<p lang=\"cs-CZ\">odhaluje nejv\u00e1\u017en\u011bj\u0161\u00ed webov\u00e9 zranitelnosti<\/p>\n<\/li>\n<li>\n<p lang=\"cs-CZ\">vzhledem k tomu, \u017ee je pou\u017eit\u00e9 manu\u00e1ln\u00ed ov\u011b\u0159en\u00ed, test je velmi vhodn\u00fd aj v situac\u00edch, kdy selhali va\u0161e bezpe\u010dnostn\u00ed scannery<\/p>\n<\/li>\n<li>\n<p lang=\"cs-CZ\">v\u00fdsledkem je technick\u00e1 spr\u00e1va s mana\u017e\u00e9rsk\u00fdm shrnut\u00edm, v\u0161emi odhalen\u00fdmi zranitelnostmi a jejich stupn\u011bm rizika a doporu\u010den\u00edmi<\/p>\n<\/li>\n<\/ul>\n","protected":false},"excerpt":{"rendered":"<p>C\u00edlem standardn\u00edho penetra\u010dn\u00edho testu je odhalit co nejv\u011bt\u0161\u00ed mno\u017estv\u00ed kritick\u00fdch zranitelnost\u00ed ve webov\u00e9 aplikaci a webov\u00e9m serveru b\u011bhem 3 dn\u00ed, odhalit zp\u016fsob jejich vyu\u017eit\u00ed a p\u0159\u00edpadnou mo\u017enost z\u00edsk\u00e1n\u00ed privilegovan\u00e9ho p\u0159\u00edstupu. Test se skl\u00e1d\u00e1 z n\u00e1sleduj\u00edc\u00edch f\u00e1z\u00ed: Sb\u011br informac\u00ed \u2013 o c\u00edlov\u00e9m syst\u00e9mu jsou sesb\u00edran\u00e9, identifikovan\u00e9 a analyzovan\u00e9 v\u0161echny dostupn\u00e9 informace, v\u010detn\u011b verze webov\u00e9ho serveru, pou\u017eit\u00fdch [&hellip;]<\/p>\n","protected":false},"author":2,"featured_media":0,"parent":353,"menu_order":2,"comment_status":"closed","ping_status":"closed","template":"services_detail.php","meta":{"inline_featured_image":false,"_monsterinsights_skip_tracking":false,"_monsterinsights_sitenote_active":false,"_monsterinsights_sitenote_note":"","_monsterinsights_sitenote_category":0,"footnotes":""},"class_list":["post-365","page","type-page","status-publish","hentry"],"yoast_head":"<!-- This site is optimized with the Yoast SEO plugin v27.2 - https:\/\/yoast.com\/product\/yoast-seo-wordpress\/ -->\n<title>Standardn\u00ed penetra\u010dn\u00ed test - Nethemba - Etick\u00e9 hackov\u00e1n\u00ed<\/title>\n<meta name=\"description\" content=\"Penetra\u010dn\u00ed test odhaluje nejv\u00e1\u017en\u011bj\u0161\u00ed webov\u00e9 zranitelnosti. V\u00fdsledkem je technick\u00e1 spr\u00e1va s mana\u017e\u00e9rsk\u00fdm shrnut\u00edm a doporu\u010den\u00edmi.\" \/>\n<meta name=\"robots\" content=\"index, follow, max-snippet:-1, max-image-preview:large, max-video-preview:-1\" \/>\n<link rel=\"canonical\" href=\"https:\/\/nethemba.com\/cs\/sluzby\/aplikacni-bezpecnost\/standardni-penetracni-test\/\" \/>\n<meta property=\"og:locale\" content=\"cs_CZ\" \/>\n<meta property=\"og:type\" content=\"article\" \/>\n<meta property=\"og:title\" content=\"Standardn\u00ed penetra\u010dn\u00ed test - Nethemba - Etick\u00e9 hackov\u00e1n\u00ed\" \/>\n<meta property=\"og:description\" content=\"Penetra\u010dn\u00ed test odhaluje nejv\u00e1\u017en\u011bj\u0161\u00ed webov\u00e9 zranitelnosti. V\u00fdsledkem je technick\u00e1 spr\u00e1va s mana\u017e\u00e9rsk\u00fdm shrnut\u00edm a doporu\u010den\u00edmi.\" \/>\n<meta property=\"og:url\" content=\"https:\/\/nethemba.com\/cs\/sluzby\/aplikacni-bezpecnost\/standardni-penetracni-test\/\" \/>\n<meta property=\"og:site_name\" content=\"Nethemba\" \/>\n<meta property=\"article:publisher\" content=\"https:\/\/www.facebook.com\/nethemba\" \/>\n<meta property=\"article:modified_time\" content=\"2019-08-19T09:48:51+00:00\" \/>\n<meta name=\"twitter:card\" content=\"summary_large_image\" \/>\n<meta name=\"twitter:site\" content=\"@nethemba\" \/>\n<meta name=\"twitter:label1\" content=\"Odhadovan\u00e1 doba \u010dten\u00ed\" \/>\n\t<meta name=\"twitter:data1\" content=\"1 minuta\" \/>\n<script type=\"application\/ld+json\" class=\"yoast-schema-graph\">{\"@context\":\"https:\/\/schema.org\",\"@graph\":[{\"@type\":\"WebPage\",\"@id\":\"https:\/\/nethemba.com\/cs\/sluzby\/aplikacni-bezpecnost\/standardni-penetracni-test\/\",\"url\":\"https:\/\/nethemba.com\/cs\/sluzby\/aplikacni-bezpecnost\/standardni-penetracni-test\/\",\"name\":\"Standardn\u00ed penetra\u010dn\u00ed test - Nethemba - Etick\u00e9 hackov\u00e1n\u00ed\",\"isPartOf\":{\"@id\":\"https:\/\/nethemba.com\/de\/#website\"},\"datePublished\":\"2015-11-08T20:34:03+00:00\",\"dateModified\":\"2019-08-19T09:48:51+00:00\",\"description\":\"Penetra\u010dn\u00ed test odhaluje nejv\u00e1\u017en\u011bj\u0161\u00ed webov\u00e9 zranitelnosti. V\u00fdsledkem je technick\u00e1 spr\u00e1va s mana\u017e\u00e9rsk\u00fdm shrnut\u00edm a doporu\u010den\u00edmi.\",\"breadcrumb\":{\"@id\":\"https:\/\/nethemba.com\/cs\/sluzby\/aplikacni-bezpecnost\/standardni-penetracni-test\/#breadcrumb\"},\"inLanguage\":\"cs\",\"potentialAction\":[{\"@type\":\"ReadAction\",\"target\":[\"https:\/\/nethemba.com\/cs\/sluzby\/aplikacni-bezpecnost\/standardni-penetracni-test\/\"]}]},{\"@type\":\"BreadcrumbList\",\"@id\":\"https:\/\/nethemba.com\/cs\/sluzby\/aplikacni-bezpecnost\/standardni-penetracni-test\/#breadcrumb\",\"itemListElement\":[{\"@type\":\"ListItem\",\"position\":1,\"name\":\"Home\",\"item\":\"https:\/\/nethemba.com\/cs\/home-new-2025\/\"},{\"@type\":\"ListItem\",\"position\":2,\"name\":\"Slu\u017eby\",\"item\":\"https:\/\/nethemba.com\/cs\/sluzby\/\"},{\"@type\":\"ListItem\",\"position\":3,\"name\":\"Aplika\u010dn\u00ed bezpe\u010dnost\",\"item\":\"https:\/\/nethemba.com\/cs\/sluzby\/aplikacni-bezpecnost\/\"},{\"@type\":\"ListItem\",\"position\":4,\"name\":\"Standardn\u00ed penetra\u010dn\u00ed test\"}]},{\"@type\":\"WebSite\",\"@id\":\"https:\/\/nethemba.com\/de\/#website\",\"url\":\"https:\/\/nethemba.com\/de\/\",\"name\":\"Nethemba\",\"description\":\"We care about your security\",\"potentialAction\":[{\"@type\":\"SearchAction\",\"target\":{\"@type\":\"EntryPoint\",\"urlTemplate\":\"https:\/\/nethemba.com\/de\/?s={search_term_string}\"},\"query-input\":{\"@type\":\"PropertyValueSpecification\",\"valueRequired\":true,\"valueName\":\"search_term_string\"}}],\"inLanguage\":\"cs\"}]}<\/script>\n<!-- \/ Yoast SEO plugin. -->","yoast_head_json":{"title":"Standardn\u00ed penetra\u010dn\u00ed test - Nethemba - Etick\u00e9 hackov\u00e1n\u00ed","description":"Penetra\u010dn\u00ed test odhaluje nejv\u00e1\u017en\u011bj\u0161\u00ed webov\u00e9 zranitelnosti. V\u00fdsledkem je technick\u00e1 spr\u00e1va s mana\u017e\u00e9rsk\u00fdm shrnut\u00edm a doporu\u010den\u00edmi.","robots":{"index":"index","follow":"follow","max-snippet":"max-snippet:-1","max-image-preview":"max-image-preview:large","max-video-preview":"max-video-preview:-1"},"canonical":"https:\/\/nethemba.com\/cs\/sluzby\/aplikacni-bezpecnost\/standardni-penetracni-test\/","og_locale":"cs_CZ","og_type":"article","og_title":"Standardn\u00ed penetra\u010dn\u00ed test - Nethemba - Etick\u00e9 hackov\u00e1n\u00ed","og_description":"Penetra\u010dn\u00ed test odhaluje nejv\u00e1\u017en\u011bj\u0161\u00ed webov\u00e9 zranitelnosti. V\u00fdsledkem je technick\u00e1 spr\u00e1va s mana\u017e\u00e9rsk\u00fdm shrnut\u00edm a doporu\u010den\u00edmi.","og_url":"https:\/\/nethemba.com\/cs\/sluzby\/aplikacni-bezpecnost\/standardni-penetracni-test\/","og_site_name":"Nethemba","article_publisher":"https:\/\/www.facebook.com\/nethemba","article_modified_time":"2019-08-19T09:48:51+00:00","twitter_card":"summary_large_image","twitter_site":"@nethemba","twitter_misc":{"Odhadovan\u00e1 doba \u010dten\u00ed":"1 minuta"},"schema":{"@context":"https:\/\/schema.org","@graph":[{"@type":"WebPage","@id":"https:\/\/nethemba.com\/cs\/sluzby\/aplikacni-bezpecnost\/standardni-penetracni-test\/","url":"https:\/\/nethemba.com\/cs\/sluzby\/aplikacni-bezpecnost\/standardni-penetracni-test\/","name":"Standardn\u00ed penetra\u010dn\u00ed test - Nethemba - Etick\u00e9 hackov\u00e1n\u00ed","isPartOf":{"@id":"https:\/\/nethemba.com\/de\/#website"},"datePublished":"2015-11-08T20:34:03+00:00","dateModified":"2019-08-19T09:48:51+00:00","description":"Penetra\u010dn\u00ed test odhaluje nejv\u00e1\u017en\u011bj\u0161\u00ed webov\u00e9 zranitelnosti. V\u00fdsledkem je technick\u00e1 spr\u00e1va s mana\u017e\u00e9rsk\u00fdm shrnut\u00edm a doporu\u010den\u00edmi.","breadcrumb":{"@id":"https:\/\/nethemba.com\/cs\/sluzby\/aplikacni-bezpecnost\/standardni-penetracni-test\/#breadcrumb"},"inLanguage":"cs","potentialAction":[{"@type":"ReadAction","target":["https:\/\/nethemba.com\/cs\/sluzby\/aplikacni-bezpecnost\/standardni-penetracni-test\/"]}]},{"@type":"BreadcrumbList","@id":"https:\/\/nethemba.com\/cs\/sluzby\/aplikacni-bezpecnost\/standardni-penetracni-test\/#breadcrumb","itemListElement":[{"@type":"ListItem","position":1,"name":"Home","item":"https:\/\/nethemba.com\/cs\/home-new-2025\/"},{"@type":"ListItem","position":2,"name":"Slu\u017eby","item":"https:\/\/nethemba.com\/cs\/sluzby\/"},{"@type":"ListItem","position":3,"name":"Aplika\u010dn\u00ed bezpe\u010dnost","item":"https:\/\/nethemba.com\/cs\/sluzby\/aplikacni-bezpecnost\/"},{"@type":"ListItem","position":4,"name":"Standardn\u00ed penetra\u010dn\u00ed test"}]},{"@type":"WebSite","@id":"https:\/\/nethemba.com\/de\/#website","url":"https:\/\/nethemba.com\/de\/","name":"Nethemba","description":"We care about your security","potentialAction":[{"@type":"SearchAction","target":{"@type":"EntryPoint","urlTemplate":"https:\/\/nethemba.com\/de\/?s={search_term_string}"},"query-input":{"@type":"PropertyValueSpecification","valueRequired":true,"valueName":"search_term_string"}}],"inLanguage":"cs"}]}},"_links":{"self":[{"href":"https:\/\/nethemba.com\/cs\/wp-json\/wp\/v2\/pages\/365","targetHints":{"allow":["GET"]}}],"collection":[{"href":"https:\/\/nethemba.com\/cs\/wp-json\/wp\/v2\/pages"}],"about":[{"href":"https:\/\/nethemba.com\/cs\/wp-json\/wp\/v2\/types\/page"}],"author":[{"embeddable":true,"href":"https:\/\/nethemba.com\/cs\/wp-json\/wp\/v2\/users\/2"}],"replies":[{"embeddable":true,"href":"https:\/\/nethemba.com\/cs\/wp-json\/wp\/v2\/comments?post=365"}],"version-history":[{"count":0,"href":"https:\/\/nethemba.com\/cs\/wp-json\/wp\/v2\/pages\/365\/revisions"}],"up":[{"embeddable":true,"href":"https:\/\/nethemba.com\/cs\/wp-json\/wp\/v2\/pages\/353"}],"wp:attachment":[{"href":"https:\/\/nethemba.com\/cs\/wp-json\/wp\/v2\/media?parent=365"}],"curies":[{"name":"wp","href":"https:\/\/api.w.org\/{rel}","templated":true}]}}