{"id":371,"date":"2015-11-08T20:35:56","date_gmt":"2015-11-08T20:35:56","guid":{"rendered":"http:\/\/nethemba.com\/cs\/?page_id=371"},"modified":"2020-12-11T19:03:32","modified_gmt":"2020-12-11T18:03:32","slug":"detailni-bezpecnostni-audit","status":"publish","type":"page","link":"https:\/\/nethemba.com\/cs\/sluzby\/aplikacni-bezpecnost\/detailni-bezpecnostni-audit\/","title":{"rendered":"Detailn\u00ed bezpe\u010dnostn\u00ed audit"},"content":{"rendered":"<p>C\u00edlem detailn\u00edho bezpe\u010dnostn\u00edho auditu webov\u00e9 aplikace a webov\u00e9ho serveru je co nejd\u016fkladn\u011bji a nejdetailn\u011bji otestovat webovou aplikaci a webov\u00fd server (v\u0161echny formul\u00e1\u0159e, v\u0161echny druhy zn\u00e1m\u00fdch zranitelnost\u00ed).<\/p>\n<p>Test je realizovan\u00fd striktn\u011b podle <a href=\"https:\/\/owasp.org\/www-project-web-security-testing-guide\/v42\/\">bezpe\u010dnostn\u00ed testovac\u00ed pr\u00edru\u010dky OWASP<\/a> a je proto velmi podrobn\u00fd.<\/p>\n<p><strong>Test obsahuje:<\/strong><\/p>\n<ul>\n<li>praktickou &#8222;hackerskou&#8220; demonstraci nalezen\u00fdch kritick\u00fdch zranitelnosti (tvorba vlastn\u00edch &#8222;exploit&#8220; program\u016f, dump datab\u00e1ze, demonstrace CSRF\/XSS\/Session fixation zranitelnost\u00ed atd.)<\/li>\n<li>jednodenn\u00ed st\u0159etnut\u00ed s v\u00fdvoj\u00e1\u0159i testovan\u00e9 aplikace (prezentace v\u00fdsledn\u00e9 zpr\u00e1vy, demonstrace zneu\u017eit\u00ed nalezen\u00fdch zranitelnost\u00ed, prezentace mo\u017en\u00fdch oprav a zabezpe\u010den\u00ed aplikace)<\/li>\n<li>kompletn\u00ed a \u00fapln\u00e9 otestov\u00e1n\u00ed webov\u00e9 aplikace podle <a href=\"http:\/\/www.owasp.org\/index.php\/OWASP_Testing_Guide_v4_Table_of_Contents\">testovac\u00ed p\u0159\u00edru\u010dky OWASP<\/a><\/li>\n<li>v\u00fdsledn\u00ed technickou zpr\u00e1vu s mana\u017e\u00e9rsk\u00fdm shrnut\u00edm, v\u0161emi nalezen\u00fdmi zranitelnostmi , jejich stupn\u011bm rizika i doporu\u010den\u00edmi<\/li>\n<\/ul>\n<p><strong>Cena:<\/strong> z\u00e1vis\u00ed od komplexnosti aplikace (mno\u017estv\u00ed formul\u00e1\u0159\u016f, u\u017eivatelsk\u00fdch vstup\u016f, rol\u00ed, hierarchie atd)<\/p>\n","protected":false},"excerpt":{"rendered":"<p>C\u00edlem detailn\u00edho bezpe\u010dnostn\u00edho auditu webov\u00e9 aplikace a webov\u00e9ho serveru je co nejd\u016fkladn\u011bji a nejdetailn\u011bji otestovat webovou aplikaci a webov\u00fd server (v\u0161echny formul\u00e1\u0159e, v\u0161echny druhy zn\u00e1m\u00fdch zranitelnost\u00ed). Test je realizovan\u00fd striktn\u011b podle bezpe\u010dnostn\u00ed testovac\u00ed pr\u00edru\u010dky OWASP a je proto velmi podrobn\u00fd. Test obsahuje: praktickou &#8222;hackerskou&#8220; demonstraci nalezen\u00fdch kritick\u00fdch zranitelnosti (tvorba vlastn\u00edch &#8222;exploit&#8220; program\u016f, dump datab\u00e1ze, demonstrace [&hellip;]<\/p>\n","protected":false},"author":2,"featured_media":0,"parent":353,"menu_order":3,"comment_status":"closed","ping_status":"closed","template":"services_detail.php","meta":{"inline_featured_image":false,"_monsterinsights_skip_tracking":false,"_monsterinsights_sitenote_active":false,"_monsterinsights_sitenote_note":"","_monsterinsights_sitenote_category":0,"footnotes":""},"class_list":["post-371","page","type-page","status-publish","hentry"],"yoast_head":"<!-- This site is optimized with the Yoast SEO plugin v27.2 - https:\/\/yoast.com\/product\/yoast-seo-wordpress\/ -->\n<title>Detailn\u00ed bezpe\u010dnostn\u00ed audit - Nethemba<\/title>\n<meta name=\"robots\" content=\"index, follow, max-snippet:-1, max-image-preview:large, max-video-preview:-1\" \/>\n<link rel=\"canonical\" href=\"https:\/\/nethemba.com\/cs\/sluzby\/aplikacni-bezpecnost\/detailni-bezpecnostni-audit\/\" \/>\n<meta property=\"og:locale\" content=\"cs_CZ\" \/>\n<meta property=\"og:type\" content=\"article\" \/>\n<meta property=\"og:title\" content=\"Detailn\u00ed bezpe\u010dnostn\u00ed audit - Nethemba\" \/>\n<meta property=\"og:description\" content=\"C\u00edlem detailn\u00edho bezpe\u010dnostn\u00edho auditu webov\u00e9 aplikace a webov\u00e9ho serveru je co nejd\u016fkladn\u011bji a nejdetailn\u011bji otestovat webovou aplikaci a webov\u00fd server (v\u0161echny formul\u00e1\u0159e, v\u0161echny druhy zn\u00e1m\u00fdch zranitelnost\u00ed). Test je realizovan\u00fd striktn\u011b podle bezpe\u010dnostn\u00ed testovac\u00ed pr\u00edru\u010dky OWASP a je proto velmi podrobn\u00fd. Test obsahuje: praktickou &#8222;hackerskou&#8220; demonstraci nalezen\u00fdch kritick\u00fdch zranitelnosti (tvorba vlastn\u00edch &#8222;exploit&#8220; program\u016f, dump datab\u00e1ze, demonstrace [&hellip;]\" \/>\n<meta property=\"og:url\" content=\"https:\/\/nethemba.com\/cs\/sluzby\/aplikacni-bezpecnost\/detailni-bezpecnostni-audit\/\" \/>\n<meta property=\"og:site_name\" content=\"Nethemba\" \/>\n<meta property=\"article:publisher\" content=\"https:\/\/www.facebook.com\/nethemba\" \/>\n<meta property=\"article:modified_time\" content=\"2020-12-11T18:03:32+00:00\" \/>\n<meta name=\"twitter:card\" content=\"summary_large_image\" \/>\n<meta name=\"twitter:site\" content=\"@nethemba\" \/>\n<meta name=\"twitter:label1\" content=\"Odhadovan\u00e1 doba \u010dten\u00ed\" \/>\n\t<meta name=\"twitter:data1\" content=\"1 minuta\" \/>\n<script type=\"application\/ld+json\" class=\"yoast-schema-graph\">{\"@context\":\"https:\/\/schema.org\",\"@graph\":[{\"@type\":\"WebPage\",\"@id\":\"https:\/\/nethemba.com\/cs\/sluzby\/aplikacni-bezpecnost\/detailni-bezpecnostni-audit\/\",\"url\":\"https:\/\/nethemba.com\/cs\/sluzby\/aplikacni-bezpecnost\/detailni-bezpecnostni-audit\/\",\"name\":\"Detailn\u00ed bezpe\u010dnostn\u00ed audit - Nethemba\",\"isPartOf\":{\"@id\":\"https:\/\/nethemba.com\/de\/#website\"},\"datePublished\":\"2015-11-08T20:35:56+00:00\",\"dateModified\":\"2020-12-11T18:03:32+00:00\",\"breadcrumb\":{\"@id\":\"https:\/\/nethemba.com\/cs\/sluzby\/aplikacni-bezpecnost\/detailni-bezpecnostni-audit\/#breadcrumb\"},\"inLanguage\":\"cs\",\"potentialAction\":[{\"@type\":\"ReadAction\",\"target\":[\"https:\/\/nethemba.com\/cs\/sluzby\/aplikacni-bezpecnost\/detailni-bezpecnostni-audit\/\"]}]},{\"@type\":\"BreadcrumbList\",\"@id\":\"https:\/\/nethemba.com\/cs\/sluzby\/aplikacni-bezpecnost\/detailni-bezpecnostni-audit\/#breadcrumb\",\"itemListElement\":[{\"@type\":\"ListItem\",\"position\":1,\"name\":\"Home\",\"item\":\"https:\/\/nethemba.com\/cs\/home-new-2025\/\"},{\"@type\":\"ListItem\",\"position\":2,\"name\":\"Slu\u017eby\",\"item\":\"https:\/\/nethemba.com\/cs\/sluzby\/\"},{\"@type\":\"ListItem\",\"position\":3,\"name\":\"Aplika\u010dn\u00ed bezpe\u010dnost\",\"item\":\"https:\/\/nethemba.com\/cs\/sluzby\/aplikacni-bezpecnost\/\"},{\"@type\":\"ListItem\",\"position\":4,\"name\":\"Detailn\u00ed bezpe\u010dnostn\u00ed audit\"}]},{\"@type\":\"WebSite\",\"@id\":\"https:\/\/nethemba.com\/de\/#website\",\"url\":\"https:\/\/nethemba.com\/de\/\",\"name\":\"Nethemba\",\"description\":\"We care about your security\",\"potentialAction\":[{\"@type\":\"SearchAction\",\"target\":{\"@type\":\"EntryPoint\",\"urlTemplate\":\"https:\/\/nethemba.com\/de\/?s={search_term_string}\"},\"query-input\":{\"@type\":\"PropertyValueSpecification\",\"valueRequired\":true,\"valueName\":\"search_term_string\"}}],\"inLanguage\":\"cs\"}]}<\/script>\n<!-- \/ Yoast SEO plugin. -->","yoast_head_json":{"title":"Detailn\u00ed bezpe\u010dnostn\u00ed audit - Nethemba","robots":{"index":"index","follow":"follow","max-snippet":"max-snippet:-1","max-image-preview":"max-image-preview:large","max-video-preview":"max-video-preview:-1"},"canonical":"https:\/\/nethemba.com\/cs\/sluzby\/aplikacni-bezpecnost\/detailni-bezpecnostni-audit\/","og_locale":"cs_CZ","og_type":"article","og_title":"Detailn\u00ed bezpe\u010dnostn\u00ed audit - Nethemba","og_description":"C\u00edlem detailn\u00edho bezpe\u010dnostn\u00edho auditu webov\u00e9 aplikace a webov\u00e9ho serveru je co nejd\u016fkladn\u011bji a nejdetailn\u011bji otestovat webovou aplikaci a webov\u00fd server (v\u0161echny formul\u00e1\u0159e, v\u0161echny druhy zn\u00e1m\u00fdch zranitelnost\u00ed). Test je realizovan\u00fd striktn\u011b podle bezpe\u010dnostn\u00ed testovac\u00ed pr\u00edru\u010dky OWASP a je proto velmi podrobn\u00fd. Test obsahuje: praktickou &#8222;hackerskou&#8220; demonstraci nalezen\u00fdch kritick\u00fdch zranitelnosti (tvorba vlastn\u00edch &#8222;exploit&#8220; program\u016f, dump datab\u00e1ze, demonstrace [&hellip;]","og_url":"https:\/\/nethemba.com\/cs\/sluzby\/aplikacni-bezpecnost\/detailni-bezpecnostni-audit\/","og_site_name":"Nethemba","article_publisher":"https:\/\/www.facebook.com\/nethemba","article_modified_time":"2020-12-11T18:03:32+00:00","twitter_card":"summary_large_image","twitter_site":"@nethemba","twitter_misc":{"Odhadovan\u00e1 doba \u010dten\u00ed":"1 minuta"},"schema":{"@context":"https:\/\/schema.org","@graph":[{"@type":"WebPage","@id":"https:\/\/nethemba.com\/cs\/sluzby\/aplikacni-bezpecnost\/detailni-bezpecnostni-audit\/","url":"https:\/\/nethemba.com\/cs\/sluzby\/aplikacni-bezpecnost\/detailni-bezpecnostni-audit\/","name":"Detailn\u00ed bezpe\u010dnostn\u00ed audit - Nethemba","isPartOf":{"@id":"https:\/\/nethemba.com\/de\/#website"},"datePublished":"2015-11-08T20:35:56+00:00","dateModified":"2020-12-11T18:03:32+00:00","breadcrumb":{"@id":"https:\/\/nethemba.com\/cs\/sluzby\/aplikacni-bezpecnost\/detailni-bezpecnostni-audit\/#breadcrumb"},"inLanguage":"cs","potentialAction":[{"@type":"ReadAction","target":["https:\/\/nethemba.com\/cs\/sluzby\/aplikacni-bezpecnost\/detailni-bezpecnostni-audit\/"]}]},{"@type":"BreadcrumbList","@id":"https:\/\/nethemba.com\/cs\/sluzby\/aplikacni-bezpecnost\/detailni-bezpecnostni-audit\/#breadcrumb","itemListElement":[{"@type":"ListItem","position":1,"name":"Home","item":"https:\/\/nethemba.com\/cs\/home-new-2025\/"},{"@type":"ListItem","position":2,"name":"Slu\u017eby","item":"https:\/\/nethemba.com\/cs\/sluzby\/"},{"@type":"ListItem","position":3,"name":"Aplika\u010dn\u00ed bezpe\u010dnost","item":"https:\/\/nethemba.com\/cs\/sluzby\/aplikacni-bezpecnost\/"},{"@type":"ListItem","position":4,"name":"Detailn\u00ed bezpe\u010dnostn\u00ed audit"}]},{"@type":"WebSite","@id":"https:\/\/nethemba.com\/de\/#website","url":"https:\/\/nethemba.com\/de\/","name":"Nethemba","description":"We care about your security","potentialAction":[{"@type":"SearchAction","target":{"@type":"EntryPoint","urlTemplate":"https:\/\/nethemba.com\/de\/?s={search_term_string}"},"query-input":{"@type":"PropertyValueSpecification","valueRequired":true,"valueName":"search_term_string"}}],"inLanguage":"cs"}]}},"_links":{"self":[{"href":"https:\/\/nethemba.com\/cs\/wp-json\/wp\/v2\/pages\/371","targetHints":{"allow":["GET"]}}],"collection":[{"href":"https:\/\/nethemba.com\/cs\/wp-json\/wp\/v2\/pages"}],"about":[{"href":"https:\/\/nethemba.com\/cs\/wp-json\/wp\/v2\/types\/page"}],"author":[{"embeddable":true,"href":"https:\/\/nethemba.com\/cs\/wp-json\/wp\/v2\/users\/2"}],"replies":[{"embeddable":true,"href":"https:\/\/nethemba.com\/cs\/wp-json\/wp\/v2\/comments?post=371"}],"version-history":[{"count":0,"href":"https:\/\/nethemba.com\/cs\/wp-json\/wp\/v2\/pages\/371\/revisions"}],"up":[{"embeddable":true,"href":"https:\/\/nethemba.com\/cs\/wp-json\/wp\/v2\/pages\/353"}],"wp:attachment":[{"href":"https:\/\/nethemba.com\/cs\/wp-json\/wp\/v2\/media?parent=371"}],"curies":[{"name":"wp","href":"https:\/\/api.w.org\/{rel}","templated":true}]}}