{"id":383,"date":"2015-11-08T20:39:07","date_gmt":"2015-11-08T20:39:07","guid":{"rendered":"http:\/\/nethemba.com\/cs\/?page_id=383"},"modified":"2019-08-27T10:14:56","modified_gmt":"2019-08-27T09:14:56","slug":"sitova-a-systemova-bezpecnost","status":"publish","type":"page","link":"https:\/\/nethemba.com\/cs\/sluzby\/sitova-a-systemova-bezpecnost\/","title":{"rendered":"S\u00ed\u0165ov\u00e1 a syst\u00e9mov\u00e1 bezpe\u010dnost"},"content":{"rendered":"<p>Nab\u00edz\u00edme n\u00e1sleduj\u00edc\u00ed profesion\u00e1ln\u00ed bezpe\u010dnostn\u00ed audity a penetra\u010dn\u00ed testy:<\/p>\n<h4><\/h4>\n","protected":false},"excerpt":{"rendered":"<p>Nab\u00edz\u00edme n\u00e1sleduj\u00edc\u00ed profesion\u00e1ln\u00ed bezpe\u010dnostn\u00ed audity a penetra\u010dn\u00ed testy:<\/p>\n","protected":false},"author":2,"featured_media":0,"parent":311,"menu_order":0,"comment_status":"closed","ping_status":"closed","template":"subpage_parent.php","meta":{"inline_featured_image":false,"_monsterinsights_skip_tracking":false,"_monsterinsights_sitenote_active":false,"_monsterinsights_sitenote_note":"","_monsterinsights_sitenote_category":0,"footnotes":""},"class_list":["post-383","page","type-page","status-publish","hentry"],"yoast_head":"<!-- This site is optimized with the Yoast SEO plugin v27.5 - https:\/\/yoast.com\/product\/yoast-seo-wordpress\/ -->\n<title>S\u00ed\u0165ov\u00e1 a syst\u00e9mov\u00e1 bezpe\u010dnost - Nethemba - Bezpe\u010dnostn\u00ed audity<\/title>\n<meta name=\"description\" content=\"Nab\u00edz\u00edme profesion\u00e1ln\u00ed bezpe\u010dnostn\u00ed audity a penetra\u010dn\u00ed testy.\" \/>\n<meta name=\"robots\" content=\"index, follow, max-snippet:-1, max-image-preview:large, max-video-preview:-1\" \/>\n<link rel=\"canonical\" href=\"https:\/\/nethemba.com\/cs\/sluzby\/sitova-a-systemova-bezpecnost\/\" \/>\n<meta property=\"og:locale\" content=\"cs_CZ\" \/>\n<meta property=\"og:type\" content=\"article\" \/>\n<meta property=\"og:title\" content=\"S\u00ed\u0165ov\u00e1 a syst\u00e9mov\u00e1 bezpe\u010dnost - Nethemba - Bezpe\u010dnostn\u00ed audity\" \/>\n<meta property=\"og:description\" content=\"Nab\u00edz\u00edme profesion\u00e1ln\u00ed bezpe\u010dnostn\u00ed audity a penetra\u010dn\u00ed testy.\" \/>\n<meta property=\"og:url\" content=\"https:\/\/nethemba.com\/cs\/sluzby\/sitova-a-systemova-bezpecnost\/\" \/>\n<meta property=\"og:site_name\" content=\"Nethemba\" \/>\n<meta property=\"article:publisher\" content=\"https:\/\/www.facebook.com\/nethemba\" \/>\n<meta property=\"article:modified_time\" content=\"2019-08-27T09:14:56+00:00\" \/>\n<meta name=\"twitter:card\" content=\"summary_large_image\" \/>\n<meta name=\"twitter:site\" content=\"@nethemba\" \/>\n<script type=\"application\/ld+json\" class=\"yoast-schema-graph\">{\"@context\":\"https:\\\/\\\/schema.org\",\"@graph\":[{\"@type\":\"WebPage\",\"@id\":\"https:\\\/\\\/nethemba.com\\\/cs\\\/sluzby\\\/sitova-a-systemova-bezpecnost\\\/\",\"url\":\"https:\\\/\\\/nethemba.com\\\/cs\\\/sluzby\\\/sitova-a-systemova-bezpecnost\\\/\",\"name\":\"S\u00ed\u0165ov\u00e1 a syst\u00e9mov\u00e1 bezpe\u010dnost - Nethemba - Bezpe\u010dnostn\u00ed audity\",\"isPartOf\":{\"@id\":\"https:\\\/\\\/nethemba.com\\\/de\\\/#website\"},\"datePublished\":\"2015-11-08T20:39:07+00:00\",\"dateModified\":\"2019-08-27T09:14:56+00:00\",\"description\":\"Nab\u00edz\u00edme profesion\u00e1ln\u00ed bezpe\u010dnostn\u00ed audity a penetra\u010dn\u00ed testy.\",\"breadcrumb\":{\"@id\":\"https:\\\/\\\/nethemba.com\\\/cs\\\/sluzby\\\/sitova-a-systemova-bezpecnost\\\/#breadcrumb\"},\"inLanguage\":\"cs\",\"potentialAction\":[{\"@type\":\"ReadAction\",\"target\":[\"https:\\\/\\\/nethemba.com\\\/cs\\\/sluzby\\\/sitova-a-systemova-bezpecnost\\\/\"]}]},{\"@type\":\"BreadcrumbList\",\"@id\":\"https:\\\/\\\/nethemba.com\\\/cs\\\/sluzby\\\/sitova-a-systemova-bezpecnost\\\/#breadcrumb\",\"itemListElement\":[{\"@type\":\"ListItem\",\"position\":1,\"name\":\"Home\",\"item\":\"https:\\\/\\\/nethemba.com\\\/cs\\\/home-new-2025\\\/\"},{\"@type\":\"ListItem\",\"position\":2,\"name\":\"Slu\u017eby\",\"item\":\"https:\\\/\\\/nethemba.com\\\/cs\\\/sluzby\\\/\"},{\"@type\":\"ListItem\",\"position\":3,\"name\":\"S\u00ed\u0165ov\u00e1 a syst\u00e9mov\u00e1 bezpe\u010dnost\"}]},{\"@type\":\"WebSite\",\"@id\":\"https:\\\/\\\/nethemba.com\\\/de\\\/#website\",\"url\":\"https:\\\/\\\/nethemba.com\\\/de\\\/\",\"name\":\"Nethemba\",\"description\":\"We care about your security\",\"potentialAction\":[{\"@type\":\"SearchAction\",\"target\":{\"@type\":\"EntryPoint\",\"urlTemplate\":\"https:\\\/\\\/nethemba.com\\\/de\\\/?s={search_term_string}\"},\"query-input\":{\"@type\":\"PropertyValueSpecification\",\"valueRequired\":true,\"valueName\":\"search_term_string\"}}],\"inLanguage\":\"cs\"}]}<\/script>\n<!-- \/ Yoast SEO plugin. -->","yoast_head_json":{"title":"S\u00ed\u0165ov\u00e1 a syst\u00e9mov\u00e1 bezpe\u010dnost - Nethemba - Bezpe\u010dnostn\u00ed audity","description":"Nab\u00edz\u00edme profesion\u00e1ln\u00ed bezpe\u010dnostn\u00ed audity a penetra\u010dn\u00ed testy.","robots":{"index":"index","follow":"follow","max-snippet":"max-snippet:-1","max-image-preview":"max-image-preview:large","max-video-preview":"max-video-preview:-1"},"canonical":"https:\/\/nethemba.com\/cs\/sluzby\/sitova-a-systemova-bezpecnost\/","og_locale":"cs_CZ","og_type":"article","og_title":"S\u00ed\u0165ov\u00e1 a syst\u00e9mov\u00e1 bezpe\u010dnost - Nethemba - Bezpe\u010dnostn\u00ed audity","og_description":"Nab\u00edz\u00edme profesion\u00e1ln\u00ed bezpe\u010dnostn\u00ed audity a penetra\u010dn\u00ed testy.","og_url":"https:\/\/nethemba.com\/cs\/sluzby\/sitova-a-systemova-bezpecnost\/","og_site_name":"Nethemba","article_publisher":"https:\/\/www.facebook.com\/nethemba","article_modified_time":"2019-08-27T09:14:56+00:00","twitter_card":"summary_large_image","twitter_site":"@nethemba","schema":{"@context":"https:\/\/schema.org","@graph":[{"@type":"WebPage","@id":"https:\/\/nethemba.com\/cs\/sluzby\/sitova-a-systemova-bezpecnost\/","url":"https:\/\/nethemba.com\/cs\/sluzby\/sitova-a-systemova-bezpecnost\/","name":"S\u00ed\u0165ov\u00e1 a syst\u00e9mov\u00e1 bezpe\u010dnost - Nethemba - Bezpe\u010dnostn\u00ed audity","isPartOf":{"@id":"https:\/\/nethemba.com\/de\/#website"},"datePublished":"2015-11-08T20:39:07+00:00","dateModified":"2019-08-27T09:14:56+00:00","description":"Nab\u00edz\u00edme profesion\u00e1ln\u00ed bezpe\u010dnostn\u00ed audity a penetra\u010dn\u00ed testy.","breadcrumb":{"@id":"https:\/\/nethemba.com\/cs\/sluzby\/sitova-a-systemova-bezpecnost\/#breadcrumb"},"inLanguage":"cs","potentialAction":[{"@type":"ReadAction","target":["https:\/\/nethemba.com\/cs\/sluzby\/sitova-a-systemova-bezpecnost\/"]}]},{"@type":"BreadcrumbList","@id":"https:\/\/nethemba.com\/cs\/sluzby\/sitova-a-systemova-bezpecnost\/#breadcrumb","itemListElement":[{"@type":"ListItem","position":1,"name":"Home","item":"https:\/\/nethemba.com\/cs\/home-new-2025\/"},{"@type":"ListItem","position":2,"name":"Slu\u017eby","item":"https:\/\/nethemba.com\/cs\/sluzby\/"},{"@type":"ListItem","position":3,"name":"S\u00ed\u0165ov\u00e1 a syst\u00e9mov\u00e1 bezpe\u010dnost"}]},{"@type":"WebSite","@id":"https:\/\/nethemba.com\/de\/#website","url":"https:\/\/nethemba.com\/de\/","name":"Nethemba","description":"We care about your security","potentialAction":[{"@type":"SearchAction","target":{"@type":"EntryPoint","urlTemplate":"https:\/\/nethemba.com\/de\/?s={search_term_string}"},"query-input":{"@type":"PropertyValueSpecification","valueRequired":true,"valueName":"search_term_string"}}],"inLanguage":"cs"}]}},"_links":{"self":[{"href":"https:\/\/nethemba.com\/cs\/wp-json\/wp\/v2\/pages\/383","targetHints":{"allow":["GET"]}}],"collection":[{"href":"https:\/\/nethemba.com\/cs\/wp-json\/wp\/v2\/pages"}],"about":[{"href":"https:\/\/nethemba.com\/cs\/wp-json\/wp\/v2\/types\/page"}],"author":[{"embeddable":true,"href":"https:\/\/nethemba.com\/cs\/wp-json\/wp\/v2\/users\/2"}],"replies":[{"embeddable":true,"href":"https:\/\/nethemba.com\/cs\/wp-json\/wp\/v2\/comments?post=383"}],"version-history":[{"count":0,"href":"https:\/\/nethemba.com\/cs\/wp-json\/wp\/v2\/pages\/383\/revisions"}],"up":[{"embeddable":true,"href":"https:\/\/nethemba.com\/cs\/wp-json\/wp\/v2\/pages\/311"}],"wp:attachment":[{"href":"https:\/\/nethemba.com\/cs\/wp-json\/wp\/v2\/media?parent=383"}],"curies":[{"name":"wp","href":"https:\/\/api.w.org\/{rel}","templated":true}]}}