{"id":408,"date":"2015-11-08T20:47:25","date_gmt":"2015-11-08T20:47:25","guid":{"rendered":"http:\/\/nethemba.com\/cs\/?page_id=408"},"modified":"2019-08-27T10:39:40","modified_gmt":"2019-08-27T09:39:40","slug":"bezpecnostni-audit-sap-systemu","status":"publish","type":"page","link":"https:\/\/nethemba.com\/cs\/sluzby\/sitova-a-systemova-bezpecnost\/bezpecnostni-audit-sap-systemu\/","title":{"rendered":"Bezpe\u010dnostn\u00ed audit SAP syst\u00e9m\u016f"},"content":{"rendered":"<p>C\u00edlem bezpe\u010dnostn\u00edho auditu SAP syst\u00e9m\u016f a aplikac\u00ed je odhalit z\u00e1va\u017en\u00e9 bezpe\u010dnostn\u00ed zranitelnosti v aplikac\u00edch SAP ERP a p\u0159\u00edslu\u0161n\u00e9 datab\u00e1ze. Je mo\u017en\u00e9 ov\u011b\u0159it i zaji\u0161t\u011bn\u00ed J2EE \u010d\u00e1sti, SAP Web AS Portal p\u0159\u00edpadn\u011b modulu SAP PI.<\/p>\n<p><strong>Vlastnosti:<\/strong><\/p>\n<p>Testov\u00e1n\u00ed zahrnuje n\u011bkolik f\u00e1z\u00ed v\u010detn\u011b:<\/p>\n<ul>\n<li>detekce p\u0159ednastaven\u00fdch &#8222;default&#8220; syst\u00e9mov\u00fdch u\u017eivatel\u016f<\/li>\n<li>detekce st\u00e1vaj\u00edc\u00edch klient\u016f v jednotliv\u00fdch instanc\u00edch<\/li>\n<li>bezpe\u010dnostn\u00ed anal\u00fdza report\u016f, tabulek, specifick\u00fdch ABAP aplikac\u00ed, ABAP dump\u016f, joblog\u016f, spoolov\u00fdch po\u017eadavek, RFC \/ snc destinac\u00ed<\/li>\n<li>ov\u011b\u0159en\u00ed bezpe\u010dnosti p\u0159\u00edslu\u0161n\u00e9 datab\u00e1ze (Oracle, MSSQL a jin\u00fdch)<\/li>\n<li>audit profilu b\u011b\u017e\u00edc\u00ed instance<\/li>\n<li>bezpe\u010dnostn\u00ed anal\u00fdza transportn\u00edho syst\u00e9mu, u\u017eivatelsk\u00fdch opr\u00e1vn\u011bn\u00ed, rol\u00ed a profil\u016f<\/li>\n<\/ul>\n","protected":false},"excerpt":{"rendered":"<p>C\u00edlem bezpe\u010dnostn\u00edho auditu SAP syst\u00e9m\u016f a aplikac\u00ed je odhalit z\u00e1va\u017en\u00e9 bezpe\u010dnostn\u00ed zranitelnosti v aplikac\u00edch SAP ERP a p\u0159\u00edslu\u0161n\u00e9 datab\u00e1ze. Je mo\u017en\u00e9 ov\u011b\u0159it i zaji\u0161t\u011bn\u00ed J2EE \u010d\u00e1sti, SAP Web AS Portal p\u0159\u00edpadn\u011b modulu SAP PI. Vlastnosti: Testov\u00e1n\u00ed zahrnuje n\u011bkolik f\u00e1z\u00ed v\u010detn\u011b: detekce p\u0159ednastaven\u00fdch &#8222;default&#8220; syst\u00e9mov\u00fdch u\u017eivatel\u016f detekce st\u00e1vaj\u00edc\u00edch klient\u016f v jednotliv\u00fdch instanc\u00edch bezpe\u010dnostn\u00ed anal\u00fdza report\u016f, tabulek, [&hellip;]<\/p>\n","protected":false},"author":2,"featured_media":0,"parent":383,"menu_order":4,"comment_status":"closed","ping_status":"closed","template":"services_detail.php","meta":{"inline_featured_image":false,"_monsterinsights_skip_tracking":false,"_monsterinsights_sitenote_active":false,"_monsterinsights_sitenote_note":"","_monsterinsights_sitenote_category":0,"footnotes":""},"class_list":["post-408","page","type-page","status-publish","hentry"],"yoast_head":"<!-- This site is optimized with the Yoast SEO plugin v27.4 - https:\/\/yoast.com\/product\/yoast-seo-wordpress\/ -->\n<title>Bezpe\u010dnostn\u00ed audit SAP syst\u00e9m\u016f - Nethemba<\/title>\n<meta name=\"description\" content=\"Bezpe\u010dnostn\u00ed audit SAP odhaluje z\u00e1va\u017en\u00e9 bezpe\u010dnostn\u00ed zranitelnosti v aplikac\u00edch SAP ERP a p\u0159\u00edslu\u0161n\u00e9 datab\u00e1ze. Testov\u00e1n\u00ed zahrnuje n\u011bkolik f\u00e1z\u00ed.\" \/>\n<meta name=\"robots\" content=\"index, follow, max-snippet:-1, max-image-preview:large, max-video-preview:-1\" \/>\n<link rel=\"canonical\" href=\"https:\/\/nethemba.com\/cs\/sluzby\/sitova-a-systemova-bezpecnost\/bezpecnostni-audit-sap-systemu\/\" \/>\n<meta property=\"og:locale\" content=\"cs_CZ\" \/>\n<meta property=\"og:type\" content=\"article\" \/>\n<meta property=\"og:title\" content=\"Bezpe\u010dnostn\u00ed audit SAP syst\u00e9m\u016f - Nethemba\" \/>\n<meta property=\"og:description\" content=\"Bezpe\u010dnostn\u00ed audit SAP odhaluje z\u00e1va\u017en\u00e9 bezpe\u010dnostn\u00ed zranitelnosti v aplikac\u00edch SAP ERP a p\u0159\u00edslu\u0161n\u00e9 datab\u00e1ze. Testov\u00e1n\u00ed zahrnuje n\u011bkolik f\u00e1z\u00ed.\" \/>\n<meta property=\"og:url\" content=\"https:\/\/nethemba.com\/cs\/sluzby\/sitova-a-systemova-bezpecnost\/bezpecnostni-audit-sap-systemu\/\" \/>\n<meta property=\"og:site_name\" content=\"Nethemba\" \/>\n<meta property=\"article:publisher\" content=\"https:\/\/www.facebook.com\/nethemba\" \/>\n<meta property=\"article:modified_time\" content=\"2019-08-27T09:39:40+00:00\" \/>\n<meta name=\"twitter:card\" content=\"summary_large_image\" \/>\n<meta name=\"twitter:site\" content=\"@nethemba\" \/>\n<meta name=\"twitter:label1\" content=\"Odhadovan\u00e1 doba \u010dten\u00ed\" \/>\n\t<meta name=\"twitter:data1\" content=\"1 minuta\" \/>\n<script type=\"application\/ld+json\" class=\"yoast-schema-graph\">{\"@context\":\"https:\\\/\\\/schema.org\",\"@graph\":[{\"@type\":\"WebPage\",\"@id\":\"https:\\\/\\\/nethemba.com\\\/cs\\\/sluzby\\\/sitova-a-systemova-bezpecnost\\\/bezpecnostni-audit-sap-systemu\\\/\",\"url\":\"https:\\\/\\\/nethemba.com\\\/cs\\\/sluzby\\\/sitova-a-systemova-bezpecnost\\\/bezpecnostni-audit-sap-systemu\\\/\",\"name\":\"Bezpe\u010dnostn\u00ed audit SAP syst\u00e9m\u016f - Nethemba\",\"isPartOf\":{\"@id\":\"https:\\\/\\\/nethemba.com\\\/de\\\/#website\"},\"datePublished\":\"2015-11-08T20:47:25+00:00\",\"dateModified\":\"2019-08-27T09:39:40+00:00\",\"description\":\"Bezpe\u010dnostn\u00ed audit SAP odhaluje z\u00e1va\u017en\u00e9 bezpe\u010dnostn\u00ed zranitelnosti v aplikac\u00edch SAP ERP a p\u0159\u00edslu\u0161n\u00e9 datab\u00e1ze. Testov\u00e1n\u00ed zahrnuje n\u011bkolik f\u00e1z\u00ed.\",\"breadcrumb\":{\"@id\":\"https:\\\/\\\/nethemba.com\\\/cs\\\/sluzby\\\/sitova-a-systemova-bezpecnost\\\/bezpecnostni-audit-sap-systemu\\\/#breadcrumb\"},\"inLanguage\":\"cs\",\"potentialAction\":[{\"@type\":\"ReadAction\",\"target\":[\"https:\\\/\\\/nethemba.com\\\/cs\\\/sluzby\\\/sitova-a-systemova-bezpecnost\\\/bezpecnostni-audit-sap-systemu\\\/\"]}]},{\"@type\":\"BreadcrumbList\",\"@id\":\"https:\\\/\\\/nethemba.com\\\/cs\\\/sluzby\\\/sitova-a-systemova-bezpecnost\\\/bezpecnostni-audit-sap-systemu\\\/#breadcrumb\",\"itemListElement\":[{\"@type\":\"ListItem\",\"position\":1,\"name\":\"Home\",\"item\":\"https:\\\/\\\/nethemba.com\\\/cs\\\/home-new-2025\\\/\"},{\"@type\":\"ListItem\",\"position\":2,\"name\":\"Slu\u017eby\",\"item\":\"https:\\\/\\\/nethemba.com\\\/cs\\\/sluzby\\\/\"},{\"@type\":\"ListItem\",\"position\":3,\"name\":\"S\u00ed\u0165ov\u00e1 a syst\u00e9mov\u00e1 bezpe\u010dnost\",\"item\":\"https:\\\/\\\/nethemba.com\\\/cs\\\/sluzby\\\/sitova-a-systemova-bezpecnost\\\/\"},{\"@type\":\"ListItem\",\"position\":4,\"name\":\"Bezpe\u010dnostn\u00ed audit SAP syst\u00e9m\u016f\"}]},{\"@type\":\"WebSite\",\"@id\":\"https:\\\/\\\/nethemba.com\\\/de\\\/#website\",\"url\":\"https:\\\/\\\/nethemba.com\\\/de\\\/\",\"name\":\"Nethemba\",\"description\":\"We care about your security\",\"potentialAction\":[{\"@type\":\"SearchAction\",\"target\":{\"@type\":\"EntryPoint\",\"urlTemplate\":\"https:\\\/\\\/nethemba.com\\\/de\\\/?s={search_term_string}\"},\"query-input\":{\"@type\":\"PropertyValueSpecification\",\"valueRequired\":true,\"valueName\":\"search_term_string\"}}],\"inLanguage\":\"cs\"}]}<\/script>\n<!-- \/ Yoast SEO plugin. -->","yoast_head_json":{"title":"Bezpe\u010dnostn\u00ed audit SAP syst\u00e9m\u016f - Nethemba","description":"Bezpe\u010dnostn\u00ed audit SAP odhaluje z\u00e1va\u017en\u00e9 bezpe\u010dnostn\u00ed zranitelnosti v aplikac\u00edch SAP ERP a p\u0159\u00edslu\u0161n\u00e9 datab\u00e1ze. Testov\u00e1n\u00ed zahrnuje n\u011bkolik f\u00e1z\u00ed.","robots":{"index":"index","follow":"follow","max-snippet":"max-snippet:-1","max-image-preview":"max-image-preview:large","max-video-preview":"max-video-preview:-1"},"canonical":"https:\/\/nethemba.com\/cs\/sluzby\/sitova-a-systemova-bezpecnost\/bezpecnostni-audit-sap-systemu\/","og_locale":"cs_CZ","og_type":"article","og_title":"Bezpe\u010dnostn\u00ed audit SAP syst\u00e9m\u016f - Nethemba","og_description":"Bezpe\u010dnostn\u00ed audit SAP odhaluje z\u00e1va\u017en\u00e9 bezpe\u010dnostn\u00ed zranitelnosti v aplikac\u00edch SAP ERP a p\u0159\u00edslu\u0161n\u00e9 datab\u00e1ze. Testov\u00e1n\u00ed zahrnuje n\u011bkolik f\u00e1z\u00ed.","og_url":"https:\/\/nethemba.com\/cs\/sluzby\/sitova-a-systemova-bezpecnost\/bezpecnostni-audit-sap-systemu\/","og_site_name":"Nethemba","article_publisher":"https:\/\/www.facebook.com\/nethemba","article_modified_time":"2019-08-27T09:39:40+00:00","twitter_card":"summary_large_image","twitter_site":"@nethemba","twitter_misc":{"Odhadovan\u00e1 doba \u010dten\u00ed":"1 minuta"},"schema":{"@context":"https:\/\/schema.org","@graph":[{"@type":"WebPage","@id":"https:\/\/nethemba.com\/cs\/sluzby\/sitova-a-systemova-bezpecnost\/bezpecnostni-audit-sap-systemu\/","url":"https:\/\/nethemba.com\/cs\/sluzby\/sitova-a-systemova-bezpecnost\/bezpecnostni-audit-sap-systemu\/","name":"Bezpe\u010dnostn\u00ed audit SAP syst\u00e9m\u016f - Nethemba","isPartOf":{"@id":"https:\/\/nethemba.com\/de\/#website"},"datePublished":"2015-11-08T20:47:25+00:00","dateModified":"2019-08-27T09:39:40+00:00","description":"Bezpe\u010dnostn\u00ed audit SAP odhaluje z\u00e1va\u017en\u00e9 bezpe\u010dnostn\u00ed zranitelnosti v aplikac\u00edch SAP ERP a p\u0159\u00edslu\u0161n\u00e9 datab\u00e1ze. Testov\u00e1n\u00ed zahrnuje n\u011bkolik f\u00e1z\u00ed.","breadcrumb":{"@id":"https:\/\/nethemba.com\/cs\/sluzby\/sitova-a-systemova-bezpecnost\/bezpecnostni-audit-sap-systemu\/#breadcrumb"},"inLanguage":"cs","potentialAction":[{"@type":"ReadAction","target":["https:\/\/nethemba.com\/cs\/sluzby\/sitova-a-systemova-bezpecnost\/bezpecnostni-audit-sap-systemu\/"]}]},{"@type":"BreadcrumbList","@id":"https:\/\/nethemba.com\/cs\/sluzby\/sitova-a-systemova-bezpecnost\/bezpecnostni-audit-sap-systemu\/#breadcrumb","itemListElement":[{"@type":"ListItem","position":1,"name":"Home","item":"https:\/\/nethemba.com\/cs\/home-new-2025\/"},{"@type":"ListItem","position":2,"name":"Slu\u017eby","item":"https:\/\/nethemba.com\/cs\/sluzby\/"},{"@type":"ListItem","position":3,"name":"S\u00ed\u0165ov\u00e1 a syst\u00e9mov\u00e1 bezpe\u010dnost","item":"https:\/\/nethemba.com\/cs\/sluzby\/sitova-a-systemova-bezpecnost\/"},{"@type":"ListItem","position":4,"name":"Bezpe\u010dnostn\u00ed audit SAP syst\u00e9m\u016f"}]},{"@type":"WebSite","@id":"https:\/\/nethemba.com\/de\/#website","url":"https:\/\/nethemba.com\/de\/","name":"Nethemba","description":"We care about your security","potentialAction":[{"@type":"SearchAction","target":{"@type":"EntryPoint","urlTemplate":"https:\/\/nethemba.com\/de\/?s={search_term_string}"},"query-input":{"@type":"PropertyValueSpecification","valueRequired":true,"valueName":"search_term_string"}}],"inLanguage":"cs"}]}},"_links":{"self":[{"href":"https:\/\/nethemba.com\/cs\/wp-json\/wp\/v2\/pages\/408","targetHints":{"allow":["GET"]}}],"collection":[{"href":"https:\/\/nethemba.com\/cs\/wp-json\/wp\/v2\/pages"}],"about":[{"href":"https:\/\/nethemba.com\/cs\/wp-json\/wp\/v2\/types\/page"}],"author":[{"embeddable":true,"href":"https:\/\/nethemba.com\/cs\/wp-json\/wp\/v2\/users\/2"}],"replies":[{"embeddable":true,"href":"https:\/\/nethemba.com\/cs\/wp-json\/wp\/v2\/comments?post=408"}],"version-history":[{"count":0,"href":"https:\/\/nethemba.com\/cs\/wp-json\/wp\/v2\/pages\/408\/revisions"}],"up":[{"embeddable":true,"href":"https:\/\/nethemba.com\/cs\/wp-json\/wp\/v2\/pages\/383"}],"wp:attachment":[{"href":"https:\/\/nethemba.com\/cs\/wp-json\/wp\/v2\/media?parent=408"}],"curies":[{"name":"wp","href":"https:\/\/api.w.org\/{rel}","templated":true}]}}