{"id":414,"date":"2015-11-08T20:49:47","date_gmt":"2015-11-08T20:49:47","guid":{"rendered":"http:\/\/nethemba.com\/cs\/?page_id=414"},"modified":"2019-08-27T10:42:50","modified_gmt":"2019-08-27T09:42:50","slug":"bezpecnostni-audit-cipovych-karet","status":"publish","type":"page","link":"https:\/\/nethemba.com\/cs\/sluzby\/sitova-a-systemova-bezpecnost\/bezpecnostni-audit-cipovych-karet\/","title":{"rendered":"Bezpe\u010dnostn\u00ed audit \u010dipov\u00fdch karet"},"content":{"rendered":"<p lang=\"cs-CZ\">C\u00edlem bezpe\u010dnostn\u00edho auditu \u010dipov\u00fdch karet je odhalit jak bezpe\u010dnostn\u00ed zranitelnosti na fyzick\u00e9 vrstv\u011b \u010dipov\u00fdch karet (at u\u017e kontaktn\u00edch nebo bezkontaktn\u00edch), tak v aplika\u010dn\u00ed vrstv\u011b a softwaru obsluhuj\u00edc\u00edho \u010dte\u010dky a p\u0159\u00edstupov\u00e9 termin\u00e1ly.<\/p>\n<p><strong><span lang=\"cs-CZ\">Vlastnosti:<\/span><\/strong><\/p>\n<ul>\n<li><span lang=\"cs-CZ\">analyzujeme v\u0161echny <\/span><a href=\"http:\/\/en.wikipedia.org\/wiki\/ISO_15693\">ISO 15693<\/a><span lang=\"cs-CZ\">, <\/span><a href=\"http:\/\/en.wikipedia.org\/wiki\/ISO\/IEC_14443\">ISO\/IEC 14443<\/a><span lang=\"cs-CZ\"> \u010dipov\u00e9 karty, speci\u00e1ln\u00ed d\u016fraz klademe na karty <\/span><a href=\"http:\/\/en.wikipedia.org\/wiki\/Mifare\">Mifare<\/a><span lang=\"cs-CZ\"> a <\/span><a href=\"http:\/\/en.wikipedia.org\/wiki\/HID_Global\">HID_Global<\/a><\/li>\n<li>anal\u00fdza fyzick\u00e9 vrstvy\u00a0(tj nap\u0159\u00edklad, zda dan\u00e1 karta pou\u017e\u00edv\u00e1 bezpe\u010dn\u00e9 autentiza\u010dn\u00ed protokoly a bezpe\u010dn\u00e9 ulo\u017ei\u0161t\u011b dat)<\/li>\n<li>anal\u00fdza aplika\u010dn\u00ed vrstvy (nap\u0159\u00edklad zda aplikace pou\u017e\u00edv\u00e1 bezpe\u010dnou tvorbu hash\u016f, digit\u00e1ln\u00edch podpis\u016f, bezpe\u010dn\u00e9 \u0161ifrovac\u00ed algoritmy a sou\u010dasn\u011b zda je bezpe\u010dn\u011b aplikuje na priv\u00e1tn\u00ed data u\u017eivatel\u016f)<\/li>\n<li>anal\u00fdza cel\u00e9 architektury \u0159e\u0161en\u00ed (nap\u0159\u00edklad, kter\u00e9 informace mohou b\u00fdt offline ulo\u017een\u00e9 na kart\u011b a kter\u00e9 nikoliv)<\/li>\n<\/ul>\n","protected":false},"excerpt":{"rendered":"<p>C\u00edlem bezpe\u010dnostn\u00edho auditu \u010dipov\u00fdch karet je odhalit jak bezpe\u010dnostn\u00ed zranitelnosti na fyzick\u00e9 vrstv\u011b \u010dipov\u00fdch karet (at u\u017e kontaktn\u00edch nebo bezkontaktn\u00edch), tak v aplika\u010dn\u00ed vrstv\u011b a softwaru obsluhuj\u00edc\u00edho \u010dte\u010dky a p\u0159\u00edstupov\u00e9 termin\u00e1ly. Vlastnosti: analyzujeme v\u0161echny ISO 15693, ISO\/IEC 14443 \u010dipov\u00e9 karty, speci\u00e1ln\u00ed d\u016fraz klademe na karty Mifare a HID_Global anal\u00fdza fyzick\u00e9 vrstvy\u00a0(tj nap\u0159\u00edklad, zda dan\u00e1 karta [&hellip;]<\/p>\n","protected":false},"author":2,"featured_media":0,"parent":383,"menu_order":5,"comment_status":"closed","ping_status":"closed","template":"services_detail.php","meta":{"inline_featured_image":false,"_monsterinsights_skip_tracking":false,"_monsterinsights_sitenote_active":false,"_monsterinsights_sitenote_note":"","_monsterinsights_sitenote_category":0,"footnotes":""},"class_list":["post-414","page","type-page","status-publish","hentry"],"yoast_head":"<!-- This site is optimized with the Yoast SEO plugin v27.4 - https:\/\/yoast.com\/product\/yoast-seo-wordpress\/ -->\n<title>Bezpe\u010dnostn\u00ed audit \u010dipov\u00fdch karet - Nethemba<\/title>\n<meta name=\"description\" content=\"C\u00edlem bezpe\u010dnostn\u00edho auditu \u010dipov\u00fdch karet je odhalit jak bezpe\u010dnostn\u00ed zranitelnosti na fyzick\u00e9 a aplika\u010dn\u00ed vrstv\u011b a softwaru.\" \/>\n<meta name=\"robots\" content=\"index, follow, max-snippet:-1, max-image-preview:large, max-video-preview:-1\" \/>\n<link rel=\"canonical\" href=\"https:\/\/nethemba.com\/cs\/sluzby\/sitova-a-systemova-bezpecnost\/bezpecnostni-audit-cipovych-karet\/\" \/>\n<meta property=\"og:locale\" content=\"cs_CZ\" \/>\n<meta property=\"og:type\" content=\"article\" \/>\n<meta property=\"og:title\" content=\"Bezpe\u010dnostn\u00ed audit \u010dipov\u00fdch karet - Nethemba\" \/>\n<meta property=\"og:description\" content=\"C\u00edlem bezpe\u010dnostn\u00edho auditu \u010dipov\u00fdch karet je odhalit jak bezpe\u010dnostn\u00ed zranitelnosti na fyzick\u00e9 a aplika\u010dn\u00ed vrstv\u011b a softwaru.\" \/>\n<meta property=\"og:url\" content=\"https:\/\/nethemba.com\/cs\/sluzby\/sitova-a-systemova-bezpecnost\/bezpecnostni-audit-cipovych-karet\/\" \/>\n<meta property=\"og:site_name\" content=\"Nethemba\" \/>\n<meta property=\"article:publisher\" content=\"https:\/\/www.facebook.com\/nethemba\" \/>\n<meta property=\"article:modified_time\" content=\"2019-08-27T09:42:50+00:00\" \/>\n<meta name=\"twitter:card\" content=\"summary_large_image\" \/>\n<meta name=\"twitter:site\" content=\"@nethemba\" \/>\n<meta name=\"twitter:label1\" content=\"Odhadovan\u00e1 doba \u010dten\u00ed\" \/>\n\t<meta name=\"twitter:data1\" content=\"1 minuta\" \/>\n<script type=\"application\/ld+json\" class=\"yoast-schema-graph\">{\"@context\":\"https:\\\/\\\/schema.org\",\"@graph\":[{\"@type\":\"WebPage\",\"@id\":\"https:\\\/\\\/nethemba.com\\\/cs\\\/sluzby\\\/sitova-a-systemova-bezpecnost\\\/bezpecnostni-audit-cipovych-karet\\\/\",\"url\":\"https:\\\/\\\/nethemba.com\\\/cs\\\/sluzby\\\/sitova-a-systemova-bezpecnost\\\/bezpecnostni-audit-cipovych-karet\\\/\",\"name\":\"Bezpe\u010dnostn\u00ed audit \u010dipov\u00fdch karet - Nethemba\",\"isPartOf\":{\"@id\":\"https:\\\/\\\/nethemba.com\\\/de\\\/#website\"},\"datePublished\":\"2015-11-08T20:49:47+00:00\",\"dateModified\":\"2019-08-27T09:42:50+00:00\",\"description\":\"C\u00edlem bezpe\u010dnostn\u00edho auditu \u010dipov\u00fdch karet je odhalit jak bezpe\u010dnostn\u00ed zranitelnosti na fyzick\u00e9 a aplika\u010dn\u00ed vrstv\u011b a softwaru.\",\"breadcrumb\":{\"@id\":\"https:\\\/\\\/nethemba.com\\\/cs\\\/sluzby\\\/sitova-a-systemova-bezpecnost\\\/bezpecnostni-audit-cipovych-karet\\\/#breadcrumb\"},\"inLanguage\":\"cs\",\"potentialAction\":[{\"@type\":\"ReadAction\",\"target\":[\"https:\\\/\\\/nethemba.com\\\/cs\\\/sluzby\\\/sitova-a-systemova-bezpecnost\\\/bezpecnostni-audit-cipovych-karet\\\/\"]}]},{\"@type\":\"BreadcrumbList\",\"@id\":\"https:\\\/\\\/nethemba.com\\\/cs\\\/sluzby\\\/sitova-a-systemova-bezpecnost\\\/bezpecnostni-audit-cipovych-karet\\\/#breadcrumb\",\"itemListElement\":[{\"@type\":\"ListItem\",\"position\":1,\"name\":\"Home\",\"item\":\"https:\\\/\\\/nethemba.com\\\/cs\\\/home-new-2025\\\/\"},{\"@type\":\"ListItem\",\"position\":2,\"name\":\"Slu\u017eby\",\"item\":\"https:\\\/\\\/nethemba.com\\\/cs\\\/sluzby\\\/\"},{\"@type\":\"ListItem\",\"position\":3,\"name\":\"S\u00ed\u0165ov\u00e1 a syst\u00e9mov\u00e1 bezpe\u010dnost\",\"item\":\"https:\\\/\\\/nethemba.com\\\/cs\\\/sluzby\\\/sitova-a-systemova-bezpecnost\\\/\"},{\"@type\":\"ListItem\",\"position\":4,\"name\":\"Bezpe\u010dnostn\u00ed audit \u010dipov\u00fdch karet\"}]},{\"@type\":\"WebSite\",\"@id\":\"https:\\\/\\\/nethemba.com\\\/de\\\/#website\",\"url\":\"https:\\\/\\\/nethemba.com\\\/de\\\/\",\"name\":\"Nethemba\",\"description\":\"We care about your security\",\"potentialAction\":[{\"@type\":\"SearchAction\",\"target\":{\"@type\":\"EntryPoint\",\"urlTemplate\":\"https:\\\/\\\/nethemba.com\\\/de\\\/?s={search_term_string}\"},\"query-input\":{\"@type\":\"PropertyValueSpecification\",\"valueRequired\":true,\"valueName\":\"search_term_string\"}}],\"inLanguage\":\"cs\"}]}<\/script>\n<!-- \/ Yoast SEO plugin. -->","yoast_head_json":{"title":"Bezpe\u010dnostn\u00ed audit \u010dipov\u00fdch karet - Nethemba","description":"C\u00edlem bezpe\u010dnostn\u00edho auditu \u010dipov\u00fdch karet je odhalit jak bezpe\u010dnostn\u00ed zranitelnosti na fyzick\u00e9 a aplika\u010dn\u00ed vrstv\u011b a softwaru.","robots":{"index":"index","follow":"follow","max-snippet":"max-snippet:-1","max-image-preview":"max-image-preview:large","max-video-preview":"max-video-preview:-1"},"canonical":"https:\/\/nethemba.com\/cs\/sluzby\/sitova-a-systemova-bezpecnost\/bezpecnostni-audit-cipovych-karet\/","og_locale":"cs_CZ","og_type":"article","og_title":"Bezpe\u010dnostn\u00ed audit \u010dipov\u00fdch karet - Nethemba","og_description":"C\u00edlem bezpe\u010dnostn\u00edho auditu \u010dipov\u00fdch karet je odhalit jak bezpe\u010dnostn\u00ed zranitelnosti na fyzick\u00e9 a aplika\u010dn\u00ed vrstv\u011b a softwaru.","og_url":"https:\/\/nethemba.com\/cs\/sluzby\/sitova-a-systemova-bezpecnost\/bezpecnostni-audit-cipovych-karet\/","og_site_name":"Nethemba","article_publisher":"https:\/\/www.facebook.com\/nethemba","article_modified_time":"2019-08-27T09:42:50+00:00","twitter_card":"summary_large_image","twitter_site":"@nethemba","twitter_misc":{"Odhadovan\u00e1 doba \u010dten\u00ed":"1 minuta"},"schema":{"@context":"https:\/\/schema.org","@graph":[{"@type":"WebPage","@id":"https:\/\/nethemba.com\/cs\/sluzby\/sitova-a-systemova-bezpecnost\/bezpecnostni-audit-cipovych-karet\/","url":"https:\/\/nethemba.com\/cs\/sluzby\/sitova-a-systemova-bezpecnost\/bezpecnostni-audit-cipovych-karet\/","name":"Bezpe\u010dnostn\u00ed audit \u010dipov\u00fdch karet - Nethemba","isPartOf":{"@id":"https:\/\/nethemba.com\/de\/#website"},"datePublished":"2015-11-08T20:49:47+00:00","dateModified":"2019-08-27T09:42:50+00:00","description":"C\u00edlem bezpe\u010dnostn\u00edho auditu \u010dipov\u00fdch karet je odhalit jak bezpe\u010dnostn\u00ed zranitelnosti na fyzick\u00e9 a aplika\u010dn\u00ed vrstv\u011b a softwaru.","breadcrumb":{"@id":"https:\/\/nethemba.com\/cs\/sluzby\/sitova-a-systemova-bezpecnost\/bezpecnostni-audit-cipovych-karet\/#breadcrumb"},"inLanguage":"cs","potentialAction":[{"@type":"ReadAction","target":["https:\/\/nethemba.com\/cs\/sluzby\/sitova-a-systemova-bezpecnost\/bezpecnostni-audit-cipovych-karet\/"]}]},{"@type":"BreadcrumbList","@id":"https:\/\/nethemba.com\/cs\/sluzby\/sitova-a-systemova-bezpecnost\/bezpecnostni-audit-cipovych-karet\/#breadcrumb","itemListElement":[{"@type":"ListItem","position":1,"name":"Home","item":"https:\/\/nethemba.com\/cs\/home-new-2025\/"},{"@type":"ListItem","position":2,"name":"Slu\u017eby","item":"https:\/\/nethemba.com\/cs\/sluzby\/"},{"@type":"ListItem","position":3,"name":"S\u00ed\u0165ov\u00e1 a syst\u00e9mov\u00e1 bezpe\u010dnost","item":"https:\/\/nethemba.com\/cs\/sluzby\/sitova-a-systemova-bezpecnost\/"},{"@type":"ListItem","position":4,"name":"Bezpe\u010dnostn\u00ed audit \u010dipov\u00fdch karet"}]},{"@type":"WebSite","@id":"https:\/\/nethemba.com\/de\/#website","url":"https:\/\/nethemba.com\/de\/","name":"Nethemba","description":"We care about your security","potentialAction":[{"@type":"SearchAction","target":{"@type":"EntryPoint","urlTemplate":"https:\/\/nethemba.com\/de\/?s={search_term_string}"},"query-input":{"@type":"PropertyValueSpecification","valueRequired":true,"valueName":"search_term_string"}}],"inLanguage":"cs"}]}},"_links":{"self":[{"href":"https:\/\/nethemba.com\/cs\/wp-json\/wp\/v2\/pages\/414","targetHints":{"allow":["GET"]}}],"collection":[{"href":"https:\/\/nethemba.com\/cs\/wp-json\/wp\/v2\/pages"}],"about":[{"href":"https:\/\/nethemba.com\/cs\/wp-json\/wp\/v2\/types\/page"}],"author":[{"embeddable":true,"href":"https:\/\/nethemba.com\/cs\/wp-json\/wp\/v2\/users\/2"}],"replies":[{"embeddable":true,"href":"https:\/\/nethemba.com\/cs\/wp-json\/wp\/v2\/comments?post=414"}],"version-history":[{"count":0,"href":"https:\/\/nethemba.com\/cs\/wp-json\/wp\/v2\/pages\/414\/revisions"}],"up":[{"embeddable":true,"href":"https:\/\/nethemba.com\/cs\/wp-json\/wp\/v2\/pages\/383"}],"wp:attachment":[{"href":"https:\/\/nethemba.com\/cs\/wp-json\/wp\/v2\/media?parent=414"}],"curies":[{"name":"wp","href":"https:\/\/api.w.org\/{rel}","templated":true}]}}