{"id":420,"date":"2015-11-08T20:51:14","date_gmt":"2015-11-08T20:51:14","guid":{"rendered":"http:\/\/nethemba.com\/cs\/?page_id=420"},"modified":"2019-08-27T10:46:39","modified_gmt":"2019-08-27T09:46:39","slug":"bezpecnostni-audit-bezdratove-site","status":"publish","type":"page","link":"https:\/\/nethemba.com\/cs\/sluzby\/sitova-a-systemova-bezpecnost\/bezpecnostni-audit-bezdratove-site\/","title":{"rendered":"Bezpe\u010dnostn\u00ed audit bezdr\u00e1tov\u00e9 s\u00edt\u011b"},"content":{"rendered":"<p>C\u00edlem bezpe\u010dnostn\u00edho auditu bezdr\u00e1tov\u00e9 &#8222;wifi&#8220; s\u00edt\u011b je analyzovat celkovou bezpe\u010dnost bezdr\u00e1tov\u00fdch s\u00edt\u00ed z\u00e1kazn\u00edka.<\/p>\n<p><strong>Test obsahuje:<\/strong><\/p>\n<ul>\n<li><a href=\"http:\/\/en.wikipedia.org\/wiki\/Warwalking\">&#8222;warwalking&#8220;<\/a> f\u00e1zi<\/li>\n<li>anal\u00fdzu a vykon\u00e1ni pasivn\u00edch a aktivn\u00edch \u00fatok\u016f<\/li>\n<li>simulaci <a href=\"http:\/\/en.wikipedia.org\/wiki\/DOS_attack\">DOS \u00fatok\u016f<\/a><\/li>\n<li>anal\u00fdzu pou\u017eit\u00fdch \u0161ifrovac\u00edch a autentiza\u010dn\u00edch protokol\u016f<\/li>\n<li>anal\u00fdzu nevhodn\u00e9 a nezabezpe\u010den\u00e9 konfigurace &#8222;wifi&#8220;\u00a0AP i koncov\u00fdch klient\u016f<\/li>\n<\/ul>\n","protected":false},"excerpt":{"rendered":"<p>C\u00edlem bezpe\u010dnostn\u00edho auditu bezdr\u00e1tov\u00e9 &#8222;wifi&#8220; s\u00edt\u011b je analyzovat celkovou bezpe\u010dnost bezdr\u00e1tov\u00fdch s\u00edt\u00ed z\u00e1kazn\u00edka. Test obsahuje: &#8222;warwalking&#8220; f\u00e1zi anal\u00fdzu a vykon\u00e1ni pasivn\u00edch a aktivn\u00edch \u00fatok\u016f simulaci DOS \u00fatok\u016f anal\u00fdzu pou\u017eit\u00fdch \u0161ifrovac\u00edch a autentiza\u010dn\u00edch protokol\u016f anal\u00fdzu nevhodn\u00e9 a nezabezpe\u010den\u00e9 konfigurace &#8222;wifi&#8220;\u00a0AP i koncov\u00fdch klient\u016f<\/p>\n","protected":false},"author":2,"featured_media":0,"parent":383,"menu_order":6,"comment_status":"closed","ping_status":"closed","template":"services_detail.php","meta":{"inline_featured_image":false,"_monsterinsights_skip_tracking":false,"_monsterinsights_sitenote_active":false,"_monsterinsights_sitenote_note":"","_monsterinsights_sitenote_category":0,"footnotes":""},"class_list":["post-420","page","type-page","status-publish","hentry"],"yoast_head":"<!-- This site is optimized with the Yoast SEO plugin v27.3 - https:\/\/yoast.com\/product\/yoast-seo-wordpress\/ -->\n<title>Bezpe\u010dnostn\u00ed audit bezdr\u00e1tov\u00e9 s\u00edt\u011b - Nethemba<\/title>\n<meta name=\"description\" content=\"C\u00edlem bezpe\u010dnostn\u00edho auditu bezdr\u00e1tov\u00e9 wifi s\u00edt\u011b je analyzovat celkovou bezpe\u010dnost bezdr\u00e1tov\u00fdch s\u00edt\u00ed z\u00e1kazn\u00edka.\" \/>\n<meta name=\"robots\" content=\"index, follow, max-snippet:-1, max-image-preview:large, max-video-preview:-1\" \/>\n<link rel=\"canonical\" href=\"https:\/\/nethemba.com\/cs\/sluzby\/sitova-a-systemova-bezpecnost\/bezpecnostni-audit-bezdratove-site\/\" \/>\n<meta property=\"og:locale\" content=\"cs_CZ\" \/>\n<meta property=\"og:type\" content=\"article\" \/>\n<meta property=\"og:title\" content=\"Bezpe\u010dnostn\u00ed audit bezdr\u00e1tov\u00e9 s\u00edt\u011b - Nethemba\" \/>\n<meta property=\"og:description\" content=\"C\u00edlem bezpe\u010dnostn\u00edho auditu bezdr\u00e1tov\u00e9 wifi s\u00edt\u011b je analyzovat celkovou bezpe\u010dnost bezdr\u00e1tov\u00fdch s\u00edt\u00ed z\u00e1kazn\u00edka.\" \/>\n<meta property=\"og:url\" content=\"https:\/\/nethemba.com\/cs\/sluzby\/sitova-a-systemova-bezpecnost\/bezpecnostni-audit-bezdratove-site\/\" \/>\n<meta property=\"og:site_name\" content=\"Nethemba\" \/>\n<meta property=\"article:publisher\" content=\"https:\/\/www.facebook.com\/nethemba\" \/>\n<meta property=\"article:modified_time\" content=\"2019-08-27T09:46:39+00:00\" \/>\n<meta name=\"twitter:card\" content=\"summary_large_image\" \/>\n<meta name=\"twitter:site\" content=\"@nethemba\" \/>\n<script type=\"application\/ld+json\" class=\"yoast-schema-graph\">{\"@context\":\"https:\\\/\\\/schema.org\",\"@graph\":[{\"@type\":\"WebPage\",\"@id\":\"https:\\\/\\\/nethemba.com\\\/cs\\\/sluzby\\\/sitova-a-systemova-bezpecnost\\\/bezpecnostni-audit-bezdratove-site\\\/\",\"url\":\"https:\\\/\\\/nethemba.com\\\/cs\\\/sluzby\\\/sitova-a-systemova-bezpecnost\\\/bezpecnostni-audit-bezdratove-site\\\/\",\"name\":\"Bezpe\u010dnostn\u00ed audit bezdr\u00e1tov\u00e9 s\u00edt\u011b - Nethemba\",\"isPartOf\":{\"@id\":\"https:\\\/\\\/nethemba.com\\\/de\\\/#website\"},\"datePublished\":\"2015-11-08T20:51:14+00:00\",\"dateModified\":\"2019-08-27T09:46:39+00:00\",\"description\":\"C\u00edlem bezpe\u010dnostn\u00edho auditu bezdr\u00e1tov\u00e9 wifi s\u00edt\u011b je analyzovat celkovou bezpe\u010dnost bezdr\u00e1tov\u00fdch s\u00edt\u00ed z\u00e1kazn\u00edka.\",\"breadcrumb\":{\"@id\":\"https:\\\/\\\/nethemba.com\\\/cs\\\/sluzby\\\/sitova-a-systemova-bezpecnost\\\/bezpecnostni-audit-bezdratove-site\\\/#breadcrumb\"},\"inLanguage\":\"cs\",\"potentialAction\":[{\"@type\":\"ReadAction\",\"target\":[\"https:\\\/\\\/nethemba.com\\\/cs\\\/sluzby\\\/sitova-a-systemova-bezpecnost\\\/bezpecnostni-audit-bezdratove-site\\\/\"]}]},{\"@type\":\"BreadcrumbList\",\"@id\":\"https:\\\/\\\/nethemba.com\\\/cs\\\/sluzby\\\/sitova-a-systemova-bezpecnost\\\/bezpecnostni-audit-bezdratove-site\\\/#breadcrumb\",\"itemListElement\":[{\"@type\":\"ListItem\",\"position\":1,\"name\":\"Home\",\"item\":\"https:\\\/\\\/nethemba.com\\\/cs\\\/home-new-2025\\\/\"},{\"@type\":\"ListItem\",\"position\":2,\"name\":\"Slu\u017eby\",\"item\":\"https:\\\/\\\/nethemba.com\\\/cs\\\/sluzby\\\/\"},{\"@type\":\"ListItem\",\"position\":3,\"name\":\"S\u00ed\u0165ov\u00e1 a syst\u00e9mov\u00e1 bezpe\u010dnost\",\"item\":\"https:\\\/\\\/nethemba.com\\\/cs\\\/sluzby\\\/sitova-a-systemova-bezpecnost\\\/\"},{\"@type\":\"ListItem\",\"position\":4,\"name\":\"S\u00ed\u0165ov\u00e1 a syst\u00e9mov\u00e1 bezpe\u010dnost\",\"item\":\"https:\\\/\\\/nethemba.com\\\/sluzby\\\/sitova-a-systemova-bezpecnost\\\/\"},{\"@type\":\"ListItem\",\"position\":5,\"name\":\"Bezpe\u010dnostn\u00ed audit bezdr\u00e1tov\u00e9 s\u00edt\u011b\"}]},{\"@type\":\"WebSite\",\"@id\":\"https:\\\/\\\/nethemba.com\\\/de\\\/#website\",\"url\":\"https:\\\/\\\/nethemba.com\\\/de\\\/\",\"name\":\"Nethemba\",\"description\":\"We care about your security\",\"potentialAction\":[{\"@type\":\"SearchAction\",\"target\":{\"@type\":\"EntryPoint\",\"urlTemplate\":\"https:\\\/\\\/nethemba.com\\\/de\\\/?s={search_term_string}\"},\"query-input\":{\"@type\":\"PropertyValueSpecification\",\"valueRequired\":true,\"valueName\":\"search_term_string\"}}],\"inLanguage\":\"cs\"}]}<\/script>\n<!-- \/ Yoast SEO plugin. -->","yoast_head_json":{"title":"Bezpe\u010dnostn\u00ed audit bezdr\u00e1tov\u00e9 s\u00edt\u011b - Nethemba","description":"C\u00edlem bezpe\u010dnostn\u00edho auditu bezdr\u00e1tov\u00e9 wifi s\u00edt\u011b je analyzovat celkovou bezpe\u010dnost bezdr\u00e1tov\u00fdch s\u00edt\u00ed z\u00e1kazn\u00edka.","robots":{"index":"index","follow":"follow","max-snippet":"max-snippet:-1","max-image-preview":"max-image-preview:large","max-video-preview":"max-video-preview:-1"},"canonical":"https:\/\/nethemba.com\/cs\/sluzby\/sitova-a-systemova-bezpecnost\/bezpecnostni-audit-bezdratove-site\/","og_locale":"cs_CZ","og_type":"article","og_title":"Bezpe\u010dnostn\u00ed audit bezdr\u00e1tov\u00e9 s\u00edt\u011b - Nethemba","og_description":"C\u00edlem bezpe\u010dnostn\u00edho auditu bezdr\u00e1tov\u00e9 wifi s\u00edt\u011b je analyzovat celkovou bezpe\u010dnost bezdr\u00e1tov\u00fdch s\u00edt\u00ed z\u00e1kazn\u00edka.","og_url":"https:\/\/nethemba.com\/cs\/sluzby\/sitova-a-systemova-bezpecnost\/bezpecnostni-audit-bezdratove-site\/","og_site_name":"Nethemba","article_publisher":"https:\/\/www.facebook.com\/nethemba","article_modified_time":"2019-08-27T09:46:39+00:00","twitter_card":"summary_large_image","twitter_site":"@nethemba","schema":{"@context":"https:\/\/schema.org","@graph":[{"@type":"WebPage","@id":"https:\/\/nethemba.com\/cs\/sluzby\/sitova-a-systemova-bezpecnost\/bezpecnostni-audit-bezdratove-site\/","url":"https:\/\/nethemba.com\/cs\/sluzby\/sitova-a-systemova-bezpecnost\/bezpecnostni-audit-bezdratove-site\/","name":"Bezpe\u010dnostn\u00ed audit bezdr\u00e1tov\u00e9 s\u00edt\u011b - Nethemba","isPartOf":{"@id":"https:\/\/nethemba.com\/de\/#website"},"datePublished":"2015-11-08T20:51:14+00:00","dateModified":"2019-08-27T09:46:39+00:00","description":"C\u00edlem bezpe\u010dnostn\u00edho auditu bezdr\u00e1tov\u00e9 wifi s\u00edt\u011b je analyzovat celkovou bezpe\u010dnost bezdr\u00e1tov\u00fdch s\u00edt\u00ed z\u00e1kazn\u00edka.","breadcrumb":{"@id":"https:\/\/nethemba.com\/cs\/sluzby\/sitova-a-systemova-bezpecnost\/bezpecnostni-audit-bezdratove-site\/#breadcrumb"},"inLanguage":"cs","potentialAction":[{"@type":"ReadAction","target":["https:\/\/nethemba.com\/cs\/sluzby\/sitova-a-systemova-bezpecnost\/bezpecnostni-audit-bezdratove-site\/"]}]},{"@type":"BreadcrumbList","@id":"https:\/\/nethemba.com\/cs\/sluzby\/sitova-a-systemova-bezpecnost\/bezpecnostni-audit-bezdratove-site\/#breadcrumb","itemListElement":[{"@type":"ListItem","position":1,"name":"Home","item":"https:\/\/nethemba.com\/cs\/home-new-2025\/"},{"@type":"ListItem","position":2,"name":"Slu\u017eby","item":"https:\/\/nethemba.com\/cs\/sluzby\/"},{"@type":"ListItem","position":3,"name":"S\u00ed\u0165ov\u00e1 a syst\u00e9mov\u00e1 bezpe\u010dnost","item":"https:\/\/nethemba.com\/cs\/sluzby\/sitova-a-systemova-bezpecnost\/"},{"@type":"ListItem","position":4,"name":"S\u00ed\u0165ov\u00e1 a syst\u00e9mov\u00e1 bezpe\u010dnost","item":"https:\/\/nethemba.com\/sluzby\/sitova-a-systemova-bezpecnost\/"},{"@type":"ListItem","position":5,"name":"Bezpe\u010dnostn\u00ed audit bezdr\u00e1tov\u00e9 s\u00edt\u011b"}]},{"@type":"WebSite","@id":"https:\/\/nethemba.com\/de\/#website","url":"https:\/\/nethemba.com\/de\/","name":"Nethemba","description":"We care about your security","potentialAction":[{"@type":"SearchAction","target":{"@type":"EntryPoint","urlTemplate":"https:\/\/nethemba.com\/de\/?s={search_term_string}"},"query-input":{"@type":"PropertyValueSpecification","valueRequired":true,"valueName":"search_term_string"}}],"inLanguage":"cs"}]}},"_links":{"self":[{"href":"https:\/\/nethemba.com\/cs\/wp-json\/wp\/v2\/pages\/420","targetHints":{"allow":["GET"]}}],"collection":[{"href":"https:\/\/nethemba.com\/cs\/wp-json\/wp\/v2\/pages"}],"about":[{"href":"https:\/\/nethemba.com\/cs\/wp-json\/wp\/v2\/types\/page"}],"author":[{"embeddable":true,"href":"https:\/\/nethemba.com\/cs\/wp-json\/wp\/v2\/users\/2"}],"replies":[{"embeddable":true,"href":"https:\/\/nethemba.com\/cs\/wp-json\/wp\/v2\/comments?post=420"}],"version-history":[{"count":0,"href":"https:\/\/nethemba.com\/cs\/wp-json\/wp\/v2\/pages\/420\/revisions"}],"up":[{"embeddable":true,"href":"https:\/\/nethemba.com\/cs\/wp-json\/wp\/v2\/pages\/383"}],"wp:attachment":[{"href":"https:\/\/nethemba.com\/cs\/wp-json\/wp\/v2\/media?parent=420"}],"curies":[{"name":"wp","href":"https:\/\/api.w.org\/{rel}","templated":true}]}}