{"id":438,"date":"2015-11-08T20:54:53","date_gmt":"2015-11-08T20:54:53","guid":{"rendered":"http:\/\/nethemba.com\/cs\/?page_id=438"},"modified":"2019-08-19T12:03:10","modified_gmt":"2019-08-19T11:03:10","slug":"cloud-computing-reseni","status":"publish","type":"page","link":"https:\/\/nethemba.com\/cs\/sluzby\/it-bezpecnostni-reseni\/cloud-computing-reseni\/","title":{"rendered":"Cloud Computing \u0159e\u0161en\u00ed"},"content":{"rendered":"<p>S p\u0159\u00edchodem webov\u00fdch slu\u017eeb se p\u0159i n\u00e1vrhu a realizaci IT projekt\u016f objevuj\u00ed mo\u017enosti, kter\u00e9 byly je\u0161t\u011b doned\u00e1vna dostupn\u00e9 bu\u010f jen velk\u00fdm spole\u010dnostem nebo byli velmi n\u00e1kladn\u00e9, jako nap\u0159\u00edklad:<\/p>\n<div id=\"magicdomid6\" dir=\"LTR\">\n<ul>\n<li>mo\u017enost kompletn\u00edho delegov\u00e1n\u00ed \u00fadr\u017eby slo\u017eit\u00e9 s\u00edt\u011b, server\u016f, jejich opera\u010dn\u00edch syst\u00e9m\u016f a tak\u00e9 i z\u00e1lohov\u00e1n\u00ed na t\u0159et\u00ed stranu<\/li>\n<\/ul>\n<\/div>\n<div id=\"magicdomid7\" dir=\"LTR\">\n<ul>\n<li>mo\u017enost dynamicky a flexibiln\u011b reagovat na jakoukoliv zv\u00fd\u0161enou z\u00e1t\u011b\u017e (nap\u0159\u00edklad vy\u0161\u0161\u00ed nav\u0161t\u011bvovanost) okam\u017eit\u00fdm spu\u0161t\u011bn\u00edm dal\u0161\u00edch virtu\u00e1ln\u00edch server\u016f<\/li>\n<\/ul>\n<\/div>\n<div id=\"magicdomid8\" dir=\"LTR\">\n<ul>\n<li>celosv\u011btov\u00e1 distribuce obsahu s n\u00edzkou odezvou a velmi vysokou dostupnost\u00ed<\/li>\n<\/ul>\n<\/div>\n<div id=\"magicdomid9\" dir=\"LTR\">\n<ul>\n<li>v\u00fdrazn\u00e9 nav\u00fd\u0161en\u00ed dostupnosti Va\u0161ich slu\u017eeb pro v\u0161echny americk\u00e9 a evropsk\u00e9 klienty<\/li>\n<\/ul>\n<\/div>\n<p>V\u0161echno toto a je\u0161t\u011b v\u00edce dok\u00e1\u017eeme nab\u00eddnout jako velk\u00fdm, tak mal\u00fdm klient\u016fm za velmi p\u0159ijatelnou cenu.<\/p>\n<p><strong>&#8222;Cloud computing&#8220;<\/strong> p\u0159edstavuje model, kdy prost\u0159edky jako v\u00fdpo\u010detn\u00ed v\u00fdkon server\u016f, \u00falo\u017en\u00fd prostor (disky, NAS), software atd., kter\u00e9 doposud v\u017edy p\u0159edstavovali n\u011bjak\u00fd skute\u010dn\u00fd hardware a opera\u010dn\u00ed syst\u00e9m ,kter\u00fd jste museli vlastnit nebo m\u00edt pronajat\u00fd, zabezpe\u010dovat \u00fadr\u017ebu, kupovat licence), V\u00e1m mohou moment\u00e1ln\u011b b\u00fdt poskytnut\u00e9 jako slu\u017eba, kdy v\u0161echny v\u011bci souvisej\u00edc\u00ed s hardwarem a opera\u010dn\u00edm syst\u00e9mem z\u016fstanu pro V\u00e1s skryt\u00e9.<\/p>\n<p>U\u017e V\u00e1s v\u00edc nemus\u00ed zaj\u00edmat fyzick\u00e9 um\u00edstn\u011bn\u00ed, energetick\u00e1 spot\u0159eba, s\u00ed\u0165ov\u00e1 infrastruktura, z\u00e1lo\u017en\u00ed zdroje, nepot\u0159ebujete fyzick\u00fd prostor pro va\u0161i IT infrastrukturu, nemus\u00edte zabezpe\u010dovat jej\u00ed klimatizaci ani ochranu a bezpe\u010dnost jej\u00edho provozu.<\/p>\n<p>Pr\u00e1ce se v\u0161emi &#8222;Cloud Computing&#8220; slu\u017ebami je jednoduch\u00e1 pomoci webov\u00e9 slu\u017eby, kter\u00e1 je dostupn\u00e1 z r\u016fzn\u00fdch programovac\u00edch jazyk\u016f (PHP, Java, C#, VB.NET, Ruby, Perl ), jako i pomoc\u00ed pohodln\u00e9ho a p\u0159ehledn\u00e9ho u\u017eivatelsk\u00e9ho webov\u00e9ho rozhran\u00ed.<\/p>\n<p><strong>Co v\u00e1m nab\u00edz\u00edme ?<\/strong><\/p>\n<p><strong>Virtualizace v\u00fdpo\u010detn\u00edho v\u00fdkonu<\/strong><\/p>\n<div id=\"magicdomid24\" dir=\"LTR\">\n<ul>\n<li>nahra\u010fte Va\u0161e re\u00e1ln\u00e9 po\u010d\u00edta\u010de s neust\u00e1l\u00fdmi hardwarov\u00fdmi probl\u00e9my za virtu\u00e1ln\u00ed, av\u0161ak nad\u00e1le vysoce v\u00fdkonn\u00e9<\/li>\n<\/ul>\n<\/div>\n<div id=\"magicdomid25\" dir=\"LTR\">\n<ul>\n<li>p\u0159i jak\u00e9koliv poru\u0161e virtu\u00e1ln\u00edho po\u010d\u00edta\u010de m\u00e1te mo\u017enost ho okam\u017eit\u011b op\u011btovn\u011b nastartovat bez jak\u00e9koliv pot\u0159eby volat hotline nebo \u010dekat na servisn\u00ed z\u00e1sah &#8211; v\u0161echno ve Va\u0161i vlastn\u00ed re\u017eii<\/li>\n<\/ul>\n<\/div>\n<div id=\"magicdomid26\" dir=\"LTR\">\n<ul>\n<li>mo\u017enost t\u00e9m\u011b\u0159 okam\u017eit\u00e9ho spu\u0161t\u011bn\u00ed 1, 10 nebo i 1000 vlastn\u00edch po\u010d\u00edta\u010d\u016f nar\u00e1z jedin\u00fdm pokynem nebo pln\u011b automaticky a dynamicky v p\u0159\u00edpad\u011b, \u017ee m\u00e1te pr\u00e1v\u011b zv\u00fd\u0161enou z\u00e1t\u011b\u017e \/ nav\u0161t\u011bvnost. Stejn\u011btak, v p\u0159\u00edpad\u011b pot\u0159eby, m\u00e1te mo\u017enost kdykoliv kter\u00fdkoliv vypnout, p\u0159\u00edpadn\u011b i v\u0161echny svoje po\u010d\u00edta\u010de a nemus\u00edte utr\u00e1cet zbyte\u010dn\u011b Va\u0161e pen\u00edze<\/li>\n<\/ul>\n<\/div>\n<div id=\"magicdomid27\" dir=\"LTR\">\n<ul>\n<li>plat\u00edte jen za to, co skute\u010dn\u011b vyu\u017e\u00edv\u00e1te (tedy za procesorov\u00fd \u010das ka\u017ed\u00e9ho b\u011b\u017e\u00edc\u00edho po\u010d\u00edta\u010de) &#8211; jejich mno\u017estv\u00ed m\u016f\u017eete dynamicky ovliv\u0148ovat podle sez\u00f3nn\u00edch v\u00fdkyv\u016f, n\u00e1r\u016fst\u016f popt\u00e1vek nebo akci\u00ed (nap\u0159\u00edklad za hodinu b\u011bhu super v\u00fdkonn\u00e9ho clusteru s 1000 virtu\u00e1ln\u00edmi servery zaplat\u00edte jen $30)<\/li>\n<\/ul>\n<\/div>\n<div id=\"magicdomid28\" dir=\"LTR\">\n<ul>\n<li>vyla\u010fte si vlastn\u00ed v\u00fdkon po\u010d\u00edta\u010de z n\u011bkolik variac\u00ed v z\u00e1vislosti od velkosti opera\u010dn\u00ed pam\u011bti a po\u010dtu jader procesoru<\/li>\n<\/ul>\n<\/div>\n<div id=\"magicdomid29\" dir=\"LTR\">\n<ul>\n<li>pou\u017e\u00edvejte voln\u00e9 nebo komer\u010dn\u00ed verze Linuxu, Microsoft Windows serveru nebo jin\u00e9ho Unixov\u00e9ho syst\u00e9mu bez starost\u00ed o licen\u010dn\u00ed politiku dan\u00e9ho OS (jejich cena je u\u017e zapo\u010d\u00edtan\u00e1 v hodinov\u00e9 sazb\u011b procesorov\u00e9ho \u010dasu)<\/li>\n<\/ul>\n<\/div>\n<div id=\"magicdomid30\" dir=\"LTR\">\n<ul>\n<li>bez znalosti konfigurace firewall\u016f si nastavte bezpe\u010dn\u00fd p\u0159\u00edstup k Va\u0161im s\u00ed\u0165ov\u00fdm slu\u017eb\u00e1m<\/li>\n<\/ul>\n<\/div>\n<p><strong>Virtualizace diskov\u00e9ho prostoru<\/strong><\/p>\n<div id=\"magicdomid35\" dir=\"LTR\">\n<ul>\n<li>mo\u017enost p\u0159ipojit ku kter\u00e9mukoliv virtu\u00e1ln\u00edmu po\u010d\u00edta\u010di libovoln\u00fd po\u010det disk\u016f v rozsahu od 1GB a\u017e 1TB<\/li>\n<\/ul>\n<\/div>\n<div id=\"magicdomid36\" dir=\"LTR\">\n<ul>\n<li>plat\u00edte jen za disk s kapacitou, kterou pr\u00e1v\u011b pot\u0159ebujete a neplat\u00edte zbyte\u010dn\u011b za prostor, kter\u00fd nevyu\u017e\u00edv\u00e1te<\/li>\n<\/ul>\n<\/div>\n<div id=\"magicdomid37\" dir=\"LTR\">\n<ul>\n<li>kdykoliv m\u00e1te mo\u017enost si vytvo\u0159it kopii (tzv. snapshot) disku v libovoln\u00e9m okam\u017eiku., Po\u010det kopi\u00ed nen\u00ed omezen\u00fd<\/li>\n<\/ul>\n<\/div>\n<div id=\"magicdomid38\" dir=\"LTR\">\n<ul>\n<li>nov\u00fd virtu\u00e1ln\u00ed disk si dok\u00e1\u017eete vytvo\u0159it z kopie libovoln\u00e9ho jin\u00e9ho virtu\u00e1ln\u00edho disku<\/li>\n<\/ul>\n<\/div>\n<div id=\"magicdomid39\" dir=\"LTR\">\n<ul>\n<li>Va\u0161e data z\u016fst\u00e1vaj\u00ed uchovan\u00e1 i v p\u0159\u00edpad\u011b, \u017ee po\u010d\u00edta\u010d, ke kter\u00e9mu je disk p\u0159ipojen\u00fd, vypnete<\/li>\n<\/ul>\n<\/div>\n<p><strong>Virtualizace z\u00e1lohovac\u00edho prostoru<\/strong><\/p>\n<div id=\"magicdomid44\" dir=\"LTR\">\n<ul>\n<li>vyu\u017eijte mo\u017enost minim\u00e1ln\u011b 3-n\u00e1sobn\u011b replikovan\u00e9ho \u00falo\u017en\u00e9ho prostoru na z\u00e1lohu soubor\u016f od velkosti 1 bajtu a\u017e 5 gigabajt\u016f, do celkov\u00e9ho obsahu a\u017e 256 TB<\/li>\n<\/ul>\n<\/div>\n<div id=\"magicdomid45\" dir=\"LTR\">\n<ul>\n<li>pla\u0165te jen za aktu\u00e1ln\u00ed velikost z\u00e1lohovan\u00fdch d\u00e1t a datov\u00fd p\u0159enos do z\u00e1lo\u017en\u00edho centra<\/li>\n<\/ul>\n<\/div>\n<div id=\"magicdomid46\" dir=\"LTR\">\n<ul>\n<li>m\u00e1te mo\u017enost vyu\u017e\u00edvat n\u011bkolik chr\u00e1n\u011bn\u00fdch a navz\u00e1jem nez\u00e1visl\u00fdch bezpe\u010dn\u00fdch \u00falo\u017ei\u0161\u0165<\/li>\n<\/ul>\n<\/div>\n<div id=\"magicdomid47\" dir=\"LTR\">\n<ul>\n<li>v p\u0159\u00edpad\u011b um\u00edstn\u011bn\u00ed informac\u00ed do tohoto prostoru m\u00e1te mo\u017enost je jednodu\u0161e distribuovat po cel\u00e9m sv\u011bt\u011b prost\u0159ednictv\u00edm uzlov\u00fdch server\u016f rozs\u00e1hl\u00e9 CDN s\u00edt\u011b<\/li>\n<\/ul>\n<\/div>\n<p><strong>Vyrovn\u00e1van\u00ed z\u00e1t\u011b\u017ee po\u010d\u00edta\u010d\u016f<\/strong><\/p>\n<div id=\"magicdomid52\" dir=\"LTR\">\n<ul>\n<li>vybudujte si skupinu po\u010d\u00edta\u010d\u016f poskytuj\u00edc\u00edch jakoukoliv stejnou slu\u017ebu ( nap\u0159\u00edklad web p\u0159\u00edstup na V\u00e1\u0161 port\u00e1l ) a load balancer bude automaticky vyrovn\u00e1vat z\u00e1t\u011b\u017e mezi jednotliv\u00fdmi po\u010d\u00edta\u010di<\/li>\n<\/ul>\n<\/div>\n<div id=\"magicdomid53\" dir=\"LTR\">\n<ul>\n<li>p\u0159i selh\u00e1n\u00ed nebo neodpov\u00edd\u00e1n\u00ed kter\u00e9hokoliv serveru je tento automaticky vy\u0159azen\u00fd z p\u0159id\u011blov\u00e1n\u00ed dal\u0161\u00edch spojen\u00ed<\/li>\n<\/ul>\n<\/div>\n<div id=\"magicdomid54\" dir=\"LTR\">\n<ul>\n<li>s pomoc\u00ed monitorov\u00e1n\u00ed nap\u0159\u00edklad povinn\u00e9ho po\u010dtu b\u011b\u017e\u00edc\u00edch server\u016f je mo\u017en\u00e9 automaticky nahradit selh\u00e1vaj\u00edc\u00ed servery nov\u00fdmi, kter\u00e9 budou automaticky za\u0159azen\u00e9 do vyrovn\u00e1v\u00e1n\u00ed pracovn\u00ed z\u00e1t\u011b\u017ee<\/li>\n<\/ul>\n<\/div>\n<p><strong>Virtualizace MySQL<\/strong><\/p>\n<div id=\"magicdomid59\" dir=\"LTR\">\n<ul>\n<li>mo\u017enost spustit vlastn\u00ed virtu\u00e1ln\u00ed servery s be\u017e\u00edc\u00edm kompletn\u00edm MySQL 5.1 se 100% kompatibilitou se v\u0161emi ji\u017e existuj\u00edc\u00edmi MySQL n\u00e1stroji a aplikacemi<\/li>\n<\/ul>\n<\/div>\n<div id=\"magicdomid60\" dir=\"LTR\">\n<ul>\n<li>bezpe\u010dnostn\u00ed a funk\u010dn\u00ed aktualizace a z\u00e1lohovan\u00ed je za V\u00e1s realizovan\u00e9 pln\u011b automaticky<\/li>\n<\/ul>\n<\/div>\n<div id=\"magicdomid61\" dir=\"LTR\">\n<ul>\n<li>mo\u017enost definovat si dobu uchov\u00e1v\u00e1n\u00ed z\u00e1loh datab\u00e1z\u00ed s mo\u017enost\u00ed je kdykoliv obnovit<\/li>\n<\/ul>\n<\/div>\n<div id=\"magicdomid62\" dir=\"LTR\">\n<ul>\n<li>mo\u017enost v\u00fdb\u011bru virtu\u00e1ln\u00edho hardwaru z mno\u017estv\u00ed r\u016fzn\u00fdch hardwarov\u00fdch konfigurac\u00ed v z\u00e1vislosti od Va\u0161ich pot\u0159eb<\/li>\n<\/ul>\n<\/div>\n<div id=\"magicdomid63\" dir=\"LTR\">\n<ul>\n<li>rozhodn\u011bte se, kdo m\u00e1 m\u00edt p\u0159\u00edstup do Va\u0161\u00ed datab\u00e1ze pomoc\u00ed jednoduch\u00e9ho webov\u00e9ho rozhran\u00ed<\/li>\n<\/ul>\n<\/div>\n<p><strong>Zabezpe\u010den\u00ed a dostupnost<\/strong><\/p>\n<div id=\"magicdomid68\" dir=\"LTR\">\n<ul>\n<li>p\u0159izp\u016fsobte se Va\u0161im z\u00e1kazn\u00edk\u016fm a provozujte svoje slu\u017eby ve v\u00edce nez\u00e1visl\u00fdch americk\u00fdch nebo evropsk\u00fdch datov\u00fdch centrech a bu\u010fte chr\u00e1n\u011bni v\u016f\u010di v\u00fdpadk\u016fm, poruch\u00e1m nebo \u00fatok\u016fm na konkr\u00e9tn\u00ed hostingov\u00e9 centrum<\/li>\n<\/ul>\n<\/div>\n<div id=\"magicdomid69\" dir=\"LTR\">\n<ul>\n<li>vytvo\u0159\u00edme V\u00e1m multiregion\u00e1ln\u00ed clusterov\u00e9 \u0159e\u0161en\u00ed, p\u0159i\u010dem\u017e va\u0161e cenn\u00e1 data a aplikace s nutnou dostupnost\u00ed v\u016f\u010di z\u00e1kazn\u00edkovi budou existovat nar\u00e1z v r\u016fzn\u00fdch st\u00e1tech nebo kontinentech.<\/li>\n<\/ul>\n<\/div>\n<div id=\"magicdomid70\" dir=\"LTR\">\n<ul>\n<li>oslovte Va\u0161e z\u00e1kazn\u00edky v jin\u00e9m regionu a zp\u0159\u00edstupn\u011bte svoje informace s vysokou dostupnost\u00ed a velmi n\u00edzkou odezvou<\/li>\n<\/ul>\n<\/div>\n<p><strong>Replikace a distribuce obsahu do cel\u00e9ho sv\u011bta\u00a0<\/strong><\/p>\n<div id=\"magicdomid75\" dir=\"LTR\">\n<ul>\n<li>zabezpe\u010duje distribuci obsahu, jako je grafika, hudba, video streaming nebo jak\u00fdkoliv statick\u00fd obsah do cel\u00e9ho sv\u011bta z takzvan\u00fdch okrajov\u00fdch uzl\u016f<\/li>\n<\/ul>\n<\/div>\n<div id=\"magicdomid76\" dir=\"LTR\">\n<ul>\n<li>uzly jsou um\u00edstn\u011bn\u00ed po cel\u00e9m sv\u011bte (USA, Evropa, Japonsko, Hong Kong)<\/li>\n<\/ul>\n<\/div>\n<div id=\"magicdomid77\" dir=\"LTR\">\n<ul>\n<li>poskytuje ultra rychl\u00e9 stahov\u00e1n\u00ed Va\u0161ich d\u00e1t a p\u0159ehr\u00e1van\u00ed video streaming\u016f s minim\u00e1ln\u00ed odezvou<\/li>\n<\/ul>\n<\/div>\n<div id=\"magicdomid78\" dir=\"LTR\">\n<ul>\n<li>v\u00fdrazn\u011b odleh\u010duje va\u0161e vlastn\u00ed servery<\/li>\n<\/ul>\n<\/div>\n<p><strong>Monitoring a dynamick\u00e9 \u0161k\u00e1lov\u00e1n\u00ed<\/strong><\/p>\n<div id=\"magicdomid83\" dir=\"LTR\">\n<ul>\n<li>nasad\u00edme V\u00e1m syst\u00e9m inteligentn\u00edho monitoringu stavu va\u0161\u00ed virtu\u00e1ln\u00ed infrastruktury, kter\u00fd dok\u00e1\u017ee dynamicky reagovat na v\u00fdpadky, p\u0159et\u00ed\u017een\u00ed po\u010d\u00edta\u010d\u016f, velk\u00fd n\u00e1r\u016fst p\u0159\u00edstup\u016f<\/li>\n<\/ul>\n<\/div>\n<div id=\"magicdomid84\" dir=\"LTR\">\n<ul>\n<li>m\u00e1te mo\u017enost sledovat mno\u017estv\u00ed p\u0159enesen\u00fdch dat, po\u010det HTTP spojen\u00ed, vyt\u00ed\u017een\u00ed CPU, vyu\u017eit\u00ed pam\u011bti<\/li>\n<\/ul>\n<\/div>\n<div id=\"magicdomid85\" dir=\"LTR\">\n<ul>\n<li>v p\u0159\u00edpad\u011b v\u00fdpadku jednoho nebo v\u00edce va\u0161ich server\u016f, neo\u010dek\u00e1van\u00e9ho n\u00e1r\u016fstu spojen\u00ed nebo zat\u00ed\u017een\u00ed CPU m\u00e1te mo\u017enost automaticky definovat okam\u017eit\u00e9 spu\u0161t\u011bn\u00ed dal\u0161\u00edch server\u016f, kter\u00e9 ihned pomohou vyrovnat v\u00fdkyvy a zpracovat zv\u00fd\u0161enou z\u00e1t\u011b\u017e od klient\u016f<\/li>\n<\/ul>\n<\/div>\n<div id=\"magicdomid86\" dir=\"LTR\">\n<ul>\n<li>nastavte si minim\u00e1ln\u00ed a maxim\u00e1ln\u00ed po\u010det server\u016f, kter\u00e9 budou b\u011b\u017eet pro danou \u00falohu, v p\u0159\u00edpad\u011b, \u017ee jsou nevyu\u017eit\u00e9, tak mohou b\u00fdt automaticky vypnut\u00e9 a t\u00edm p\u00e1dem za ne zbyte\u010dn\u011b neplat\u00edte<\/li>\n<\/ul>\n<\/div>\n","protected":false},"excerpt":{"rendered":"<p>S p\u0159\u00edchodem webov\u00fdch slu\u017eeb se p\u0159i n\u00e1vrhu a realizaci IT projekt\u016f objevuj\u00ed mo\u017enosti, kter\u00e9 byly je\u0161t\u011b doned\u00e1vna dostupn\u00e9 bu\u010f jen velk\u00fdm spole\u010dnostem nebo byli velmi n\u00e1kladn\u00e9, jako nap\u0159\u00edklad: mo\u017enost kompletn\u00edho delegov\u00e1n\u00ed \u00fadr\u017eby slo\u017eit\u00e9 s\u00edt\u011b, server\u016f, jejich opera\u010dn\u00edch syst\u00e9m\u016f a tak\u00e9 i z\u00e1lohov\u00e1n\u00ed na t\u0159et\u00ed stranu mo\u017enost dynamicky a flexibiln\u011b reagovat na jakoukoliv zv\u00fd\u0161enou z\u00e1t\u011b\u017e (nap\u0159\u00edklad [&hellip;]<\/p>\n","protected":false},"author":2,"featured_media":0,"parent":426,"menu_order":2,"comment_status":"closed","ping_status":"closed","template":"services_detail.php","meta":{"inline_featured_image":false,"_monsterinsights_skip_tracking":false,"_monsterinsights_sitenote_active":false,"_monsterinsights_sitenote_note":"","_monsterinsights_sitenote_category":0,"footnotes":""},"class_list":["post-438","page","type-page","status-publish","hentry"],"yoast_head":"<!-- This site is optimized with the Yoast SEO plugin v27.4 - https:\/\/yoast.com\/product\/yoast-seo-wordpress\/ -->\n<title>Cloud Computing \u0159e\u0161en\u00ed - Nethemba -<\/title>\n<meta name=\"description\" content=\"Cloud computing zabezpe\u010duje distribuci obsahu, jako je grafika, hudba, video streaming nebo jak\u00fdkoliv statick\u00fd obsah do cel\u00e9ho sv\u011bta z tzv. okrajov\u00fdch uzl\u016f.\" \/>\n<meta name=\"robots\" content=\"index, follow, max-snippet:-1, max-image-preview:large, max-video-preview:-1\" \/>\n<link rel=\"canonical\" href=\"https:\/\/nethemba.com\/cs\/sluzby\/it-bezpecnostni-reseni\/cloud-computing-reseni\/\" \/>\n<meta property=\"og:locale\" content=\"cs_CZ\" \/>\n<meta property=\"og:type\" content=\"article\" \/>\n<meta property=\"og:title\" content=\"Cloud Computing \u0159e\u0161en\u00ed - Nethemba -\" \/>\n<meta property=\"og:description\" content=\"Cloud computing zabezpe\u010duje distribuci obsahu, jako je grafika, hudba, video streaming nebo jak\u00fdkoliv statick\u00fd obsah do cel\u00e9ho sv\u011bta z tzv. okrajov\u00fdch uzl\u016f.\" \/>\n<meta property=\"og:url\" content=\"https:\/\/nethemba.com\/cs\/sluzby\/it-bezpecnostni-reseni\/cloud-computing-reseni\/\" \/>\n<meta property=\"og:site_name\" content=\"Nethemba\" \/>\n<meta property=\"article:publisher\" content=\"https:\/\/www.facebook.com\/nethemba\" \/>\n<meta property=\"article:modified_time\" content=\"2019-08-19T11:03:10+00:00\" \/>\n<meta name=\"twitter:card\" content=\"summary_large_image\" \/>\n<meta name=\"twitter:site\" content=\"@nethemba\" \/>\n<meta name=\"twitter:label1\" content=\"Odhadovan\u00e1 doba \u010dten\u00ed\" \/>\n\t<meta name=\"twitter:data1\" content=\"7 minut\" \/>\n<script type=\"application\/ld+json\" class=\"yoast-schema-graph\">{\"@context\":\"https:\\\/\\\/schema.org\",\"@graph\":[{\"@type\":\"WebPage\",\"@id\":\"https:\\\/\\\/nethemba.com\\\/cs\\\/sluzby\\\/it-bezpecnostni-reseni\\\/cloud-computing-reseni\\\/\",\"url\":\"https:\\\/\\\/nethemba.com\\\/cs\\\/sluzby\\\/it-bezpecnostni-reseni\\\/cloud-computing-reseni\\\/\",\"name\":\"Cloud Computing \u0159e\u0161en\u00ed - Nethemba -\",\"isPartOf\":{\"@id\":\"https:\\\/\\\/nethemba.com\\\/de\\\/#website\"},\"datePublished\":\"2015-11-08T20:54:53+00:00\",\"dateModified\":\"2019-08-19T11:03:10+00:00\",\"description\":\"Cloud computing zabezpe\u010duje distribuci obsahu, jako je grafika, hudba, video streaming nebo jak\u00fdkoliv statick\u00fd obsah do cel\u00e9ho sv\u011bta z tzv. okrajov\u00fdch uzl\u016f.\",\"breadcrumb\":{\"@id\":\"https:\\\/\\\/nethemba.com\\\/cs\\\/sluzby\\\/it-bezpecnostni-reseni\\\/cloud-computing-reseni\\\/#breadcrumb\"},\"inLanguage\":\"cs\",\"potentialAction\":[{\"@type\":\"ReadAction\",\"target\":[\"https:\\\/\\\/nethemba.com\\\/cs\\\/sluzby\\\/it-bezpecnostni-reseni\\\/cloud-computing-reseni\\\/\"]}]},{\"@type\":\"BreadcrumbList\",\"@id\":\"https:\\\/\\\/nethemba.com\\\/cs\\\/sluzby\\\/it-bezpecnostni-reseni\\\/cloud-computing-reseni\\\/#breadcrumb\",\"itemListElement\":[{\"@type\":\"ListItem\",\"position\":1,\"name\":\"Home\",\"item\":\"https:\\\/\\\/nethemba.com\\\/cs\\\/home-new-2025\\\/\"},{\"@type\":\"ListItem\",\"position\":2,\"name\":\"Slu\u017eby\",\"item\":\"https:\\\/\\\/nethemba.com\\\/cs\\\/sluzby\\\/\"},{\"@type\":\"ListItem\",\"position\":3,\"name\":\"IT bezpe\u010dnostn\u00ed \u0159e\u0161en\u00ed\",\"item\":\"https:\\\/\\\/nethemba.com\\\/cs\\\/sluzby\\\/it-bezpecnostni-reseni\\\/\"},{\"@type\":\"ListItem\",\"position\":4,\"name\":\"Cloud Computing \u0159e\u0161en\u00ed\"}]},{\"@type\":\"WebSite\",\"@id\":\"https:\\\/\\\/nethemba.com\\\/de\\\/#website\",\"url\":\"https:\\\/\\\/nethemba.com\\\/de\\\/\",\"name\":\"Nethemba\",\"description\":\"We care about your security\",\"potentialAction\":[{\"@type\":\"SearchAction\",\"target\":{\"@type\":\"EntryPoint\",\"urlTemplate\":\"https:\\\/\\\/nethemba.com\\\/de\\\/?s={search_term_string}\"},\"query-input\":{\"@type\":\"PropertyValueSpecification\",\"valueRequired\":true,\"valueName\":\"search_term_string\"}}],\"inLanguage\":\"cs\"}]}<\/script>\n<!-- \/ Yoast SEO plugin. -->","yoast_head_json":{"title":"Cloud Computing \u0159e\u0161en\u00ed - Nethemba -","description":"Cloud computing zabezpe\u010duje distribuci obsahu, jako je grafika, hudba, video streaming nebo jak\u00fdkoliv statick\u00fd obsah do cel\u00e9ho sv\u011bta z tzv. okrajov\u00fdch uzl\u016f.","robots":{"index":"index","follow":"follow","max-snippet":"max-snippet:-1","max-image-preview":"max-image-preview:large","max-video-preview":"max-video-preview:-1"},"canonical":"https:\/\/nethemba.com\/cs\/sluzby\/it-bezpecnostni-reseni\/cloud-computing-reseni\/","og_locale":"cs_CZ","og_type":"article","og_title":"Cloud Computing \u0159e\u0161en\u00ed - Nethemba -","og_description":"Cloud computing zabezpe\u010duje distribuci obsahu, jako je grafika, hudba, video streaming nebo jak\u00fdkoliv statick\u00fd obsah do cel\u00e9ho sv\u011bta z tzv. okrajov\u00fdch uzl\u016f.","og_url":"https:\/\/nethemba.com\/cs\/sluzby\/it-bezpecnostni-reseni\/cloud-computing-reseni\/","og_site_name":"Nethemba","article_publisher":"https:\/\/www.facebook.com\/nethemba","article_modified_time":"2019-08-19T11:03:10+00:00","twitter_card":"summary_large_image","twitter_site":"@nethemba","twitter_misc":{"Odhadovan\u00e1 doba \u010dten\u00ed":"7 minut"},"schema":{"@context":"https:\/\/schema.org","@graph":[{"@type":"WebPage","@id":"https:\/\/nethemba.com\/cs\/sluzby\/it-bezpecnostni-reseni\/cloud-computing-reseni\/","url":"https:\/\/nethemba.com\/cs\/sluzby\/it-bezpecnostni-reseni\/cloud-computing-reseni\/","name":"Cloud Computing \u0159e\u0161en\u00ed - Nethemba -","isPartOf":{"@id":"https:\/\/nethemba.com\/de\/#website"},"datePublished":"2015-11-08T20:54:53+00:00","dateModified":"2019-08-19T11:03:10+00:00","description":"Cloud computing zabezpe\u010duje distribuci obsahu, jako je grafika, hudba, video streaming nebo jak\u00fdkoliv statick\u00fd obsah do cel\u00e9ho sv\u011bta z tzv. okrajov\u00fdch uzl\u016f.","breadcrumb":{"@id":"https:\/\/nethemba.com\/cs\/sluzby\/it-bezpecnostni-reseni\/cloud-computing-reseni\/#breadcrumb"},"inLanguage":"cs","potentialAction":[{"@type":"ReadAction","target":["https:\/\/nethemba.com\/cs\/sluzby\/it-bezpecnostni-reseni\/cloud-computing-reseni\/"]}]},{"@type":"BreadcrumbList","@id":"https:\/\/nethemba.com\/cs\/sluzby\/it-bezpecnostni-reseni\/cloud-computing-reseni\/#breadcrumb","itemListElement":[{"@type":"ListItem","position":1,"name":"Home","item":"https:\/\/nethemba.com\/cs\/home-new-2025\/"},{"@type":"ListItem","position":2,"name":"Slu\u017eby","item":"https:\/\/nethemba.com\/cs\/sluzby\/"},{"@type":"ListItem","position":3,"name":"IT bezpe\u010dnostn\u00ed \u0159e\u0161en\u00ed","item":"https:\/\/nethemba.com\/cs\/sluzby\/it-bezpecnostni-reseni\/"},{"@type":"ListItem","position":4,"name":"Cloud Computing \u0159e\u0161en\u00ed"}]},{"@type":"WebSite","@id":"https:\/\/nethemba.com\/de\/#website","url":"https:\/\/nethemba.com\/de\/","name":"Nethemba","description":"We care about your security","potentialAction":[{"@type":"SearchAction","target":{"@type":"EntryPoint","urlTemplate":"https:\/\/nethemba.com\/de\/?s={search_term_string}"},"query-input":{"@type":"PropertyValueSpecification","valueRequired":true,"valueName":"search_term_string"}}],"inLanguage":"cs"}]}},"_links":{"self":[{"href":"https:\/\/nethemba.com\/cs\/wp-json\/wp\/v2\/pages\/438","targetHints":{"allow":["GET"]}}],"collection":[{"href":"https:\/\/nethemba.com\/cs\/wp-json\/wp\/v2\/pages"}],"about":[{"href":"https:\/\/nethemba.com\/cs\/wp-json\/wp\/v2\/types\/page"}],"author":[{"embeddable":true,"href":"https:\/\/nethemba.com\/cs\/wp-json\/wp\/v2\/users\/2"}],"replies":[{"embeddable":true,"href":"https:\/\/nethemba.com\/cs\/wp-json\/wp\/v2\/comments?post=438"}],"version-history":[{"count":0,"href":"https:\/\/nethemba.com\/cs\/wp-json\/wp\/v2\/pages\/438\/revisions"}],"up":[{"embeddable":true,"href":"https:\/\/nethemba.com\/cs\/wp-json\/wp\/v2\/pages\/426"}],"wp:attachment":[{"href":"https:\/\/nethemba.com\/cs\/wp-json\/wp\/v2\/media?parent=438"}],"curies":[{"name":"wp","href":"https:\/\/api.w.org\/{rel}","templated":true}]}}