{"id":444,"date":"2015-11-08T20:56:02","date_gmt":"2015-11-08T20:56:02","guid":{"rendered":"http:\/\/nethemba.com\/cs\/?page_id=444"},"modified":"2019-08-19T16:18:09","modified_gmt":"2019-08-19T15:18:09","slug":"linuxunix-clustery","status":"publish","type":"page","link":"https:\/\/nethemba.com\/cs\/sluzby\/it-bezpecnostni-reseni\/linuxunix-clustery\/","title":{"rendered":"Linux\/UNIX clustery"},"content":{"rendered":"<p lang=\"cs-CZ\" style=\"text-align: left;\" align=\"CENTER\"><strong>Anti-spamov\u00fd a anti-virov\u00fd po\u0161tovn\u00ed cluster<\/strong><\/p>\n<p lang=\"cs-CZ\">Nab\u00edz\u00edme robustn\u00ed po\u0161tovn\u00ed clustery slo\u017een\u00e9 ze dvou navz\u00e1jem redundantn\u00edch server\u016f:<\/p>\n<ul>\n<li>posledn\u00ed stabiln\u00ed linuxov\u00e1 distribuce<\/li>\n<li>centr\u00e1ln\u00ed LDAP \u00falo\u017ei\u0161t\u011b<\/li>\n<li>v\u00fdkonn\u00fd anti-virov\u00fd SW<\/li>\n<li>v\u00fdkonn\u00fd anti-spam<\/li>\n<li>redundance (cluster je odoln\u00fd v\u016f\u010di v\u00fdpadku libovoln\u00e9ho serveru)<\/li>\n<li>bezpe\u010dn\u00fd IMAPS\/POP3S<\/li>\n<li>u\u017eivatelsky p\u0159\u00edv\u011btiv\u00e9 webov\u00e9 rozhran\u00ed (webmail)<\/li>\n<li>HW nebo SW sd\u00edlen\u00e9 diskov\u00e9 pole<\/li>\n<\/ul>\n<p lang=\"cs-CZ\">\u00a0<strong>Web cluster<\/strong><\/p>\n<p lang=\"cs-CZ\">Nab\u00edz\u00edme kompletn\u00ed redundantn\u00ed \u0161k\u00e1lovateln\u00e9 clusterov\u00e9 \u0159e\u0161en\u00ed umo\u017e\u0148uj\u00edc\u00ed maxim\u00e1ln\u00ed dostupnost webu a rozd\u011blov\u00e1n\u00ed z\u00e1t\u011b\u017ee postaven\u00e9 na 4-16 serverech v z\u00e1vislosti od po\u017eadavk\u016f z\u00e1kazn\u00edka:<\/p>\n<ul>\n<li>posledn\u00ed stabiln\u00ed linuxov\u00e1 distribuce<\/li>\n<li>rozd\u011blov\u00e1n\u00ed webov\u00e9 z\u00e1t\u011b\u017ee<\/li>\n<li>rozd\u011blov\u00e1n\u00ed datab\u00e1zov\u00e9 z\u00e1t\u011b\u017ee<\/li>\n<li>redundantn\u00ed balancer servery<\/li>\n<li>MySQL\/PostgreSQL cluster<\/li>\n<li>HW nebo SW sd\u00edlen\u00e9 diskov\u00e9 pole<\/li>\n<\/ul>\n","protected":false},"excerpt":{"rendered":"<p>Anti-spamov\u00fd a anti-virov\u00fd po\u0161tovn\u00ed cluster Nab\u00edz\u00edme robustn\u00ed po\u0161tovn\u00ed clustery slo\u017een\u00e9 ze dvou navz\u00e1jem redundantn\u00edch server\u016f: posledn\u00ed stabiln\u00ed linuxov\u00e1 distribuce centr\u00e1ln\u00ed LDAP \u00falo\u017ei\u0161t\u011b v\u00fdkonn\u00fd anti-virov\u00fd SW v\u00fdkonn\u00fd anti-spam redundance (cluster je odoln\u00fd v\u016f\u010di v\u00fdpadku libovoln\u00e9ho serveru) bezpe\u010dn\u00fd IMAPS\/POP3S u\u017eivatelsky p\u0159\u00edv\u011btiv\u00e9 webov\u00e9 rozhran\u00ed (webmail) HW nebo SW sd\u00edlen\u00e9 diskov\u00e9 pole \u00a0Web cluster Nab\u00edz\u00edme kompletn\u00ed redundantn\u00ed \u0161k\u00e1lovateln\u00e9 clusterov\u00e9 [&hellip;]<\/p>\n","protected":false},"author":2,"featured_media":0,"parent":426,"menu_order":3,"comment_status":"closed","ping_status":"closed","template":"services_detail.php","meta":{"inline_featured_image":false,"_monsterinsights_skip_tracking":false,"_monsterinsights_sitenote_active":false,"_monsterinsights_sitenote_note":"","_monsterinsights_sitenote_category":0,"footnotes":""},"class_list":["post-444","page","type-page","status-publish","hentry"],"yoast_head":"<!-- This site is optimized with the Yoast SEO plugin v27.5 - https:\/\/yoast.com\/product\/yoast-seo-wordpress\/ -->\n<title>Linux\/UNIX clustery - Nethemba<\/title>\n<meta name=\"description\" content=\"Nab\u00edz\u00edme kompletn\u00ed redundantn\u00ed \u0161k\u00e1lovateln\u00e9 Linux cluster \u0159e\u0161en\u00ed umo\u017e\u0148uj\u00edc\u00ed maxim\u00e1ln\u00ed dostupnost webu a rozd\u011blov\u00e1n\u00ed z\u00e1t\u011b\u017ee postaven\u00e9 na 4-16 serverech\" \/>\n<meta name=\"robots\" content=\"index, follow, max-snippet:-1, max-image-preview:large, max-video-preview:-1\" \/>\n<link rel=\"canonical\" href=\"https:\/\/nethemba.com\/cs\/sluzby\/it-bezpecnostni-reseni\/linuxunix-clustery\/\" \/>\n<meta property=\"og:locale\" content=\"cs_CZ\" \/>\n<meta property=\"og:type\" content=\"article\" \/>\n<meta property=\"og:title\" content=\"Linux\/UNIX clustery - Nethemba\" \/>\n<meta property=\"og:description\" content=\"Nab\u00edz\u00edme kompletn\u00ed redundantn\u00ed \u0161k\u00e1lovateln\u00e9 Linux cluster \u0159e\u0161en\u00ed umo\u017e\u0148uj\u00edc\u00ed maxim\u00e1ln\u00ed dostupnost webu a rozd\u011blov\u00e1n\u00ed z\u00e1t\u011b\u017ee postaven\u00e9 na 4-16 serverech\" \/>\n<meta property=\"og:url\" content=\"https:\/\/nethemba.com\/cs\/sluzby\/it-bezpecnostni-reseni\/linuxunix-clustery\/\" \/>\n<meta property=\"og:site_name\" content=\"Nethemba\" \/>\n<meta property=\"article:publisher\" content=\"https:\/\/www.facebook.com\/nethemba\" \/>\n<meta property=\"article:modified_time\" content=\"2019-08-19T15:18:09+00:00\" \/>\n<meta name=\"twitter:card\" content=\"summary_large_image\" \/>\n<meta name=\"twitter:site\" content=\"@nethemba\" \/>\n<meta name=\"twitter:label1\" content=\"Odhadovan\u00e1 doba \u010dten\u00ed\" \/>\n\t<meta name=\"twitter:data1\" content=\"1 minuta\" \/>\n<script type=\"application\/ld+json\" class=\"yoast-schema-graph\">{\"@context\":\"https:\\\/\\\/schema.org\",\"@graph\":[{\"@type\":\"WebPage\",\"@id\":\"https:\\\/\\\/nethemba.com\\\/cs\\\/sluzby\\\/it-bezpecnostni-reseni\\\/linuxunix-clustery\\\/\",\"url\":\"https:\\\/\\\/nethemba.com\\\/cs\\\/sluzby\\\/it-bezpecnostni-reseni\\\/linuxunix-clustery\\\/\",\"name\":\"Linux\\\/UNIX clustery - Nethemba\",\"isPartOf\":{\"@id\":\"https:\\\/\\\/nethemba.com\\\/de\\\/#website\"},\"datePublished\":\"2015-11-08T20:56:02+00:00\",\"dateModified\":\"2019-08-19T15:18:09+00:00\",\"description\":\"Nab\u00edz\u00edme kompletn\u00ed redundantn\u00ed \u0161k\u00e1lovateln\u00e9 Linux cluster \u0159e\u0161en\u00ed umo\u017e\u0148uj\u00edc\u00ed maxim\u00e1ln\u00ed dostupnost webu a rozd\u011blov\u00e1n\u00ed z\u00e1t\u011b\u017ee postaven\u00e9 na 4-16 serverech\",\"breadcrumb\":{\"@id\":\"https:\\\/\\\/nethemba.com\\\/cs\\\/sluzby\\\/it-bezpecnostni-reseni\\\/linuxunix-clustery\\\/#breadcrumb\"},\"inLanguage\":\"cs\",\"potentialAction\":[{\"@type\":\"ReadAction\",\"target\":[\"https:\\\/\\\/nethemba.com\\\/cs\\\/sluzby\\\/it-bezpecnostni-reseni\\\/linuxunix-clustery\\\/\"]}]},{\"@type\":\"BreadcrumbList\",\"@id\":\"https:\\\/\\\/nethemba.com\\\/cs\\\/sluzby\\\/it-bezpecnostni-reseni\\\/linuxunix-clustery\\\/#breadcrumb\",\"itemListElement\":[{\"@type\":\"ListItem\",\"position\":1,\"name\":\"Home\",\"item\":\"https:\\\/\\\/nethemba.com\\\/cs\\\/home-new-2025\\\/\"},{\"@type\":\"ListItem\",\"position\":2,\"name\":\"Slu\u017eby\",\"item\":\"https:\\\/\\\/nethemba.com\\\/cs\\\/sluzby\\\/\"},{\"@type\":\"ListItem\",\"position\":3,\"name\":\"IT bezpe\u010dnostn\u00ed \u0159e\u0161en\u00ed\",\"item\":\"https:\\\/\\\/nethemba.com\\\/cs\\\/sluzby\\\/it-bezpecnostni-reseni\\\/\"},{\"@type\":\"ListItem\",\"position\":4,\"name\":\"Linux\\\/UNIX clustery\"}]},{\"@type\":\"WebSite\",\"@id\":\"https:\\\/\\\/nethemba.com\\\/de\\\/#website\",\"url\":\"https:\\\/\\\/nethemba.com\\\/de\\\/\",\"name\":\"Nethemba\",\"description\":\"We care about your security\",\"potentialAction\":[{\"@type\":\"SearchAction\",\"target\":{\"@type\":\"EntryPoint\",\"urlTemplate\":\"https:\\\/\\\/nethemba.com\\\/de\\\/?s={search_term_string}\"},\"query-input\":{\"@type\":\"PropertyValueSpecification\",\"valueRequired\":true,\"valueName\":\"search_term_string\"}}],\"inLanguage\":\"cs\"}]}<\/script>\n<!-- \/ Yoast SEO plugin. -->","yoast_head_json":{"title":"Linux\/UNIX clustery - Nethemba","description":"Nab\u00edz\u00edme kompletn\u00ed redundantn\u00ed \u0161k\u00e1lovateln\u00e9 Linux cluster \u0159e\u0161en\u00ed umo\u017e\u0148uj\u00edc\u00ed maxim\u00e1ln\u00ed dostupnost webu a rozd\u011blov\u00e1n\u00ed z\u00e1t\u011b\u017ee postaven\u00e9 na 4-16 serverech","robots":{"index":"index","follow":"follow","max-snippet":"max-snippet:-1","max-image-preview":"max-image-preview:large","max-video-preview":"max-video-preview:-1"},"canonical":"https:\/\/nethemba.com\/cs\/sluzby\/it-bezpecnostni-reseni\/linuxunix-clustery\/","og_locale":"cs_CZ","og_type":"article","og_title":"Linux\/UNIX clustery - Nethemba","og_description":"Nab\u00edz\u00edme kompletn\u00ed redundantn\u00ed \u0161k\u00e1lovateln\u00e9 Linux cluster \u0159e\u0161en\u00ed umo\u017e\u0148uj\u00edc\u00ed maxim\u00e1ln\u00ed dostupnost webu a rozd\u011blov\u00e1n\u00ed z\u00e1t\u011b\u017ee postaven\u00e9 na 4-16 serverech","og_url":"https:\/\/nethemba.com\/cs\/sluzby\/it-bezpecnostni-reseni\/linuxunix-clustery\/","og_site_name":"Nethemba","article_publisher":"https:\/\/www.facebook.com\/nethemba","article_modified_time":"2019-08-19T15:18:09+00:00","twitter_card":"summary_large_image","twitter_site":"@nethemba","twitter_misc":{"Odhadovan\u00e1 doba \u010dten\u00ed":"1 minuta"},"schema":{"@context":"https:\/\/schema.org","@graph":[{"@type":"WebPage","@id":"https:\/\/nethemba.com\/cs\/sluzby\/it-bezpecnostni-reseni\/linuxunix-clustery\/","url":"https:\/\/nethemba.com\/cs\/sluzby\/it-bezpecnostni-reseni\/linuxunix-clustery\/","name":"Linux\/UNIX clustery - Nethemba","isPartOf":{"@id":"https:\/\/nethemba.com\/de\/#website"},"datePublished":"2015-11-08T20:56:02+00:00","dateModified":"2019-08-19T15:18:09+00:00","description":"Nab\u00edz\u00edme kompletn\u00ed redundantn\u00ed \u0161k\u00e1lovateln\u00e9 Linux cluster \u0159e\u0161en\u00ed umo\u017e\u0148uj\u00edc\u00ed maxim\u00e1ln\u00ed dostupnost webu a rozd\u011blov\u00e1n\u00ed z\u00e1t\u011b\u017ee postaven\u00e9 na 4-16 serverech","breadcrumb":{"@id":"https:\/\/nethemba.com\/cs\/sluzby\/it-bezpecnostni-reseni\/linuxunix-clustery\/#breadcrumb"},"inLanguage":"cs","potentialAction":[{"@type":"ReadAction","target":["https:\/\/nethemba.com\/cs\/sluzby\/it-bezpecnostni-reseni\/linuxunix-clustery\/"]}]},{"@type":"BreadcrumbList","@id":"https:\/\/nethemba.com\/cs\/sluzby\/it-bezpecnostni-reseni\/linuxunix-clustery\/#breadcrumb","itemListElement":[{"@type":"ListItem","position":1,"name":"Home","item":"https:\/\/nethemba.com\/cs\/home-new-2025\/"},{"@type":"ListItem","position":2,"name":"Slu\u017eby","item":"https:\/\/nethemba.com\/cs\/sluzby\/"},{"@type":"ListItem","position":3,"name":"IT bezpe\u010dnostn\u00ed \u0159e\u0161en\u00ed","item":"https:\/\/nethemba.com\/cs\/sluzby\/it-bezpecnostni-reseni\/"},{"@type":"ListItem","position":4,"name":"Linux\/UNIX clustery"}]},{"@type":"WebSite","@id":"https:\/\/nethemba.com\/de\/#website","url":"https:\/\/nethemba.com\/de\/","name":"Nethemba","description":"We care about your security","potentialAction":[{"@type":"SearchAction","target":{"@type":"EntryPoint","urlTemplate":"https:\/\/nethemba.com\/de\/?s={search_term_string}"},"query-input":{"@type":"PropertyValueSpecification","valueRequired":true,"valueName":"search_term_string"}}],"inLanguage":"cs"}]}},"_links":{"self":[{"href":"https:\/\/nethemba.com\/cs\/wp-json\/wp\/v2\/pages\/444","targetHints":{"allow":["GET"]}}],"collection":[{"href":"https:\/\/nethemba.com\/cs\/wp-json\/wp\/v2\/pages"}],"about":[{"href":"https:\/\/nethemba.com\/cs\/wp-json\/wp\/v2\/types\/page"}],"author":[{"embeddable":true,"href":"https:\/\/nethemba.com\/cs\/wp-json\/wp\/v2\/users\/2"}],"replies":[{"embeddable":true,"href":"https:\/\/nethemba.com\/cs\/wp-json\/wp\/v2\/comments?post=444"}],"version-history":[{"count":0,"href":"https:\/\/nethemba.com\/cs\/wp-json\/wp\/v2\/pages\/444\/revisions"}],"up":[{"embeddable":true,"href":"https:\/\/nethemba.com\/cs\/wp-json\/wp\/v2\/pages\/426"}],"wp:attachment":[{"href":"https:\/\/nethemba.com\/cs\/wp-json\/wp\/v2\/media?parent=444"}],"curies":[{"name":"wp","href":"https:\/\/api.w.org\/{rel}","templated":true}]}}