{"id":470,"date":"2015-11-08T21:02:27","date_gmt":"2015-11-08T21:02:27","guid":{"rendered":"http:\/\/nethemba.com\/cs\/?page_id=470"},"modified":"2019-08-19T16:25:19","modified_gmt":"2019-08-19T15:25:19","slug":"socialni-inzenyrstvi","status":"publish","type":"page","link":"https:\/\/nethemba.com\/cs\/sluzby\/it-bezpecnostni-sluzby\/socialni-inzenyrstvi\/","title":{"rendered":"Soci\u00e1ln\u00ed in\u017een\u00fdrstv\u00ed"},"content":{"rendered":"<p>Soci\u00e1ln\u00ed in\u017een\u00fdrstv\u00ed p\u0159edstavuje netechnickou formu prolomen\u00ed bezpe\u010dnostn\u00edch postup\u016f a opat\u0159en\u00ed, nakolik jde o \u00fatok zalo\u017een\u00fd na schopnosti ovliv\u0148ov\u00e1n\u00ed a manipulace lid\u00ed. Soci\u00e1ln\u00ed in\u017een\u00fdrstv\u00ed t\u011b\u017e\u00ed z potenci\u00e1ln\u00edho selh\u00e1n\u00ed lidsk\u00e9ho faktoru, kter\u00fd je ned\u00edlnou sou\u010d\u00e1st\u00ed informa\u010dn\u00ed bezpe\u010dnosti a hlavn\u00edm c\u00edlem \u00fato\u010dn\u00edka je naru\u0161it vnit\u0159n\u00ed prost\u0159ed\u00ed organizace nebo z\u00edskat citliv\u00e9 a d\u016fv\u011brn\u00e9 informace s vyu\u017eit\u00edm r\u016fzn\u00fdch psychologick\u00fdch her, manipulace \u010di dokonce v\u00fdhru\u017eek.<\/p>\n<p><strong>Pot\u0159ebujete soci\u00e1ln\u00ed in\u017een\u00fdrstv\u00ed?<br \/>\n<\/strong>Motivace soci\u00e1ln\u00edho in\u017een\u00fdra k uskute\u010dn\u011bn\u00ed \u00fatoku soci\u00e1ln\u00edm in\u017een\u00fdrstv\u00edm m\u016f\u017ee b\u00fdt r\u016fzn\u00e1 a p\u0159edm\u011btem motivace m\u016f\u017ee b\u00fdt nap\u0159\u00edklad finan\u010dn\u00ed zisk, osobn\u00ed z\u00e1jmy \u010di \u00famysln\u00e9 po\u0161kozen\u00ed. Proto\u017ee soci\u00e1ln\u00ed in\u017een\u00fdr vyu\u017e\u00edv\u00e1 p\u0159irozenou tendenci jednotlivce uv\u011b\u0159it, b\u00fdt vst\u0159\u00edcn\u00fd a altruistick\u00fd, m\u016f\u017ee b\u00fdt takov\u00fd \u00fatok realizov\u00e1n i \u00fato\u010dn\u00edkem, kter\u00fd nedisponuje hlubok\u00fdmi technick\u00fdmi znalostmi.<br \/>\nZ tohoto d\u016fvodu je t\u0159eba p\u0159i zvy\u0161ov\u00e1n\u00ed bezpe\u010dnosti organizace realizovat i testov\u00e1n\u00ed soci\u00e1ln\u00edm in\u017een\u00fdrstv\u00edm soub\u011b\u017en\u011b s testov\u00e1n\u00edm IT infrastruktury a webov\u00fdch aplikac\u00ed, proto\u017ee takov\u00fd test dok\u00e1\u017ee odhalit bezpe\u010dnostn\u00ed slabiny v zabezpe\u010den\u00ed, kter\u00e9 by testov\u00e1n\u00ed IT infrastruktury a webov\u00fdch aplikac\u00ed nikdy neodhalilo.<\/p>\n<p><strong>Pr\u016fb\u011bh testu soci\u00e1ln\u00edho in\u017een\u00fdrstv\u00ed<br \/>\n<\/strong>Minim\u00e1ln\u00ed d\u00e9lka testu soci\u00e1ln\u00edm in\u017een\u00fdrstv\u00edm je 5 dn\u00ed.<\/p>\n<table style=\"height: 167px;\" width=\"970\" cellspacing=\"0\" cellpadding=\"4\">\n<colgroup>\n<col width=\"64*\" \/>\n<col width=\"64*\" \/>\n<col width=\"64*\" \/>\n<col width=\"64*\" \/><\/colgroup>\n<tbody>\n<tr valign=\"TOP\">\n<td width=\"25%\">D\u00e9lka testu<\/td>\n<td width=\"25%\">5 dn\u00ed<\/td>\n<td width=\"25%\">6-7 dn\u00ed<\/td>\n<td width=\"25%\">8-10 dn\u00ed<\/td>\n<\/tr>\n<tr valign=\"TOP\">\n<td width=\"25%\">Realizovan\u00e9 techniky<\/td>\n<td width=\"25%\">\n<ul>\n<li>Pasivn\u00ed soci\u00e1ln\u00ed in\u017een\u00fdrstv\u00ed<\/li>\n<li>Simulace phishingu<\/li>\n<\/ul>\n<\/td>\n<td width=\"25%\">\n<ul>\n<li>Pasivn\u00ed soci\u00e1ln\u00ed in\u017een\u00fdrstv\u00ed<\/li>\n<li>Simulace phishingu<\/li>\n<li>Z\u00edsk\u00e1n\u00ed citliv\u00fdch a d\u016fvern\u00fdch informac\u00ed<\/li>\n<\/ul>\n<\/td>\n<td width=\"25%\">\n<ul>\n<li>Pasivn\u00ed soci\u00e1ln\u00ed in\u017een\u00fdrstv\u00ed<\/li>\n<li>Simulace phishingu<\/li>\n<li>Z\u00edsk\u00e1n\u00ed citliv\u00fdch a d\u016fvern\u00fdch inform\u00e1c\u00ed<\/li>\n<li>Aktivn\u00ed soci\u00e1ln\u00ed in\u017een\u00fdrstv\u00ed<\/li>\n<\/ul>\n<\/td>\n<\/tr>\n<tr valign=\"TOP\">\n<td width=\"25%\">Mana\u017eersk\u00e9 shrnut\u00ed<\/td>\n<td width=\"25%\">Ano<\/td>\n<td width=\"25%\">Ano<\/td>\n<td width=\"25%\">Ano<\/td>\n<\/tr>\n<\/tbody>\n<\/table>\n<p>B\u011bhem testov\u00e1n\u00ed pou\u017e\u00edv\u00e1me r\u016fzn\u00e9 sociotechnick\u00e9 triky, nap\u0159\u00edklad spoofing emailov\u00fdch zpr\u00e1v, Caller-ID \u010di Sender-ID u SMS zpr\u00e1v a telefonn\u00edch hovorech, zneu\u017eit\u00ed identity zam\u011bstnance testovan\u00e9 organizace, vyd\u00e1v\u00e1n\u00ed se za nov\u00e9ho zam\u011bstnance nebo dal\u0161\u00ed psychologick\u00e9 metody &#8211; jako prosba o pomoc, vyhro\u017eov\u00e1n\u00ed \u010di n\u00e1tlak. Testy soci\u00e1ln\u00edho in\u017een\u00fdrstv\u00ed je mo\u017en\u00e9 prov\u00e9st n\u00e1sleduj\u00edc\u00edmi zp\u016fsoby a technikami nebo jejich vz\u00e1jemnou kombinac\u00ed a n\u00e1sledn\u011b dopl\u0148ovat, proto\u017ee znalost informac\u00ed je p\u0159idanou hodnotou a zvy\u0161uje d\u016fv\u011bryhodnost u testovan\u00fdch zam\u011bstnanc\u016f p\u0159i realizaci \u00fatok\u016f soci\u00e1ln\u00edm in\u017een\u00fdrstv\u00edm.<\/p>\n<p><strong>V\u00fdstup a vyhodnocen\u00ed<\/strong><\/p>\n<p>V\u0161echny odhalen\u00e9 bezpe\u010dnostn\u00ed incidenty, selh\u00e1n\u00ed bezpe\u010dn\u00e9ho chov\u00e1n\u00ed a z\u00edskan\u00e9 citliv\u00e9 informace jsou zaznamen\u00e1ny a ve v\u00fdsledn\u00e9 zpr\u00e1v\u011b detailn\u011b pops\u00e1ny.<\/p>\n<p><strong><span id=\"result_box\" class=\"short_text\" lang=\"cs\"><span class=\"hps\">Popis<\/span> <span class=\"hps\">technik<\/span> <span class=\"hps\">vyu\u017e\u00edvan\u00fdch<\/span> <span class=\"hps\">b\u011bhem testov\u00e1n\u00ed<\/span><\/span><\/strong><\/p>\n<p><strong>Pasivn\u00ed soci\u00e1ln\u00ed in\u017een\u00fdrstv\u00ed<\/strong> p\u0159edstavuje shroma\u017e\u010fov\u00e1n\u00ed a p\u0159ezkoum\u00e1n\u00ed informac\u00ed, konkr\u00e9tn\u011b jde o techniky:<\/p>\n<ul>\n<li>prov\u011b\u0159en\u00ed ve\u0159ejn\u011b dostupn\u00fdch informac\u00ed o testovan\u00e9 organizaci<\/li>\n<li>prohled\u00e1v\u00e1n\u00ed a z\u00edsk\u00e1v\u00e1n\u00ed informac\u00ed \u010di \u00fadaj\u016f z nalezen\u00fdch zranitelnost\u00ed p\u0159i p\u0159edchoz\u00edm penetra\u010dn\u00edm testov\u00e1n\u00ed nap\u0159\u00edklad IT infrastruktury &#8211; z\u00edsk\u00e1n\u00ed p\u0159\u00edstupu k emailov\u00fdm \u00fa\u010dt\u016fm<\/li>\n<\/ul>\n<p><strong>C\u00edl:<\/strong> Z\u00edskat informace, jejich\u017e znalost m\u016f\u017ee napomoci p\u0159i realizaci sofistikovan\u011bj\u0161\u00edch \u00fatok\u016f zalo\u017een\u00fdch na soci\u00e1ln\u00edm in\u017een\u00fdrstv\u00ed.<\/p>\n<p><strong>Simulace phishingu,<\/strong> kter\u00e1 je zam\u011b\u0159ena na vybranou skupinu zam\u011bstnanc\u016f a t\u00e9to skupin\u011b je zasl\u00e1na speci\u00e1ln\u011b zkonstruovan\u00e1 emailov\u00e1 zpr\u00e1va.<br \/>\n<strong>C\u00edl: <\/strong>Prost\u0159ednictv\u00edm phishingu nav\u00e9st zam\u011bstnance ke kliknut\u00ed na podvr\u017een\u00fd odkaz, jeho\u017e pomoc\u00ed je mo\u017en\u00e9 zan\u00e9st do PC speci\u00e1ln\u011b vytvo\u0159en\u00fd malware a z\u00edskat kontrolu nad t\u00edmto PC, nebo nav\u00e9st zam\u011bstnance na podvr\u017eenou dom\u00e9nu a z\u00edskat od nich citliv\u00e9 informace.<\/p>\n<p><strong>Z\u00edsk\u00e1n\u00ed citliv\u00fdch a d\u016fv\u011brn\u00fdch informac\u00ed<\/strong> je realizov\u00e1no pomoc\u00ed t\u011bchto technik:<\/p>\n<ul>\n<li>kontaktov\u00e1n\u00ed vybran\u00fdch nebo n\u00e1hodn\u00fdch zam\u011bstnanc\u016f testovan\u00e9 organizace pomoc\u00ed <strong>telefonu nebo formou SMS s mo\u017enost\u00ed vyu\u017eit\u00ed podvr\u017een\u00e9 Caller ID identity<\/strong><\/li>\n<li>kontaktov\u00e1n\u00ed vybran\u00fdch nebo n\u00e1hodn\u00fdch zam\u011bstnanc\u016f testovan\u00e9 organizace prost\u0159ednictv\u00edm<strong>soci\u00e1ln\u00edch s\u00edt\u00ed, IM nebo VoIP komunikace<\/strong><\/li>\n<\/ul>\n<p><strong>C\u00edl:<\/strong> Z\u00edskat citliv\u00e9 informace, kter\u00e9 lze zneu\u017e\u00edt (nap\u0159\u00edklad informace o zam\u011bstnaneck\u00e9 hierarchii, infrastruktu\u0159e a pou\u017e\u00edvan\u00fdch softwarov\u00fdch metod\u00e1ch, zabezpe\u010den\u00ed technick\u00e9 podpory nebo z\u00edskat p\u0159\u00edstupov\u00e1 hesla do emailov\u00fdch schr\u00e1nek). D\u00e1le tak\u00e9 co nejp\u0159esv\u011bd\u010div\u011bj\u0161\u00ed ovlivnit rozhodnut\u00ed zam\u011bstnance ve prosp\u011bch \u00fasp\u011b\u0161nosti testu (jak\u00e9koliv selh\u00e1n\u00ed bezpe\u010dn\u00e9ho chov\u00e1n\u00ed).<\/p>\n<p><strong>Aktivn\u00ed soci\u00e1ln\u00ed in\u017een\u00fdrstv\u00ed<\/strong><u><strong>,<\/strong><\/u> v jeho\u017e r\u00e1mci se realizuje:<\/p>\n<ul>\n<li>fyzick\u00fd pr\u016fnik do prostor\u016f organizace p\u0159i n\u011bm\u017e doch\u00e1z\u00ed ke kontaktu se zam\u011bstnanci testovan\u00e9 organizace<\/li>\n<li>test s p\u0159enosn\u00fdmi m\u00e9dii, kde je zam\u011bstnancem podvr\u017een\u00e9 elektronick\u00e9 p\u0159enosn\u00e9 m\u00e9dium &#8211; USB kl\u00ed\u010d nebo optick\u00fd disk<\/li>\n<li>prohled\u00e1v\u00e1n\u00ed odpadk\u016f (dumpster diving \/ dumpster diving)<\/li>\n<\/ul>\n<p><strong>C\u00edl:<\/strong> Z\u00edskat p\u0159\u00edstup a kontrolu nad PC prost\u0159ednictv\u00edm infikovan\u00e9ho malware, p\u0159i pohybu po budov\u011b z\u00edskat citliv\u00e9 a d\u016fv\u011brn\u00e9 informace, kter\u00e9 mohou b\u00fdt polo\u017eeny \/ um\u00edst\u011bny v r\u016fzn\u00fdch m\u00edstech budovy (na stole, v ko\u0161i, atd..) nebo z\u00edskat p\u0159\u00edstup do intranetu pomoc\u00ed aktivn\u00edho prvku um\u00edst\u011bn\u00e9ho v s\u00edti.<\/p>\n","protected":false},"excerpt":{"rendered":"<p>Soci\u00e1ln\u00ed in\u017een\u00fdrstv\u00ed p\u0159edstavuje netechnickou formu prolomen\u00ed bezpe\u010dnostn\u00edch postup\u016f a opat\u0159en\u00ed, nakolik jde o \u00fatok zalo\u017een\u00fd na schopnosti ovliv\u0148ov\u00e1n\u00ed a manipulace lid\u00ed. Soci\u00e1ln\u00ed in\u017een\u00fdrstv\u00ed t\u011b\u017e\u00ed z potenci\u00e1ln\u00edho selh\u00e1n\u00ed lidsk\u00e9ho faktoru, kter\u00fd je ned\u00edlnou sou\u010d\u00e1st\u00ed informa\u010dn\u00ed bezpe\u010dnosti a hlavn\u00edm c\u00edlem \u00fato\u010dn\u00edka je naru\u0161it vnit\u0159n\u00ed prost\u0159ed\u00ed organizace nebo z\u00edskat citliv\u00e9 a d\u016fv\u011brn\u00e9 informace s vyu\u017eit\u00edm r\u016fzn\u00fdch psychologick\u00fdch her, [&hellip;]<\/p>\n","protected":false},"author":2,"featured_media":0,"parent":464,"menu_order":1,"comment_status":"closed","ping_status":"closed","template":"","meta":{"inline_featured_image":false,"_monsterinsights_skip_tracking":false,"_monsterinsights_sitenote_active":false,"_monsterinsights_sitenote_note":"","_monsterinsights_sitenote_category":0,"footnotes":""},"class_list":["post-470","page","type-page","status-publish","hentry"],"yoast_head":"<!-- This site is optimized with the Yoast SEO plugin v27.5 - https:\/\/yoast.com\/product\/yoast-seo-wordpress\/ -->\n<title>Soci\u00e1ln\u00ed in\u017een\u00fdrstv\u00ed - Nethemba - V\u0161e pro va\u0161i bezpe\u010dnost<\/title>\n<meta name=\"description\" content=\"Soci\u00e1ln\u00ed in\u017een\u00fdrstv\u00ed t\u011b\u017e\u00ed z potenci\u00e1ln\u00edho selh\u00e1n\u00ed lidsk\u00e9ho faktoru, kter\u00fd je ned\u00edlnou sou\u010d\u00e1st\u00ed informa\u010dn\u00ed bezpe\u010dnosti s c\u00edlem z\u00edskat citliv\u00e9 informace.\" \/>\n<meta name=\"robots\" content=\"index, follow, max-snippet:-1, max-image-preview:large, max-video-preview:-1\" \/>\n<link rel=\"canonical\" href=\"https:\/\/nethemba.com\/cs\/sluzby\/it-bezpecnostni-sluzby\/socialni-inzenyrstvi\/\" \/>\n<meta property=\"og:locale\" content=\"cs_CZ\" \/>\n<meta property=\"og:type\" content=\"article\" \/>\n<meta property=\"og:title\" content=\"Soci\u00e1ln\u00ed in\u017een\u00fdrstv\u00ed - Nethemba - V\u0161e pro va\u0161i bezpe\u010dnost\" \/>\n<meta property=\"og:description\" content=\"Soci\u00e1ln\u00ed in\u017een\u00fdrstv\u00ed t\u011b\u017e\u00ed z potenci\u00e1ln\u00edho selh\u00e1n\u00ed lidsk\u00e9ho faktoru, kter\u00fd je ned\u00edlnou sou\u010d\u00e1st\u00ed informa\u010dn\u00ed bezpe\u010dnosti s c\u00edlem z\u00edskat citliv\u00e9 informace.\" \/>\n<meta property=\"og:url\" content=\"https:\/\/nethemba.com\/cs\/sluzby\/it-bezpecnostni-sluzby\/socialni-inzenyrstvi\/\" \/>\n<meta property=\"og:site_name\" content=\"Nethemba\" \/>\n<meta property=\"article:publisher\" content=\"https:\/\/www.facebook.com\/nethemba\" \/>\n<meta property=\"article:modified_time\" content=\"2019-08-19T15:25:19+00:00\" \/>\n<meta name=\"twitter:card\" content=\"summary_large_image\" \/>\n<meta name=\"twitter:site\" content=\"@nethemba\" \/>\n<meta name=\"twitter:label1\" content=\"Odhadovan\u00e1 doba \u010dten\u00ed\" \/>\n\t<meta name=\"twitter:data1\" content=\"5 minut\" \/>\n<script type=\"application\/ld+json\" class=\"yoast-schema-graph\">{\"@context\":\"https:\\\/\\\/schema.org\",\"@graph\":[{\"@type\":\"WebPage\",\"@id\":\"https:\\\/\\\/nethemba.com\\\/cs\\\/sluzby\\\/it-bezpecnostni-sluzby\\\/socialni-inzenyrstvi\\\/\",\"url\":\"https:\\\/\\\/nethemba.com\\\/cs\\\/sluzby\\\/it-bezpecnostni-sluzby\\\/socialni-inzenyrstvi\\\/\",\"name\":\"Soci\u00e1ln\u00ed in\u017een\u00fdrstv\u00ed - Nethemba - V\u0161e pro va\u0161i bezpe\u010dnost\",\"isPartOf\":{\"@id\":\"https:\\\/\\\/nethemba.com\\\/de\\\/#website\"},\"datePublished\":\"2015-11-08T21:02:27+00:00\",\"dateModified\":\"2019-08-19T15:25:19+00:00\",\"description\":\"Soci\u00e1ln\u00ed in\u017een\u00fdrstv\u00ed t\u011b\u017e\u00ed z potenci\u00e1ln\u00edho selh\u00e1n\u00ed lidsk\u00e9ho faktoru, kter\u00fd je ned\u00edlnou sou\u010d\u00e1st\u00ed informa\u010dn\u00ed bezpe\u010dnosti s c\u00edlem z\u00edskat citliv\u00e9 informace.\",\"breadcrumb\":{\"@id\":\"https:\\\/\\\/nethemba.com\\\/cs\\\/sluzby\\\/it-bezpecnostni-sluzby\\\/socialni-inzenyrstvi\\\/#breadcrumb\"},\"inLanguage\":\"cs\",\"potentialAction\":[{\"@type\":\"ReadAction\",\"target\":[\"https:\\\/\\\/nethemba.com\\\/cs\\\/sluzby\\\/it-bezpecnostni-sluzby\\\/socialni-inzenyrstvi\\\/\"]}]},{\"@type\":\"BreadcrumbList\",\"@id\":\"https:\\\/\\\/nethemba.com\\\/cs\\\/sluzby\\\/it-bezpecnostni-sluzby\\\/socialni-inzenyrstvi\\\/#breadcrumb\",\"itemListElement\":[{\"@type\":\"ListItem\",\"position\":1,\"name\":\"Home\",\"item\":\"https:\\\/\\\/nethemba.com\\\/cs\\\/home-new-2025\\\/\"},{\"@type\":\"ListItem\",\"position\":2,\"name\":\"Slu\u017eby\",\"item\":\"https:\\\/\\\/nethemba.com\\\/cs\\\/sluzby\\\/\"},{\"@type\":\"ListItem\",\"position\":3,\"name\":\"IT bezpe\u010dnostn\u00ed slu\u017eby\",\"item\":\"https:\\\/\\\/nethemba.com\\\/cs\\\/sluzby\\\/it-bezpecnostni-sluzby\\\/\"},{\"@type\":\"ListItem\",\"position\":4,\"name\":\"IT bezpe\u010dnostn\u00ed slu\u017eby\",\"item\":\"https:\\\/\\\/nethemba.com\\\/sluzby\\\/it-bezpecnostni-sluzby\\\/\"},{\"@type\":\"ListItem\",\"position\":5,\"name\":\"Soci\u00e1ln\u00ed in\u017een\u00fdrstv\u00ed\"}]},{\"@type\":\"WebSite\",\"@id\":\"https:\\\/\\\/nethemba.com\\\/de\\\/#website\",\"url\":\"https:\\\/\\\/nethemba.com\\\/de\\\/\",\"name\":\"Nethemba\",\"description\":\"We care about your security\",\"potentialAction\":[{\"@type\":\"SearchAction\",\"target\":{\"@type\":\"EntryPoint\",\"urlTemplate\":\"https:\\\/\\\/nethemba.com\\\/de\\\/?s={search_term_string}\"},\"query-input\":{\"@type\":\"PropertyValueSpecification\",\"valueRequired\":true,\"valueName\":\"search_term_string\"}}],\"inLanguage\":\"cs\"}]}<\/script>\n<!-- \/ Yoast SEO plugin. -->","yoast_head_json":{"title":"Soci\u00e1ln\u00ed in\u017een\u00fdrstv\u00ed - Nethemba - V\u0161e pro va\u0161i bezpe\u010dnost","description":"Soci\u00e1ln\u00ed in\u017een\u00fdrstv\u00ed t\u011b\u017e\u00ed z potenci\u00e1ln\u00edho selh\u00e1n\u00ed lidsk\u00e9ho faktoru, kter\u00fd je ned\u00edlnou sou\u010d\u00e1st\u00ed informa\u010dn\u00ed bezpe\u010dnosti s c\u00edlem z\u00edskat citliv\u00e9 informace.","robots":{"index":"index","follow":"follow","max-snippet":"max-snippet:-1","max-image-preview":"max-image-preview:large","max-video-preview":"max-video-preview:-1"},"canonical":"https:\/\/nethemba.com\/cs\/sluzby\/it-bezpecnostni-sluzby\/socialni-inzenyrstvi\/","og_locale":"cs_CZ","og_type":"article","og_title":"Soci\u00e1ln\u00ed in\u017een\u00fdrstv\u00ed - Nethemba - V\u0161e pro va\u0161i bezpe\u010dnost","og_description":"Soci\u00e1ln\u00ed in\u017een\u00fdrstv\u00ed t\u011b\u017e\u00ed z potenci\u00e1ln\u00edho selh\u00e1n\u00ed lidsk\u00e9ho faktoru, kter\u00fd je ned\u00edlnou sou\u010d\u00e1st\u00ed informa\u010dn\u00ed bezpe\u010dnosti s c\u00edlem z\u00edskat citliv\u00e9 informace.","og_url":"https:\/\/nethemba.com\/cs\/sluzby\/it-bezpecnostni-sluzby\/socialni-inzenyrstvi\/","og_site_name":"Nethemba","article_publisher":"https:\/\/www.facebook.com\/nethemba","article_modified_time":"2019-08-19T15:25:19+00:00","twitter_card":"summary_large_image","twitter_site":"@nethemba","twitter_misc":{"Odhadovan\u00e1 doba \u010dten\u00ed":"5 minut"},"schema":{"@context":"https:\/\/schema.org","@graph":[{"@type":"WebPage","@id":"https:\/\/nethemba.com\/cs\/sluzby\/it-bezpecnostni-sluzby\/socialni-inzenyrstvi\/","url":"https:\/\/nethemba.com\/cs\/sluzby\/it-bezpecnostni-sluzby\/socialni-inzenyrstvi\/","name":"Soci\u00e1ln\u00ed in\u017een\u00fdrstv\u00ed - Nethemba - V\u0161e pro va\u0161i bezpe\u010dnost","isPartOf":{"@id":"https:\/\/nethemba.com\/de\/#website"},"datePublished":"2015-11-08T21:02:27+00:00","dateModified":"2019-08-19T15:25:19+00:00","description":"Soci\u00e1ln\u00ed in\u017een\u00fdrstv\u00ed t\u011b\u017e\u00ed z potenci\u00e1ln\u00edho selh\u00e1n\u00ed lidsk\u00e9ho faktoru, kter\u00fd je ned\u00edlnou sou\u010d\u00e1st\u00ed informa\u010dn\u00ed bezpe\u010dnosti s c\u00edlem z\u00edskat citliv\u00e9 informace.","breadcrumb":{"@id":"https:\/\/nethemba.com\/cs\/sluzby\/it-bezpecnostni-sluzby\/socialni-inzenyrstvi\/#breadcrumb"},"inLanguage":"cs","potentialAction":[{"@type":"ReadAction","target":["https:\/\/nethemba.com\/cs\/sluzby\/it-bezpecnostni-sluzby\/socialni-inzenyrstvi\/"]}]},{"@type":"BreadcrumbList","@id":"https:\/\/nethemba.com\/cs\/sluzby\/it-bezpecnostni-sluzby\/socialni-inzenyrstvi\/#breadcrumb","itemListElement":[{"@type":"ListItem","position":1,"name":"Home","item":"https:\/\/nethemba.com\/cs\/home-new-2025\/"},{"@type":"ListItem","position":2,"name":"Slu\u017eby","item":"https:\/\/nethemba.com\/cs\/sluzby\/"},{"@type":"ListItem","position":3,"name":"IT bezpe\u010dnostn\u00ed slu\u017eby","item":"https:\/\/nethemba.com\/cs\/sluzby\/it-bezpecnostni-sluzby\/"},{"@type":"ListItem","position":4,"name":"IT bezpe\u010dnostn\u00ed slu\u017eby","item":"https:\/\/nethemba.com\/sluzby\/it-bezpecnostni-sluzby\/"},{"@type":"ListItem","position":5,"name":"Soci\u00e1ln\u00ed in\u017een\u00fdrstv\u00ed"}]},{"@type":"WebSite","@id":"https:\/\/nethemba.com\/de\/#website","url":"https:\/\/nethemba.com\/de\/","name":"Nethemba","description":"We care about your security","potentialAction":[{"@type":"SearchAction","target":{"@type":"EntryPoint","urlTemplate":"https:\/\/nethemba.com\/de\/?s={search_term_string}"},"query-input":{"@type":"PropertyValueSpecification","valueRequired":true,"valueName":"search_term_string"}}],"inLanguage":"cs"}]}},"_links":{"self":[{"href":"https:\/\/nethemba.com\/cs\/wp-json\/wp\/v2\/pages\/470","targetHints":{"allow":["GET"]}}],"collection":[{"href":"https:\/\/nethemba.com\/cs\/wp-json\/wp\/v2\/pages"}],"about":[{"href":"https:\/\/nethemba.com\/cs\/wp-json\/wp\/v2\/types\/page"}],"author":[{"embeddable":true,"href":"https:\/\/nethemba.com\/cs\/wp-json\/wp\/v2\/users\/2"}],"replies":[{"embeddable":true,"href":"https:\/\/nethemba.com\/cs\/wp-json\/wp\/v2\/comments?post=470"}],"version-history":[{"count":0,"href":"https:\/\/nethemba.com\/cs\/wp-json\/wp\/v2\/pages\/470\/revisions"}],"up":[{"embeddable":true,"href":"https:\/\/nethemba.com\/cs\/wp-json\/wp\/v2\/pages\/464"}],"wp:attachment":[{"href":"https:\/\/nethemba.com\/cs\/wp-json\/wp\/v2\/media?parent=470"}],"curies":[{"name":"wp","href":"https:\/\/api.w.org\/{rel}","templated":true}]}}