{"id":518,"date":"2015-11-08T21:12:04","date_gmt":"2015-11-08T21:12:04","guid":{"rendered":"http:\/\/nethemba.com\/cs\/?page_id=518"},"modified":"2015-11-09T12:45:39","modified_gmt":"2015-11-09T12:45:39","slug":"sponzorovany-vyzkum","status":"publish","type":"page","link":"https:\/\/nethemba.com\/cs\/o-nas-old\/sponzorovany-vyzkum\/","title":{"rendered":"Sponzorovan\u00fd v\u00fdzkum"},"content":{"rendered":"<h3>Prelom technol\u00f3giu, nap\u00ed\u0161 opensource a z\u00edskaj odmenu!<\/h3>\n<p>Technol\u00f3gie s\u00fa neodmyslite\u013enou s\u00fa\u010das\u0165ou n\u00e1\u0161ho modern\u00e9ho \u017eivota \u2013 uchov\u00e1vaj\u00fa, pou\u017e\u00edvaj\u00fa, \u010di pren\u00e1\u0161aj\u00fa na\u0161e osobn\u00e9 \u00fadaje a s\u00fakromne inform\u00e1cie. Ich technologick\u00e1 zastaralos\u0165, z bezpe\u010dnostn\u00e9ho h\u013eadiska nepremyslen\u00fd n\u00e1vrh, \u010di vysok\u00e1 komplexnos\u0165 sp\u00f4sobuj\u00fa, \u017ee sa uveden\u00e9 technol\u00f3gie st\u00e1vaj\u00fa zranite\u013en\u00e9 a priamo zneu\u017eite\u013en\u00e9.<br \/>\n<strong>Vedeli ste, \u017ee:<\/strong><\/p>\n<ul>\n<li>va\u0161e GSM hovory dok\u00e1\u017ee ktoko\u013evek anonymne odpo\u010d\u00fava\u0165 so zariaden\u00edm lacnej\u0161\u00edm ako $2000 ?<\/li>\n<li>A5\/3 \u0161ifra vyu\u017e\u00edvan\u00e1 v \u201ebezpe\u010dnej\u0161ej&#8220; 3G komunik\u00e1cii bola u\u017e tie\u017e prelomen\u00e1?<\/li>\n<li>\u010dipov\u00e9 RFID karty Mifare Classic mas\u00edvne pou\u017e\u00edvane na celom svete aj Slovensku ako elektri\u010denky, univerzitn\u00e9\/ISIC preukazy, parkovacie karty, \u010di vstupy do budov a plav\u00e1rn\u00ed boli praktick\u00e9 prelomen\u00e9 u\u017e pred p\u00e1r rokmi, napriek tomu sa st\u00e1le pou\u017e\u00edvaj\u00fa a ktoko\u013evek vo va\u0161ej fyzickej bl\u00edzkosti dok\u00e1\u017ee va\u0161u kartu kompletne pre\u010d\u00edta\u0165 (vr\u00e1tane v\u00e1\u0161ho krstn\u00e9ho mena a priezviska), upravi\u0165 pod\u013ea \u013eubov\u00f4le, vyklonova\u0165, \u010di nenavr\u00e1tne zni\u010di\u0165?<\/li>\n<li>Hitag2 \u010dip vyu\u017e\u00edvan\u00fd v k\u013e\u00fa\u010dikoch od \u00e1ut Renault, Opel, Peugeot, Citroen je prelomen\u00fd?<\/li>\n<li>KeeLoq \u0161ifru vyu\u017e\u00edvan\u00e1 v k\u013e\u00fa\u010dikoch od \u00e1ut Chrysler, Daewoo, Fiat, General Motors, Honda, Toyota, Volvo, Volkswagen, \u010di Jaguar je mo\u017en\u00e9 prelomi\u0165 za 2 dni?<\/li>\n<li>v\u0161etky uveden\u00e9 technol\u00f3gie <strong>sa st\u00e1le pou\u017e\u00edvaj\u00fa a hromadne nasadzuj\u00fa<\/strong>, ich v\u00fdrobcovia a dod\u00e1vatelia pokladaj\u00fa ve\u013eakr\u00e1t uveden\u00e9 hrozby len za teoretick\u00e9 a prakticky nerealizovate\u013en\u00e9 a v snahe u\u0161etri\u0165 <strong>zanedb\u00e1vaj\u00fa ich bezpe\u010dnos\u0165?<\/strong><\/li>\n<li>tento stav ohrozuje s\u00fakromie oby\u010dajn\u00fdch \u013eud\u00ed a \u00faplne vyhovuje krimin\u00e1lnemu podsvetiu, ktor\u00e9 dok\u00e1\u017ee uveden\u00e9 zranite\u013enosti <strong>zneu\u017ei\u0165 v svoj prospech?<\/strong><\/li>\n<\/ul>\n<p>Dlhoro\u010dn\u00e1 prax v IT bezpe\u010dnosti na celom svete ukazuje, \u017ee jeden <strong>z m\u00e1la \u00fa\u010dinn\u00fdch prostriedkov,<\/strong>ktor\u00fd dok\u00e1\u017ee prev\u00e1dzkovate\u013eov a v\u00fdrobcov zranite\u013en\u00fdch technol\u00f3gi\u00ed <strong>prin\u00fati\u0165 zranite\u013en\u00fa technol\u00f3giu opravi\u0165<\/strong>, pr\u00edpadne nahradi\u0165 za bezpe\u010dnej\u0161iu, je zverejnenie tzv. \u201eProof-Of-Concept&#8220; &#8211; t.j. funk\u010dnej implement\u00e1cie, ktor\u00e1 prakticky demon\u0161truje zneu\u017eitie danej technol\u00f3gie.<\/p>\n<p>IT bezpe\u010dnostn\u00e1 spolo\u010dnos\u0165 Nethemba, ktor\u00e1 podporuje bezpe\u010dn\u00e9 technol\u00f3gie a otvoren\u00fd softv\u00e9r, sa rozhodla na v\u00fdvoj funk\u010dnej a verejnej implement\u00e1cie, ktor\u00e1 by prakticky demon\u0161trovala zneu\u017eitie r\u00f4znych technol\u00f3gi\u00ed, venova\u0165 pre ka\u017ed\u00fd tak\u00fdto projekt <strong>sumu 500 a\u017e 2500 \u20ac<\/strong> (v z\u00e1vislosti od technol\u00f3gie a komplexnosti samotnej implement\u00e1cie).<\/p>\n<p>Implement\u00e1cia m\u00f4\u017ee by\u0165 nap\u00edsan\u00e1 v \u013eubovo\u013enom programovacom jazyku, pok\u00fdm rozhranie k danej technol\u00f3gie nevy\u017eaduje pou\u017eitie konkr\u00e9tneho jazyka (napr. C alebo Java).<\/p>\n<p>Implement\u00e1cia bude zverejnen\u00e1 pod otvorenou licenciou GNU GPLv2 (v pr\u00edpade vz\u00e1jomnej dohody je mo\u017en\u00e9 pou\u017ei\u0165 aj in\u00fa otvoren\u00fa licenciu).<\/p>\n<p><strong>Cie\u013eov\u00e1 skupina rie\u0161ite\u013eov:<\/strong><\/p>\n<ul>\n<li>\u0161tudenti technick\u00fdch vysok\u00fdch \u0161k\u00f4l (vhodn\u00e1 t\u00e9ma pre diplomov\u00fa alebo bakal\u00e1rsku pr\u00e1cu)<\/li>\n<li>\u010dlenovia hackerspaceov<\/li>\n<li>ktoko\u013evek s mno\u017estvom vo\u013en\u00e9ho \u010dasu, nad\u0161enia a znalost\u00ed<\/li>\n<\/ul>\n<p><strong>Podpora zo strany spolo\u010dnosti Nethemba:<\/strong><\/p>\n<ul>\n<li>kompletn\u00e9 finan\u010dn\u00e9 pokrytie projektu, n\u00e1kup a zabezpe\u010denie \u0161pecifick\u00e9ho hardware<\/li>\n<li>vedenie projektu, technick\u00e1 pomoc a konzult\u00e1cie zo strany na\u0161ich zamestnancov<\/li>\n<li>prepojenie s komunitou &#8211; s in\u00fdmi rie\u0161ite\u013emi dan\u00e9ho projektu, pr\u00edpadne v\u00fdskumn\u00edkmi venuj\u00facim sa danej oblasti<\/li>\n<\/ul>\n<ul>\n<li>v pr\u00edpade \u00faspe\u0161nej implement\u00e1cie ktor\u00e9hoko\u013evek projektu spolo\u010dnos\u0165 Nethemba bude dodr\u017eiava\u0165 <a href=\"http:\/\/en.wikipedia.org\/wiki\/Responsible_disclosure\">etick\u00e9 z\u00e1sady jeho zverejnenia<\/a><\/li>\n<\/ul>\n<p><strong>Podmienky vyplatenia odmeny:<\/strong><\/p>\n<ul>\n<li>odmena (500-2500 \u20ac) je vyplaten\u00e1 len prvej funk\u010dnej implement\u00e1cii dan\u00e9ho projektu<\/li>\n<li>je mo\u017en\u00e9 na danom projekte kolaborova\u0165, v tom pr\u00edpade je odmena rozdelen\u00e1 medzi jednotliv\u00fdch rie\u0161ite\u013eov<\/li>\n<li>implement\u00e1cia mus\u00ed by\u0165 zverejnen\u00e1 pod otvorenou licenciou<\/li>\n<\/ul>\n<p><strong>Platnos\u0165 akcie:<\/strong><\/p>\n<ul>\n<li>do odvolania zo strany spolo\u010dnosti Nethemba<\/li>\n<\/ul>\n","protected":false},"excerpt":{"rendered":"<p>Prelom technol\u00f3giu, nap\u00ed\u0161 opensource a z\u00edskaj odmenu! Technol\u00f3gie s\u00fa neodmyslite\u013enou s\u00fa\u010das\u0165ou n\u00e1\u0161ho modern\u00e9ho \u017eivota \u2013 uchov\u00e1vaj\u00fa, pou\u017e\u00edvaj\u00fa, \u010di pren\u00e1\u0161aj\u00fa na\u0161e osobn\u00e9 \u00fadaje a s\u00fakromne inform\u00e1cie. Ich technologick\u00e1 zastaralos\u0165, z bezpe\u010dnostn\u00e9ho h\u013eadiska nepremyslen\u00fd n\u00e1vrh, \u010di vysok\u00e1 komplexnos\u0165 sp\u00f4sobuj\u00fa, \u017ee sa uveden\u00e9 technol\u00f3gie st\u00e1vaj\u00fa zranite\u013en\u00e9 a priamo zneu\u017eite\u013en\u00e9. Vedeli ste, \u017ee: va\u0161e GSM hovory dok\u00e1\u017ee ktoko\u013evek anonymne [&hellip;]<\/p>\n","protected":false},"author":2,"featured_media":0,"parent":319,"menu_order":0,"comment_status":"closed","ping_status":"closed","template":"research.php","meta":{"inline_featured_image":false,"_monsterinsights_skip_tracking":false,"_monsterinsights_sitenote_active":false,"_monsterinsights_sitenote_note":"","_monsterinsights_sitenote_category":0,"footnotes":""},"class_list":["post-518","page","type-page","status-publish","hentry"],"yoast_head":"<!-- This site is optimized with the Yoast SEO plugin v27.3 - https:\/\/yoast.com\/product\/yoast-seo-wordpress\/ -->\n<title>Sponzorovan\u00fd v\u00fdzkum - Nethemba<\/title>\n<meta name=\"robots\" content=\"index, follow, max-snippet:-1, max-image-preview:large, max-video-preview:-1\" \/>\n<link rel=\"canonical\" href=\"https:\/\/nethemba.com\/cs\/o-nas-old\/sponzorovany-vyzkum\/\" \/>\n<meta property=\"og:locale\" content=\"cs_CZ\" \/>\n<meta property=\"og:type\" content=\"article\" \/>\n<meta property=\"og:title\" content=\"Sponzorovan\u00fd v\u00fdzkum - Nethemba\" \/>\n<meta property=\"og:description\" content=\"Prelom technol\u00f3giu, nap\u00ed\u0161 opensource a z\u00edskaj odmenu! Technol\u00f3gie s\u00fa neodmyslite\u013enou s\u00fa\u010das\u0165ou n\u00e1\u0161ho modern\u00e9ho \u017eivota \u2013 uchov\u00e1vaj\u00fa, pou\u017e\u00edvaj\u00fa, \u010di pren\u00e1\u0161aj\u00fa na\u0161e osobn\u00e9 \u00fadaje a s\u00fakromne inform\u00e1cie. Ich technologick\u00e1 zastaralos\u0165, z bezpe\u010dnostn\u00e9ho h\u013eadiska nepremyslen\u00fd n\u00e1vrh, \u010di vysok\u00e1 komplexnos\u0165 sp\u00f4sobuj\u00fa, \u017ee sa uveden\u00e9 technol\u00f3gie st\u00e1vaj\u00fa zranite\u013en\u00e9 a priamo zneu\u017eite\u013en\u00e9. Vedeli ste, \u017ee: va\u0161e GSM hovory dok\u00e1\u017ee ktoko\u013evek anonymne [&hellip;]\" \/>\n<meta property=\"og:url\" content=\"https:\/\/nethemba.com\/cs\/o-nas-old\/sponzorovany-vyzkum\/\" \/>\n<meta property=\"og:site_name\" content=\"Nethemba\" \/>\n<meta property=\"article:publisher\" content=\"https:\/\/www.facebook.com\/nethemba\" \/>\n<meta property=\"article:modified_time\" content=\"2015-11-09T12:45:39+00:00\" \/>\n<meta name=\"twitter:card\" content=\"summary_large_image\" \/>\n<meta name=\"twitter:site\" content=\"@nethemba\" \/>\n<meta name=\"twitter:label1\" content=\"Odhadovan\u00e1 doba \u010dten\u00ed\" \/>\n\t<meta name=\"twitter:data1\" content=\"3 minuty\" \/>\n<script type=\"application\/ld+json\" class=\"yoast-schema-graph\">{\"@context\":\"https:\\\/\\\/schema.org\",\"@graph\":[{\"@type\":\"WebPage\",\"@id\":\"https:\\\/\\\/nethemba.com\\\/cs\\\/o-nas-old\\\/sponzorovany-vyzkum\\\/\",\"url\":\"https:\\\/\\\/nethemba.com\\\/cs\\\/o-nas-old\\\/sponzorovany-vyzkum\\\/\",\"name\":\"Sponzorovan\u00fd v\u00fdzkum - Nethemba\",\"isPartOf\":{\"@id\":\"https:\\\/\\\/nethemba.com\\\/de\\\/#website\"},\"datePublished\":\"2015-11-08T21:12:04+00:00\",\"dateModified\":\"2015-11-09T12:45:39+00:00\",\"breadcrumb\":{\"@id\":\"https:\\\/\\\/nethemba.com\\\/cs\\\/o-nas-old\\\/sponzorovany-vyzkum\\\/#breadcrumb\"},\"inLanguage\":\"cs\",\"potentialAction\":[{\"@type\":\"ReadAction\",\"target\":[\"https:\\\/\\\/nethemba.com\\\/cs\\\/o-nas-old\\\/sponzorovany-vyzkum\\\/\"]}]},{\"@type\":\"BreadcrumbList\",\"@id\":\"https:\\\/\\\/nethemba.com\\\/cs\\\/o-nas-old\\\/sponzorovany-vyzkum\\\/#breadcrumb\",\"itemListElement\":[{\"@type\":\"ListItem\",\"position\":1,\"name\":\"Home\",\"item\":\"https:\\\/\\\/nethemba.com\\\/cs\\\/home-new-2025\\\/\"},{\"@type\":\"ListItem\",\"position\":2,\"name\":\"O n\u00e1s\",\"item\":\"https:\\\/\\\/nethemba.com\\\/cs\\\/?page_id=319\"},{\"@type\":\"ListItem\",\"position\":3,\"name\":\"Sponzorovan\u00fd v\u00fdzkum\"}]},{\"@type\":\"WebSite\",\"@id\":\"https:\\\/\\\/nethemba.com\\\/de\\\/#website\",\"url\":\"https:\\\/\\\/nethemba.com\\\/de\\\/\",\"name\":\"Nethemba\",\"description\":\"We care about your security\",\"potentialAction\":[{\"@type\":\"SearchAction\",\"target\":{\"@type\":\"EntryPoint\",\"urlTemplate\":\"https:\\\/\\\/nethemba.com\\\/de\\\/?s={search_term_string}\"},\"query-input\":{\"@type\":\"PropertyValueSpecification\",\"valueRequired\":true,\"valueName\":\"search_term_string\"}}],\"inLanguage\":\"cs\"}]}<\/script>\n<!-- \/ Yoast SEO plugin. -->","yoast_head_json":{"title":"Sponzorovan\u00fd v\u00fdzkum - Nethemba","robots":{"index":"index","follow":"follow","max-snippet":"max-snippet:-1","max-image-preview":"max-image-preview:large","max-video-preview":"max-video-preview:-1"},"canonical":"https:\/\/nethemba.com\/cs\/o-nas-old\/sponzorovany-vyzkum\/","og_locale":"cs_CZ","og_type":"article","og_title":"Sponzorovan\u00fd v\u00fdzkum - Nethemba","og_description":"Prelom technol\u00f3giu, nap\u00ed\u0161 opensource a z\u00edskaj odmenu! Technol\u00f3gie s\u00fa neodmyslite\u013enou s\u00fa\u010das\u0165ou n\u00e1\u0161ho modern\u00e9ho \u017eivota \u2013 uchov\u00e1vaj\u00fa, pou\u017e\u00edvaj\u00fa, \u010di pren\u00e1\u0161aj\u00fa na\u0161e osobn\u00e9 \u00fadaje a s\u00fakromne inform\u00e1cie. Ich technologick\u00e1 zastaralos\u0165, z bezpe\u010dnostn\u00e9ho h\u013eadiska nepremyslen\u00fd n\u00e1vrh, \u010di vysok\u00e1 komplexnos\u0165 sp\u00f4sobuj\u00fa, \u017ee sa uveden\u00e9 technol\u00f3gie st\u00e1vaj\u00fa zranite\u013en\u00e9 a priamo zneu\u017eite\u013en\u00e9. Vedeli ste, \u017ee: va\u0161e GSM hovory dok\u00e1\u017ee ktoko\u013evek anonymne [&hellip;]","og_url":"https:\/\/nethemba.com\/cs\/o-nas-old\/sponzorovany-vyzkum\/","og_site_name":"Nethemba","article_publisher":"https:\/\/www.facebook.com\/nethemba","article_modified_time":"2015-11-09T12:45:39+00:00","twitter_card":"summary_large_image","twitter_site":"@nethemba","twitter_misc":{"Odhadovan\u00e1 doba \u010dten\u00ed":"3 minuty"},"schema":{"@context":"https:\/\/schema.org","@graph":[{"@type":"WebPage","@id":"https:\/\/nethemba.com\/cs\/o-nas-old\/sponzorovany-vyzkum\/","url":"https:\/\/nethemba.com\/cs\/o-nas-old\/sponzorovany-vyzkum\/","name":"Sponzorovan\u00fd v\u00fdzkum - Nethemba","isPartOf":{"@id":"https:\/\/nethemba.com\/de\/#website"},"datePublished":"2015-11-08T21:12:04+00:00","dateModified":"2015-11-09T12:45:39+00:00","breadcrumb":{"@id":"https:\/\/nethemba.com\/cs\/o-nas-old\/sponzorovany-vyzkum\/#breadcrumb"},"inLanguage":"cs","potentialAction":[{"@type":"ReadAction","target":["https:\/\/nethemba.com\/cs\/o-nas-old\/sponzorovany-vyzkum\/"]}]},{"@type":"BreadcrumbList","@id":"https:\/\/nethemba.com\/cs\/o-nas-old\/sponzorovany-vyzkum\/#breadcrumb","itemListElement":[{"@type":"ListItem","position":1,"name":"Home","item":"https:\/\/nethemba.com\/cs\/home-new-2025\/"},{"@type":"ListItem","position":2,"name":"O n\u00e1s","item":"https:\/\/nethemba.com\/cs\/?page_id=319"},{"@type":"ListItem","position":3,"name":"Sponzorovan\u00fd v\u00fdzkum"}]},{"@type":"WebSite","@id":"https:\/\/nethemba.com\/de\/#website","url":"https:\/\/nethemba.com\/de\/","name":"Nethemba","description":"We care about your security","potentialAction":[{"@type":"SearchAction","target":{"@type":"EntryPoint","urlTemplate":"https:\/\/nethemba.com\/de\/?s={search_term_string}"},"query-input":{"@type":"PropertyValueSpecification","valueRequired":true,"valueName":"search_term_string"}}],"inLanguage":"cs"}]}},"_links":{"self":[{"href":"https:\/\/nethemba.com\/cs\/wp-json\/wp\/v2\/pages\/518","targetHints":{"allow":["GET"]}}],"collection":[{"href":"https:\/\/nethemba.com\/cs\/wp-json\/wp\/v2\/pages"}],"about":[{"href":"https:\/\/nethemba.com\/cs\/wp-json\/wp\/v2\/types\/page"}],"author":[{"embeddable":true,"href":"https:\/\/nethemba.com\/cs\/wp-json\/wp\/v2\/users\/2"}],"replies":[{"embeddable":true,"href":"https:\/\/nethemba.com\/cs\/wp-json\/wp\/v2\/comments?post=518"}],"version-history":[{"count":0,"href":"https:\/\/nethemba.com\/cs\/wp-json\/wp\/v2\/pages\/518\/revisions"}],"up":[{"embeddable":true,"href":"https:\/\/nethemba.com\/cs\/wp-json\/wp\/v2\/pages\/319"}],"wp:attachment":[{"href":"https:\/\/nethemba.com\/cs\/wp-json\/wp\/v2\/media?parent=518"}],"curies":[{"name":"wp","href":"https:\/\/api.w.org\/{rel}","templated":true}]}}