{"id":524,"date":"2015-11-09T09:13:07","date_gmt":"2015-11-09T09:13:07","guid":{"rendered":"http:\/\/nethemba.com\/cs\/?page_id=524"},"modified":"2021-01-10T09:47:54","modified_gmt":"2021-01-10T08:47:54","slug":"vyzkum","status":"publish","type":"page","link":"https:\/\/nethemba.com\/cs\/o-nas-old\/vyzkum\/","title":{"rendered":"V\u00fdzkum"},"content":{"rendered":"<p><span lang=\"cs-CZ\">V p\u0159\u00edpad\u011b, \u017ee hled\u00e1te na\u0161e publikace a prezentace, tak pokra\u010dujte zde\u00a0<\/span><a href=\"https:\/\/nethemba.com\/cs\/sluzby\/it-bezpecnostni-sluzby\/konzultace-skoleni\/\">Konzultace &amp;\u00a0\u0160kolen\u00ed<\/a><span lang=\"cs-CZ\">.<\/span><\/p>\n<p lang=\"cs-CZ\">B\u011bhem na\u0161eho p\u016fsoben\u00ed na poli bezpe\u010dnosti, jsme analyzovali a odhalili mnoho v\u00e1\u017en\u00fdch bezpe\u010dnostn\u00edch zranitelnost\u00ed v r\u016fzn\u00fdch ve\u0159ejn\u011b dostupn\u00fdch syst\u00e9mech. Mno\u017estv\u00ed t\u011bchto zranitelnost\u00ed jsme prezentovali na uzn\u00e1van\u00fdch sv\u011btov\u00fdch bezpe\u010dnostn\u00edch konferenc\u00edch:<\/p>\n<ul>\n<li lang=\"cs-CZ\">Ve\u0159ejn\u00e1 bezpe\u010dnostn\u00ed anal\u00fdza slovensk\u00fdch biometrick\u00fdch pas\u016f<\/li>\n<li lang=\"cs-CZ\">V\u00e1\u017en\u00e9 zranitelnosti v nejpou\u017e\u00edvan\u011bj\u0161\u00edch slovensk\u00fdch a \u010desk\u00fdch \u010dipov\u00fdch Mifare kart\u00e1ch<\/li>\n<li lang=\"cs-CZ\">V\u00e1\u017en\u00e9 zranitelnosti v SMS j\u00edzdenk\u00e1ch<\/li>\n<\/ul>\n","protected":false},"excerpt":{"rendered":"<p>V p\u0159\u00edpad\u011b, \u017ee hled\u00e1te na\u0161e publikace a prezentace, tak pokra\u010dujte zde\u00a0Konzultace &amp;\u00a0\u0160kolen\u00ed. B\u011bhem na\u0161eho p\u016fsoben\u00ed na poli bezpe\u010dnosti, jsme analyzovali a odhalili mnoho v\u00e1\u017en\u00fdch bezpe\u010dnostn\u00edch zranitelnost\u00ed v r\u016fzn\u00fdch ve\u0159ejn\u011b dostupn\u00fdch syst\u00e9mech. Mno\u017estv\u00ed t\u011bchto zranitelnost\u00ed jsme prezentovali na uzn\u00e1van\u00fdch sv\u011btov\u00fdch bezpe\u010dnostn\u00edch konferenc\u00edch: Ve\u0159ejn\u00e1 bezpe\u010dnostn\u00ed anal\u00fdza slovensk\u00fdch biometrick\u00fdch pas\u016f V\u00e1\u017en\u00e9 zranitelnosti v nejpou\u017e\u00edvan\u011bj\u0161\u00edch slovensk\u00fdch a \u010desk\u00fdch \u010dipov\u00fdch [&hellip;]<\/p>\n","protected":false},"author":2,"featured_media":0,"parent":319,"menu_order":0,"comment_status":"closed","ping_status":"closed","template":"research.php","meta":{"inline_featured_image":false,"_monsterinsights_skip_tracking":false,"_monsterinsights_sitenote_active":false,"_monsterinsights_sitenote_note":"","_monsterinsights_sitenote_category":0,"footnotes":""},"class_list":["post-524","page","type-page","status-publish","hentry"],"yoast_head":"<!-- This site is optimized with the Yoast SEO plugin v27.4 - https:\/\/yoast.com\/product\/yoast-seo-wordpress\/ -->\n<title>V\u00fdzkum - Nethemba<\/title>\n<meta name=\"description\" content=\"Spole\u010dnost Nethemba odhalila mnoho v\u00e1\u017en\u00fdch bezpe\u010dnostn\u00edch zranitelnost\u00ed v r\u016fzn\u00fdch ve\u0159ejn\u011b dostupn\u00fdch syst\u00e9mech. Sponzorovan\u00fd bezpe\u010dnostn\u00ed v\u00fdzkum.\" \/>\n<meta name=\"robots\" content=\"index, follow, max-snippet:-1, max-image-preview:large, max-video-preview:-1\" \/>\n<link rel=\"canonical\" href=\"https:\/\/nethemba.com\/cs\/o-nas-old\/vyzkum\/\" \/>\n<meta property=\"og:locale\" content=\"cs_CZ\" \/>\n<meta property=\"og:type\" content=\"article\" \/>\n<meta property=\"og:title\" content=\"V\u00fdzkum - Nethemba\" \/>\n<meta property=\"og:description\" content=\"Spole\u010dnost Nethemba odhalila mnoho v\u00e1\u017en\u00fdch bezpe\u010dnostn\u00edch zranitelnost\u00ed v r\u016fzn\u00fdch ve\u0159ejn\u011b dostupn\u00fdch syst\u00e9mech. Sponzorovan\u00fd bezpe\u010dnostn\u00ed v\u00fdzkum.\" \/>\n<meta property=\"og:url\" content=\"https:\/\/nethemba.com\/cs\/o-nas-old\/vyzkum\/\" \/>\n<meta property=\"og:site_name\" content=\"Nethemba\" \/>\n<meta property=\"article:publisher\" content=\"https:\/\/www.facebook.com\/nethemba\" \/>\n<meta property=\"article:modified_time\" content=\"2021-01-10T08:47:54+00:00\" \/>\n<meta name=\"twitter:card\" content=\"summary_large_image\" \/>\n<meta name=\"twitter:site\" content=\"@nethemba\" \/>\n<meta name=\"twitter:label1\" content=\"Odhadovan\u00e1 doba \u010dten\u00ed\" \/>\n\t<meta name=\"twitter:data1\" content=\"1 minuta\" \/>\n<script type=\"application\/ld+json\" class=\"yoast-schema-graph\">{\"@context\":\"https:\\\/\\\/schema.org\",\"@graph\":[{\"@type\":\"WebPage\",\"@id\":\"https:\\\/\\\/nethemba.com\\\/cs\\\/o-nas-old\\\/vyzkum\\\/\",\"url\":\"https:\\\/\\\/nethemba.com\\\/cs\\\/o-nas-old\\\/vyzkum\\\/\",\"name\":\"V\u00fdzkum - Nethemba\",\"isPartOf\":{\"@id\":\"https:\\\/\\\/nethemba.com\\\/de\\\/#website\"},\"datePublished\":\"2015-11-09T09:13:07+00:00\",\"dateModified\":\"2021-01-10T08:47:54+00:00\",\"description\":\"Spole\u010dnost Nethemba odhalila mnoho v\u00e1\u017en\u00fdch bezpe\u010dnostn\u00edch zranitelnost\u00ed v r\u016fzn\u00fdch ve\u0159ejn\u011b dostupn\u00fdch syst\u00e9mech. Sponzorovan\u00fd bezpe\u010dnostn\u00ed v\u00fdzkum.\",\"breadcrumb\":{\"@id\":\"https:\\\/\\\/nethemba.com\\\/cs\\\/o-nas-old\\\/vyzkum\\\/#breadcrumb\"},\"inLanguage\":\"cs\",\"potentialAction\":[{\"@type\":\"ReadAction\",\"target\":[\"https:\\\/\\\/nethemba.com\\\/cs\\\/o-nas-old\\\/vyzkum\\\/\"]}]},{\"@type\":\"BreadcrumbList\",\"@id\":\"https:\\\/\\\/nethemba.com\\\/cs\\\/o-nas-old\\\/vyzkum\\\/#breadcrumb\",\"itemListElement\":[{\"@type\":\"ListItem\",\"position\":1,\"name\":\"Home\",\"item\":\"https:\\\/\\\/nethemba.com\\\/cs\\\/home-new-2025\\\/\"},{\"@type\":\"ListItem\",\"position\":2,\"name\":\"O n\u00e1s\",\"item\":\"https:\\\/\\\/nethemba.com\\\/cs\\\/?page_id=319\"},{\"@type\":\"ListItem\",\"position\":3,\"name\":\"V\u00fdzkum\"}]},{\"@type\":\"WebSite\",\"@id\":\"https:\\\/\\\/nethemba.com\\\/de\\\/#website\",\"url\":\"https:\\\/\\\/nethemba.com\\\/de\\\/\",\"name\":\"Nethemba\",\"description\":\"We care about your security\",\"potentialAction\":[{\"@type\":\"SearchAction\",\"target\":{\"@type\":\"EntryPoint\",\"urlTemplate\":\"https:\\\/\\\/nethemba.com\\\/de\\\/?s={search_term_string}\"},\"query-input\":{\"@type\":\"PropertyValueSpecification\",\"valueRequired\":true,\"valueName\":\"search_term_string\"}}],\"inLanguage\":\"cs\"}]}<\/script>\n<!-- \/ Yoast SEO plugin. -->","yoast_head_json":{"title":"V\u00fdzkum - Nethemba","description":"Spole\u010dnost Nethemba odhalila mnoho v\u00e1\u017en\u00fdch bezpe\u010dnostn\u00edch zranitelnost\u00ed v r\u016fzn\u00fdch ve\u0159ejn\u011b dostupn\u00fdch syst\u00e9mech. Sponzorovan\u00fd bezpe\u010dnostn\u00ed v\u00fdzkum.","robots":{"index":"index","follow":"follow","max-snippet":"max-snippet:-1","max-image-preview":"max-image-preview:large","max-video-preview":"max-video-preview:-1"},"canonical":"https:\/\/nethemba.com\/cs\/o-nas-old\/vyzkum\/","og_locale":"cs_CZ","og_type":"article","og_title":"V\u00fdzkum - Nethemba","og_description":"Spole\u010dnost Nethemba odhalila mnoho v\u00e1\u017en\u00fdch bezpe\u010dnostn\u00edch zranitelnost\u00ed v r\u016fzn\u00fdch ve\u0159ejn\u011b dostupn\u00fdch syst\u00e9mech. Sponzorovan\u00fd bezpe\u010dnostn\u00ed v\u00fdzkum.","og_url":"https:\/\/nethemba.com\/cs\/o-nas-old\/vyzkum\/","og_site_name":"Nethemba","article_publisher":"https:\/\/www.facebook.com\/nethemba","article_modified_time":"2021-01-10T08:47:54+00:00","twitter_card":"summary_large_image","twitter_site":"@nethemba","twitter_misc":{"Odhadovan\u00e1 doba \u010dten\u00ed":"1 minuta"},"schema":{"@context":"https:\/\/schema.org","@graph":[{"@type":"WebPage","@id":"https:\/\/nethemba.com\/cs\/o-nas-old\/vyzkum\/","url":"https:\/\/nethemba.com\/cs\/o-nas-old\/vyzkum\/","name":"V\u00fdzkum - Nethemba","isPartOf":{"@id":"https:\/\/nethemba.com\/de\/#website"},"datePublished":"2015-11-09T09:13:07+00:00","dateModified":"2021-01-10T08:47:54+00:00","description":"Spole\u010dnost Nethemba odhalila mnoho v\u00e1\u017en\u00fdch bezpe\u010dnostn\u00edch zranitelnost\u00ed v r\u016fzn\u00fdch ve\u0159ejn\u011b dostupn\u00fdch syst\u00e9mech. Sponzorovan\u00fd bezpe\u010dnostn\u00ed v\u00fdzkum.","breadcrumb":{"@id":"https:\/\/nethemba.com\/cs\/o-nas-old\/vyzkum\/#breadcrumb"},"inLanguage":"cs","potentialAction":[{"@type":"ReadAction","target":["https:\/\/nethemba.com\/cs\/o-nas-old\/vyzkum\/"]}]},{"@type":"BreadcrumbList","@id":"https:\/\/nethemba.com\/cs\/o-nas-old\/vyzkum\/#breadcrumb","itemListElement":[{"@type":"ListItem","position":1,"name":"Home","item":"https:\/\/nethemba.com\/cs\/home-new-2025\/"},{"@type":"ListItem","position":2,"name":"O n\u00e1s","item":"https:\/\/nethemba.com\/cs\/?page_id=319"},{"@type":"ListItem","position":3,"name":"V\u00fdzkum"}]},{"@type":"WebSite","@id":"https:\/\/nethemba.com\/de\/#website","url":"https:\/\/nethemba.com\/de\/","name":"Nethemba","description":"We care about your security","potentialAction":[{"@type":"SearchAction","target":{"@type":"EntryPoint","urlTemplate":"https:\/\/nethemba.com\/de\/?s={search_term_string}"},"query-input":{"@type":"PropertyValueSpecification","valueRequired":true,"valueName":"search_term_string"}}],"inLanguage":"cs"}]}},"_links":{"self":[{"href":"https:\/\/nethemba.com\/cs\/wp-json\/wp\/v2\/pages\/524","targetHints":{"allow":["GET"]}}],"collection":[{"href":"https:\/\/nethemba.com\/cs\/wp-json\/wp\/v2\/pages"}],"about":[{"href":"https:\/\/nethemba.com\/cs\/wp-json\/wp\/v2\/types\/page"}],"author":[{"embeddable":true,"href":"https:\/\/nethemba.com\/cs\/wp-json\/wp\/v2\/users\/2"}],"replies":[{"embeddable":true,"href":"https:\/\/nethemba.com\/cs\/wp-json\/wp\/v2\/comments?post=524"}],"version-history":[{"count":0,"href":"https:\/\/nethemba.com\/cs\/wp-json\/wp\/v2\/pages\/524\/revisions"}],"up":[{"embeddable":true,"href":"https:\/\/nethemba.com\/cs\/wp-json\/wp\/v2\/pages\/319"}],"wp:attachment":[{"href":"https:\/\/nethemba.com\/cs\/wp-json\/wp\/v2\/media?parent=524"}],"curies":[{"name":"wp","href":"https:\/\/api.w.org\/{rel}","templated":true}]}}