{"id":532,"date":"2015-11-08T21:18:42","date_gmt":"2015-11-08T21:18:42","guid":{"rendered":"http:\/\/nethemba.com\/cs\/?page_id=532"},"modified":"2016-07-07T12:51:08","modified_gmt":"2016-07-07T12:51:08","slug":"boris-pisarcik","status":"publish","type":"page","link":"https:\/\/nethemba.com\/cs\/o-nas-old\/nas-tym\/boris-pisarcik\/","title":{"rendered":"Boris Pisar\u010d\u00edk"},"content":{"rendered":"<p>Je dr\u017eitelem mno\u017estv\u00ed certifikac\u00ed &#8211; <a href=\"http:\/\/www.nethemba.com\/boris.pisarcik-CEH.jpg\">CEH (Certified Ethical Hacker)<\/a>, <a href=\"http:\/\/www.nethemba.com\/boris.pisarcik-SCSecA.jpg\">SCSA (Sun Certified System Administrator)<\/a>, SCNA (Sun Certified Network Administrator), LPIC-3 (Senior Level Linux Professional), MySQL CMDB (MySQL Certified DB Administrator).<\/p>\n<p>Boris ovl\u00e1d\u00e1 mno\u017estv\u00ed programovac\u00edch jazyk\u016f (ASM, C, C++, Java, Python, Perl).<\/p>\n<p>V minulosti navrhl mno\u017estv\u00ed robustn\u00edch LB \/ HA cloud-computing cluster\u016f postaven\u00fdch na technologi\u00edch Amazon \/ Rackspace i datab\u00e1zov\u00fdch cluster\u016f postaven\u00fdch na Oracle \/ MySQL \/ PostgreSQL. Do hloubky ovl\u00e1d\u00e1<a href=\"http:\/\/www.owasp.org\/index.php\/OWASP_Testing_Guide_v4_Table_of_Contents\"> testovac\u00ed p\u0159\u00edru\u010dku OWASP<\/a>\u00a0a OSSTMM a zku\u0161enosti s r\u016fzn\u00fdmi bezpe\u010dnostn\u00edmi testovac\u00edmi n\u00e1stroji a exploit frameworky.<\/p>\n","protected":false},"excerpt":{"rendered":"<p>Je dr\u017eitelem mno\u017estv\u00ed certifikac\u00ed &#8211; CEH (Certified Ethical Hacker), SCSA (Sun Certified System Administrator), SCNA (Sun Certified Network Administrator), LPIC-3 (Senior Level Linux Professional), MySQL CMDB (MySQL Certified DB Administrator). Boris ovl\u00e1d\u00e1 mno\u017estv\u00ed programovac\u00edch jazyk\u016f (ASM, C, C++, Java, Python, Perl). V minulosti navrhl mno\u017estv\u00ed robustn\u00edch LB \/ HA cloud-computing cluster\u016f postaven\u00fdch na technologi\u00edch Amazon [&hellip;]<\/p>\n","protected":false},"author":2,"featured_media":0,"parent":548,"menu_order":3,"comment_status":"closed","ping_status":"closed","template":"","meta":{"inline_featured_image":false,"_monsterinsights_skip_tracking":false,"_monsterinsights_sitenote_active":false,"_monsterinsights_sitenote_note":"","_monsterinsights_sitenote_category":0,"footnotes":""},"class_list":["post-532","page","type-page","status-publish","hentry"],"yoast_head":"<!-- This site is optimized with the Yoast SEO plugin v27.5 - https:\/\/yoast.com\/product\/yoast-seo-wordpress\/ -->\n<title>Boris Pisar\u010d\u00edk - Nethemba<\/title>\n<meta name=\"robots\" content=\"index, follow, max-snippet:-1, max-image-preview:large, max-video-preview:-1\" \/>\n<link rel=\"canonical\" href=\"https:\/\/nethemba.com\/cs\/o-nas-old\/nas-tym\/boris-pisarcik\/\" \/>\n<meta property=\"og:locale\" content=\"cs_CZ\" \/>\n<meta property=\"og:type\" content=\"article\" \/>\n<meta property=\"og:title\" content=\"Boris Pisar\u010d\u00edk - Nethemba\" \/>\n<meta property=\"og:description\" content=\"Je dr\u017eitelem mno\u017estv\u00ed certifikac\u00ed &#8211; CEH (Certified Ethical Hacker), SCSA (Sun Certified System Administrator), SCNA (Sun Certified Network Administrator), LPIC-3 (Senior Level Linux Professional), MySQL CMDB (MySQL Certified DB Administrator). Boris ovl\u00e1d\u00e1 mno\u017estv\u00ed programovac\u00edch jazyk\u016f (ASM, C, C++, Java, Python, Perl). V minulosti navrhl mno\u017estv\u00ed robustn\u00edch LB \/ HA cloud-computing cluster\u016f postaven\u00fdch na technologi\u00edch Amazon [&hellip;]\" \/>\n<meta property=\"og:url\" content=\"https:\/\/nethemba.com\/cs\/o-nas-old\/nas-tym\/boris-pisarcik\/\" \/>\n<meta property=\"og:site_name\" content=\"Nethemba\" \/>\n<meta property=\"article:publisher\" content=\"https:\/\/www.facebook.com\/nethemba\" \/>\n<meta property=\"article:modified_time\" content=\"2016-07-07T12:51:08+00:00\" \/>\n<meta name=\"twitter:card\" content=\"summary_large_image\" \/>\n<meta name=\"twitter:site\" content=\"@nethemba\" \/>\n<meta name=\"twitter:label1\" content=\"Odhadovan\u00e1 doba \u010dten\u00ed\" \/>\n\t<meta name=\"twitter:data1\" content=\"1 minuta\" \/>\n<script type=\"application\/ld+json\" class=\"yoast-schema-graph\">{\"@context\":\"https:\\\/\\\/schema.org\",\"@graph\":[{\"@type\":\"WebPage\",\"@id\":\"https:\\\/\\\/nethemba.com\\\/cs\\\/o-nas-old\\\/nas-tym\\\/boris-pisarcik\\\/\",\"url\":\"https:\\\/\\\/nethemba.com\\\/cs\\\/o-nas-old\\\/nas-tym\\\/boris-pisarcik\\\/\",\"name\":\"Boris Pisar\u010d\u00edk - Nethemba\",\"isPartOf\":{\"@id\":\"https:\\\/\\\/nethemba.com\\\/de\\\/#website\"},\"datePublished\":\"2015-11-08T21:18:42+00:00\",\"dateModified\":\"2016-07-07T12:51:08+00:00\",\"breadcrumb\":{\"@id\":\"https:\\\/\\\/nethemba.com\\\/cs\\\/o-nas-old\\\/nas-tym\\\/boris-pisarcik\\\/#breadcrumb\"},\"inLanguage\":\"cs\",\"potentialAction\":[{\"@type\":\"ReadAction\",\"target\":[\"https:\\\/\\\/nethemba.com\\\/cs\\\/o-nas-old\\\/nas-tym\\\/boris-pisarcik\\\/\"]}]},{\"@type\":\"BreadcrumbList\",\"@id\":\"https:\\\/\\\/nethemba.com\\\/cs\\\/o-nas-old\\\/nas-tym\\\/boris-pisarcik\\\/#breadcrumb\",\"itemListElement\":[{\"@type\":\"ListItem\",\"position\":1,\"name\":\"Home\",\"item\":\"https:\\\/\\\/nethemba.com\\\/cs\\\/home-new-2025\\\/\"},{\"@type\":\"ListItem\",\"position\":2,\"name\":\"O n\u00e1s\",\"item\":\"https:\\\/\\\/nethemba.com\\\/cs\\\/?page_id=319\"},{\"@type\":\"ListItem\",\"position\":3,\"name\":\"N\u00e1\u0161 t\u00fdm\",\"item\":\"https:\\\/\\\/nethemba.com\\\/cs\\\/o-nas-old\\\/nas-tym\\\/\"},{\"@type\":\"ListItem\",\"position\":4,\"name\":\"Boris Pisar\u010d\u00edk\"}]},{\"@type\":\"WebSite\",\"@id\":\"https:\\\/\\\/nethemba.com\\\/de\\\/#website\",\"url\":\"https:\\\/\\\/nethemba.com\\\/de\\\/\",\"name\":\"Nethemba\",\"description\":\"We care about your security\",\"potentialAction\":[{\"@type\":\"SearchAction\",\"target\":{\"@type\":\"EntryPoint\",\"urlTemplate\":\"https:\\\/\\\/nethemba.com\\\/de\\\/?s={search_term_string}\"},\"query-input\":{\"@type\":\"PropertyValueSpecification\",\"valueRequired\":true,\"valueName\":\"search_term_string\"}}],\"inLanguage\":\"cs\"}]}<\/script>\n<!-- \/ Yoast SEO plugin. -->","yoast_head_json":{"title":"Boris Pisar\u010d\u00edk - Nethemba","robots":{"index":"index","follow":"follow","max-snippet":"max-snippet:-1","max-image-preview":"max-image-preview:large","max-video-preview":"max-video-preview:-1"},"canonical":"https:\/\/nethemba.com\/cs\/o-nas-old\/nas-tym\/boris-pisarcik\/","og_locale":"cs_CZ","og_type":"article","og_title":"Boris Pisar\u010d\u00edk - Nethemba","og_description":"Je dr\u017eitelem mno\u017estv\u00ed certifikac\u00ed &#8211; CEH (Certified Ethical Hacker), SCSA (Sun Certified System Administrator), SCNA (Sun Certified Network Administrator), LPIC-3 (Senior Level Linux Professional), MySQL CMDB (MySQL Certified DB Administrator). Boris ovl\u00e1d\u00e1 mno\u017estv\u00ed programovac\u00edch jazyk\u016f (ASM, C, C++, Java, Python, Perl). V minulosti navrhl mno\u017estv\u00ed robustn\u00edch LB \/ HA cloud-computing cluster\u016f postaven\u00fdch na technologi\u00edch Amazon [&hellip;]","og_url":"https:\/\/nethemba.com\/cs\/o-nas-old\/nas-tym\/boris-pisarcik\/","og_site_name":"Nethemba","article_publisher":"https:\/\/www.facebook.com\/nethemba","article_modified_time":"2016-07-07T12:51:08+00:00","twitter_card":"summary_large_image","twitter_site":"@nethemba","twitter_misc":{"Odhadovan\u00e1 doba \u010dten\u00ed":"1 minuta"},"schema":{"@context":"https:\/\/schema.org","@graph":[{"@type":"WebPage","@id":"https:\/\/nethemba.com\/cs\/o-nas-old\/nas-tym\/boris-pisarcik\/","url":"https:\/\/nethemba.com\/cs\/o-nas-old\/nas-tym\/boris-pisarcik\/","name":"Boris Pisar\u010d\u00edk - Nethemba","isPartOf":{"@id":"https:\/\/nethemba.com\/de\/#website"},"datePublished":"2015-11-08T21:18:42+00:00","dateModified":"2016-07-07T12:51:08+00:00","breadcrumb":{"@id":"https:\/\/nethemba.com\/cs\/o-nas-old\/nas-tym\/boris-pisarcik\/#breadcrumb"},"inLanguage":"cs","potentialAction":[{"@type":"ReadAction","target":["https:\/\/nethemba.com\/cs\/o-nas-old\/nas-tym\/boris-pisarcik\/"]}]},{"@type":"BreadcrumbList","@id":"https:\/\/nethemba.com\/cs\/o-nas-old\/nas-tym\/boris-pisarcik\/#breadcrumb","itemListElement":[{"@type":"ListItem","position":1,"name":"Home","item":"https:\/\/nethemba.com\/cs\/home-new-2025\/"},{"@type":"ListItem","position":2,"name":"O n\u00e1s","item":"https:\/\/nethemba.com\/cs\/?page_id=319"},{"@type":"ListItem","position":3,"name":"N\u00e1\u0161 t\u00fdm","item":"https:\/\/nethemba.com\/cs\/o-nas-old\/nas-tym\/"},{"@type":"ListItem","position":4,"name":"Boris Pisar\u010d\u00edk"}]},{"@type":"WebSite","@id":"https:\/\/nethemba.com\/de\/#website","url":"https:\/\/nethemba.com\/de\/","name":"Nethemba","description":"We care about your security","potentialAction":[{"@type":"SearchAction","target":{"@type":"EntryPoint","urlTemplate":"https:\/\/nethemba.com\/de\/?s={search_term_string}"},"query-input":{"@type":"PropertyValueSpecification","valueRequired":true,"valueName":"search_term_string"}}],"inLanguage":"cs"}]}},"_links":{"self":[{"href":"https:\/\/nethemba.com\/cs\/wp-json\/wp\/v2\/pages\/532","targetHints":{"allow":["GET"]}}],"collection":[{"href":"https:\/\/nethemba.com\/cs\/wp-json\/wp\/v2\/pages"}],"about":[{"href":"https:\/\/nethemba.com\/cs\/wp-json\/wp\/v2\/types\/page"}],"author":[{"embeddable":true,"href":"https:\/\/nethemba.com\/cs\/wp-json\/wp\/v2\/users\/2"}],"replies":[{"embeddable":true,"href":"https:\/\/nethemba.com\/cs\/wp-json\/wp\/v2\/comments?post=532"}],"version-history":[{"count":0,"href":"https:\/\/nethemba.com\/cs\/wp-json\/wp\/v2\/pages\/532\/revisions"}],"up":[{"embeddable":true,"href":"https:\/\/nethemba.com\/cs\/wp-json\/wp\/v2\/pages\/548"}],"wp:attachment":[{"href":"https:\/\/nethemba.com\/cs\/wp-json\/wp\/v2\/media?parent=532"}],"curies":[{"name":"wp","href":"https:\/\/api.w.org\/{rel}","templated":true}]}}