{"id":554,"date":"2015-11-08T21:24:50","date_gmt":"2015-11-08T21:24:50","guid":{"rendered":"http:\/\/nethemba.com\/cs\/?page_id=554"},"modified":"2016-07-07T13:01:15","modified_gmt":"2016-07-07T13:01:15","slug":"jaroslav-babka","status":"publish","type":"page","link":"https:\/\/nethemba.com\/cs\/o-nas-old\/nas-tym\/jaroslav-babka\/","title":{"rendered":"Jaroslav Babka"},"content":{"rendered":"<p>Jaroslav m\u00e1 hlubok\u00e9 znalosti n\u00edzko-\u00farov\u0148ov\u00fdch i vy\u0161\u0161\u00edch programovac\u00edch jazyk\u016f.<\/p>\n<p>Je expert na reverzn\u00ed in\u017een\u00fdrstv\u00ed a detailn\u011b ovl\u00e1d\u00e1 syst\u00e9movou architekturu Windows \/ Linux. Je tak\u00e9 \u0161pi\u010dkov\u00fd specialista na n\u00e1vrh architektury a implementaci SAP syst\u00e9m\u016f.<\/p>\n<p>Sou\u010dasn\u011b m\u00e1 znalosti <a href=\"http:\/\/www.owasp.org\/index.php\/OWASP_Testing_Guide_v4_Table_of_Contents\">testovac\u00ed p\u0159\u00edru\u010dky OWASP<\/a>, OSSTMM a mnoho zku\u0161enosti s manu\u00e1ln\u00edm testov\u00e1n\u00edm webov\u00fdch aplikac\u00ed.<\/p>\n<p>V\u011bnuje se tak\u00e9 v\u00fdzkumu v oblasti IT bezpe\u010dnosti (emulace \u010dipov\u00fdch karet p\u0159es NFC telefony).<\/p>\n","protected":false},"excerpt":{"rendered":"<p>Jaroslav m\u00e1 hlubok\u00e9 znalosti n\u00edzko-\u00farov\u0148ov\u00fdch i vy\u0161\u0161\u00edch programovac\u00edch jazyk\u016f. Je expert na reverzn\u00ed in\u017een\u00fdrstv\u00ed a detailn\u011b ovl\u00e1d\u00e1 syst\u00e9movou architekturu Windows \/ Linux. Je tak\u00e9 \u0161pi\u010dkov\u00fd specialista na n\u00e1vrh architektury a implementaci SAP syst\u00e9m\u016f. Sou\u010dasn\u011b m\u00e1 znalosti testovac\u00ed p\u0159\u00edru\u010dky OWASP, OSSTMM a mnoho zku\u0161enosti s manu\u00e1ln\u00edm testov\u00e1n\u00edm webov\u00fdch aplikac\u00ed. V\u011bnuje se tak\u00e9 v\u00fdzkumu v oblasti IT [&hellip;]<\/p>\n","protected":false},"author":2,"featured_media":0,"parent":548,"menu_order":4,"comment_status":"closed","ping_status":"closed","template":"","meta":{"inline_featured_image":false,"_monsterinsights_skip_tracking":false,"_monsterinsights_sitenote_active":false,"_monsterinsights_sitenote_note":"","_monsterinsights_sitenote_category":0,"footnotes":""},"class_list":["post-554","page","type-page","status-publish","hentry"],"yoast_head":"<!-- This site is optimized with the Yoast SEO plugin v27.5 - https:\/\/yoast.com\/product\/yoast-seo-wordpress\/ -->\n<title>Jaroslav Babka - Nethemba<\/title>\n<meta name=\"robots\" content=\"index, follow, max-snippet:-1, max-image-preview:large, max-video-preview:-1\" \/>\n<link rel=\"canonical\" href=\"https:\/\/nethemba.com\/cs\/o-nas-old\/nas-tym\/jaroslav-babka\/\" \/>\n<meta property=\"og:locale\" content=\"cs_CZ\" \/>\n<meta property=\"og:type\" content=\"article\" \/>\n<meta property=\"og:title\" content=\"Jaroslav Babka - Nethemba\" \/>\n<meta property=\"og:description\" content=\"Jaroslav m\u00e1 hlubok\u00e9 znalosti n\u00edzko-\u00farov\u0148ov\u00fdch i vy\u0161\u0161\u00edch programovac\u00edch jazyk\u016f. Je expert na reverzn\u00ed in\u017een\u00fdrstv\u00ed a detailn\u011b ovl\u00e1d\u00e1 syst\u00e9movou architekturu Windows \/ Linux. Je tak\u00e9 \u0161pi\u010dkov\u00fd specialista na n\u00e1vrh architektury a implementaci SAP syst\u00e9m\u016f. Sou\u010dasn\u011b m\u00e1 znalosti testovac\u00ed p\u0159\u00edru\u010dky OWASP, OSSTMM a mnoho zku\u0161enosti s manu\u00e1ln\u00edm testov\u00e1n\u00edm webov\u00fdch aplikac\u00ed. V\u011bnuje se tak\u00e9 v\u00fdzkumu v oblasti IT [&hellip;]\" \/>\n<meta property=\"og:url\" content=\"https:\/\/nethemba.com\/cs\/o-nas-old\/nas-tym\/jaroslav-babka\/\" \/>\n<meta property=\"og:site_name\" content=\"Nethemba\" \/>\n<meta property=\"article:publisher\" content=\"https:\/\/www.facebook.com\/nethemba\" \/>\n<meta property=\"article:modified_time\" content=\"2016-07-07T13:01:15+00:00\" \/>\n<meta name=\"twitter:card\" content=\"summary_large_image\" \/>\n<meta name=\"twitter:site\" content=\"@nethemba\" \/>\n<script type=\"application\/ld+json\" class=\"yoast-schema-graph\">{\"@context\":\"https:\\\/\\\/schema.org\",\"@graph\":[{\"@type\":\"WebPage\",\"@id\":\"https:\\\/\\\/nethemba.com\\\/cs\\\/o-nas-old\\\/nas-tym\\\/jaroslav-babka\\\/\",\"url\":\"https:\\\/\\\/nethemba.com\\\/cs\\\/o-nas-old\\\/nas-tym\\\/jaroslav-babka\\\/\",\"name\":\"Jaroslav Babka - Nethemba\",\"isPartOf\":{\"@id\":\"https:\\\/\\\/nethemba.com\\\/de\\\/#website\"},\"datePublished\":\"2015-11-08T21:24:50+00:00\",\"dateModified\":\"2016-07-07T13:01:15+00:00\",\"breadcrumb\":{\"@id\":\"https:\\\/\\\/nethemba.com\\\/cs\\\/o-nas-old\\\/nas-tym\\\/jaroslav-babka\\\/#breadcrumb\"},\"inLanguage\":\"cs\",\"potentialAction\":[{\"@type\":\"ReadAction\",\"target\":[\"https:\\\/\\\/nethemba.com\\\/cs\\\/o-nas-old\\\/nas-tym\\\/jaroslav-babka\\\/\"]}]},{\"@type\":\"BreadcrumbList\",\"@id\":\"https:\\\/\\\/nethemba.com\\\/cs\\\/o-nas-old\\\/nas-tym\\\/jaroslav-babka\\\/#breadcrumb\",\"itemListElement\":[{\"@type\":\"ListItem\",\"position\":1,\"name\":\"Home\",\"item\":\"https:\\\/\\\/nethemba.com\\\/cs\\\/home-new-2025\\\/\"},{\"@type\":\"ListItem\",\"position\":2,\"name\":\"O n\u00e1s\",\"item\":\"https:\\\/\\\/nethemba.com\\\/cs\\\/?page_id=319\"},{\"@type\":\"ListItem\",\"position\":3,\"name\":\"N\u00e1\u0161 t\u00fdm\",\"item\":\"https:\\\/\\\/nethemba.com\\\/cs\\\/o-nas-old\\\/nas-tym\\\/\"},{\"@type\":\"ListItem\",\"position\":4,\"name\":\"Jaroslav Babka\"}]},{\"@type\":\"WebSite\",\"@id\":\"https:\\\/\\\/nethemba.com\\\/de\\\/#website\",\"url\":\"https:\\\/\\\/nethemba.com\\\/de\\\/\",\"name\":\"Nethemba\",\"description\":\"We care about your security\",\"potentialAction\":[{\"@type\":\"SearchAction\",\"target\":{\"@type\":\"EntryPoint\",\"urlTemplate\":\"https:\\\/\\\/nethemba.com\\\/de\\\/?s={search_term_string}\"},\"query-input\":{\"@type\":\"PropertyValueSpecification\",\"valueRequired\":true,\"valueName\":\"search_term_string\"}}],\"inLanguage\":\"cs\"}]}<\/script>\n<!-- \/ Yoast SEO plugin. -->","yoast_head_json":{"title":"Jaroslav Babka - Nethemba","robots":{"index":"index","follow":"follow","max-snippet":"max-snippet:-1","max-image-preview":"max-image-preview:large","max-video-preview":"max-video-preview:-1"},"canonical":"https:\/\/nethemba.com\/cs\/o-nas-old\/nas-tym\/jaroslav-babka\/","og_locale":"cs_CZ","og_type":"article","og_title":"Jaroslav Babka - Nethemba","og_description":"Jaroslav m\u00e1 hlubok\u00e9 znalosti n\u00edzko-\u00farov\u0148ov\u00fdch i vy\u0161\u0161\u00edch programovac\u00edch jazyk\u016f. Je expert na reverzn\u00ed in\u017een\u00fdrstv\u00ed a detailn\u011b ovl\u00e1d\u00e1 syst\u00e9movou architekturu Windows \/ Linux. Je tak\u00e9 \u0161pi\u010dkov\u00fd specialista na n\u00e1vrh architektury a implementaci SAP syst\u00e9m\u016f. Sou\u010dasn\u011b m\u00e1 znalosti testovac\u00ed p\u0159\u00edru\u010dky OWASP, OSSTMM a mnoho zku\u0161enosti s manu\u00e1ln\u00edm testov\u00e1n\u00edm webov\u00fdch aplikac\u00ed. V\u011bnuje se tak\u00e9 v\u00fdzkumu v oblasti IT [&hellip;]","og_url":"https:\/\/nethemba.com\/cs\/o-nas-old\/nas-tym\/jaroslav-babka\/","og_site_name":"Nethemba","article_publisher":"https:\/\/www.facebook.com\/nethemba","article_modified_time":"2016-07-07T13:01:15+00:00","twitter_card":"summary_large_image","twitter_site":"@nethemba","schema":{"@context":"https:\/\/schema.org","@graph":[{"@type":"WebPage","@id":"https:\/\/nethemba.com\/cs\/o-nas-old\/nas-tym\/jaroslav-babka\/","url":"https:\/\/nethemba.com\/cs\/o-nas-old\/nas-tym\/jaroslav-babka\/","name":"Jaroslav Babka - Nethemba","isPartOf":{"@id":"https:\/\/nethemba.com\/de\/#website"},"datePublished":"2015-11-08T21:24:50+00:00","dateModified":"2016-07-07T13:01:15+00:00","breadcrumb":{"@id":"https:\/\/nethemba.com\/cs\/o-nas-old\/nas-tym\/jaroslav-babka\/#breadcrumb"},"inLanguage":"cs","potentialAction":[{"@type":"ReadAction","target":["https:\/\/nethemba.com\/cs\/o-nas-old\/nas-tym\/jaroslav-babka\/"]}]},{"@type":"BreadcrumbList","@id":"https:\/\/nethemba.com\/cs\/o-nas-old\/nas-tym\/jaroslav-babka\/#breadcrumb","itemListElement":[{"@type":"ListItem","position":1,"name":"Home","item":"https:\/\/nethemba.com\/cs\/home-new-2025\/"},{"@type":"ListItem","position":2,"name":"O n\u00e1s","item":"https:\/\/nethemba.com\/cs\/?page_id=319"},{"@type":"ListItem","position":3,"name":"N\u00e1\u0161 t\u00fdm","item":"https:\/\/nethemba.com\/cs\/o-nas-old\/nas-tym\/"},{"@type":"ListItem","position":4,"name":"Jaroslav Babka"}]},{"@type":"WebSite","@id":"https:\/\/nethemba.com\/de\/#website","url":"https:\/\/nethemba.com\/de\/","name":"Nethemba","description":"We care about your security","potentialAction":[{"@type":"SearchAction","target":{"@type":"EntryPoint","urlTemplate":"https:\/\/nethemba.com\/de\/?s={search_term_string}"},"query-input":{"@type":"PropertyValueSpecification","valueRequired":true,"valueName":"search_term_string"}}],"inLanguage":"cs"}]}},"_links":{"self":[{"href":"https:\/\/nethemba.com\/cs\/wp-json\/wp\/v2\/pages\/554","targetHints":{"allow":["GET"]}}],"collection":[{"href":"https:\/\/nethemba.com\/cs\/wp-json\/wp\/v2\/pages"}],"about":[{"href":"https:\/\/nethemba.com\/cs\/wp-json\/wp\/v2\/types\/page"}],"author":[{"embeddable":true,"href":"https:\/\/nethemba.com\/cs\/wp-json\/wp\/v2\/users\/2"}],"replies":[{"embeddable":true,"href":"https:\/\/nethemba.com\/cs\/wp-json\/wp\/v2\/comments?post=554"}],"version-history":[{"count":0,"href":"https:\/\/nethemba.com\/cs\/wp-json\/wp\/v2\/pages\/554\/revisions"}],"up":[{"embeddable":true,"href":"https:\/\/nethemba.com\/cs\/wp-json\/wp\/v2\/pages\/548"}],"wp:attachment":[{"href":"https:\/\/nethemba.com\/cs\/wp-json\/wp\/v2\/media?parent=554"}],"curies":[{"name":"wp","href":"https:\/\/api.w.org\/{rel}","templated":true}]}}