{"id":5616,"date":"2021-01-01T15:12:22","date_gmt":"2021-01-01T14:12:22","guid":{"rendered":"https:\/\/nethemba.com\/?page_id=5616"},"modified":"2021-01-01T22:04:51","modified_gmt":"2021-01-01T21:04:51","slug":"bezpecnostni-testovani-cloud","status":"publish","type":"page","link":"https:\/\/nethemba.com\/cs\/sluzby\/sitova-a-systemova-bezpecnost\/bezpecnostni-testovani-cloud\/","title":{"rendered":"Bezpe\u010dnostn\u00ed testov\u00e1n\u00ed Cloud"},"content":{"rendered":"<p>M\u00e1me mno\u017estv\u00ed zku\u0161enost\u00ed s testov\u00e1n\u00edm cloudov\u00fdch \u0159e\u0161en\u00ed od r\u016fzn\u00fdch dodavatel\u016f &#8211; jak samotn\u00e9 infrastruktury jako slu\u017eby (IaaS), platformy jako slu\u017eby (PaaS) nebo softwaru jako slu\u017eby (SaaS).<\/p>\n<p>P\u0159esto\u017ee z\u00e1kladn\u00ed komponenty cloudov\u00e9 infrastruktury jsou spravov\u00e1ny spole\u010dnost\u00ed Google, Amazon nebo Microsoft a m\u011bly by b\u00fdt zabezpe\u010deny, nespr\u00e1vn\u00e1 nebo nedostate\u010dn\u00e1 konfigurace v kombinaci s obrovsk\u00fdmi u\u017eivatelsk\u00fdmi mo\u017enostmi cloud u\u017eivatel\u016f m\u016f\u017ee v\u00e9st k z\u00e1va\u017en\u00fdm bezpe\u010dnostn\u00edm zranitelnostem a jejich n\u00e1sledn\u00e9mu zneu\u017eit\u00ed.<\/p>\n<p>Pro v\u0161echny cloudov\u00e9 platformy d\u011bl\u00e1me bezpe\u010dnostn\u00ed anal\u00fdzu cloudov\u00e9 architektury, infrastruktury a penetra\u010dn\u00ed testov\u00e1n\u00ed SaaS.<\/p>\n<p>Nab\u00edz\u00edme slu\u017eby penetra\u010dn\u00edho testov\u00e1n\u00ed pro Google Cloud (GCP), Amazon Cloud (AWS) a Microsoft Cloud (Azure).<\/p>\n<p><strong>Kl\u00ed\u010dov\u00e1 slova:<\/strong><\/p>\n<p><span style=\"font-weight: 400;\">GCC Architecture, Google Compute Engine, App Engine, Autoscaling, GCP Functions, Cloud Storage, Cloud SQL, AWS, Architecture, EC2 Instances, VPC, S3 Buckets, IAM, Lambda Functions, Cloudfront, EBC, DynamoDB, API, SaaS, Azure Architecture, Virtual Machines, ExpressRoute, Application Gateway, App Services, AKS, Azure Functions.<\/span><\/p>\n","protected":false},"excerpt":{"rendered":"<p>M\u00e1me mno\u017estv\u00ed zku\u0161enost\u00ed s testov\u00e1n\u00edm cloudov\u00fdch \u0159e\u0161en\u00ed od r\u016fzn\u00fdch dodavatel\u016f &#8211; jak samotn\u00e9 infrastruktury jako slu\u017eby (IaaS), platformy jako slu\u017eby (PaaS) nebo softwaru jako slu\u017eby (SaaS). P\u0159esto\u017ee z\u00e1kladn\u00ed komponenty cloudov\u00e9 infrastruktury jsou spravov\u00e1ny spole\u010dnost\u00ed Google, Amazon nebo Microsoft a m\u011bly by b\u00fdt zabezpe\u010deny, nespr\u00e1vn\u00e1 nebo nedostate\u010dn\u00e1 konfigurace v kombinaci s obrovsk\u00fdmi u\u017eivatelsk\u00fdmi mo\u017enostmi cloud u\u017eivatel\u016f [&hellip;]<\/p>\n","protected":false},"author":2,"featured_media":0,"parent":383,"menu_order":3,"comment_status":"closed","ping_status":"closed","template":"services_detail.php","meta":{"inline_featured_image":false,"_monsterinsights_skip_tracking":false,"_monsterinsights_sitenote_active":false,"_monsterinsights_sitenote_note":"","_monsterinsights_sitenote_category":0,"footnotes":""},"class_list":["post-5616","page","type-page","status-publish","hentry"],"yoast_head":"<!-- This site is optimized with the Yoast SEO plugin v27.2 - https:\/\/yoast.com\/product\/yoast-seo-wordpress\/ -->\n<title>Bezpe\u010dnostn\u00ed testov\u00e1n\u00ed Cloud - Nethemba<\/title>\n<meta name=\"description\" content=\"Bezpe\u010dnostn\u00ed testovan\u00ed Amazon, Google a Microsoft Cloud \u0159e\u0161en\u00ed\" \/>\n<meta name=\"robots\" content=\"index, follow, max-snippet:-1, max-image-preview:large, max-video-preview:-1\" \/>\n<link rel=\"canonical\" href=\"https:\/\/nethemba.com\/cs\/sluzby\/sitova-a-systemova-bezpecnost\/bezpecnostni-testovani-cloud\/\" \/>\n<meta property=\"og:locale\" content=\"cs_CZ\" \/>\n<meta property=\"og:type\" content=\"article\" \/>\n<meta property=\"og:title\" content=\"Bezpe\u010dnostn\u00ed testov\u00e1n\u00ed Cloud - Nethemba\" \/>\n<meta property=\"og:description\" content=\"Bezpe\u010dnostn\u00ed testovan\u00ed Amazon, Google a Microsoft Cloud \u0159e\u0161en\u00ed\" \/>\n<meta property=\"og:url\" content=\"https:\/\/nethemba.com\/cs\/sluzby\/sitova-a-systemova-bezpecnost\/bezpecnostni-testovani-cloud\/\" \/>\n<meta property=\"og:site_name\" content=\"Nethemba\" \/>\n<meta property=\"article:publisher\" content=\"https:\/\/www.facebook.com\/nethemba\" \/>\n<meta property=\"article:modified_time\" content=\"2021-01-01T21:04:51+00:00\" \/>\n<meta name=\"twitter:card\" content=\"summary_large_image\" \/>\n<meta name=\"twitter:site\" content=\"@nethemba\" \/>\n<meta name=\"twitter:label1\" content=\"Odhadovan\u00e1 doba \u010dten\u00ed\" \/>\n\t<meta name=\"twitter:data1\" content=\"1 minuta\" \/>\n<script type=\"application\/ld+json\" class=\"yoast-schema-graph\">{\"@context\":\"https:\/\/schema.org\",\"@graph\":[{\"@type\":\"WebPage\",\"@id\":\"https:\/\/nethemba.com\/cs\/sluzby\/sitova-a-systemova-bezpecnost\/bezpecnostni-testovani-cloud\/\",\"url\":\"https:\/\/nethemba.com\/cs\/sluzby\/sitova-a-systemova-bezpecnost\/bezpecnostni-testovani-cloud\/\",\"name\":\"Bezpe\u010dnostn\u00ed testov\u00e1n\u00ed Cloud - Nethemba\",\"isPartOf\":{\"@id\":\"https:\/\/nethemba.com\/de\/#website\"},\"datePublished\":\"2021-01-01T14:12:22+00:00\",\"dateModified\":\"2021-01-01T21:04:51+00:00\",\"description\":\"Bezpe\u010dnostn\u00ed testovan\u00ed Amazon, Google a Microsoft Cloud \u0159e\u0161en\u00ed\",\"breadcrumb\":{\"@id\":\"https:\/\/nethemba.com\/cs\/sluzby\/sitova-a-systemova-bezpecnost\/bezpecnostni-testovani-cloud\/#breadcrumb\"},\"inLanguage\":\"cs\",\"potentialAction\":[{\"@type\":\"ReadAction\",\"target\":[\"https:\/\/nethemba.com\/cs\/sluzby\/sitova-a-systemova-bezpecnost\/bezpecnostni-testovani-cloud\/\"]}]},{\"@type\":\"BreadcrumbList\",\"@id\":\"https:\/\/nethemba.com\/cs\/sluzby\/sitova-a-systemova-bezpecnost\/bezpecnostni-testovani-cloud\/#breadcrumb\",\"itemListElement\":[{\"@type\":\"ListItem\",\"position\":1,\"name\":\"Home\",\"item\":\"https:\/\/nethemba.com\/cs\/home-new-2025\/\"},{\"@type\":\"ListItem\",\"position\":2,\"name\":\"Slu\u017eby\",\"item\":\"https:\/\/nethemba.com\/cs\/sluzby\/\"},{\"@type\":\"ListItem\",\"position\":3,\"name\":\"S\u00ed\u0165ov\u00e1 a syst\u00e9mov\u00e1 bezpe\u010dnost\",\"item\":\"https:\/\/nethemba.com\/cs\/sluzby\/sitova-a-systemova-bezpecnost\/\"},{\"@type\":\"ListItem\",\"position\":4,\"name\":\"Bezpe\u010dnostn\u00ed testov\u00e1n\u00ed Cloud\"}]},{\"@type\":\"WebSite\",\"@id\":\"https:\/\/nethemba.com\/de\/#website\",\"url\":\"https:\/\/nethemba.com\/de\/\",\"name\":\"Nethemba\",\"description\":\"We care about your security\",\"potentialAction\":[{\"@type\":\"SearchAction\",\"target\":{\"@type\":\"EntryPoint\",\"urlTemplate\":\"https:\/\/nethemba.com\/de\/?s={search_term_string}\"},\"query-input\":{\"@type\":\"PropertyValueSpecification\",\"valueRequired\":true,\"valueName\":\"search_term_string\"}}],\"inLanguage\":\"cs\"}]}<\/script>\n<!-- \/ Yoast SEO plugin. -->","yoast_head_json":{"title":"Bezpe\u010dnostn\u00ed testov\u00e1n\u00ed Cloud - Nethemba","description":"Bezpe\u010dnostn\u00ed testovan\u00ed Amazon, Google a Microsoft Cloud \u0159e\u0161en\u00ed","robots":{"index":"index","follow":"follow","max-snippet":"max-snippet:-1","max-image-preview":"max-image-preview:large","max-video-preview":"max-video-preview:-1"},"canonical":"https:\/\/nethemba.com\/cs\/sluzby\/sitova-a-systemova-bezpecnost\/bezpecnostni-testovani-cloud\/","og_locale":"cs_CZ","og_type":"article","og_title":"Bezpe\u010dnostn\u00ed testov\u00e1n\u00ed Cloud - Nethemba","og_description":"Bezpe\u010dnostn\u00ed testovan\u00ed Amazon, Google a Microsoft Cloud \u0159e\u0161en\u00ed","og_url":"https:\/\/nethemba.com\/cs\/sluzby\/sitova-a-systemova-bezpecnost\/bezpecnostni-testovani-cloud\/","og_site_name":"Nethemba","article_publisher":"https:\/\/www.facebook.com\/nethemba","article_modified_time":"2021-01-01T21:04:51+00:00","twitter_card":"summary_large_image","twitter_site":"@nethemba","twitter_misc":{"Odhadovan\u00e1 doba \u010dten\u00ed":"1 minuta"},"schema":{"@context":"https:\/\/schema.org","@graph":[{"@type":"WebPage","@id":"https:\/\/nethemba.com\/cs\/sluzby\/sitova-a-systemova-bezpecnost\/bezpecnostni-testovani-cloud\/","url":"https:\/\/nethemba.com\/cs\/sluzby\/sitova-a-systemova-bezpecnost\/bezpecnostni-testovani-cloud\/","name":"Bezpe\u010dnostn\u00ed testov\u00e1n\u00ed Cloud - Nethemba","isPartOf":{"@id":"https:\/\/nethemba.com\/de\/#website"},"datePublished":"2021-01-01T14:12:22+00:00","dateModified":"2021-01-01T21:04:51+00:00","description":"Bezpe\u010dnostn\u00ed testovan\u00ed Amazon, Google a Microsoft Cloud \u0159e\u0161en\u00ed","breadcrumb":{"@id":"https:\/\/nethemba.com\/cs\/sluzby\/sitova-a-systemova-bezpecnost\/bezpecnostni-testovani-cloud\/#breadcrumb"},"inLanguage":"cs","potentialAction":[{"@type":"ReadAction","target":["https:\/\/nethemba.com\/cs\/sluzby\/sitova-a-systemova-bezpecnost\/bezpecnostni-testovani-cloud\/"]}]},{"@type":"BreadcrumbList","@id":"https:\/\/nethemba.com\/cs\/sluzby\/sitova-a-systemova-bezpecnost\/bezpecnostni-testovani-cloud\/#breadcrumb","itemListElement":[{"@type":"ListItem","position":1,"name":"Home","item":"https:\/\/nethemba.com\/cs\/home-new-2025\/"},{"@type":"ListItem","position":2,"name":"Slu\u017eby","item":"https:\/\/nethemba.com\/cs\/sluzby\/"},{"@type":"ListItem","position":3,"name":"S\u00ed\u0165ov\u00e1 a syst\u00e9mov\u00e1 bezpe\u010dnost","item":"https:\/\/nethemba.com\/cs\/sluzby\/sitova-a-systemova-bezpecnost\/"},{"@type":"ListItem","position":4,"name":"Bezpe\u010dnostn\u00ed testov\u00e1n\u00ed Cloud"}]},{"@type":"WebSite","@id":"https:\/\/nethemba.com\/de\/#website","url":"https:\/\/nethemba.com\/de\/","name":"Nethemba","description":"We care about your security","potentialAction":[{"@type":"SearchAction","target":{"@type":"EntryPoint","urlTemplate":"https:\/\/nethemba.com\/de\/?s={search_term_string}"},"query-input":{"@type":"PropertyValueSpecification","valueRequired":true,"valueName":"search_term_string"}}],"inLanguage":"cs"}]}},"_links":{"self":[{"href":"https:\/\/nethemba.com\/cs\/wp-json\/wp\/v2\/pages\/5616","targetHints":{"allow":["GET"]}}],"collection":[{"href":"https:\/\/nethemba.com\/cs\/wp-json\/wp\/v2\/pages"}],"about":[{"href":"https:\/\/nethemba.com\/cs\/wp-json\/wp\/v2\/types\/page"}],"author":[{"embeddable":true,"href":"https:\/\/nethemba.com\/cs\/wp-json\/wp\/v2\/users\/2"}],"replies":[{"embeddable":true,"href":"https:\/\/nethemba.com\/cs\/wp-json\/wp\/v2\/comments?post=5616"}],"version-history":[{"count":0,"href":"https:\/\/nethemba.com\/cs\/wp-json\/wp\/v2\/pages\/5616\/revisions"}],"up":[{"embeddable":true,"href":"https:\/\/nethemba.com\/cs\/wp-json\/wp\/v2\/pages\/383"}],"wp:attachment":[{"href":"https:\/\/nethemba.com\/cs\/wp-json\/wp\/v2\/media?parent=5616"}],"curies":[{"name":"wp","href":"https:\/\/api.w.org\/{rel}","templated":true}]}}