{"id":566,"date":"2015-11-08T21:25:38","date_gmt":"2015-11-08T21:25:38","guid":{"rendered":"http:\/\/nethemba.com\/cs\/?page_id=566"},"modified":"2023-02-25T10:54:05","modified_gmt":"2023-02-25T09:54:05","slug":"pavol-luptak","status":"publish","type":"page","link":"https:\/\/nethemba.com\/cs\/o-nas-old\/nas-tym\/pavol-luptak\/","title":{"rendered":"Pavol Lupt\u00e1k"},"content":{"rendered":"<p>Vystudoval FEI-STU v Bratislav\u011b a FEL-\u010cVUT v Praze obor informatika s diplomovou prac\u00ed zam\u011b\u0159enou na ultra-bezpe\u010dn\u00e9 syst\u00e9my. Je dr\u017eitelem presti\u017en\u00edch bezpe\u010dnostn\u00edch certifikaci <a href=\"https:\/\/nethemba.com\/resources\/pavol.luptak-cissp.pdf\">CISSP<\/a> a <a href=\"https:\/\/nethemba.com\/resources\/pavol.luptak-CEH.pdf\">CEH<\/a>, vede <a href=\"http:\/\/www.owasp.org\/index.php\/Slovakia\">slovenskou OWASP pobo\u010dku<\/a>. Je tak\u00e9 spoluzakladatelem organizac\u00ed <a href=\"http:\/\/www.progressbar.sk\/\">Progressbar<\/a> a <a href=\"http:\/\/www.soit.sk\/\">SOIT<\/a>, kde vede sekci pro IT bezpe\u010dnost.<\/p>\n<p>Pavel m\u00e1 pravideln\u00e9 prezentace na r\u016fzn\u00fdch sv\u011btov\u00fdch bezpe\u010dnostn\u00edch konferenc\u00edch (Nizozemsku, Lucembursku, Berl\u00edn\u011b, Var\u0161av\u011b, Krakov\u011b, Praze).<br \/>\nV minulosti demonstroval <a href=\"https:\/\/nethemba.com\/resources\/kriticke-zranitelnosti-v-sms-parkingu.pdf\">mo\u017enost zneu\u017eit\u00ed SMS j\u00edzdenek<\/a> ve v\u0161ech velk\u00fdch m\u011bstech Evropy, spolu s kolegou Norbertem Szeteiom demonstroval <a href=\"https:\/\/nethemba.com\/resources\/mifare-classic-zranitelnosti.pdf\">masivn\u00ed prolomen\u00ed \u010dipov\u00fdch karet Mifare Classic<\/a>.<\/p>\n<p>M\u00e1 14-let\u00e9 zku\u0161enosti v oblasti IT bezpe\u010dnosti a penetra\u010dn\u00edho testov\u00e1n\u00ed a tvorby nejr\u016fzn\u011bj\u0161\u00edch bezpe\u010dnostn\u00edch audit\u016f v\u010detn\u011b soci\u00e1ln\u00edho in\u017een\u00fdrstv\u00ed \u010di forenzn\u00ed anal\u00fdzy.<br \/>\nJe <a href=\"http:\/\/www.owasp.org\/index.php\/Testing_Guide_Frontispiece#v3_Authors\">spoluautor<\/a> testovac\u00ed p\u0159\u00edru\u010dky <a href=\"http:\/\/www.owasp.org\/index.php\/OWASP_Testing_Guide_v3_Table_of_Contents\">OWASP Testing Guide v3<\/a>, detailn\u011b ovl\u00e1d\u00e1 OSSTMM, ISO17799\/27001, m\u00e1 dlouholet\u00e9 zku\u0161enosti s manu\u00e1ln\u00edm vyhled\u00e1v\u00e1n\u00edm zranitelnost\u00ed a r\u016fzn\u00fdmi bezpe\u010dnostn\u00edmi n\u00e1stroji. Ovl\u00e1d\u00e1 mno\u017estv\u00ed programovac\u00edch jazyk\u016f (ASM, C, C++, XSLT, Perl, Java, PLSQL, Lisp, Prolog, skriptovac\u00ed jazyky) a opera\u010dn\u00edch syst\u00e9m\u016f, v\u011bnuje se tak\u00e9 VoIP a zaj\u00edmav\u00e9mu v\u00fdzkumu v oblasti IT bezpe\u010dnosti.<\/p>\n","protected":false},"excerpt":{"rendered":"<p>Vystudoval FEI-STU v Bratislav\u011b a FEL-\u010cVUT v Praze obor informatika s diplomovou prac\u00ed zam\u011b\u0159enou na ultra-bezpe\u010dn\u00e9 syst\u00e9my. Je dr\u017eitelem presti\u017en\u00edch bezpe\u010dnostn\u00edch certifikaci CISSP a CEH, vede slovenskou OWASP pobo\u010dku. Je tak\u00e9 spoluzakladatelem organizac\u00ed Progressbar a SOIT, kde vede sekci pro IT bezpe\u010dnost. Pavel m\u00e1 pravideln\u00e9 prezentace na r\u016fzn\u00fdch sv\u011btov\u00fdch bezpe\u010dnostn\u00edch konferenc\u00edch (Nizozemsku, Lucembursku, Berl\u00edn\u011b, Var\u0161av\u011b, [&hellip;]<\/p>\n","protected":false},"author":2,"featured_media":0,"parent":548,"menu_order":1,"comment_status":"closed","ping_status":"closed","template":"","meta":{"inline_featured_image":false,"_monsterinsights_skip_tracking":false,"_monsterinsights_sitenote_active":false,"_monsterinsights_sitenote_note":"","_monsterinsights_sitenote_category":0,"footnotes":""},"class_list":["post-566","page","type-page","status-publish","hentry"],"yoast_head":"<!-- This site is optimized with the Yoast SEO plugin v27.5 - https:\/\/yoast.com\/product\/yoast-seo-wordpress\/ -->\n<title>Pavol Lupt\u00e1k - Nethemba<\/title>\n<meta name=\"robots\" content=\"index, follow, max-snippet:-1, max-image-preview:large, max-video-preview:-1\" \/>\n<link rel=\"canonical\" href=\"https:\/\/nethemba.com\/cs\/o-nas-old\/nas-tym\/pavol-luptak\/\" \/>\n<meta property=\"og:locale\" content=\"cs_CZ\" \/>\n<meta property=\"og:type\" content=\"article\" \/>\n<meta property=\"og:title\" content=\"Pavol Lupt\u00e1k - Nethemba\" \/>\n<meta property=\"og:description\" content=\"Vystudoval FEI-STU v Bratislav\u011b a FEL-\u010cVUT v Praze obor informatika s diplomovou prac\u00ed zam\u011b\u0159enou na ultra-bezpe\u010dn\u00e9 syst\u00e9my. Je dr\u017eitelem presti\u017en\u00edch bezpe\u010dnostn\u00edch certifikaci CISSP a CEH, vede slovenskou OWASP pobo\u010dku. Je tak\u00e9 spoluzakladatelem organizac\u00ed Progressbar a SOIT, kde vede sekci pro IT bezpe\u010dnost. Pavel m\u00e1 pravideln\u00e9 prezentace na r\u016fzn\u00fdch sv\u011btov\u00fdch bezpe\u010dnostn\u00edch konferenc\u00edch (Nizozemsku, Lucembursku, Berl\u00edn\u011b, Var\u0161av\u011b, [&hellip;]\" \/>\n<meta property=\"og:url\" content=\"https:\/\/nethemba.com\/cs\/o-nas-old\/nas-tym\/pavol-luptak\/\" \/>\n<meta property=\"og:site_name\" content=\"Nethemba\" \/>\n<meta property=\"article:publisher\" content=\"https:\/\/www.facebook.com\/nethemba\" \/>\n<meta property=\"article:modified_time\" content=\"2023-02-25T09:54:05+00:00\" \/>\n<meta name=\"twitter:card\" content=\"summary_large_image\" \/>\n<meta name=\"twitter:site\" content=\"@nethemba\" \/>\n<meta name=\"twitter:label1\" content=\"Odhadovan\u00e1 doba \u010dten\u00ed\" \/>\n\t<meta name=\"twitter:data1\" content=\"1 minuta\" \/>\n<script type=\"application\/ld+json\" class=\"yoast-schema-graph\">{\"@context\":\"https:\\\/\\\/schema.org\",\"@graph\":[{\"@type\":\"WebPage\",\"@id\":\"https:\\\/\\\/nethemba.com\\\/cs\\\/o-nas-old\\\/nas-tym\\\/pavol-luptak\\\/\",\"url\":\"https:\\\/\\\/nethemba.com\\\/cs\\\/o-nas-old\\\/nas-tym\\\/pavol-luptak\\\/\",\"name\":\"Pavol Lupt\u00e1k - Nethemba\",\"isPartOf\":{\"@id\":\"https:\\\/\\\/nethemba.com\\\/de\\\/#website\"},\"datePublished\":\"2015-11-08T21:25:38+00:00\",\"dateModified\":\"2023-02-25T09:54:05+00:00\",\"breadcrumb\":{\"@id\":\"https:\\\/\\\/nethemba.com\\\/cs\\\/o-nas-old\\\/nas-tym\\\/pavol-luptak\\\/#breadcrumb\"},\"inLanguage\":\"cs\",\"potentialAction\":[{\"@type\":\"ReadAction\",\"target\":[\"https:\\\/\\\/nethemba.com\\\/cs\\\/o-nas-old\\\/nas-tym\\\/pavol-luptak\\\/\"]}]},{\"@type\":\"BreadcrumbList\",\"@id\":\"https:\\\/\\\/nethemba.com\\\/cs\\\/o-nas-old\\\/nas-tym\\\/pavol-luptak\\\/#breadcrumb\",\"itemListElement\":[{\"@type\":\"ListItem\",\"position\":1,\"name\":\"Home\",\"item\":\"https:\\\/\\\/nethemba.com\\\/cs\\\/home-new-2025\\\/\"},{\"@type\":\"ListItem\",\"position\":2,\"name\":\"O n\u00e1s\",\"item\":\"https:\\\/\\\/nethemba.com\\\/cs\\\/?page_id=319\"},{\"@type\":\"ListItem\",\"position\":3,\"name\":\"N\u00e1\u0161 t\u00fdm\",\"item\":\"https:\\\/\\\/nethemba.com\\\/cs\\\/o-nas-old\\\/nas-tym\\\/\"},{\"@type\":\"ListItem\",\"position\":4,\"name\":\"Pavol Lupt\u00e1k\"}]},{\"@type\":\"WebSite\",\"@id\":\"https:\\\/\\\/nethemba.com\\\/de\\\/#website\",\"url\":\"https:\\\/\\\/nethemba.com\\\/de\\\/\",\"name\":\"Nethemba\",\"description\":\"We care about your security\",\"potentialAction\":[{\"@type\":\"SearchAction\",\"target\":{\"@type\":\"EntryPoint\",\"urlTemplate\":\"https:\\\/\\\/nethemba.com\\\/de\\\/?s={search_term_string}\"},\"query-input\":{\"@type\":\"PropertyValueSpecification\",\"valueRequired\":true,\"valueName\":\"search_term_string\"}}],\"inLanguage\":\"cs\"}]}<\/script>\n<!-- \/ Yoast SEO plugin. -->","yoast_head_json":{"title":"Pavol Lupt\u00e1k - Nethemba","robots":{"index":"index","follow":"follow","max-snippet":"max-snippet:-1","max-image-preview":"max-image-preview:large","max-video-preview":"max-video-preview:-1"},"canonical":"https:\/\/nethemba.com\/cs\/o-nas-old\/nas-tym\/pavol-luptak\/","og_locale":"cs_CZ","og_type":"article","og_title":"Pavol Lupt\u00e1k - Nethemba","og_description":"Vystudoval FEI-STU v Bratislav\u011b a FEL-\u010cVUT v Praze obor informatika s diplomovou prac\u00ed zam\u011b\u0159enou na ultra-bezpe\u010dn\u00e9 syst\u00e9my. Je dr\u017eitelem presti\u017en\u00edch bezpe\u010dnostn\u00edch certifikaci CISSP a CEH, vede slovenskou OWASP pobo\u010dku. Je tak\u00e9 spoluzakladatelem organizac\u00ed Progressbar a SOIT, kde vede sekci pro IT bezpe\u010dnost. Pavel m\u00e1 pravideln\u00e9 prezentace na r\u016fzn\u00fdch sv\u011btov\u00fdch bezpe\u010dnostn\u00edch konferenc\u00edch (Nizozemsku, Lucembursku, Berl\u00edn\u011b, Var\u0161av\u011b, [&hellip;]","og_url":"https:\/\/nethemba.com\/cs\/o-nas-old\/nas-tym\/pavol-luptak\/","og_site_name":"Nethemba","article_publisher":"https:\/\/www.facebook.com\/nethemba","article_modified_time":"2023-02-25T09:54:05+00:00","twitter_card":"summary_large_image","twitter_site":"@nethemba","twitter_misc":{"Odhadovan\u00e1 doba \u010dten\u00ed":"1 minuta"},"schema":{"@context":"https:\/\/schema.org","@graph":[{"@type":"WebPage","@id":"https:\/\/nethemba.com\/cs\/o-nas-old\/nas-tym\/pavol-luptak\/","url":"https:\/\/nethemba.com\/cs\/o-nas-old\/nas-tym\/pavol-luptak\/","name":"Pavol Lupt\u00e1k - Nethemba","isPartOf":{"@id":"https:\/\/nethemba.com\/de\/#website"},"datePublished":"2015-11-08T21:25:38+00:00","dateModified":"2023-02-25T09:54:05+00:00","breadcrumb":{"@id":"https:\/\/nethemba.com\/cs\/o-nas-old\/nas-tym\/pavol-luptak\/#breadcrumb"},"inLanguage":"cs","potentialAction":[{"@type":"ReadAction","target":["https:\/\/nethemba.com\/cs\/o-nas-old\/nas-tym\/pavol-luptak\/"]}]},{"@type":"BreadcrumbList","@id":"https:\/\/nethemba.com\/cs\/o-nas-old\/nas-tym\/pavol-luptak\/#breadcrumb","itemListElement":[{"@type":"ListItem","position":1,"name":"Home","item":"https:\/\/nethemba.com\/cs\/home-new-2025\/"},{"@type":"ListItem","position":2,"name":"O n\u00e1s","item":"https:\/\/nethemba.com\/cs\/?page_id=319"},{"@type":"ListItem","position":3,"name":"N\u00e1\u0161 t\u00fdm","item":"https:\/\/nethemba.com\/cs\/o-nas-old\/nas-tym\/"},{"@type":"ListItem","position":4,"name":"Pavol Lupt\u00e1k"}]},{"@type":"WebSite","@id":"https:\/\/nethemba.com\/de\/#website","url":"https:\/\/nethemba.com\/de\/","name":"Nethemba","description":"We care about your security","potentialAction":[{"@type":"SearchAction","target":{"@type":"EntryPoint","urlTemplate":"https:\/\/nethemba.com\/de\/?s={search_term_string}"},"query-input":{"@type":"PropertyValueSpecification","valueRequired":true,"valueName":"search_term_string"}}],"inLanguage":"cs"}]}},"_links":{"self":[{"href":"https:\/\/nethemba.com\/cs\/wp-json\/wp\/v2\/pages\/566","targetHints":{"allow":["GET"]}}],"collection":[{"href":"https:\/\/nethemba.com\/cs\/wp-json\/wp\/v2\/pages"}],"about":[{"href":"https:\/\/nethemba.com\/cs\/wp-json\/wp\/v2\/types\/page"}],"author":[{"embeddable":true,"href":"https:\/\/nethemba.com\/cs\/wp-json\/wp\/v2\/users\/2"}],"replies":[{"embeddable":true,"href":"https:\/\/nethemba.com\/cs\/wp-json\/wp\/v2\/comments?post=566"}],"version-history":[{"count":0,"href":"https:\/\/nethemba.com\/cs\/wp-json\/wp\/v2\/pages\/566\/revisions"}],"up":[{"embeddable":true,"href":"https:\/\/nethemba.com\/cs\/wp-json\/wp\/v2\/pages\/548"}],"wp:attachment":[{"href":"https:\/\/nethemba.com\/cs\/wp-json\/wp\/v2\/media?parent=566"}],"curies":[{"name":"wp","href":"https:\/\/api.w.org\/{rel}","templated":true}]}}