{"id":572,"date":"2015-11-08T21:26:22","date_gmt":"2015-11-08T21:26:22","guid":{"rendered":"http:\/\/nethemba.com\/cs\/?page_id=572"},"modified":"2018-04-12T08:18:41","modified_gmt":"2018-04-12T08:18:41","slug":"slavomir-ivancik","status":"publish","type":"page","link":"https:\/\/nethemba.com\/cs\/o-nas-old\/nas-tym\/slavomir-ivancik\/","title":{"rendered":"Slavom\u00edr Ivan\u010d\u00edk"},"content":{"rendered":"<p>Vystudoval FEI-SPU v Nit\u0159e obor kvantitativn\u00ed management a informatika. Je dr\u017eitelem mno\u017estv\u00ed bezpe\u010dnostn\u00edch a s\u00ed\u0165ov\u00fdch certifikac\u00ed jako nap\u0159\u00edklad\u00a0<a href=\"https:\/\/www.offensive-security.com\/information-security-certifications\/osce-offensive-security-certified-expert\/\" target=\"_blank\" rel=\"noopener\">OSCE (Offensive Security Certified Expert)<\/a>, CCSP, CCNP, CCNP-Security, CCDP a CCIP.<\/p>\n<p>Pracoval jako konzultant a technick\u00fd pracovn\u00edk v r\u016fzn\u00fdch spole\u010dnostech, jako spolumajitel a \u0161kolitel v Lapis, s.r.o, \u0159editel CIKT UKF v Nit\u0159e a bezpe\u010dnostn\u00ed konzultant v CORINEX GROUP, a.s.<br \/>\nV\u011bnuje se n\u00e1vrhem, implementaci a testov\u00e1n\u00ed bezpe\u010dnosti s\u00ed\u0165ov\u00e9 infrastruktury, ISO 17799\/27000 dokumentaci, forenzn\u00ed anal\u00fdze a penetra\u010dn\u00edm testov\u00e1n\u00ed.<\/p>\n","protected":false},"excerpt":{"rendered":"<p>Vystudoval FEI-SPU v Nit\u0159e obor kvantitativn\u00ed management a informatika. Je dr\u017eitelem mno\u017estv\u00ed bezpe\u010dnostn\u00edch a s\u00ed\u0165ov\u00fdch certifikac\u00ed jako nap\u0159\u00edklad\u00a0OSCE (Offensive Security Certified Expert), CCSP, CCNP, CCNP-Security, CCDP a CCIP. Pracoval jako konzultant a technick\u00fd pracovn\u00edk v r\u016fzn\u00fdch spole\u010dnostech, jako spolumajitel a \u0161kolitel v Lapis, s.r.o, \u0159editel CIKT UKF v Nit\u0159e a bezpe\u010dnostn\u00ed konzultant v CORINEX GROUP, [&hellip;]<\/p>\n","protected":false},"author":2,"featured_media":0,"parent":548,"menu_order":5,"comment_status":"closed","ping_status":"closed","template":"","meta":{"inline_featured_image":false,"_monsterinsights_skip_tracking":false,"_monsterinsights_sitenote_active":false,"_monsterinsights_sitenote_note":"","_monsterinsights_sitenote_category":0,"footnotes":""},"class_list":["post-572","page","type-page","status-publish","hentry"],"yoast_head":"<!-- This site is optimized with the Yoast SEO plugin v27.2 - https:\/\/yoast.com\/product\/yoast-seo-wordpress\/ -->\n<title>Slavom\u00edr Ivan\u010d\u00edk - Nethemba<\/title>\n<meta name=\"robots\" content=\"index, follow, max-snippet:-1, max-image-preview:large, max-video-preview:-1\" \/>\n<link rel=\"canonical\" href=\"https:\/\/nethemba.com\/cs\/o-nas-old\/nas-tym\/slavomir-ivancik\/\" \/>\n<meta property=\"og:locale\" content=\"cs_CZ\" \/>\n<meta property=\"og:type\" content=\"article\" \/>\n<meta property=\"og:title\" content=\"Slavom\u00edr Ivan\u010d\u00edk - Nethemba\" \/>\n<meta property=\"og:description\" content=\"Vystudoval FEI-SPU v Nit\u0159e obor kvantitativn\u00ed management a informatika. Je dr\u017eitelem mno\u017estv\u00ed bezpe\u010dnostn\u00edch a s\u00ed\u0165ov\u00fdch certifikac\u00ed jako nap\u0159\u00edklad\u00a0OSCE (Offensive Security Certified Expert), CCSP, CCNP, CCNP-Security, CCDP a CCIP. Pracoval jako konzultant a technick\u00fd pracovn\u00edk v r\u016fzn\u00fdch spole\u010dnostech, jako spolumajitel a \u0161kolitel v Lapis, s.r.o, \u0159editel CIKT UKF v Nit\u0159e a bezpe\u010dnostn\u00ed konzultant v CORINEX GROUP, [&hellip;]\" \/>\n<meta property=\"og:url\" content=\"https:\/\/nethemba.com\/cs\/o-nas-old\/nas-tym\/slavomir-ivancik\/\" \/>\n<meta property=\"og:site_name\" content=\"Nethemba\" \/>\n<meta property=\"article:publisher\" content=\"https:\/\/www.facebook.com\/nethemba\" \/>\n<meta property=\"article:modified_time\" content=\"2018-04-12T08:18:41+00:00\" \/>\n<meta name=\"twitter:card\" content=\"summary_large_image\" \/>\n<meta name=\"twitter:site\" content=\"@nethemba\" \/>\n<script type=\"application\/ld+json\" class=\"yoast-schema-graph\">{\"@context\":\"https:\/\/schema.org\",\"@graph\":[{\"@type\":\"WebPage\",\"@id\":\"https:\/\/nethemba.com\/cs\/o-nas-old\/nas-tym\/slavomir-ivancik\/\",\"url\":\"https:\/\/nethemba.com\/cs\/o-nas-old\/nas-tym\/slavomir-ivancik\/\",\"name\":\"Slavom\u00edr Ivan\u010d\u00edk - Nethemba\",\"isPartOf\":{\"@id\":\"https:\/\/nethemba.com\/de\/#website\"},\"datePublished\":\"2015-11-08T21:26:22+00:00\",\"dateModified\":\"2018-04-12T08:18:41+00:00\",\"breadcrumb\":{\"@id\":\"https:\/\/nethemba.com\/cs\/o-nas-old\/nas-tym\/slavomir-ivancik\/#breadcrumb\"},\"inLanguage\":\"cs\",\"potentialAction\":[{\"@type\":\"ReadAction\",\"target\":[\"https:\/\/nethemba.com\/cs\/o-nas-old\/nas-tym\/slavomir-ivancik\/\"]}]},{\"@type\":\"BreadcrumbList\",\"@id\":\"https:\/\/nethemba.com\/cs\/o-nas-old\/nas-tym\/slavomir-ivancik\/#breadcrumb\",\"itemListElement\":[{\"@type\":\"ListItem\",\"position\":1,\"name\":\"Home\",\"item\":\"https:\/\/nethemba.com\/cs\/home-new-2025\/\"},{\"@type\":\"ListItem\",\"position\":2,\"name\":\"O n\u00e1s\",\"item\":\"https:\/\/nethemba.com\/cs\/?page_id=319\"},{\"@type\":\"ListItem\",\"position\":3,\"name\":\"N\u00e1\u0161 t\u00fdm\",\"item\":\"https:\/\/nethemba.com\/cs\/o-nas-old\/nas-tym\/\"},{\"@type\":\"ListItem\",\"position\":4,\"name\":\"Slavom\u00edr Ivan\u010d\u00edk\"}]},{\"@type\":\"WebSite\",\"@id\":\"https:\/\/nethemba.com\/de\/#website\",\"url\":\"https:\/\/nethemba.com\/de\/\",\"name\":\"Nethemba\",\"description\":\"We care about your security\",\"potentialAction\":[{\"@type\":\"SearchAction\",\"target\":{\"@type\":\"EntryPoint\",\"urlTemplate\":\"https:\/\/nethemba.com\/de\/?s={search_term_string}\"},\"query-input\":{\"@type\":\"PropertyValueSpecification\",\"valueRequired\":true,\"valueName\":\"search_term_string\"}}],\"inLanguage\":\"cs\"}]}<\/script>\n<!-- \/ Yoast SEO plugin. -->","yoast_head_json":{"title":"Slavom\u00edr Ivan\u010d\u00edk - Nethemba","robots":{"index":"index","follow":"follow","max-snippet":"max-snippet:-1","max-image-preview":"max-image-preview:large","max-video-preview":"max-video-preview:-1"},"canonical":"https:\/\/nethemba.com\/cs\/o-nas-old\/nas-tym\/slavomir-ivancik\/","og_locale":"cs_CZ","og_type":"article","og_title":"Slavom\u00edr Ivan\u010d\u00edk - Nethemba","og_description":"Vystudoval FEI-SPU v Nit\u0159e obor kvantitativn\u00ed management a informatika. Je dr\u017eitelem mno\u017estv\u00ed bezpe\u010dnostn\u00edch a s\u00ed\u0165ov\u00fdch certifikac\u00ed jako nap\u0159\u00edklad\u00a0OSCE (Offensive Security Certified Expert), CCSP, CCNP, CCNP-Security, CCDP a CCIP. Pracoval jako konzultant a technick\u00fd pracovn\u00edk v r\u016fzn\u00fdch spole\u010dnostech, jako spolumajitel a \u0161kolitel v Lapis, s.r.o, \u0159editel CIKT UKF v Nit\u0159e a bezpe\u010dnostn\u00ed konzultant v CORINEX GROUP, [&hellip;]","og_url":"https:\/\/nethemba.com\/cs\/o-nas-old\/nas-tym\/slavomir-ivancik\/","og_site_name":"Nethemba","article_publisher":"https:\/\/www.facebook.com\/nethemba","article_modified_time":"2018-04-12T08:18:41+00:00","twitter_card":"summary_large_image","twitter_site":"@nethemba","schema":{"@context":"https:\/\/schema.org","@graph":[{"@type":"WebPage","@id":"https:\/\/nethemba.com\/cs\/o-nas-old\/nas-tym\/slavomir-ivancik\/","url":"https:\/\/nethemba.com\/cs\/o-nas-old\/nas-tym\/slavomir-ivancik\/","name":"Slavom\u00edr Ivan\u010d\u00edk - Nethemba","isPartOf":{"@id":"https:\/\/nethemba.com\/de\/#website"},"datePublished":"2015-11-08T21:26:22+00:00","dateModified":"2018-04-12T08:18:41+00:00","breadcrumb":{"@id":"https:\/\/nethemba.com\/cs\/o-nas-old\/nas-tym\/slavomir-ivancik\/#breadcrumb"},"inLanguage":"cs","potentialAction":[{"@type":"ReadAction","target":["https:\/\/nethemba.com\/cs\/o-nas-old\/nas-tym\/slavomir-ivancik\/"]}]},{"@type":"BreadcrumbList","@id":"https:\/\/nethemba.com\/cs\/o-nas-old\/nas-tym\/slavomir-ivancik\/#breadcrumb","itemListElement":[{"@type":"ListItem","position":1,"name":"Home","item":"https:\/\/nethemba.com\/cs\/home-new-2025\/"},{"@type":"ListItem","position":2,"name":"O n\u00e1s","item":"https:\/\/nethemba.com\/cs\/?page_id=319"},{"@type":"ListItem","position":3,"name":"N\u00e1\u0161 t\u00fdm","item":"https:\/\/nethemba.com\/cs\/o-nas-old\/nas-tym\/"},{"@type":"ListItem","position":4,"name":"Slavom\u00edr Ivan\u010d\u00edk"}]},{"@type":"WebSite","@id":"https:\/\/nethemba.com\/de\/#website","url":"https:\/\/nethemba.com\/de\/","name":"Nethemba","description":"We care about your security","potentialAction":[{"@type":"SearchAction","target":{"@type":"EntryPoint","urlTemplate":"https:\/\/nethemba.com\/de\/?s={search_term_string}"},"query-input":{"@type":"PropertyValueSpecification","valueRequired":true,"valueName":"search_term_string"}}],"inLanguage":"cs"}]}},"_links":{"self":[{"href":"https:\/\/nethemba.com\/cs\/wp-json\/wp\/v2\/pages\/572","targetHints":{"allow":["GET"]}}],"collection":[{"href":"https:\/\/nethemba.com\/cs\/wp-json\/wp\/v2\/pages"}],"about":[{"href":"https:\/\/nethemba.com\/cs\/wp-json\/wp\/v2\/types\/page"}],"author":[{"embeddable":true,"href":"https:\/\/nethemba.com\/cs\/wp-json\/wp\/v2\/users\/2"}],"replies":[{"embeddable":true,"href":"https:\/\/nethemba.com\/cs\/wp-json\/wp\/v2\/comments?post=572"}],"version-history":[{"count":0,"href":"https:\/\/nethemba.com\/cs\/wp-json\/wp\/v2\/pages\/572\/revisions"}],"up":[{"embeddable":true,"href":"https:\/\/nethemba.com\/cs\/wp-json\/wp\/v2\/pages\/548"}],"wp:attachment":[{"href":"https:\/\/nethemba.com\/cs\/wp-json\/wp\/v2\/media?parent=572"}],"curies":[{"name":"wp","href":"https:\/\/api.w.org\/{rel}","templated":true}]}}