{"id":8590,"date":"2025-03-19T02:58:52","date_gmt":"2025-03-19T01:58:52","guid":{"rendered":"https:\/\/nethemba.com\/network-and-system-security\/"},"modified":"2025-04-01T06:00:03","modified_gmt":"2025-04-01T04:00:03","slug":"sitova-a-systemova-bezpecnost","status":"publish","type":"page","link":"https:\/\/nethemba.com\/cs\/sitova-a-systemova-bezpecnost\/","title":{"rendered":"S\u00ed\u0165ov\u00e1 a syst\u00e9mov\u00e1 bezpe\u010dnost"},"content":{"rendered":"\t\t<div data-elementor-type=\"wp-page\" data-elementor-id=\"8590\" class=\"elementor elementor-8590 elementor-7824\" data-elementor-post-type=\"page\">\n\t\t\t\t<div class=\"elementor-element elementor-element-4b41e359 elementor-hidden-mobile e-flex e-con-boxed e-con e-parent\" data-id=\"4b41e359\" data-element_type=\"container\" data-e-type=\"container\" data-settings=\"{&quot;background_background&quot;:&quot;gradient&quot;}\">\n\t\t\t\t\t<div class=\"e-con-inner\">\n\t\t<div class=\"elementor-element elementor-element-703816e7 e-con-full e-flex e-con e-child\" data-id=\"703816e7\" data-element_type=\"container\" data-e-type=\"container\">\n\t\t\t\t<div class=\"elementor-element elementor-element-638810ad elementor-widget elementor-widget-heading\" data-id=\"638810ad\" data-element_type=\"widget\" data-e-type=\"widget\" data-widget_type=\"heading.default\">\n\t\t\t\t<div class=\"elementor-widget-container\">\n\t\t\t\t\t<h2 class=\"elementor-heading-title elementor-size-default\">Slu\u017eby<\/h2>\t\t\t\t<\/div>\n\t\t\t\t<\/div>\n\t\t\t\t<div class=\"elementor-element elementor-element-18a5187b elementor-widget-divider--view-line elementor-widget elementor-widget-divider\" data-id=\"18a5187b\" data-element_type=\"widget\" data-e-type=\"widget\" data-widget_type=\"divider.default\">\n\t\t\t\t<div class=\"elementor-widget-container\">\n\t\t\t\t\t\t\t<div class=\"elementor-divider\">\n\t\t\t<span class=\"elementor-divider-separator\">\n\t\t\t\t\t\t<\/span>\n\t\t<\/div>\n\t\t\t\t\t\t<\/div>\n\t\t\t\t<\/div>\n\t\t\t\t<\/div>\n\t\t<div class=\"elementor-element elementor-element-78f78fed e-con-full elementor-hidden-mobile e-flex e-con e-child\" data-id=\"78f78fed\" data-element_type=\"container\" data-e-type=\"container\">\n\t\t\t\t<div class=\"elementor-element elementor-element-3b8f2459 elementor-widget elementor-widget-image\" data-id=\"3b8f2459\" data-element_type=\"widget\" data-e-type=\"widget\" data-widget_type=\"image.default\">\n\t\t\t\t<div class=\"elementor-widget-container\">\n\t\t\t\t\t\t\t\t\t\t\t\t\t\t\t<img fetchpriority=\"high\" decoding=\"async\" width=\"777\" height=\"640\" src=\"https:\/\/nethemba.com\/wp-content\/uploads\/2025\/03\/HeroImg-squared-5-1.png\" class=\"attachment-large size-large wp-image-6849\" alt=\"\" srcset=\"https:\/\/nethemba.com\/wp-content\/uploads\/2025\/03\/HeroImg-squared-5-1.png 777w, https:\/\/nethemba.com\/wp-content\/uploads\/2025\/03\/HeroImg-squared-5-1-300x247.png 300w, https:\/\/nethemba.com\/wp-content\/uploads\/2025\/03\/HeroImg-squared-5-1-768x633.png 768w\" sizes=\"(max-width: 777px) 100vw, 777px\" \/>\t\t\t\t\t\t\t\t\t\t\t\t\t\t\t<\/div>\n\t\t\t\t<\/div>\n\t\t\t\t<\/div>\n\t\t\t\t\t<\/div>\n\t\t\t\t<\/div>\n\t\t<div class=\"elementor-element elementor-element-38ebbb1f elementor-hidden-desktop elementor-hidden-tablet e-flex e-con-boxed e-con e-parent\" data-id=\"38ebbb1f\" data-element_type=\"container\" data-e-type=\"container\" id=\"hero-mobile\" data-settings=\"{&quot;background_background&quot;:&quot;classic&quot;}\">\n\t\t\t\t\t<div class=\"e-con-inner\">\n\t\t<div class=\"elementor-element elementor-element-32a886c0 e-con-full e-flex e-con e-child\" data-id=\"32a886c0\" data-element_type=\"container\" data-e-type=\"container\">\n\t\t\t\t<div class=\"elementor-element elementor-element-4fcce876 elementor-widget elementor-widget-heading\" data-id=\"4fcce876\" data-element_type=\"widget\" data-e-type=\"widget\" data-widget_type=\"heading.default\">\n\t\t\t\t<div class=\"elementor-widget-container\">\n\t\t\t\t\t<h2 class=\"elementor-heading-title elementor-size-default\">Slu\u017eby<\/h2>\t\t\t\t<\/div>\n\t\t\t\t<\/div>\n\t\t\t\t<div class=\"elementor-element elementor-element-22bb2479 elementor-widget-divider--view-line elementor-widget elementor-widget-divider\" data-id=\"22bb2479\" data-element_type=\"widget\" data-e-type=\"widget\" data-widget_type=\"divider.default\">\n\t\t\t\t<div class=\"elementor-widget-container\">\n\t\t\t\t\t\t\t<div class=\"elementor-divider\">\n\t\t\t<span class=\"elementor-divider-separator\">\n\t\t\t\t\t\t<\/span>\n\t\t<\/div>\n\t\t\t\t\t\t<\/div>\n\t\t\t\t<\/div>\n\t\t\t\t<\/div>\n\t\t<div class=\"elementor-element elementor-element-2e60523c e-con-full e-flex e-con e-child\" data-id=\"2e60523c\" data-element_type=\"container\" data-e-type=\"container\">\n\t\t\t\t<div class=\"elementor-element elementor-element-e3230d9 elementor-widget elementor-widget-image\" data-id=\"e3230d9\" data-element_type=\"widget\" data-e-type=\"widget\" data-widget_type=\"image.default\">\n\t\t\t\t<div class=\"elementor-widget-container\">\n\t\t\t\t\t\t\t\t\t\t\t\t\t\t\t<img decoding=\"async\" width=\"777\" height=\"640\" src=\"https:\/\/nethemba.com\/wp-content\/uploads\/2025\/03\/HeroImg-squared-1-1.png\" class=\"attachment-large size-large wp-image-6854\" alt=\"\" srcset=\"https:\/\/nethemba.com\/wp-content\/uploads\/2025\/03\/HeroImg-squared-1-1.png 777w, https:\/\/nethemba.com\/wp-content\/uploads\/2025\/03\/HeroImg-squared-1-1-300x247.png 300w, https:\/\/nethemba.com\/wp-content\/uploads\/2025\/03\/HeroImg-squared-1-1-768x633.png 768w\" sizes=\"(max-width: 777px) 100vw, 777px\" \/>\t\t\t\t\t\t\t\t\t\t\t\t\t\t\t<\/div>\n\t\t\t\t<\/div>\n\t\t\t\t<\/div>\n\t\t\t\t\t<\/div>\n\t\t\t\t<\/div>\n\t\t<div class=\"elementor-element elementor-element-15a809f0 e-flex e-con-boxed e-con e-parent\" data-id=\"15a809f0\" data-element_type=\"container\" data-e-type=\"container\" data-settings=\"{&quot;background_background&quot;:&quot;gradient&quot;}\">\n\t\t\t\t\t<div class=\"e-con-inner\">\n\t\t<div class=\"elementor-element elementor-element-5944c1b8 e-con-full e-flex e-con e-child\" data-id=\"5944c1b8\" data-element_type=\"container\" data-e-type=\"container\">\n\t\t<div class=\"elementor-element elementor-element-cc48365 e-con-full e-flex e-con e-child\" data-id=\"cc48365\" data-element_type=\"container\" data-e-type=\"container\">\n\t\t\t\t<div class=\"elementor-element elementor-element-704b2b1a elementor-widget elementor-widget-heading\" data-id=\"704b2b1a\" data-element_type=\"widget\" data-e-type=\"widget\" data-widget_type=\"heading.default\">\n\t\t\t\t<div class=\"elementor-widget-container\">\n\t\t\t\t\t<h2 class=\"elementor-heading-title elementor-size-default\">S\u00ed\u0165ov\u00e1 a syst\u00e9mov\u00e1 bezpe\u010dnost<\/h2>\t\t\t\t<\/div>\n\t\t\t\t<\/div>\n\t\t\t\t<div class=\"elementor-element elementor-element-4074889 elementor-widget__width-initial elementor-widget elementor-widget-heading\" data-id=\"4074889\" data-element_type=\"widget\" data-e-type=\"widget\" data-widget_type=\"heading.default\">\n\t\t\t\t<div class=\"elementor-widget-container\">\n\t\t\t\t\t<h2 class=\"elementor-heading-title elementor-size-default\">Nab\u00edz\u00edme n\u00e1sleduj\u00edc\u00ed profesion\u00e1ln\u00ed bezpe\u010dnostn\u00ed audity a penetra\u010dn\u00ed testy:<\/h2>\t\t\t\t<\/div>\n\t\t\t\t<\/div>\n\t\t\t\t<\/div>\n\t\t<div class=\"elementor-element elementor-element-d5c6621 e-con-full e-flex e-con e-child\" data-id=\"d5c6621\" data-element_type=\"container\" data-e-type=\"container\" data-settings=\"{&quot;background_background&quot;:&quot;gradient&quot;}\">\n\t\t\t\t<div class=\"elementor-element elementor-element-1cb3f00 elementor-widget elementor-widget-image\" data-id=\"1cb3f00\" data-element_type=\"widget\" data-e-type=\"widget\" data-widget_type=\"image.default\">\n\t\t\t\t<div class=\"elementor-widget-container\">\n\t\t\t\t\t\t\t\t\t\t\t\t\t\t\t<img decoding=\"async\" width=\"87\" height=\"86\" src=\"https:\/\/nethemba.com\/wp-content\/uploads\/2025\/03\/Network.png\" class=\"attachment-large size-large wp-image-7364\" alt=\"\" \/>\t\t\t\t\t\t\t\t\t\t\t\t\t\t\t<\/div>\n\t\t\t\t<\/div>\n\t\t\t\t<div class=\"elementor-element elementor-element-6c07bd4 elementor-widget elementor-widget-heading\" data-id=\"6c07bd4\" data-element_type=\"widget\" data-e-type=\"widget\" data-widget_type=\"heading.default\">\n\t\t\t\t<div class=\"elementor-widget-container\">\n\t\t\t\t\t<h6 class=\"elementor-heading-title elementor-size-default\">S\u00ed\u0165ov\u00e1 a syst\u00e9mov\u00e1 bezpe\u010dnost<\/h6>\t\t\t\t<\/div>\n\t\t\t\t<\/div>\n\t\t\t\t<div class=\"elementor-element elementor-element-0b8e94f elementor-widget elementor-widget-text-editor\" data-id=\"0b8e94f\" data-element_type=\"widget\" data-e-type=\"widget\" data-widget_type=\"text-editor.default\">\n\t\t\t\t<div class=\"elementor-widget-container\">\n\t\t\t\t\t\t\t\t\t<ul style=\"padding-left: 0;\">\n \t<li style=\"list-style-type: none;\"><span style=\"color: #7a7070;\"><a style=\"color: #fff;\" href=\"https:\/\/nethemba.com\/cs\/sluzby\/sitova-a-systemova-bezpecnost\/lokalni-systemovy-audit\/\">Lok\u00e1ln\u00ed syst\u00e9mov\u00fd audit<\/a><\/span><\/li>\n \t<li style=\"list-style-type: none;\"><span style=\"color: #7a7070;\"><a style=\"color: #fff;\" href=\"https:\/\/nethemba.com\/cs\/sluzby\/sitova-a-systemova-bezpecnost\/externi-penetracni-test\/\">Extern\u00ed penetra\u010dn\u00ed test<\/a><\/span><\/li>\n \t<li style=\"list-style-type: none;\"><span style=\"color: #7a7070;\"><a style=\"color: #fff;\" href=\"https:\/\/nethemba.com\/cs\/sluzby\/sitova-a-systemova-bezpecnost\/penetracni-test-intranetu\/\">Penetra\u010dn\u00ed test intranetu<\/a><\/span><\/li>\n \t<li style=\"list-style-type: none;\"><span style=\"color: #7a7070;\"><a style=\"color: #fff;\" href=\"https:\/\/nethemba.com\/cs\/sluzby\/sitova-a-systemova-bezpecnost\/bezpecnostni-testovani-cloud\/\">Bezpe\u010dnostn\u00ed testov\u00e1n\u00ed Cloud<\/a><\/span><\/li>\n \t<li style=\"list-style-type: none;\"><span style=\"color: #7a7070;\"><a style=\"color: #fff;\" href=\"https:\/\/nethemba.com\/cs\/sluzby\/sitova-a-systemova-bezpecnost\/bezpecnostni-audit-sap-systemu\/\">Bezpe\u010dnostn\u00ed audit SAP syst\u00e9m\u016f<\/a><\/span><\/li>\n \t<li style=\"list-style-type: none;\"><span style=\"color: #7a7070;\"><a style=\"color: #fff;\" href=\"https:\/\/nethemba.com\/cs\/sluzby\/sitova-a-systemova-bezpecnost\/bezpecnostni-audit-cipovych-karet\/\">Bezpe\u010dnostn\u00ed audit \u010dipov\u00fdch karet<\/a><\/span><\/li>\n \t<li style=\"list-style-type: none;\"><span style=\"color: #7a7070;\"><a style=\"color: #fff;\" href=\"https:\/\/nethemba.com\/cs\/sluzby\/sitova-a-systemova-bezpecnost\/bezpecnostni-audit-bezdratove-site\/\">Bezpe\u010dnostn\u00ed audit bezdr\u00e1tov\u00e9 s\u00edt\u011b<\/a><\/span><\/li>\n \t<li style=\"list-style-type: none;\"><span style=\"color: #7a7070;\"><a style=\"color: #fff;\" href=\"https:\/\/nethemba.com\/cs\/sluzby\/sitova-a-systemova-bezpecnost\/bezpecnost-scada-systemov\/\">Bezpe\u010dnost SCADA syst\u00e9m\u016f<\/a><\/span><\/li>\n \t<li style=\"list-style-type: none;\"><span style=\"color: #7a7070;\"><a style=\"color: #fff;\" href=\"https:\/\/nethemba.com\/cs\/sluzby\/sitova-a-systemova-bezpecnost\/bezpecnostni-audit-iot\/\">Bezpe\u010dnostn\u00ed audit IoT<\/a><\/span><\/li>\n<\/ul>\t\t\t\t\t\t\t\t<\/div>\n\t\t\t\t<\/div>\n\t\t\t\t<\/div>\n\t\t\t\t<\/div>\n\t\t\t\t\t<\/div>\n\t\t\t\t<\/div>\n\t\t\t\t<\/div>\n\t\t","protected":false},"excerpt":{"rendered":"<p>Slu\u017eby Slu\u017eby S\u00ed\u0165ov\u00e1 a syst\u00e9mov\u00e1 bezpe\u010dnost Nab\u00edz\u00edme n\u00e1sleduj\u00edc\u00ed profesion\u00e1ln\u00ed bezpe\u010dnostn\u00ed audity a penetra\u010dn\u00ed testy: S\u00ed\u0165ov\u00e1 a syst\u00e9mov\u00e1 bezpe\u010dnost Lok\u00e1ln\u00ed syst\u00e9mov\u00fd audit Extern\u00ed penetra\u010dn\u00ed test Penetra\u010dn\u00ed test intranetu Bezpe\u010dnostn\u00ed testov\u00e1n\u00ed Cloud Bezpe\u010dnostn\u00ed audit SAP syst\u00e9m\u016f Bezpe\u010dnostn\u00ed audit \u010dipov\u00fdch karet Bezpe\u010dnostn\u00ed audit bezdr\u00e1tov\u00e9 s\u00edt\u011b Bezpe\u010dnost SCADA syst\u00e9m\u016f Bezpe\u010dnostn\u00ed audit IoT<\/p>\n","protected":false},"author":2,"featured_media":0,"parent":0,"menu_order":0,"comment_status":"closed","ping_status":"closed","template":"elementor_header_footer","meta":{"inline_featured_image":false,"_monsterinsights_skip_tracking":false,"_monsterinsights_sitenote_active":false,"_monsterinsights_sitenote_note":"","_monsterinsights_sitenote_category":0,"footnotes":""},"class_list":["post-8590","page","type-page","status-publish","hentry"],"yoast_head":"<!-- This site is optimized with the Yoast SEO plugin v27.2 - https:\/\/yoast.com\/product\/yoast-seo-wordpress\/ -->\n<title>S\u00ed\u0165ov\u00e1 a syst\u00e9mov\u00e1 bezpe\u010dnost - Nethemba<\/title>\n<meta name=\"description\" content=\"Nethemba is a Slovak IT security company founded in 2007, primarily focused on web application security and various penetration tests.\" \/>\n<meta name=\"robots\" content=\"index, follow, max-snippet:-1, max-image-preview:large, max-video-preview:-1\" \/>\n<link rel=\"canonical\" href=\"https:\/\/nethemba.com\/cs\/sitova-a-systemova-bezpecnost\/\" \/>\n<meta property=\"og:locale\" content=\"cs_CZ\" \/>\n<meta property=\"og:type\" content=\"article\" \/>\n<meta property=\"og:title\" content=\"S\u00ed\u0165ov\u00e1 a syst\u00e9mov\u00e1 bezpe\u010dnost - Nethemba\" \/>\n<meta property=\"og:description\" content=\"Nethemba is a Slovak IT security company founded in 2007, primarily focused on web application security and various penetration tests.\" \/>\n<meta property=\"og:url\" content=\"https:\/\/nethemba.com\/cs\/sitova-a-systemova-bezpecnost\/\" \/>\n<meta property=\"og:site_name\" content=\"Nethemba\" \/>\n<meta property=\"article:publisher\" content=\"https:\/\/www.facebook.com\/nethemba\" \/>\n<meta property=\"article:modified_time\" content=\"2025-04-01T04:00:03+00:00\" \/>\n<meta property=\"og:image\" content=\"https:\/\/nethemba.com\/wp-content\/uploads\/2025\/03\/HeroImg-squared-5-1.png\" \/>\n\t<meta property=\"og:image:width\" content=\"777\" \/>\n\t<meta property=\"og:image:height\" content=\"640\" \/>\n\t<meta property=\"og:image:type\" content=\"image\/png\" \/>\n<meta name=\"twitter:card\" content=\"summary_large_image\" \/>\n<meta name=\"twitter:site\" content=\"@nethemba\" \/>\n<meta name=\"twitter:label1\" content=\"Odhadovan\u00e1 doba \u010dten\u00ed\" \/>\n\t<meta name=\"twitter:data1\" content=\"1 minuta\" \/>\n<script type=\"application\/ld+json\" class=\"yoast-schema-graph\">{\"@context\":\"https:\/\/schema.org\",\"@graph\":[{\"@type\":\"WebPage\",\"@id\":\"https:\/\/nethemba.com\/cs\/sitova-a-systemova-bezpecnost\/\",\"url\":\"https:\/\/nethemba.com\/cs\/sitova-a-systemova-bezpecnost\/\",\"name\":\"S\u00ed\u0165ov\u00e1 a syst\u00e9mov\u00e1 bezpe\u010dnost - Nethemba\",\"isPartOf\":{\"@id\":\"https:\/\/nethemba.com\/de\/#website\"},\"primaryImageOfPage\":{\"@id\":\"https:\/\/nethemba.com\/cs\/sitova-a-systemova-bezpecnost\/#primaryimage\"},\"image\":{\"@id\":\"https:\/\/nethemba.com\/cs\/sitova-a-systemova-bezpecnost\/#primaryimage\"},\"thumbnailUrl\":\"https:\/\/nethemba.com\/wp-content\/uploads\/2025\/03\/HeroImg-squared-5-1.png\",\"datePublished\":\"2025-03-19T01:58:52+00:00\",\"dateModified\":\"2025-04-01T04:00:03+00:00\",\"description\":\"Nethemba is a Slovak IT security company founded in 2007, primarily focused on web application security and various penetration tests.\",\"breadcrumb\":{\"@id\":\"https:\/\/nethemba.com\/cs\/sitova-a-systemova-bezpecnost\/#breadcrumb\"},\"inLanguage\":\"cs\",\"potentialAction\":[{\"@type\":\"ReadAction\",\"target\":[\"https:\/\/nethemba.com\/cs\/sitova-a-systemova-bezpecnost\/\"]}]},{\"@type\":\"ImageObject\",\"inLanguage\":\"cs\",\"@id\":\"https:\/\/nethemba.com\/cs\/sitova-a-systemova-bezpecnost\/#primaryimage\",\"url\":\"https:\/\/nethemba.com\/wp-content\/uploads\/2025\/03\/HeroImg-squared-5-1.png\",\"contentUrl\":\"https:\/\/nethemba.com\/wp-content\/uploads\/2025\/03\/HeroImg-squared-5-1.png\"},{\"@type\":\"BreadcrumbList\",\"@id\":\"https:\/\/nethemba.com\/cs\/sitova-a-systemova-bezpecnost\/#breadcrumb\",\"itemListElement\":[{\"@type\":\"ListItem\",\"position\":1,\"name\":\"Home\",\"item\":\"https:\/\/nethemba.com\/cs\/home-new-2025\/\"},{\"@type\":\"ListItem\",\"position\":2,\"name\":\"S\u00ed\u0165ov\u00e1 a syst\u00e9mov\u00e1 bezpe\u010dnost\"}]},{\"@type\":\"WebSite\",\"@id\":\"https:\/\/nethemba.com\/de\/#website\",\"url\":\"https:\/\/nethemba.com\/de\/\",\"name\":\"Nethemba\",\"description\":\"We care about your security\",\"potentialAction\":[{\"@type\":\"SearchAction\",\"target\":{\"@type\":\"EntryPoint\",\"urlTemplate\":\"https:\/\/nethemba.com\/de\/?s={search_term_string}\"},\"query-input\":{\"@type\":\"PropertyValueSpecification\",\"valueRequired\":true,\"valueName\":\"search_term_string\"}}],\"inLanguage\":\"cs\"}]}<\/script>\n<!-- \/ Yoast SEO plugin. -->","yoast_head_json":{"title":"S\u00ed\u0165ov\u00e1 a syst\u00e9mov\u00e1 bezpe\u010dnost - Nethemba","description":"Nethemba is a Slovak IT security company founded in 2007, primarily focused on web application security and various penetration tests.","robots":{"index":"index","follow":"follow","max-snippet":"max-snippet:-1","max-image-preview":"max-image-preview:large","max-video-preview":"max-video-preview:-1"},"canonical":"https:\/\/nethemba.com\/cs\/sitova-a-systemova-bezpecnost\/","og_locale":"cs_CZ","og_type":"article","og_title":"S\u00ed\u0165ov\u00e1 a syst\u00e9mov\u00e1 bezpe\u010dnost - Nethemba","og_description":"Nethemba is a Slovak IT security company founded in 2007, primarily focused on web application security and various penetration tests.","og_url":"https:\/\/nethemba.com\/cs\/sitova-a-systemova-bezpecnost\/","og_site_name":"Nethemba","article_publisher":"https:\/\/www.facebook.com\/nethemba","article_modified_time":"2025-04-01T04:00:03+00:00","og_image":[{"width":777,"height":640,"url":"https:\/\/nethemba.com\/wp-content\/uploads\/2025\/03\/HeroImg-squared-5-1.png","type":"image\/png"}],"twitter_card":"summary_large_image","twitter_site":"@nethemba","twitter_misc":{"Odhadovan\u00e1 doba \u010dten\u00ed":"1 minuta"},"schema":{"@context":"https:\/\/schema.org","@graph":[{"@type":"WebPage","@id":"https:\/\/nethemba.com\/cs\/sitova-a-systemova-bezpecnost\/","url":"https:\/\/nethemba.com\/cs\/sitova-a-systemova-bezpecnost\/","name":"S\u00ed\u0165ov\u00e1 a syst\u00e9mov\u00e1 bezpe\u010dnost - Nethemba","isPartOf":{"@id":"https:\/\/nethemba.com\/de\/#website"},"primaryImageOfPage":{"@id":"https:\/\/nethemba.com\/cs\/sitova-a-systemova-bezpecnost\/#primaryimage"},"image":{"@id":"https:\/\/nethemba.com\/cs\/sitova-a-systemova-bezpecnost\/#primaryimage"},"thumbnailUrl":"https:\/\/nethemba.com\/wp-content\/uploads\/2025\/03\/HeroImg-squared-5-1.png","datePublished":"2025-03-19T01:58:52+00:00","dateModified":"2025-04-01T04:00:03+00:00","description":"Nethemba is a Slovak IT security company founded in 2007, primarily focused on web application security and various penetration tests.","breadcrumb":{"@id":"https:\/\/nethemba.com\/cs\/sitova-a-systemova-bezpecnost\/#breadcrumb"},"inLanguage":"cs","potentialAction":[{"@type":"ReadAction","target":["https:\/\/nethemba.com\/cs\/sitova-a-systemova-bezpecnost\/"]}]},{"@type":"ImageObject","inLanguage":"cs","@id":"https:\/\/nethemba.com\/cs\/sitova-a-systemova-bezpecnost\/#primaryimage","url":"https:\/\/nethemba.com\/wp-content\/uploads\/2025\/03\/HeroImg-squared-5-1.png","contentUrl":"https:\/\/nethemba.com\/wp-content\/uploads\/2025\/03\/HeroImg-squared-5-1.png"},{"@type":"BreadcrumbList","@id":"https:\/\/nethemba.com\/cs\/sitova-a-systemova-bezpecnost\/#breadcrumb","itemListElement":[{"@type":"ListItem","position":1,"name":"Home","item":"https:\/\/nethemba.com\/cs\/home-new-2025\/"},{"@type":"ListItem","position":2,"name":"S\u00ed\u0165ov\u00e1 a syst\u00e9mov\u00e1 bezpe\u010dnost"}]},{"@type":"WebSite","@id":"https:\/\/nethemba.com\/de\/#website","url":"https:\/\/nethemba.com\/de\/","name":"Nethemba","description":"We care about your security","potentialAction":[{"@type":"SearchAction","target":{"@type":"EntryPoint","urlTemplate":"https:\/\/nethemba.com\/de\/?s={search_term_string}"},"query-input":{"@type":"PropertyValueSpecification","valueRequired":true,"valueName":"search_term_string"}}],"inLanguage":"cs"}]}},"_links":{"self":[{"href":"https:\/\/nethemba.com\/cs\/wp-json\/wp\/v2\/pages\/8590","targetHints":{"allow":["GET"]}}],"collection":[{"href":"https:\/\/nethemba.com\/cs\/wp-json\/wp\/v2\/pages"}],"about":[{"href":"https:\/\/nethemba.com\/cs\/wp-json\/wp\/v2\/types\/page"}],"author":[{"embeddable":true,"href":"https:\/\/nethemba.com\/cs\/wp-json\/wp\/v2\/users\/2"}],"replies":[{"embeddable":true,"href":"https:\/\/nethemba.com\/cs\/wp-json\/wp\/v2\/comments?post=8590"}],"version-history":[{"count":4,"href":"https:\/\/nethemba.com\/cs\/wp-json\/wp\/v2\/pages\/8590\/revisions"}],"predecessor-version":[{"id":8594,"href":"https:\/\/nethemba.com\/cs\/wp-json\/wp\/v2\/pages\/8590\/revisions\/8594"}],"wp:attachment":[{"href":"https:\/\/nethemba.com\/cs\/wp-json\/wp\/v2\/media?parent=8590"}],"curies":[{"name":"wp","href":"https:\/\/api.w.org\/{rel}","templated":true}]}}