{"id":2106,"date":"2017-03-01T16:20:24","date_gmt":"2017-03-01T16:20:24","guid":{"rendered":"http:\/\/nethemba.com\/de\/?page_id=2106"},"modified":"2018-08-18T16:48:13","modified_gmt":"2018-08-18T16:48:13","slug":"roman-fulop","status":"publish","type":"page","link":"https:\/\/nethemba.com\/de\/ueber-uns-old\/unser-team\/roman-fulop\/","title":{"rendered":"ROMAN F\u00dcL\u00d6P"},"content":{"rendered":"<p lang=\"zxx\" style=\"text-align: left;\"><span style=\"color: #333333;\"><span style=\"font-family: 'Open Sans', sans-serif;\"><span style=\"font-size: medium;\"><span lang=\"zxx\">Unterst\u00fctzung, sowie integrierte Systeme f\u00fcr Veranstaltungen in der WPF-Technologie und CRM-Systeme auf der .NET.-Plattform. Im Rahmen der Software-Entwicklung hat er Erfahrung in agilen Methoden und mit dem kompletten Software-Entwicklungsprozess vom Konzept bis hin zum Betrieb.<br \/>\nSp\u00e4ter auf der Position des CTO gewinnt er praktische Erfahrung mit der Planug der technischen Aspekte der Entwicklung, Erstellung und Umsetzung der Technologiestrategie und Koordination aller technischen Schritte der Produktentwicklung.<br \/>\nIn den Jahren 2012 &#8211; 2014 arbeitete er als externer Teilzeitdozent an der FMFI UK f\u00fcr die Entwicklung der Handy-Apps auf der Plattform Android und Windows Phone.<br \/>\nRoman beherrscht mehrere Programmiertechnologien (ASP.NET &#8211; WebForms, MVC, Web-API, PHP, Javascript &#8211; sowohl auf dem Server, als auch auf dem Client, die Entwicklung von Handy-Apps f\u00fcr Android und Windows Phone, Shell-Programmierung in Bash oder Powershell, C\/C ++, Assembler) und Datenbanksysteme (MySQL, PostgreSQL, MSSQL). Er hat Erfahrung mit der Programmierung des Linux-Kerns. Er verf\u00fcgt \u00fcber eine umfangreiche Erfahrung mit Penetrationstests von Web- und Handy-Apps, mit der Sicherstellung der Systeme und der Implementation von IdS und IPS -Systemen. Er beherrscht die\u00a0<a href=\"http:\/\/www.owasp.org\/index.php\/OWASP_Testing_Guide_v4_Table_of_Contents\">Testmethodiken OWASP<\/a>\u00a0und OSSTM und hat Erfahrung mit vielen Sicherheitstest-Tools und Exploit-Frameworks. Er widmet sich auch dem Audit von Quellcodes (zB. in \u00dcbereinstimmung mit Microsoft SDL).<\/span><\/span><\/span><\/span><\/p>\n<p lang=\"zxx\" style=\"text-align: left;\"><span style=\"color: #333333;\"><span style=\"font-family: 'Open Sans', sans-serif;\"><span style=\"font-size: medium;\">Derzeit arbeitet er als Software-Ingenieur f\u00fcr ein Unternehmen im FINTECH Sektor und als IT-Security Consultant f\u00fcr das Unternehmen Nethemba.<\/span><\/span><\/span><\/p>\n","protected":false},"excerpt":{"rendered":"<p>Unterst\u00fctzung, sowie integrierte Systeme f\u00fcr Veranstaltungen in der WPF-Technologie und CRM-Systeme auf der .NET.-Plattform. Im Rahmen der Software-Entwicklung hat er Erfahrung in agilen Methoden und mit dem kompletten Software-Entwicklungsprozess vom Konzept bis hin zum Betrieb. Sp\u00e4ter auf der Position des CTO gewinnt er praktische Erfahrung mit der Planug der technischen Aspekte der Entwicklung, Erstellung und [&hellip;]<\/p>\n","protected":false},"author":2,"featured_media":0,"parent":550,"menu_order":7,"comment_status":"closed","ping_status":"closed","template":"","meta":{"inline_featured_image":false,"_monsterinsights_skip_tracking":false,"_monsterinsights_sitenote_active":false,"_monsterinsights_sitenote_note":"","_monsterinsights_sitenote_category":0,"footnotes":""},"class_list":["post-2106","page","type-page","status-publish","hentry"],"yoast_head":"<!-- This site is optimized with the Yoast SEO plugin v27.4 - https:\/\/yoast.com\/product\/yoast-seo-wordpress\/ -->\n<title>ROMAN F\u00dcL\u00d6P - Nethemba<\/title>\n<meta name=\"robots\" content=\"index, follow, max-snippet:-1, max-image-preview:large, max-video-preview:-1\" \/>\n<link rel=\"canonical\" href=\"https:\/\/nethemba.com\/de\/ueber-uns-old\/unser-team\/roman-fulop\/\" \/>\n<meta property=\"og:locale\" content=\"de_DE\" \/>\n<meta property=\"og:type\" content=\"article\" \/>\n<meta property=\"og:title\" content=\"ROMAN F\u00dcL\u00d6P - Nethemba\" \/>\n<meta property=\"og:description\" content=\"Unterst\u00fctzung, sowie integrierte Systeme f\u00fcr Veranstaltungen in der WPF-Technologie und CRM-Systeme auf der .NET.-Plattform. Im Rahmen der Software-Entwicklung hat er Erfahrung in agilen Methoden und mit dem kompletten Software-Entwicklungsprozess vom Konzept bis hin zum Betrieb. Sp\u00e4ter auf der Position des CTO gewinnt er praktische Erfahrung mit der Planug der technischen Aspekte der Entwicklung, Erstellung und [&hellip;]\" \/>\n<meta property=\"og:url\" content=\"https:\/\/nethemba.com\/de\/ueber-uns-old\/unser-team\/roman-fulop\/\" \/>\n<meta property=\"og:site_name\" content=\"Nethemba\" \/>\n<meta property=\"article:publisher\" content=\"https:\/\/www.facebook.com\/nethemba\" \/>\n<meta property=\"article:modified_time\" content=\"2018-08-18T16:48:13+00:00\" \/>\n<meta name=\"twitter:card\" content=\"summary_large_image\" \/>\n<meta name=\"twitter:site\" content=\"@nethemba\" \/>\n<meta name=\"twitter:label1\" content=\"Gesch\u00e4tzte Lesezeit\" \/>\n\t<meta name=\"twitter:data1\" content=\"1\u00a0Minute\" \/>\n<script type=\"application\/ld+json\" class=\"yoast-schema-graph\">{\"@context\":\"https:\\\/\\\/schema.org\",\"@graph\":[{\"@type\":\"WebPage\",\"@id\":\"https:\\\/\\\/nethemba.com\\\/de\\\/ueber-uns-old\\\/unser-team\\\/roman-fulop\\\/\",\"url\":\"https:\\\/\\\/nethemba.com\\\/de\\\/ueber-uns-old\\\/unser-team\\\/roman-fulop\\\/\",\"name\":\"ROMAN F\u00dcL\u00d6P - Nethemba\",\"isPartOf\":{\"@id\":\"https:\\\/\\\/nethemba.com\\\/de\\\/#website\"},\"datePublished\":\"2017-03-01T16:20:24+00:00\",\"dateModified\":\"2018-08-18T16:48:13+00:00\",\"breadcrumb\":{\"@id\":\"https:\\\/\\\/nethemba.com\\\/de\\\/ueber-uns-old\\\/unser-team\\\/roman-fulop\\\/#breadcrumb\"},\"inLanguage\":\"de\",\"potentialAction\":[{\"@type\":\"ReadAction\",\"target\":[\"https:\\\/\\\/nethemba.com\\\/de\\\/ueber-uns-old\\\/unser-team\\\/roman-fulop\\\/\"]}]},{\"@type\":\"BreadcrumbList\",\"@id\":\"https:\\\/\\\/nethemba.com\\\/de\\\/ueber-uns-old\\\/unser-team\\\/roman-fulop\\\/#breadcrumb\",\"itemListElement\":[{\"@type\":\"ListItem\",\"position\":1,\"name\":\"Home\",\"item\":\"https:\\\/\\\/nethemba.com\\\/de\\\/home-new-2025\\\/\"},{\"@type\":\"ListItem\",\"position\":2,\"name\":\"\u00dcber uns\",\"item\":\"https:\\\/\\\/nethemba.com\\\/de\\\/?page_id=317\"},{\"@type\":\"ListItem\",\"position\":3,\"name\":\"Unser Team\",\"item\":\"https:\\\/\\\/nethemba.com\\\/de\\\/ueber-uns-old\\\/unser-team\\\/\"},{\"@type\":\"ListItem\",\"position\":4,\"name\":\"ROMAN F\u00dcL\u00d6P\"}]},{\"@type\":\"WebSite\",\"@id\":\"https:\\\/\\\/nethemba.com\\\/de\\\/#website\",\"url\":\"https:\\\/\\\/nethemba.com\\\/de\\\/\",\"name\":\"Nethemba\",\"description\":\"We care about your security\",\"potentialAction\":[{\"@type\":\"SearchAction\",\"target\":{\"@type\":\"EntryPoint\",\"urlTemplate\":\"https:\\\/\\\/nethemba.com\\\/de\\\/?s={search_term_string}\"},\"query-input\":{\"@type\":\"PropertyValueSpecification\",\"valueRequired\":true,\"valueName\":\"search_term_string\"}}],\"inLanguage\":\"de\"}]}<\/script>\n<!-- \/ Yoast SEO plugin. -->","yoast_head_json":{"title":"ROMAN F\u00dcL\u00d6P - Nethemba","robots":{"index":"index","follow":"follow","max-snippet":"max-snippet:-1","max-image-preview":"max-image-preview:large","max-video-preview":"max-video-preview:-1"},"canonical":"https:\/\/nethemba.com\/de\/ueber-uns-old\/unser-team\/roman-fulop\/","og_locale":"de_DE","og_type":"article","og_title":"ROMAN F\u00dcL\u00d6P - Nethemba","og_description":"Unterst\u00fctzung, sowie integrierte Systeme f\u00fcr Veranstaltungen in der WPF-Technologie und CRM-Systeme auf der .NET.-Plattform. Im Rahmen der Software-Entwicklung hat er Erfahrung in agilen Methoden und mit dem kompletten Software-Entwicklungsprozess vom Konzept bis hin zum Betrieb. Sp\u00e4ter auf der Position des CTO gewinnt er praktische Erfahrung mit der Planug der technischen Aspekte der Entwicklung, Erstellung und [&hellip;]","og_url":"https:\/\/nethemba.com\/de\/ueber-uns-old\/unser-team\/roman-fulop\/","og_site_name":"Nethemba","article_publisher":"https:\/\/www.facebook.com\/nethemba","article_modified_time":"2018-08-18T16:48:13+00:00","twitter_card":"summary_large_image","twitter_site":"@nethemba","twitter_misc":{"Gesch\u00e4tzte Lesezeit":"1\u00a0Minute"},"schema":{"@context":"https:\/\/schema.org","@graph":[{"@type":"WebPage","@id":"https:\/\/nethemba.com\/de\/ueber-uns-old\/unser-team\/roman-fulop\/","url":"https:\/\/nethemba.com\/de\/ueber-uns-old\/unser-team\/roman-fulop\/","name":"ROMAN F\u00dcL\u00d6P - Nethemba","isPartOf":{"@id":"https:\/\/nethemba.com\/de\/#website"},"datePublished":"2017-03-01T16:20:24+00:00","dateModified":"2018-08-18T16:48:13+00:00","breadcrumb":{"@id":"https:\/\/nethemba.com\/de\/ueber-uns-old\/unser-team\/roman-fulop\/#breadcrumb"},"inLanguage":"de","potentialAction":[{"@type":"ReadAction","target":["https:\/\/nethemba.com\/de\/ueber-uns-old\/unser-team\/roman-fulop\/"]}]},{"@type":"BreadcrumbList","@id":"https:\/\/nethemba.com\/de\/ueber-uns-old\/unser-team\/roman-fulop\/#breadcrumb","itemListElement":[{"@type":"ListItem","position":1,"name":"Home","item":"https:\/\/nethemba.com\/de\/home-new-2025\/"},{"@type":"ListItem","position":2,"name":"\u00dcber uns","item":"https:\/\/nethemba.com\/de\/?page_id=317"},{"@type":"ListItem","position":3,"name":"Unser Team","item":"https:\/\/nethemba.com\/de\/ueber-uns-old\/unser-team\/"},{"@type":"ListItem","position":4,"name":"ROMAN F\u00dcL\u00d6P"}]},{"@type":"WebSite","@id":"https:\/\/nethemba.com\/de\/#website","url":"https:\/\/nethemba.com\/de\/","name":"Nethemba","description":"We care about your security","potentialAction":[{"@type":"SearchAction","target":{"@type":"EntryPoint","urlTemplate":"https:\/\/nethemba.com\/de\/?s={search_term_string}"},"query-input":{"@type":"PropertyValueSpecification","valueRequired":true,"valueName":"search_term_string"}}],"inLanguage":"de"}]}},"_links":{"self":[{"href":"https:\/\/nethemba.com\/de\/wp-json\/wp\/v2\/pages\/2106","targetHints":{"allow":["GET"]}}],"collection":[{"href":"https:\/\/nethemba.com\/de\/wp-json\/wp\/v2\/pages"}],"about":[{"href":"https:\/\/nethemba.com\/de\/wp-json\/wp\/v2\/types\/page"}],"author":[{"embeddable":true,"href":"https:\/\/nethemba.com\/de\/wp-json\/wp\/v2\/users\/2"}],"replies":[{"embeddable":true,"href":"https:\/\/nethemba.com\/de\/wp-json\/wp\/v2\/comments?post=2106"}],"version-history":[{"count":0,"href":"https:\/\/nethemba.com\/de\/wp-json\/wp\/v2\/pages\/2106\/revisions"}],"up":[{"embeddable":true,"href":"https:\/\/nethemba.com\/de\/wp-json\/wp\/v2\/pages\/550"}],"wp:attachment":[{"href":"https:\/\/nethemba.com\/de\/wp-json\/wp\/v2\/media?parent=2106"}],"curies":[{"name":"wp","href":"https:\/\/api.w.org\/{rel}","templated":true}]}}