{"id":2577,"date":"2017-12-27T15:49:51","date_gmt":"2017-12-27T15:49:51","guid":{"rendered":"http:\/\/nethemba.com\/de\/dienste\/it-security-loesungen\/baliky-pre-ochranu-digitalneho-sukromia\/"},"modified":"2018-08-18T15:31:33","modified_gmt":"2018-08-18T15:31:33","slug":"pakete-zur-sicherung-der-privatsphare","status":"publish","type":"page","link":"https:\/\/nethemba.com\/de\/dienste\/it-security-loesungen\/pakete-zur-sicherung-der-privatsphare\/","title":{"rendered":"Pakete zur Sicherung der Privatsph\u00e4re"},"content":{"rendered":"<p>Na\u0161e bal\u00edky na ochranu digit\u00e1lneho s\u00fakromia V\u00e1m umo\u017enia kompletne zabezpe\u010di\u0165 Va\u0161u online komunik\u00e1ciu na po\u010d\u00edta\u010di a mobiln\u00fdch zariadeniach bez mo\u017enosti odpo\u010d\u00favania tre\u0165ou stranou. Pou\u017e\u00edvajte najmodernej\u0161ie a overen\u00e9 techniky.<\/p>\n<p><strong>Z\u00c1KLAD<\/strong><br \/>\nCenovo prijate\u013en\u00e9 rie\u0161enie pre be\u017en\u00e9ho pou\u017e\u00edvate\u013ea, ktor\u00fd chce \u0161ifrova\u0165 svoju emailov\u00fa a instantn\u00fa komunik\u00e1ciu a rovanko ma\u0165 zabezpe\u010den\u00fd svoj po\u010d\u00edta\u010d.<\/p>\n<p><strong>KOMPLET<\/strong><br \/>\nRie\u0161enie je vhodn\u00e9 najm\u00e4 pre vy\u0161\u0161\u00ed mana\u017ement a majite\u013eov firiem, v\u010faka ktor\u00e9mu okrem emailovej a instantnej komunik\u00e1cie, pou\u017e\u00edvaj\u00fa plne za\u0161ifrovan\u00fa aj hlasov\u00fa komunik\u00e1ciu. Za\u0161ifrujeme aj \u00falo\u017eisko d\u00e1t na po\u010d\u00edta\u010di a na mobilnom telef\u00f3ne s opera\u010dn\u00fdm syst\u00e9mom Android\/ iOS.<\/p>\n<p><strong>ELITE<\/strong><br \/>\nUltim\u00e1tne rie\u0161enie pre \u013eud\u00ed, ktor\u00ed nemaj\u00fa d\u00f4veru vo\u010di serverom tret\u00edch str\u00e1n a chc\u00fa ma\u0165 svoj\u00fa hlasov\u00fa (VoIP) a instantn\u00fa komunik\u00e1ciu (Jabber) plne pod kontrolou, na svojom vlastnom serveri.<br \/>\nToto IT bezpe\u010dnostn\u00e9 rie\u0161enie zah\u0155\u0148a rackov\u00fd server s podporou vzdialen\u00e9ho mana\u017ementu a detekciou otvorenia krytu, ktor\u00e1 ho chr\u00e1ni proti neopr\u00e1vnen\u00e9mu fyzick\u00e9mu prieniku.<br \/>\nTechnick\u00e9 detaily:<\/p>\n<p>* \u0160ifrovanie emailov implementujeme vyu\u017eit\u00edm bezpe\u010dn\u00fdch technol\u00f3gii PGP (web-of-trust) alebo S\/MIME pod\u013ea potrieb klienta. V pr\u00edpade S\/MIME pou\u017e\u00edvame svetov\u00fa certifika\u010dn\u00fa autoritu. Obe technol\u00f3gie vyu\u017e\u00edvaj\u00fa overen\u00e9 siln\u00e9 asymetrick\u00e9 \u0161ifry s dostato\u010dne dlh\u00fdmi k\u013e\u00fa\u010dmi.<\/p>\n<p>* Disky \u0161ifrujeme vyu\u017eit\u00edm overen\u00fdch technol\u00f3gii dm-crypt alebo in\u00fdch dostupn\u00fdch \u0161ifrovac\u00edch technol\u00f3gi\u00ed s pou\u017eit\u00edm symetrickej \u0161ifry AES-256 alebo silnej\u0161ej. Kompletn\u00e9 \u0161ifrovanie je mo\u017en\u00e9 aplikova\u0165 aj na telef\u00f3ny Android s verziou OS&gt;3.0.<\/p>\n<p>* Kontrolu bezpe\u010dnostn\u00fdch aktualiz\u00e1ci\u00ed opera\u010dn\u00e9ho syst\u00e9mu, nastavenia firewall a antiv\u00edrusov\u00fdch programov realizujeme v s\u00falade s na\u0161imi dlhoro\u010dn\u00fdmi &#8222;best-practices&#8220;.<\/p>\n<p>* \u0160ifrovanie instantnej komunik\u00e1cie na PC nas\u00e1dzame vyu\u017eit\u00edm technol\u00f3gie OTR na end-to-end \u0161ifrovan\u00fa komunik\u00e1ciu, bez mo\u017enosti odpo\u010d\u00favania. \u0160ifrovanie instantnej komunik\u00e1cie na smartf\u00f3noch implemetujeme bu\u010f pou\u017eit\u00edm protokolu Jabber + OTR alebo aplik\u00e1ciami Threema \/ TextSecure. Na anonymn\u00e9 prehliadenie str\u00e1nok vyu\u017e\u00edvame najnov\u0161iu verziu Tor Bundle.<\/p>\n<p>* \u0160ifrovanie hlasu implemetujeme vyu\u017eit\u00edm VoIP protokolov SIP\/TLS (signaliz\u00e1cia) a ZRTP (samotn\u00fd hlas), ktor\u00fd predstavuje najbezpe\u010dnej\u0161\u00ed \u0161tandard na \u0161ifrovanie hlasu bez mo\u017enosti odpo\u010d\u00favania.<\/p>\n<p>&nbsp;<\/p>\n<p>N\u00e1\u0161 sk\u00fasen\u00fd IT \u0161pecialista u V\u00e1s vybran\u00fa technol\u00f3giu nasad\u00ed, postar\u00e1 sa aby v\u0161etko fungovalo spr\u00e1vne a z\u00e1rove\u0148 r\u00e1d zodpovie Va\u0161e ot\u00e1zky. Bezpe\u010dnos\u0165 a ochrana digit\u00e1lneho s\u00fakromia je kontinu\u00e1lny proces, ako ka\u017ed\u00e9 rie\u0161enie, aj toto je potrebn\u00e9 udr\u017eiava\u0165 a aktualizova\u0165. V pr\u00edpade potreby je mo\u017en\u00e9 doobjedna\u0165 aj podporn\u00fa aktualiza\u010dn\u00fa slu\u017ebu. Ak V\u00e1s ponuka zaujala a m\u00e1te z\u00e1ujem o \u010fal\u0161ie inform\u00e1cie, nev\u00e1hajte nav\u0161t\u00edvi\u0165 str\u00e1nku <strong><a href=\"http:\/\/www.chrantesvojesukromie.sk\/\" target=\"_blank\" rel=\"noopener\">chrantesvojesukromie.sk <\/a><\/strong>\u00a0alebo n\u00e1s kontaktova\u0165 prostredn\u00edctvom<strong> <a href=\"https:\/\/www.nethemba.com\/sk\/kontakt\/\" target=\"_blank\" rel=\"noopener\">formul\u00e1ra<\/a><\/strong>.<\/p>\n","protected":false},"excerpt":{"rendered":"<p>Na\u0161e bal\u00edky na ochranu digit\u00e1lneho s\u00fakromia V\u00e1m umo\u017enia kompletne zabezpe\u010di\u0165 Va\u0161u online komunik\u00e1ciu na po\u010d\u00edta\u010di a mobiln\u00fdch zariadeniach bez mo\u017enosti odpo\u010d\u00favania tre\u0165ou stranou. Pou\u017e\u00edvajte najmodernej\u0161ie a overen\u00e9 techniky. Z\u00c1KLAD Cenovo prijate\u013en\u00e9 rie\u0161enie pre be\u017en\u00e9ho pou\u017e\u00edvate\u013ea, ktor\u00fd chce \u0161ifrova\u0165 svoju emailov\u00fa a instantn\u00fa komunik\u00e1ciu a rovanko ma\u0165 zabezpe\u010den\u00fd svoj po\u010d\u00edta\u010d. KOMPLET Rie\u0161enie je vhodn\u00e9 najm\u00e4 pre [&hellip;]<\/p>\n","protected":false},"author":2,"featured_media":0,"parent":428,"menu_order":6,"comment_status":"closed","ping_status":"closed","template":"services_detail.php","meta":{"inline_featured_image":false,"_monsterinsights_skip_tracking":false,"_monsterinsights_sitenote_active":false,"_monsterinsights_sitenote_note":"","_monsterinsights_sitenote_category":0,"footnotes":""},"class_list":["post-2577","page","type-page","status-publish","hentry"],"yoast_head":"<!-- This site is optimized with the Yoast SEO plugin v27.2 - https:\/\/yoast.com\/product\/yoast-seo-wordpress\/ -->\n<title>Pakete zur Sicherung der Privatsph\u00e4re - Nethemba<\/title>\n<meta name=\"robots\" content=\"index, follow, max-snippet:-1, max-image-preview:large, max-video-preview:-1\" \/>\n<link rel=\"canonical\" href=\"https:\/\/nethemba.com\/de\/dienste\/it-security-loesungen\/pakete-zur-sicherung-der-privatsphare\/\" \/>\n<meta property=\"og:locale\" content=\"de_DE\" \/>\n<meta property=\"og:type\" content=\"article\" \/>\n<meta property=\"og:title\" content=\"Pakete zur Sicherung der Privatsph\u00e4re - Nethemba\" \/>\n<meta property=\"og:description\" content=\"Na\u0161e bal\u00edky na ochranu digit\u00e1lneho s\u00fakromia V\u00e1m umo\u017enia kompletne zabezpe\u010di\u0165 Va\u0161u online komunik\u00e1ciu na po\u010d\u00edta\u010di a mobiln\u00fdch zariadeniach bez mo\u017enosti odpo\u010d\u00favania tre\u0165ou stranou. Pou\u017e\u00edvajte najmodernej\u0161ie a overen\u00e9 techniky. Z\u00c1KLAD Cenovo prijate\u013en\u00e9 rie\u0161enie pre be\u017en\u00e9ho pou\u017e\u00edvate\u013ea, ktor\u00fd chce \u0161ifrova\u0165 svoju emailov\u00fa a instantn\u00fa komunik\u00e1ciu a rovanko ma\u0165 zabezpe\u010den\u00fd svoj po\u010d\u00edta\u010d. KOMPLET Rie\u0161enie je vhodn\u00e9 najm\u00e4 pre [&hellip;]\" \/>\n<meta property=\"og:url\" content=\"https:\/\/nethemba.com\/de\/dienste\/it-security-loesungen\/pakete-zur-sicherung-der-privatsphare\/\" \/>\n<meta property=\"og:site_name\" content=\"Nethemba\" \/>\n<meta property=\"article:publisher\" content=\"https:\/\/www.facebook.com\/nethemba\" \/>\n<meta property=\"article:modified_time\" content=\"2018-08-18T15:31:33+00:00\" \/>\n<meta name=\"twitter:card\" content=\"summary_large_image\" \/>\n<meta name=\"twitter:site\" content=\"@nethemba\" \/>\n<meta name=\"twitter:label1\" content=\"Gesch\u00e4tzte Lesezeit\" \/>\n\t<meta name=\"twitter:data1\" content=\"3\u00a0Minuten\" \/>\n<script type=\"application\/ld+json\" class=\"yoast-schema-graph\">{\"@context\":\"https:\/\/schema.org\",\"@graph\":[{\"@type\":\"WebPage\",\"@id\":\"https:\/\/nethemba.com\/de\/dienste\/it-security-loesungen\/pakete-zur-sicherung-der-privatsphare\/\",\"url\":\"https:\/\/nethemba.com\/de\/dienste\/it-security-loesungen\/pakete-zur-sicherung-der-privatsphare\/\",\"name\":\"Pakete zur Sicherung der Privatsph\u00e4re - Nethemba\",\"isPartOf\":{\"@id\":\"https:\/\/nethemba.com\/de\/#website\"},\"datePublished\":\"2017-12-27T15:49:51+00:00\",\"dateModified\":\"2018-08-18T15:31:33+00:00\",\"breadcrumb\":{\"@id\":\"https:\/\/nethemba.com\/de\/dienste\/it-security-loesungen\/pakete-zur-sicherung-der-privatsphare\/#breadcrumb\"},\"inLanguage\":\"de\",\"potentialAction\":[{\"@type\":\"ReadAction\",\"target\":[\"https:\/\/nethemba.com\/de\/dienste\/it-security-loesungen\/pakete-zur-sicherung-der-privatsphare\/\"]}]},{\"@type\":\"BreadcrumbList\",\"@id\":\"https:\/\/nethemba.com\/de\/dienste\/it-security-loesungen\/pakete-zur-sicherung-der-privatsphare\/#breadcrumb\",\"itemListElement\":[{\"@type\":\"ListItem\",\"position\":1,\"name\":\"Home\",\"item\":\"https:\/\/nethemba.com\/de\/home-new-2025\/\"},{\"@type\":\"ListItem\",\"position\":2,\"name\":\"Dienste\",\"item\":\"https:\/\/nethemba.com\/de\/dienste\/\"},{\"@type\":\"ListItem\",\"position\":3,\"name\":\"IT Security-L\u00f6sungen\",\"item\":\"https:\/\/nethemba.com\/de\/dienste\/it-security-loesungen\/\"},{\"@type\":\"ListItem\",\"position\":4,\"name\":\"Pakete zur Sicherung der Privatsph\u00e4re\"}]},{\"@type\":\"WebSite\",\"@id\":\"https:\/\/nethemba.com\/de\/#website\",\"url\":\"https:\/\/nethemba.com\/de\/\",\"name\":\"Nethemba\",\"description\":\"We care about your security\",\"potentialAction\":[{\"@type\":\"SearchAction\",\"target\":{\"@type\":\"EntryPoint\",\"urlTemplate\":\"https:\/\/nethemba.com\/de\/?s={search_term_string}\"},\"query-input\":{\"@type\":\"PropertyValueSpecification\",\"valueRequired\":true,\"valueName\":\"search_term_string\"}}],\"inLanguage\":\"de\"}]}<\/script>\n<!-- \/ Yoast SEO plugin. -->","yoast_head_json":{"title":"Pakete zur Sicherung der Privatsph\u00e4re - Nethemba","robots":{"index":"index","follow":"follow","max-snippet":"max-snippet:-1","max-image-preview":"max-image-preview:large","max-video-preview":"max-video-preview:-1"},"canonical":"https:\/\/nethemba.com\/de\/dienste\/it-security-loesungen\/pakete-zur-sicherung-der-privatsphare\/","og_locale":"de_DE","og_type":"article","og_title":"Pakete zur Sicherung der Privatsph\u00e4re - Nethemba","og_description":"Na\u0161e bal\u00edky na ochranu digit\u00e1lneho s\u00fakromia V\u00e1m umo\u017enia kompletne zabezpe\u010di\u0165 Va\u0161u online komunik\u00e1ciu na po\u010d\u00edta\u010di a mobiln\u00fdch zariadeniach bez mo\u017enosti odpo\u010d\u00favania tre\u0165ou stranou. Pou\u017e\u00edvajte najmodernej\u0161ie a overen\u00e9 techniky. Z\u00c1KLAD Cenovo prijate\u013en\u00e9 rie\u0161enie pre be\u017en\u00e9ho pou\u017e\u00edvate\u013ea, ktor\u00fd chce \u0161ifrova\u0165 svoju emailov\u00fa a instantn\u00fa komunik\u00e1ciu a rovanko ma\u0165 zabezpe\u010den\u00fd svoj po\u010d\u00edta\u010d. KOMPLET Rie\u0161enie je vhodn\u00e9 najm\u00e4 pre [&hellip;]","og_url":"https:\/\/nethemba.com\/de\/dienste\/it-security-loesungen\/pakete-zur-sicherung-der-privatsphare\/","og_site_name":"Nethemba","article_publisher":"https:\/\/www.facebook.com\/nethemba","article_modified_time":"2018-08-18T15:31:33+00:00","twitter_card":"summary_large_image","twitter_site":"@nethemba","twitter_misc":{"Gesch\u00e4tzte Lesezeit":"3\u00a0Minuten"},"schema":{"@context":"https:\/\/schema.org","@graph":[{"@type":"WebPage","@id":"https:\/\/nethemba.com\/de\/dienste\/it-security-loesungen\/pakete-zur-sicherung-der-privatsphare\/","url":"https:\/\/nethemba.com\/de\/dienste\/it-security-loesungen\/pakete-zur-sicherung-der-privatsphare\/","name":"Pakete zur Sicherung der Privatsph\u00e4re - Nethemba","isPartOf":{"@id":"https:\/\/nethemba.com\/de\/#website"},"datePublished":"2017-12-27T15:49:51+00:00","dateModified":"2018-08-18T15:31:33+00:00","breadcrumb":{"@id":"https:\/\/nethemba.com\/de\/dienste\/it-security-loesungen\/pakete-zur-sicherung-der-privatsphare\/#breadcrumb"},"inLanguage":"de","potentialAction":[{"@type":"ReadAction","target":["https:\/\/nethemba.com\/de\/dienste\/it-security-loesungen\/pakete-zur-sicherung-der-privatsphare\/"]}]},{"@type":"BreadcrumbList","@id":"https:\/\/nethemba.com\/de\/dienste\/it-security-loesungen\/pakete-zur-sicherung-der-privatsphare\/#breadcrumb","itemListElement":[{"@type":"ListItem","position":1,"name":"Home","item":"https:\/\/nethemba.com\/de\/home-new-2025\/"},{"@type":"ListItem","position":2,"name":"Dienste","item":"https:\/\/nethemba.com\/de\/dienste\/"},{"@type":"ListItem","position":3,"name":"IT Security-L\u00f6sungen","item":"https:\/\/nethemba.com\/de\/dienste\/it-security-loesungen\/"},{"@type":"ListItem","position":4,"name":"Pakete zur Sicherung der Privatsph\u00e4re"}]},{"@type":"WebSite","@id":"https:\/\/nethemba.com\/de\/#website","url":"https:\/\/nethemba.com\/de\/","name":"Nethemba","description":"We care about your security","potentialAction":[{"@type":"SearchAction","target":{"@type":"EntryPoint","urlTemplate":"https:\/\/nethemba.com\/de\/?s={search_term_string}"},"query-input":{"@type":"PropertyValueSpecification","valueRequired":true,"valueName":"search_term_string"}}],"inLanguage":"de"}]}},"_links":{"self":[{"href":"https:\/\/nethemba.com\/de\/wp-json\/wp\/v2\/pages\/2577","targetHints":{"allow":["GET"]}}],"collection":[{"href":"https:\/\/nethemba.com\/de\/wp-json\/wp\/v2\/pages"}],"about":[{"href":"https:\/\/nethemba.com\/de\/wp-json\/wp\/v2\/types\/page"}],"author":[{"embeddable":true,"href":"https:\/\/nethemba.com\/de\/wp-json\/wp\/v2\/users\/2"}],"replies":[{"embeddable":true,"href":"https:\/\/nethemba.com\/de\/wp-json\/wp\/v2\/comments?post=2577"}],"version-history":[{"count":0,"href":"https:\/\/nethemba.com\/de\/wp-json\/wp\/v2\/pages\/2577\/revisions"}],"up":[{"embeddable":true,"href":"https:\/\/nethemba.com\/de\/wp-json\/wp\/v2\/pages\/428"}],"wp:attachment":[{"href":"https:\/\/nethemba.com\/de\/wp-json\/wp\/v2\/media?parent=2577"}],"curies":[{"name":"wp","href":"https:\/\/api.w.org\/{rel}","templated":true}]}}