{"id":355,"date":"2015-11-08T20:28:33","date_gmt":"2015-11-08T20:28:33","guid":{"rendered":"http:\/\/nethemba.com\/de\/?page_id=355"},"modified":"2018-08-18T17:23:54","modified_gmt":"2018-08-18T17:23:54","slug":"anwendungssicherheit","status":"publish","type":"page","link":"https:\/\/nethemba.com\/de\/dienste\/anwendungssicherheit\/","title":{"rendered":"Anwendungssicherheit"},"content":{"rendered":"<p>Wir sind die Spezialisten f\u00fcr IT Sicherheit und wir bieten Ihnen Penetrationstests, Sicherheitsaudits und Systemenabsicherung an. Unsere Dienste erf\u00fcllen hohe internationalle Normen. Unsere Mitarbeiter werden regelm\u00e4\u00dfig zertifiziert und sie nehmen an verschiedenen Sicherheitskonferenzen in der ganzen Welt teil.<\/p>\n<h4><\/h4>\n","protected":false},"excerpt":{"rendered":"<p>Wir sind die Spezialisten f\u00fcr IT Sicherheit und wir bieten Ihnen Penetrationstests, Sicherheitsaudits und Systemenabsicherung an. Unsere Dienste erf\u00fcllen hohe internationalle Normen. Unsere Mitarbeiter werden regelm\u00e4\u00dfig zertifiziert und sie nehmen an verschiedenen Sicherheitskonferenzen in der ganzen Welt teil.<\/p>\n","protected":false},"author":2,"featured_media":0,"parent":309,"menu_order":0,"comment_status":"closed","ping_status":"closed","template":"subpage_parent.php","meta":{"inline_featured_image":false,"_monsterinsights_skip_tracking":false,"_monsterinsights_sitenote_active":false,"_monsterinsights_sitenote_note":"","_monsterinsights_sitenote_category":0,"footnotes":""},"class_list":["post-355","page","type-page","status-publish","hentry"],"yoast_head":"<!-- This site is optimized with the Yoast SEO plugin v27.2 - https:\/\/yoast.com\/product\/yoast-seo-wordpress\/ -->\n<title>Anwendungssicherheit - Nethemba<\/title>\n<meta name=\"robots\" content=\"index, follow, max-snippet:-1, max-image-preview:large, max-video-preview:-1\" \/>\n<link rel=\"canonical\" href=\"https:\/\/nethemba.com\/de\/dienste\/anwendungssicherheit\/\" \/>\n<meta property=\"og:locale\" content=\"de_DE\" \/>\n<meta property=\"og:type\" content=\"article\" \/>\n<meta property=\"og:title\" content=\"Anwendungssicherheit - Nethemba\" \/>\n<meta property=\"og:description\" content=\"Wir sind die Spezialisten f\u00fcr IT Sicherheit und wir bieten Ihnen Penetrationstests, Sicherheitsaudits und Systemenabsicherung an. Unsere Dienste erf\u00fcllen hohe internationalle Normen. Unsere Mitarbeiter werden regelm\u00e4\u00dfig zertifiziert und sie nehmen an verschiedenen Sicherheitskonferenzen in der ganzen Welt teil.\" \/>\n<meta property=\"og:url\" content=\"https:\/\/nethemba.com\/de\/dienste\/anwendungssicherheit\/\" \/>\n<meta property=\"og:site_name\" content=\"Nethemba\" \/>\n<meta property=\"article:publisher\" content=\"https:\/\/www.facebook.com\/nethemba\" \/>\n<meta property=\"article:modified_time\" content=\"2018-08-18T17:23:54+00:00\" \/>\n<meta name=\"twitter:card\" content=\"summary_large_image\" \/>\n<meta name=\"twitter:site\" content=\"@nethemba\" \/>\n<script type=\"application\/ld+json\" class=\"yoast-schema-graph\">{\"@context\":\"https:\/\/schema.org\",\"@graph\":[{\"@type\":\"WebPage\",\"@id\":\"https:\/\/nethemba.com\/de\/dienste\/anwendungssicherheit\/\",\"url\":\"https:\/\/nethemba.com\/de\/dienste\/anwendungssicherheit\/\",\"name\":\"Anwendungssicherheit - Nethemba\",\"isPartOf\":{\"@id\":\"https:\/\/nethemba.com\/de\/#website\"},\"datePublished\":\"2015-11-08T20:28:33+00:00\",\"dateModified\":\"2018-08-18T17:23:54+00:00\",\"breadcrumb\":{\"@id\":\"https:\/\/nethemba.com\/de\/dienste\/anwendungssicherheit\/#breadcrumb\"},\"inLanguage\":\"de\",\"potentialAction\":[{\"@type\":\"ReadAction\",\"target\":[\"https:\/\/nethemba.com\/de\/dienste\/anwendungssicherheit\/\"]}]},{\"@type\":\"BreadcrumbList\",\"@id\":\"https:\/\/nethemba.com\/de\/dienste\/anwendungssicherheit\/#breadcrumb\",\"itemListElement\":[{\"@type\":\"ListItem\",\"position\":1,\"name\":\"Home\",\"item\":\"https:\/\/nethemba.com\/de\/home-new-2025\/\"},{\"@type\":\"ListItem\",\"position\":2,\"name\":\"Dienste\",\"item\":\"https:\/\/nethemba.com\/de\/dienste\/\"},{\"@type\":\"ListItem\",\"position\":3,\"name\":\"Anwendungssicherheit\"}]},{\"@type\":\"WebSite\",\"@id\":\"https:\/\/nethemba.com\/de\/#website\",\"url\":\"https:\/\/nethemba.com\/de\/\",\"name\":\"Nethemba\",\"description\":\"We care about your security\",\"potentialAction\":[{\"@type\":\"SearchAction\",\"target\":{\"@type\":\"EntryPoint\",\"urlTemplate\":\"https:\/\/nethemba.com\/de\/?s={search_term_string}\"},\"query-input\":{\"@type\":\"PropertyValueSpecification\",\"valueRequired\":true,\"valueName\":\"search_term_string\"}}],\"inLanguage\":\"de\"}]}<\/script>\n<!-- \/ Yoast SEO plugin. -->","yoast_head_json":{"title":"Anwendungssicherheit - Nethemba","robots":{"index":"index","follow":"follow","max-snippet":"max-snippet:-1","max-image-preview":"max-image-preview:large","max-video-preview":"max-video-preview:-1"},"canonical":"https:\/\/nethemba.com\/de\/dienste\/anwendungssicherheit\/","og_locale":"de_DE","og_type":"article","og_title":"Anwendungssicherheit - Nethemba","og_description":"Wir sind die Spezialisten f\u00fcr IT Sicherheit und wir bieten Ihnen Penetrationstests, Sicherheitsaudits und Systemenabsicherung an. Unsere Dienste erf\u00fcllen hohe internationalle Normen. Unsere Mitarbeiter werden regelm\u00e4\u00dfig zertifiziert und sie nehmen an verschiedenen Sicherheitskonferenzen in der ganzen Welt teil.","og_url":"https:\/\/nethemba.com\/de\/dienste\/anwendungssicherheit\/","og_site_name":"Nethemba","article_publisher":"https:\/\/www.facebook.com\/nethemba","article_modified_time":"2018-08-18T17:23:54+00:00","twitter_card":"summary_large_image","twitter_site":"@nethemba","schema":{"@context":"https:\/\/schema.org","@graph":[{"@type":"WebPage","@id":"https:\/\/nethemba.com\/de\/dienste\/anwendungssicherheit\/","url":"https:\/\/nethemba.com\/de\/dienste\/anwendungssicherheit\/","name":"Anwendungssicherheit - Nethemba","isPartOf":{"@id":"https:\/\/nethemba.com\/de\/#website"},"datePublished":"2015-11-08T20:28:33+00:00","dateModified":"2018-08-18T17:23:54+00:00","breadcrumb":{"@id":"https:\/\/nethemba.com\/de\/dienste\/anwendungssicherheit\/#breadcrumb"},"inLanguage":"de","potentialAction":[{"@type":"ReadAction","target":["https:\/\/nethemba.com\/de\/dienste\/anwendungssicherheit\/"]}]},{"@type":"BreadcrumbList","@id":"https:\/\/nethemba.com\/de\/dienste\/anwendungssicherheit\/#breadcrumb","itemListElement":[{"@type":"ListItem","position":1,"name":"Home","item":"https:\/\/nethemba.com\/de\/home-new-2025\/"},{"@type":"ListItem","position":2,"name":"Dienste","item":"https:\/\/nethemba.com\/de\/dienste\/"},{"@type":"ListItem","position":3,"name":"Anwendungssicherheit"}]},{"@type":"WebSite","@id":"https:\/\/nethemba.com\/de\/#website","url":"https:\/\/nethemba.com\/de\/","name":"Nethemba","description":"We care about your security","potentialAction":[{"@type":"SearchAction","target":{"@type":"EntryPoint","urlTemplate":"https:\/\/nethemba.com\/de\/?s={search_term_string}"},"query-input":{"@type":"PropertyValueSpecification","valueRequired":true,"valueName":"search_term_string"}}],"inLanguage":"de"}]}},"_links":{"self":[{"href":"https:\/\/nethemba.com\/de\/wp-json\/wp\/v2\/pages\/355","targetHints":{"allow":["GET"]}}],"collection":[{"href":"https:\/\/nethemba.com\/de\/wp-json\/wp\/v2\/pages"}],"about":[{"href":"https:\/\/nethemba.com\/de\/wp-json\/wp\/v2\/types\/page"}],"author":[{"embeddable":true,"href":"https:\/\/nethemba.com\/de\/wp-json\/wp\/v2\/users\/2"}],"replies":[{"embeddable":true,"href":"https:\/\/nethemba.com\/de\/wp-json\/wp\/v2\/comments?post=355"}],"version-history":[{"count":0,"href":"https:\/\/nethemba.com\/de\/wp-json\/wp\/v2\/pages\/355\/revisions"}],"up":[{"embeddable":true,"href":"https:\/\/nethemba.com\/de\/wp-json\/wp\/v2\/pages\/309"}],"wp:attachment":[{"href":"https:\/\/nethemba.com\/de\/wp-json\/wp\/v2\/media?parent=355"}],"curies":[{"name":"wp","href":"https:\/\/api.w.org\/{rel}","templated":true}]}}