{"id":369,"date":"2015-11-08T20:35:33","date_gmt":"2015-11-08T20:35:33","guid":{"rendered":"http:\/\/nethemba.com\/de\/?page_id=369"},"modified":"2020-12-11T19:01:29","modified_gmt":"2020-12-11T18:01:29","slug":"ausfuehrlicher-sicherheitsaudit","status":"publish","type":"page","link":"https:\/\/nethemba.com\/de\/dienste\/anwendungssicherheit\/ausfuehrlicher-sicherheitsaudit\/","title":{"rendered":"Ausf\u00fchrlicher Sicherheitsaudit"},"content":{"rendered":"<p>Das Ziel des ausf\u00fchrlichen Sicherheitsaudits der Webapplikation oder des Webservers ist das gr\u00fcndliche und ausf\u00fchrliche Testen f\u00fcr alle bekannten Sicherheitsl\u00fccken.<\/p>\n<p>Der Test wird ausschlie\u00dflich nach\u00a0<a href=\"https:\/\/owasp.org\/www-project-web-security-testing-guide\/v42\/\">OWASP Empfehlungen<\/a> durchgef\u00fchrt und ist deshalb sehr ausf\u00fchrlich.<\/p>\n<p><strong>Der Test beinhaltet:<\/strong><\/p>\n<ul>\n<li>Eine praktische Hackerdemonstration der entdeckten kritischen Sicherheitsl\u00fccken ( Aufbau eigener Exploitprogramme, Datenbankdumps, CSFR\/XSS\u00dcSession Sicherheitsl\u00fccken, usw. )<\/li>\n<li>Eint\u00e4giges Treffen mit dem Entwicklungsteam der getesteten Applikation (Testbericht-pr\u00e4sentation, Vorf\u00fchrung der entdeckten Sicherheitsl\u00fcckenund m\u00f6glichen Verbesserungen, Sicherheitsniveaueinstellung der Applikation)<\/li>\n<li>Vollst\u00e4ndige Testdurchf\u00fchrung der Webapplikation nach <a href=\"http:\/\/www.owasp.org\/index.php\/OWASP_Testing_Guide_v4_Table_of_Contents\">OWASP Empfehlungen<\/a>.<\/li>\n<li>Technischer Abschlussbericht mit Management Summary, in dem alle entdeckten Sicherheitsl\u00fccken zusammengefa\u00dft werden &#8211; zusammen mit ihren Risikoniveaus und Beseitigungsempfehlungen.<\/li>\n<\/ul>\n<p><strong>Preis: <\/strong>\u00a0abh\u00e4ngig von der Komplexit\u00e4t der Webapplikation (Anzahl der Formulare, Benutzereingaben, Rollen, Hierarchie, usw.)<\/p>\n","protected":false},"excerpt":{"rendered":"<p>Das Ziel des ausf\u00fchrlichen Sicherheitsaudits der Webapplikation oder des Webservers ist das gr\u00fcndliche und ausf\u00fchrliche Testen f\u00fcr alle bekannten Sicherheitsl\u00fccken. Der Test wird ausschlie\u00dflich nach\u00a0OWASP Empfehlungen durchgef\u00fchrt und ist deshalb sehr ausf\u00fchrlich. Der Test beinhaltet: Eine praktische Hackerdemonstration der entdeckten kritischen Sicherheitsl\u00fccken ( Aufbau eigener Exploitprogramme, Datenbankdumps, CSFR\/XSS\u00dcSession Sicherheitsl\u00fccken, usw. ) Eint\u00e4giges Treffen mit dem [&hellip;]<\/p>\n","protected":false},"author":2,"featured_media":0,"parent":355,"menu_order":3,"comment_status":"closed","ping_status":"closed","template":"services_detail.php","meta":{"inline_featured_image":false,"_monsterinsights_skip_tracking":false,"_monsterinsights_sitenote_active":false,"_monsterinsights_sitenote_note":"","_monsterinsights_sitenote_category":0,"footnotes":""},"class_list":["post-369","page","type-page","status-publish","hentry"],"yoast_head":"<!-- This site is optimized with the Yoast SEO plugin v27.2 - https:\/\/yoast.com\/product\/yoast-seo-wordpress\/ -->\n<title>Ausf\u00fchrlicher Sicherheitsaudit - Nethemba<\/title>\n<meta name=\"robots\" content=\"index, follow, max-snippet:-1, max-image-preview:large, max-video-preview:-1\" \/>\n<link rel=\"canonical\" href=\"https:\/\/nethemba.com\/de\/dienste\/anwendungssicherheit\/ausfuehrlicher-sicherheitsaudit\/\" \/>\n<meta property=\"og:locale\" content=\"de_DE\" \/>\n<meta property=\"og:type\" content=\"article\" \/>\n<meta property=\"og:title\" content=\"Ausf\u00fchrlicher Sicherheitsaudit - Nethemba\" \/>\n<meta property=\"og:description\" content=\"Das Ziel des ausf\u00fchrlichen Sicherheitsaudits der Webapplikation oder des Webservers ist das gr\u00fcndliche und ausf\u00fchrliche Testen f\u00fcr alle bekannten Sicherheitsl\u00fccken. Der Test wird ausschlie\u00dflich nach\u00a0OWASP Empfehlungen durchgef\u00fchrt und ist deshalb sehr ausf\u00fchrlich. Der Test beinhaltet: Eine praktische Hackerdemonstration der entdeckten kritischen Sicherheitsl\u00fccken ( Aufbau eigener Exploitprogramme, Datenbankdumps, CSFR\/XSS\u00dcSession Sicherheitsl\u00fccken, usw. ) Eint\u00e4giges Treffen mit dem [&hellip;]\" \/>\n<meta property=\"og:url\" content=\"https:\/\/nethemba.com\/de\/dienste\/anwendungssicherheit\/ausfuehrlicher-sicherheitsaudit\/\" \/>\n<meta property=\"og:site_name\" content=\"Nethemba\" \/>\n<meta property=\"article:publisher\" content=\"https:\/\/www.facebook.com\/nethemba\" \/>\n<meta property=\"article:modified_time\" content=\"2020-12-11T18:01:29+00:00\" \/>\n<meta name=\"twitter:card\" content=\"summary_large_image\" \/>\n<meta name=\"twitter:site\" content=\"@nethemba\" \/>\n<meta name=\"twitter:label1\" content=\"Gesch\u00e4tzte Lesezeit\" \/>\n\t<meta name=\"twitter:data1\" content=\"1\u00a0Minute\" \/>\n<script type=\"application\/ld+json\" class=\"yoast-schema-graph\">{\"@context\":\"https:\/\/schema.org\",\"@graph\":[{\"@type\":\"WebPage\",\"@id\":\"https:\/\/nethemba.com\/de\/dienste\/anwendungssicherheit\/ausfuehrlicher-sicherheitsaudit\/\",\"url\":\"https:\/\/nethemba.com\/de\/dienste\/anwendungssicherheit\/ausfuehrlicher-sicherheitsaudit\/\",\"name\":\"Ausf\u00fchrlicher Sicherheitsaudit - Nethemba\",\"isPartOf\":{\"@id\":\"https:\/\/nethemba.com\/de\/#website\"},\"datePublished\":\"2015-11-08T20:35:33+00:00\",\"dateModified\":\"2020-12-11T18:01:29+00:00\",\"breadcrumb\":{\"@id\":\"https:\/\/nethemba.com\/de\/dienste\/anwendungssicherheit\/ausfuehrlicher-sicherheitsaudit\/#breadcrumb\"},\"inLanguage\":\"de\",\"potentialAction\":[{\"@type\":\"ReadAction\",\"target\":[\"https:\/\/nethemba.com\/de\/dienste\/anwendungssicherheit\/ausfuehrlicher-sicherheitsaudit\/\"]}]},{\"@type\":\"BreadcrumbList\",\"@id\":\"https:\/\/nethemba.com\/de\/dienste\/anwendungssicherheit\/ausfuehrlicher-sicherheitsaudit\/#breadcrumb\",\"itemListElement\":[{\"@type\":\"ListItem\",\"position\":1,\"name\":\"Home\",\"item\":\"https:\/\/nethemba.com\/de\/home-new-2025\/\"},{\"@type\":\"ListItem\",\"position\":2,\"name\":\"Dienste\",\"item\":\"https:\/\/nethemba.com\/de\/dienste\/\"},{\"@type\":\"ListItem\",\"position\":3,\"name\":\"Anwendungssicherheit\",\"item\":\"https:\/\/nethemba.com\/de\/dienste\/anwendungssicherheit\/\"},{\"@type\":\"ListItem\",\"position\":4,\"name\":\"Ausf\u00fchrlicher Sicherheitsaudit\"}]},{\"@type\":\"WebSite\",\"@id\":\"https:\/\/nethemba.com\/de\/#website\",\"url\":\"https:\/\/nethemba.com\/de\/\",\"name\":\"Nethemba\",\"description\":\"We care about your security\",\"potentialAction\":[{\"@type\":\"SearchAction\",\"target\":{\"@type\":\"EntryPoint\",\"urlTemplate\":\"https:\/\/nethemba.com\/de\/?s={search_term_string}\"},\"query-input\":{\"@type\":\"PropertyValueSpecification\",\"valueRequired\":true,\"valueName\":\"search_term_string\"}}],\"inLanguage\":\"de\"}]}<\/script>\n<!-- \/ Yoast SEO plugin. -->","yoast_head_json":{"title":"Ausf\u00fchrlicher Sicherheitsaudit - Nethemba","robots":{"index":"index","follow":"follow","max-snippet":"max-snippet:-1","max-image-preview":"max-image-preview:large","max-video-preview":"max-video-preview:-1"},"canonical":"https:\/\/nethemba.com\/de\/dienste\/anwendungssicherheit\/ausfuehrlicher-sicherheitsaudit\/","og_locale":"de_DE","og_type":"article","og_title":"Ausf\u00fchrlicher Sicherheitsaudit - Nethemba","og_description":"Das Ziel des ausf\u00fchrlichen Sicherheitsaudits der Webapplikation oder des Webservers ist das gr\u00fcndliche und ausf\u00fchrliche Testen f\u00fcr alle bekannten Sicherheitsl\u00fccken. Der Test wird ausschlie\u00dflich nach\u00a0OWASP Empfehlungen durchgef\u00fchrt und ist deshalb sehr ausf\u00fchrlich. Der Test beinhaltet: Eine praktische Hackerdemonstration der entdeckten kritischen Sicherheitsl\u00fccken ( Aufbau eigener Exploitprogramme, Datenbankdumps, CSFR\/XSS\u00dcSession Sicherheitsl\u00fccken, usw. ) Eint\u00e4giges Treffen mit dem [&hellip;]","og_url":"https:\/\/nethemba.com\/de\/dienste\/anwendungssicherheit\/ausfuehrlicher-sicherheitsaudit\/","og_site_name":"Nethemba","article_publisher":"https:\/\/www.facebook.com\/nethemba","article_modified_time":"2020-12-11T18:01:29+00:00","twitter_card":"summary_large_image","twitter_site":"@nethemba","twitter_misc":{"Gesch\u00e4tzte Lesezeit":"1\u00a0Minute"},"schema":{"@context":"https:\/\/schema.org","@graph":[{"@type":"WebPage","@id":"https:\/\/nethemba.com\/de\/dienste\/anwendungssicherheit\/ausfuehrlicher-sicherheitsaudit\/","url":"https:\/\/nethemba.com\/de\/dienste\/anwendungssicherheit\/ausfuehrlicher-sicherheitsaudit\/","name":"Ausf\u00fchrlicher Sicherheitsaudit - Nethemba","isPartOf":{"@id":"https:\/\/nethemba.com\/de\/#website"},"datePublished":"2015-11-08T20:35:33+00:00","dateModified":"2020-12-11T18:01:29+00:00","breadcrumb":{"@id":"https:\/\/nethemba.com\/de\/dienste\/anwendungssicherheit\/ausfuehrlicher-sicherheitsaudit\/#breadcrumb"},"inLanguage":"de","potentialAction":[{"@type":"ReadAction","target":["https:\/\/nethemba.com\/de\/dienste\/anwendungssicherheit\/ausfuehrlicher-sicherheitsaudit\/"]}]},{"@type":"BreadcrumbList","@id":"https:\/\/nethemba.com\/de\/dienste\/anwendungssicherheit\/ausfuehrlicher-sicherheitsaudit\/#breadcrumb","itemListElement":[{"@type":"ListItem","position":1,"name":"Home","item":"https:\/\/nethemba.com\/de\/home-new-2025\/"},{"@type":"ListItem","position":2,"name":"Dienste","item":"https:\/\/nethemba.com\/de\/dienste\/"},{"@type":"ListItem","position":3,"name":"Anwendungssicherheit","item":"https:\/\/nethemba.com\/de\/dienste\/anwendungssicherheit\/"},{"@type":"ListItem","position":4,"name":"Ausf\u00fchrlicher Sicherheitsaudit"}]},{"@type":"WebSite","@id":"https:\/\/nethemba.com\/de\/#website","url":"https:\/\/nethemba.com\/de\/","name":"Nethemba","description":"We care about your security","potentialAction":[{"@type":"SearchAction","target":{"@type":"EntryPoint","urlTemplate":"https:\/\/nethemba.com\/de\/?s={search_term_string}"},"query-input":{"@type":"PropertyValueSpecification","valueRequired":true,"valueName":"search_term_string"}}],"inLanguage":"de"}]}},"_links":{"self":[{"href":"https:\/\/nethemba.com\/de\/wp-json\/wp\/v2\/pages\/369","targetHints":{"allow":["GET"]}}],"collection":[{"href":"https:\/\/nethemba.com\/de\/wp-json\/wp\/v2\/pages"}],"about":[{"href":"https:\/\/nethemba.com\/de\/wp-json\/wp\/v2\/types\/page"}],"author":[{"embeddable":true,"href":"https:\/\/nethemba.com\/de\/wp-json\/wp\/v2\/users\/2"}],"replies":[{"embeddable":true,"href":"https:\/\/nethemba.com\/de\/wp-json\/wp\/v2\/comments?post=369"}],"version-history":[{"count":0,"href":"https:\/\/nethemba.com\/de\/wp-json\/wp\/v2\/pages\/369\/revisions"}],"up":[{"embeddable":true,"href":"https:\/\/nethemba.com\/de\/wp-json\/wp\/v2\/pages\/355"}],"wp:attachment":[{"href":"https:\/\/nethemba.com\/de\/wp-json\/wp\/v2\/media?parent=369"}],"curies":[{"name":"wp","href":"https:\/\/api.w.org\/{rel}","templated":true}]}}