{"id":410,"date":"2015-11-08T20:49:05","date_gmt":"2015-11-08T20:49:05","guid":{"rendered":"http:\/\/nethemba.com\/de\/?page_id=410"},"modified":"2015-11-09T15:12:35","modified_gmt":"2015-11-09T15:12:35","slug":"sicherheitstest-fuer-sap-systeme","status":"publish","type":"page","link":"https:\/\/nethemba.com\/de\/dienste\/netzwerk-und-systemsicherheit\/sicherheitstest-fuer-sap-systeme\/","title":{"rendered":"Sicherheitstest f\u00fcr SAP-Systeme"},"content":{"rendered":"<p>Das Testziel des Sicherheitstests f\u00fcr SAP-Systeme und \u2013Applikationen ist es, schwerwiegende Sicherheitsl\u00fccken in SAP ERP und den zugeh\u00f6rigen Datenbanken zu entdecken. Es kann auch die Sicherheit der j2ee, SAP Web AS Portal oder SAP PI \u00fcberpr\u00fcft werden.<br \/>\n<strong>Eigenschaften:<\/strong><\/p>\n<p>Das Testen beinhaltet mehrere Phasen einschlie\u00dflich:<\/p>\n<ul>\n<li>Erkennung und \u00dcberpr\u00fcfung der voreingestellten Systembenutzer (default Users)<\/li>\n<li>Erkennung und \u00dcberpr\u00fcfung der existierenden Kunden in den einzelnen Instanzen<\/li>\n<li>Sicherheitsanalyse der Reports, Tabellen, spezifischen ABAP-Applikationen, ABAP-Dumps, Joblogs, Spoolanforderungen, rfc\/snc-Ziele<\/li>\n<li>\u00dcberpr\u00fcfen der Datenbanksicherheit (Oracle, MSSQL und anderer)<\/li>\n<li>Profilaudit der laufenden Instanzaudit profilu be\u017eiacej in\u0161tancie<\/li>\n<li>Sicherheitsanalyse des Transportsystems, der Benutzerberechtigungen, Rollen und Profile<\/li>\n<\/ul>\n","protected":false},"excerpt":{"rendered":"<p>Das Testziel des Sicherheitstests f\u00fcr SAP-Systeme und \u2013Applikationen ist es, schwerwiegende Sicherheitsl\u00fccken in SAP ERP und den zugeh\u00f6rigen Datenbanken zu entdecken. Es kann auch die Sicherheit der j2ee, SAP Web AS Portal oder SAP PI \u00fcberpr\u00fcft werden. Eigenschaften: Das Testen beinhaltet mehrere Phasen einschlie\u00dflich: Erkennung und \u00dcberpr\u00fcfung der voreingestellten Systembenutzer (default Users) Erkennung und \u00dcberpr\u00fcfung [&hellip;]<\/p>\n","protected":false},"author":2,"featured_media":0,"parent":385,"menu_order":4,"comment_status":"closed","ping_status":"closed","template":"services_detail.php","meta":{"inline_featured_image":false,"_monsterinsights_skip_tracking":false,"_monsterinsights_sitenote_active":false,"_monsterinsights_sitenote_note":"","_monsterinsights_sitenote_category":0,"footnotes":""},"class_list":["post-410","page","type-page","status-publish","hentry"],"yoast_head":"<!-- This site is optimized with the Yoast SEO plugin v27.4 - https:\/\/yoast.com\/product\/yoast-seo-wordpress\/ -->\n<title>Sicherheitstest f\u00fcr SAP-Systeme - Nethemba<\/title>\n<meta name=\"robots\" content=\"index, follow, max-snippet:-1, max-image-preview:large, max-video-preview:-1\" \/>\n<link rel=\"canonical\" href=\"https:\/\/nethemba.com\/de\/dienste\/netzwerk-und-systemsicherheit\/sicherheitstest-fuer-sap-systeme\/\" \/>\n<meta property=\"og:locale\" content=\"de_DE\" \/>\n<meta property=\"og:type\" content=\"article\" \/>\n<meta property=\"og:title\" content=\"Sicherheitstest f\u00fcr SAP-Systeme - Nethemba\" \/>\n<meta property=\"og:description\" content=\"Das Testziel des Sicherheitstests f\u00fcr SAP-Systeme und \u2013Applikationen ist es, schwerwiegende Sicherheitsl\u00fccken in SAP ERP und den zugeh\u00f6rigen Datenbanken zu entdecken. Es kann auch die Sicherheit der j2ee, SAP Web AS Portal oder SAP PI \u00fcberpr\u00fcft werden. Eigenschaften: Das Testen beinhaltet mehrere Phasen einschlie\u00dflich: Erkennung und \u00dcberpr\u00fcfung der voreingestellten Systembenutzer (default Users) Erkennung und \u00dcberpr\u00fcfung [&hellip;]\" \/>\n<meta property=\"og:url\" content=\"https:\/\/nethemba.com\/de\/dienste\/netzwerk-und-systemsicherheit\/sicherheitstest-fuer-sap-systeme\/\" \/>\n<meta property=\"og:site_name\" content=\"Nethemba\" \/>\n<meta property=\"article:publisher\" content=\"https:\/\/www.facebook.com\/nethemba\" \/>\n<meta property=\"article:modified_time\" content=\"2015-11-09T15:12:35+00:00\" \/>\n<meta name=\"twitter:card\" content=\"summary_large_image\" \/>\n<meta name=\"twitter:site\" content=\"@nethemba\" \/>\n<meta name=\"twitter:label1\" content=\"Gesch\u00e4tzte Lesezeit\" \/>\n\t<meta name=\"twitter:data1\" content=\"1\u00a0Minute\" \/>\n<script type=\"application\/ld+json\" class=\"yoast-schema-graph\">{\"@context\":\"https:\\\/\\\/schema.org\",\"@graph\":[{\"@type\":\"WebPage\",\"@id\":\"https:\\\/\\\/nethemba.com\\\/de\\\/dienste\\\/netzwerk-und-systemsicherheit\\\/sicherheitstest-fuer-sap-systeme\\\/\",\"url\":\"https:\\\/\\\/nethemba.com\\\/de\\\/dienste\\\/netzwerk-und-systemsicherheit\\\/sicherheitstest-fuer-sap-systeme\\\/\",\"name\":\"Sicherheitstest f\u00fcr SAP-Systeme - Nethemba\",\"isPartOf\":{\"@id\":\"https:\\\/\\\/nethemba.com\\\/de\\\/#website\"},\"datePublished\":\"2015-11-08T20:49:05+00:00\",\"dateModified\":\"2015-11-09T15:12:35+00:00\",\"breadcrumb\":{\"@id\":\"https:\\\/\\\/nethemba.com\\\/de\\\/dienste\\\/netzwerk-und-systemsicherheit\\\/sicherheitstest-fuer-sap-systeme\\\/#breadcrumb\"},\"inLanguage\":\"de\",\"potentialAction\":[{\"@type\":\"ReadAction\",\"target\":[\"https:\\\/\\\/nethemba.com\\\/de\\\/dienste\\\/netzwerk-und-systemsicherheit\\\/sicherheitstest-fuer-sap-systeme\\\/\"]}]},{\"@type\":\"BreadcrumbList\",\"@id\":\"https:\\\/\\\/nethemba.com\\\/de\\\/dienste\\\/netzwerk-und-systemsicherheit\\\/sicherheitstest-fuer-sap-systeme\\\/#breadcrumb\",\"itemListElement\":[{\"@type\":\"ListItem\",\"position\":1,\"name\":\"Home\",\"item\":\"https:\\\/\\\/nethemba.com\\\/de\\\/home-new-2025\\\/\"},{\"@type\":\"ListItem\",\"position\":2,\"name\":\"Dienste\",\"item\":\"https:\\\/\\\/nethemba.com\\\/de\\\/dienste\\\/\"},{\"@type\":\"ListItem\",\"position\":3,\"name\":\"Netzwerk-und Systemsicherheit\",\"item\":\"https:\\\/\\\/nethemba.com\\\/de\\\/dienste\\\/netzwerk-und-systemsicherheit\\\/\"},{\"@type\":\"ListItem\",\"position\":4,\"name\":\"Sicherheitstest f\u00fcr SAP-Systeme\"}]},{\"@type\":\"WebSite\",\"@id\":\"https:\\\/\\\/nethemba.com\\\/de\\\/#website\",\"url\":\"https:\\\/\\\/nethemba.com\\\/de\\\/\",\"name\":\"Nethemba\",\"description\":\"We care about your security\",\"potentialAction\":[{\"@type\":\"SearchAction\",\"target\":{\"@type\":\"EntryPoint\",\"urlTemplate\":\"https:\\\/\\\/nethemba.com\\\/de\\\/?s={search_term_string}\"},\"query-input\":{\"@type\":\"PropertyValueSpecification\",\"valueRequired\":true,\"valueName\":\"search_term_string\"}}],\"inLanguage\":\"de\"}]}<\/script>\n<!-- \/ Yoast SEO plugin. -->","yoast_head_json":{"title":"Sicherheitstest f\u00fcr SAP-Systeme - Nethemba","robots":{"index":"index","follow":"follow","max-snippet":"max-snippet:-1","max-image-preview":"max-image-preview:large","max-video-preview":"max-video-preview:-1"},"canonical":"https:\/\/nethemba.com\/de\/dienste\/netzwerk-und-systemsicherheit\/sicherheitstest-fuer-sap-systeme\/","og_locale":"de_DE","og_type":"article","og_title":"Sicherheitstest f\u00fcr SAP-Systeme - Nethemba","og_description":"Das Testziel des Sicherheitstests f\u00fcr SAP-Systeme und \u2013Applikationen ist es, schwerwiegende Sicherheitsl\u00fccken in SAP ERP und den zugeh\u00f6rigen Datenbanken zu entdecken. Es kann auch die Sicherheit der j2ee, SAP Web AS Portal oder SAP PI \u00fcberpr\u00fcft werden. Eigenschaften: Das Testen beinhaltet mehrere Phasen einschlie\u00dflich: Erkennung und \u00dcberpr\u00fcfung der voreingestellten Systembenutzer (default Users) Erkennung und \u00dcberpr\u00fcfung [&hellip;]","og_url":"https:\/\/nethemba.com\/de\/dienste\/netzwerk-und-systemsicherheit\/sicherheitstest-fuer-sap-systeme\/","og_site_name":"Nethemba","article_publisher":"https:\/\/www.facebook.com\/nethemba","article_modified_time":"2015-11-09T15:12:35+00:00","twitter_card":"summary_large_image","twitter_site":"@nethemba","twitter_misc":{"Gesch\u00e4tzte Lesezeit":"1\u00a0Minute"},"schema":{"@context":"https:\/\/schema.org","@graph":[{"@type":"WebPage","@id":"https:\/\/nethemba.com\/de\/dienste\/netzwerk-und-systemsicherheit\/sicherheitstest-fuer-sap-systeme\/","url":"https:\/\/nethemba.com\/de\/dienste\/netzwerk-und-systemsicherheit\/sicherheitstest-fuer-sap-systeme\/","name":"Sicherheitstest f\u00fcr SAP-Systeme - Nethemba","isPartOf":{"@id":"https:\/\/nethemba.com\/de\/#website"},"datePublished":"2015-11-08T20:49:05+00:00","dateModified":"2015-11-09T15:12:35+00:00","breadcrumb":{"@id":"https:\/\/nethemba.com\/de\/dienste\/netzwerk-und-systemsicherheit\/sicherheitstest-fuer-sap-systeme\/#breadcrumb"},"inLanguage":"de","potentialAction":[{"@type":"ReadAction","target":["https:\/\/nethemba.com\/de\/dienste\/netzwerk-und-systemsicherheit\/sicherheitstest-fuer-sap-systeme\/"]}]},{"@type":"BreadcrumbList","@id":"https:\/\/nethemba.com\/de\/dienste\/netzwerk-und-systemsicherheit\/sicherheitstest-fuer-sap-systeme\/#breadcrumb","itemListElement":[{"@type":"ListItem","position":1,"name":"Home","item":"https:\/\/nethemba.com\/de\/home-new-2025\/"},{"@type":"ListItem","position":2,"name":"Dienste","item":"https:\/\/nethemba.com\/de\/dienste\/"},{"@type":"ListItem","position":3,"name":"Netzwerk-und Systemsicherheit","item":"https:\/\/nethemba.com\/de\/dienste\/netzwerk-und-systemsicherheit\/"},{"@type":"ListItem","position":4,"name":"Sicherheitstest f\u00fcr SAP-Systeme"}]},{"@type":"WebSite","@id":"https:\/\/nethemba.com\/de\/#website","url":"https:\/\/nethemba.com\/de\/","name":"Nethemba","description":"We care about your security","potentialAction":[{"@type":"SearchAction","target":{"@type":"EntryPoint","urlTemplate":"https:\/\/nethemba.com\/de\/?s={search_term_string}"},"query-input":{"@type":"PropertyValueSpecification","valueRequired":true,"valueName":"search_term_string"}}],"inLanguage":"de"}]}},"_links":{"self":[{"href":"https:\/\/nethemba.com\/de\/wp-json\/wp\/v2\/pages\/410","targetHints":{"allow":["GET"]}}],"collection":[{"href":"https:\/\/nethemba.com\/de\/wp-json\/wp\/v2\/pages"}],"about":[{"href":"https:\/\/nethemba.com\/de\/wp-json\/wp\/v2\/types\/page"}],"author":[{"embeddable":true,"href":"https:\/\/nethemba.com\/de\/wp-json\/wp\/v2\/users\/2"}],"replies":[{"embeddable":true,"href":"https:\/\/nethemba.com\/de\/wp-json\/wp\/v2\/comments?post=410"}],"version-history":[{"count":0,"href":"https:\/\/nethemba.com\/de\/wp-json\/wp\/v2\/pages\/410\/revisions"}],"up":[{"embeddable":true,"href":"https:\/\/nethemba.com\/de\/wp-json\/wp\/v2\/pages\/385"}],"wp:attachment":[{"href":"https:\/\/nethemba.com\/de\/wp-json\/wp\/v2\/media?parent=410"}],"curies":[{"name":"wp","href":"https:\/\/api.w.org\/{rel}","templated":true}]}}