{"id":422,"date":"2015-11-08T20:51:32","date_gmt":"2015-11-08T20:51:32","guid":{"rendered":"http:\/\/nethemba.com\/de\/?page_id=422"},"modified":"2015-11-09T15:16:53","modified_gmt":"2015-11-09T15:16:53","slug":"sicherheitsaudit-fuer-drahtlose-netzwerke","status":"publish","type":"page","link":"https:\/\/nethemba.com\/de\/dienste\/netzwerk-und-systemsicherheit\/sicherheitsaudit-fuer-drahtlose-netzwerke\/","title":{"rendered":"Sicherheitsaudit f\u00fcr drahtlose Netzwerke"},"content":{"rendered":"<p>Das Ziel des Sicherheitsaudits f\u00fcr drahtlose \u201eWIFI&#8220; Netzwerke ist die Analyse der Gesamtsicherheit des Kundennetzwerks.<\/p>\n<p><strong>Test beinhaltet:<\/strong><\/p>\n<ul>\n<li>\u201eWarwalking&#8220; Phase<\/li>\n<li>Analyse und Durchf\u00fchrung der passiven und aktiven Angriffe<\/li>\n<li>DOS-Attacken-Simulation<\/li>\n<li>Analyse der benutzten Verschl\u00fcsselungs- und Authentifizierungsprotokolle<\/li>\n<li>Analyse der unerw\u00fcnschten und nicht gesicherten Konfiguration des WIFI-Netzwerks oder Zutrittspunkten f\u00fcr Benutzer<\/li>\n<\/ul>\n","protected":false},"excerpt":{"rendered":"<p>Das Ziel des Sicherheitsaudits f\u00fcr drahtlose \u201eWIFI&#8220; Netzwerke ist die Analyse der Gesamtsicherheit des Kundennetzwerks. Test beinhaltet: \u201eWarwalking&#8220; Phase Analyse und Durchf\u00fchrung der passiven und aktiven Angriffe DOS-Attacken-Simulation Analyse der benutzten Verschl\u00fcsselungs- und Authentifizierungsprotokolle Analyse der unerw\u00fcnschten und nicht gesicherten Konfiguration des WIFI-Netzwerks oder Zutrittspunkten f\u00fcr Benutzer<\/p>\n","protected":false},"author":2,"featured_media":0,"parent":385,"menu_order":6,"comment_status":"closed","ping_status":"closed","template":"services_detail.php","meta":{"inline_featured_image":false,"_monsterinsights_skip_tracking":false,"_monsterinsights_sitenote_active":false,"_monsterinsights_sitenote_note":"","_monsterinsights_sitenote_category":0,"footnotes":""},"class_list":["post-422","page","type-page","status-publish","hentry"],"yoast_head":"<!-- This site is optimized with the Yoast SEO plugin v27.3 - https:\/\/yoast.com\/product\/yoast-seo-wordpress\/ -->\n<title>Sicherheitsaudit f\u00fcr drahtlose Netzwerke - Nethemba<\/title>\n<meta name=\"robots\" content=\"index, follow, max-snippet:-1, max-image-preview:large, max-video-preview:-1\" \/>\n<link rel=\"canonical\" href=\"https:\/\/nethemba.com\/de\/dienste\/netzwerk-und-systemsicherheit\/sicherheitsaudit-fuer-drahtlose-netzwerke\/\" \/>\n<meta property=\"og:locale\" content=\"de_DE\" \/>\n<meta property=\"og:type\" content=\"article\" \/>\n<meta property=\"og:title\" content=\"Sicherheitsaudit f\u00fcr drahtlose Netzwerke - Nethemba\" \/>\n<meta property=\"og:description\" content=\"Das Ziel des Sicherheitsaudits f\u00fcr drahtlose \u201eWIFI&#8220; Netzwerke ist die Analyse der Gesamtsicherheit des Kundennetzwerks. Test beinhaltet: \u201eWarwalking&#8220; Phase Analyse und Durchf\u00fchrung der passiven und aktiven Angriffe DOS-Attacken-Simulation Analyse der benutzten Verschl\u00fcsselungs- und Authentifizierungsprotokolle Analyse der unerw\u00fcnschten und nicht gesicherten Konfiguration des WIFI-Netzwerks oder Zutrittspunkten f\u00fcr Benutzer\" \/>\n<meta property=\"og:url\" content=\"https:\/\/nethemba.com\/de\/dienste\/netzwerk-und-systemsicherheit\/sicherheitsaudit-fuer-drahtlose-netzwerke\/\" \/>\n<meta property=\"og:site_name\" content=\"Nethemba\" \/>\n<meta property=\"article:publisher\" content=\"https:\/\/www.facebook.com\/nethemba\" \/>\n<meta property=\"article:modified_time\" content=\"2015-11-09T15:16:53+00:00\" \/>\n<meta name=\"twitter:card\" content=\"summary_large_image\" \/>\n<meta name=\"twitter:site\" content=\"@nethemba\" \/>\n<script type=\"application\/ld+json\" class=\"yoast-schema-graph\">{\"@context\":\"https:\\\/\\\/schema.org\",\"@graph\":[{\"@type\":\"WebPage\",\"@id\":\"https:\\\/\\\/nethemba.com\\\/de\\\/dienste\\\/netzwerk-und-systemsicherheit\\\/sicherheitsaudit-fuer-drahtlose-netzwerke\\\/\",\"url\":\"https:\\\/\\\/nethemba.com\\\/de\\\/dienste\\\/netzwerk-und-systemsicherheit\\\/sicherheitsaudit-fuer-drahtlose-netzwerke\\\/\",\"name\":\"Sicherheitsaudit f\u00fcr drahtlose Netzwerke - Nethemba\",\"isPartOf\":{\"@id\":\"https:\\\/\\\/nethemba.com\\\/de\\\/#website\"},\"datePublished\":\"2015-11-08T20:51:32+00:00\",\"dateModified\":\"2015-11-09T15:16:53+00:00\",\"breadcrumb\":{\"@id\":\"https:\\\/\\\/nethemba.com\\\/de\\\/dienste\\\/netzwerk-und-systemsicherheit\\\/sicherheitsaudit-fuer-drahtlose-netzwerke\\\/#breadcrumb\"},\"inLanguage\":\"de\",\"potentialAction\":[{\"@type\":\"ReadAction\",\"target\":[\"https:\\\/\\\/nethemba.com\\\/de\\\/dienste\\\/netzwerk-und-systemsicherheit\\\/sicherheitsaudit-fuer-drahtlose-netzwerke\\\/\"]}]},{\"@type\":\"BreadcrumbList\",\"@id\":\"https:\\\/\\\/nethemba.com\\\/de\\\/dienste\\\/netzwerk-und-systemsicherheit\\\/sicherheitsaudit-fuer-drahtlose-netzwerke\\\/#breadcrumb\",\"itemListElement\":[{\"@type\":\"ListItem\",\"position\":1,\"name\":\"Home\",\"item\":\"https:\\\/\\\/nethemba.com\\\/de\\\/home-new-2025\\\/\"},{\"@type\":\"ListItem\",\"position\":2,\"name\":\"Dienste\",\"item\":\"https:\\\/\\\/nethemba.com\\\/de\\\/dienste\\\/\"},{\"@type\":\"ListItem\",\"position\":3,\"name\":\"Netzwerk-und Systemsicherheit\",\"item\":\"https:\\\/\\\/nethemba.com\\\/de\\\/dienste\\\/netzwerk-und-systemsicherheit\\\/\"},{\"@type\":\"ListItem\",\"position\":4,\"name\":\"Sicherheitsaudit f\u00fcr drahtlose Netzwerke\"}]},{\"@type\":\"WebSite\",\"@id\":\"https:\\\/\\\/nethemba.com\\\/de\\\/#website\",\"url\":\"https:\\\/\\\/nethemba.com\\\/de\\\/\",\"name\":\"Nethemba\",\"description\":\"We care about your security\",\"potentialAction\":[{\"@type\":\"SearchAction\",\"target\":{\"@type\":\"EntryPoint\",\"urlTemplate\":\"https:\\\/\\\/nethemba.com\\\/de\\\/?s={search_term_string}\"},\"query-input\":{\"@type\":\"PropertyValueSpecification\",\"valueRequired\":true,\"valueName\":\"search_term_string\"}}],\"inLanguage\":\"de\"}]}<\/script>\n<!-- \/ Yoast SEO plugin. -->","yoast_head_json":{"title":"Sicherheitsaudit f\u00fcr drahtlose Netzwerke - Nethemba","robots":{"index":"index","follow":"follow","max-snippet":"max-snippet:-1","max-image-preview":"max-image-preview:large","max-video-preview":"max-video-preview:-1"},"canonical":"https:\/\/nethemba.com\/de\/dienste\/netzwerk-und-systemsicherheit\/sicherheitsaudit-fuer-drahtlose-netzwerke\/","og_locale":"de_DE","og_type":"article","og_title":"Sicherheitsaudit f\u00fcr drahtlose Netzwerke - Nethemba","og_description":"Das Ziel des Sicherheitsaudits f\u00fcr drahtlose \u201eWIFI&#8220; Netzwerke ist die Analyse der Gesamtsicherheit des Kundennetzwerks. Test beinhaltet: \u201eWarwalking&#8220; Phase Analyse und Durchf\u00fchrung der passiven und aktiven Angriffe DOS-Attacken-Simulation Analyse der benutzten Verschl\u00fcsselungs- und Authentifizierungsprotokolle Analyse der unerw\u00fcnschten und nicht gesicherten Konfiguration des WIFI-Netzwerks oder Zutrittspunkten f\u00fcr Benutzer","og_url":"https:\/\/nethemba.com\/de\/dienste\/netzwerk-und-systemsicherheit\/sicherheitsaudit-fuer-drahtlose-netzwerke\/","og_site_name":"Nethemba","article_publisher":"https:\/\/www.facebook.com\/nethemba","article_modified_time":"2015-11-09T15:16:53+00:00","twitter_card":"summary_large_image","twitter_site":"@nethemba","schema":{"@context":"https:\/\/schema.org","@graph":[{"@type":"WebPage","@id":"https:\/\/nethemba.com\/de\/dienste\/netzwerk-und-systemsicherheit\/sicherheitsaudit-fuer-drahtlose-netzwerke\/","url":"https:\/\/nethemba.com\/de\/dienste\/netzwerk-und-systemsicherheit\/sicherheitsaudit-fuer-drahtlose-netzwerke\/","name":"Sicherheitsaudit f\u00fcr drahtlose Netzwerke - Nethemba","isPartOf":{"@id":"https:\/\/nethemba.com\/de\/#website"},"datePublished":"2015-11-08T20:51:32+00:00","dateModified":"2015-11-09T15:16:53+00:00","breadcrumb":{"@id":"https:\/\/nethemba.com\/de\/dienste\/netzwerk-und-systemsicherheit\/sicherheitsaudit-fuer-drahtlose-netzwerke\/#breadcrumb"},"inLanguage":"de","potentialAction":[{"@type":"ReadAction","target":["https:\/\/nethemba.com\/de\/dienste\/netzwerk-und-systemsicherheit\/sicherheitsaudit-fuer-drahtlose-netzwerke\/"]}]},{"@type":"BreadcrumbList","@id":"https:\/\/nethemba.com\/de\/dienste\/netzwerk-und-systemsicherheit\/sicherheitsaudit-fuer-drahtlose-netzwerke\/#breadcrumb","itemListElement":[{"@type":"ListItem","position":1,"name":"Home","item":"https:\/\/nethemba.com\/de\/home-new-2025\/"},{"@type":"ListItem","position":2,"name":"Dienste","item":"https:\/\/nethemba.com\/de\/dienste\/"},{"@type":"ListItem","position":3,"name":"Netzwerk-und Systemsicherheit","item":"https:\/\/nethemba.com\/de\/dienste\/netzwerk-und-systemsicherheit\/"},{"@type":"ListItem","position":4,"name":"Sicherheitsaudit f\u00fcr drahtlose Netzwerke"}]},{"@type":"WebSite","@id":"https:\/\/nethemba.com\/de\/#website","url":"https:\/\/nethemba.com\/de\/","name":"Nethemba","description":"We care about your security","potentialAction":[{"@type":"SearchAction","target":{"@type":"EntryPoint","urlTemplate":"https:\/\/nethemba.com\/de\/?s={search_term_string}"},"query-input":{"@type":"PropertyValueSpecification","valueRequired":true,"valueName":"search_term_string"}}],"inLanguage":"de"}]}},"_links":{"self":[{"href":"https:\/\/nethemba.com\/de\/wp-json\/wp\/v2\/pages\/422","targetHints":{"allow":["GET"]}}],"collection":[{"href":"https:\/\/nethemba.com\/de\/wp-json\/wp\/v2\/pages"}],"about":[{"href":"https:\/\/nethemba.com\/de\/wp-json\/wp\/v2\/types\/page"}],"author":[{"embeddable":true,"href":"https:\/\/nethemba.com\/de\/wp-json\/wp\/v2\/users\/2"}],"replies":[{"embeddable":true,"href":"https:\/\/nethemba.com\/de\/wp-json\/wp\/v2\/comments?post=422"}],"version-history":[{"count":0,"href":"https:\/\/nethemba.com\/de\/wp-json\/wp\/v2\/pages\/422\/revisions"}],"up":[{"embeddable":true,"href":"https:\/\/nethemba.com\/de\/wp-json\/wp\/v2\/pages\/385"}],"wp:attachment":[{"href":"https:\/\/nethemba.com\/de\/wp-json\/wp\/v2\/media?parent=422"}],"curies":[{"name":"wp","href":"https:\/\/api.w.org\/{rel}","templated":true}]}}