{"id":440,"date":"2015-11-08T20:55:07","date_gmt":"2015-11-08T20:55:07","guid":{"rendered":"http:\/\/nethemba.com\/de\/?page_id=440"},"modified":"2015-11-09T15:20:49","modified_gmt":"2015-11-09T15:20:49","slug":"cloud-computing-loesungen","status":"publish","type":"page","link":"https:\/\/nethemba.com\/de\/dienste\/it-security-loesungen\/cloud-computing-loesungen\/","title":{"rendered":"Cloud Computing L\u00f6sungen"},"content":{"rendered":"<div id=\"magicdomid4\">\n<div class=\"ace-line\">\n<p>Web Dienste bieten neue M\u00f6glichkeiten beim Entwurf oder der Implementation von IT Projekten an, die vorher nur f\u00fcr gro\u00dfe Gesellschaften zug\u00e4nglich oder kostenaufwendig waren, wie zum Beispiel:<\/p>\n<ul>\n<li>M\u00f6glichkeit des kompletten Outsourcings der Wartung des Netzwerks, der Server und den Betriebssystemen sowie BackUp an 3rd Party<\/li>\n<li>M\u00f6glichkeit dynamisch und flexibel auf erh\u00f6hte Belastungen zu antworten durch Starten von virtueller Server<\/li>\n<li>Global Information Distribution mit hoher Erreichbarkeit und niedriger Versp\u00e4tung<\/li>\n<li>Erh\u00f6hte Erreichbarkeit Ihrer Dienste f\u00fcr amerikanische und europ\u00e4ische Kunden<\/li>\n<\/ul>\n<p>Alle oben genante M\u00f6glichkeiten werden preiswert f\u00fcr gro\u00dfe\u00a0 oder kleine Kunden angeboten.<\/p>\n<\/div>\n<\/div>\n<p><strong>Cloud Computing<\/strong> stellt einen Modell dar, die klassischen Rechnerquellen wie Server, Festplatten und anderen Komponenten, die bisher real existieren, jetzt als Dienst anzubieten und diese Hardware zu virtualisieren.<\/p>\n<p>Es wird nicht mehr die physische Platzierung, der energetische Verbrauch, die Netzwerkstruktur oder die Stromversorgung interessant sein. Die Einrichtung von Klimaanlagen und die Betriebssicherheit werden au\u00dferhalb der Organisation gew\u00e4hrleistet.<\/p>\n<p>Eine Ausnutzung der Cloud-Dienste ist durch Webdienste und mittels Programmierungssprachen (PHP, Java, C#, VB.NET, Ruby, Perl) und auchdurch Web-Schnittstellen sehr einfach.<\/p>\n<p><strong>Was bieten wir an?\u00a0<\/strong><\/p>\n<p><strong>Virtualisierung der Rechenleistung<\/strong><\/p>\n<ul>\n<li>Ersetzen sie ihre Rechner durch virtuelle aber sehr leistungsf\u00e4hige Maschinen um Hardwareprobleme zu eliminieren.<\/li>\n<\/ul>\n<ul>\n<li>Bei jeder St\u00f6rung des virtuellen Rechners k\u00f6nnen sie ihn sofort neustarten, ohne Notwendigkeit, die Hotline oder den Service-Dienst zu rufen \u2013 alles in ihrer Regie<\/li>\n<\/ul>\n<ul>\n<li>M\u00f6glichkeit des gleichzeitigen Startens von 1, 10 oder 1000 virtuellen Rechnern durch lediglich einen Befehl oder ganz automatisch im Fall, da\u00df sie gr\u00f6\u00dfere Rechenleistung brauchen.\u00a0 Und umgekehrt k\u00f6nnen sie einige oder alle Rechner abschalten, wenn sie die Rechner nicht mehr ben\u00f6tigen und somit Kosten sparen.<\/li>\n<\/ul>\n<ul>\n<li>Sie zahlen nur daf\u00fcr, was sie wirklich nutzen (Prozessorzeit jedes laufenden Rechners) \u2013 die Anzahl k\u00f6nnen sie dynamisch nach Leistungsanfrage steuern (z.B. f\u00fcr 1 Stunde eines leistungsf\u00e4higen Cluster mit 1000 virtuellen Servern zahlen sie nur $30)<\/li>\n<\/ul>\n<ul>\n<li>Tunen sie eigene die Rechenleistung durch Variationen der Betriebsspeichergr\u00f6\u00dfe und Anzahl der Prozessorkerne<\/li>\n<\/ul>\n<ul>\n<li>Benutzen sie freie oder kommerzielle Versionen von Linux, Microsoft Windows Servers oder andere Unix-Versionen von Betriebssystemen problemlos in Hinblick auf die Lizenzpolitik des Betriebssystems (diese Kosten sind in der Prozessorzeitgeb\u00fchr enthalten)<\/li>\n<\/ul>\n<ul>\n<li>Ohne Kentnisse \u00fcber Firewalleinstellung k\u00f6nnen sie sicheren Zugang zu ihren Netzwerkdiensten einstellen<\/li>\n<\/ul>\n<p><strong>\u00a0Virtuallisierung des Speicherplattenvolumens \u00a0<\/strong><\/p>\n<ul>\n<li>M\u00f6glichkeit, zu jedem virtuellen Rechner beliebig viele Speicherplatten mit einer Gr\u00f6\u00dfe von 1GB bis zu 1TB anschliessen zu k\u00f6nnen<\/li>\n<\/ul>\n<ul>\n<li>Sie zahlen nur f\u00fcr die benutzte Speicherplattenkapazit\u00e4t und nicht f\u00fcr den Platz, den sie nicht nutzen<\/li>\n<\/ul>\n<ul>\n<li>Jeden Augenblick k\u00f6nnen sie eine Kopie (Snapshot) machen, wobei die Kopienanzahl nicht begrentzt ist<\/li>\n<\/ul>\n<ul>\n<li>Sie k\u00f6nnen eine neue virtuelle Speicherplatte von einer Kopie der anderen beliebigen virtuellen Speicherplatte bilden<\/li>\n<\/ul>\n<ul>\n<li>Ihre Daten bleiben\u00a0 auch dann erhalten, wenn Sie den Rechner ausschalten, an welchem die virtuelle Speicherplatte angeschlossen ist<\/li>\n<\/ul>\n<p><strong>Virtualisierung des Backup-Volumens \u00a0<\/strong><\/p>\n<ul>\n<li>Nutzen sie die M\u00f6glichkeit, ein minimal 3-faches Backup-Volumen f\u00fcr Datei von 1 Byte bis 5 GB, bis zur 256 TB Gr\u00f6\u00dfe mit Replikation zu haben<\/li>\n<\/ul>\n<ul>\n<li>Zahlen sie nur f\u00fcr die aktuelle Volumengr\u00f6\u00dfe der Backup-Dateien und Daten\u00fcbertragung ins Datenzentrum<\/li>\n<\/ul>\n<ul>\n<li>Sie haben die M\u00f6glichkeit, mehrere gesch\u00fctzte und voneinander unabh\u00e4ngige Speicherorte zu nutzen<\/li>\n<\/ul>\n<ul>\n<li>Falls sie ihre Informationen in diesen Volumen speichern, k\u00f6nnen sie die Informationen einfach \u00fcber Knotenserver im CDN Netz weltweit verschieben.<\/li>\n<\/ul>\n<p><strong>Gleichgewicht der Rechnerbelastung \u00a0<\/strong><\/p>\n<ul>\n<li>Bauen sie eine Gruppe von Rechnern f\u00fcr einen beliebigen Rechnerdienst (z.B. ihren Web-Portal) und ELB wird automatisch die Rechnerbelastung zwischen einzelnen Knoten ausgleichen.<\/li>\n<\/ul>\n<ul>\n<li>Ein unerreichbarer Server wird automatisch von der Verbindungszuteilung in der Rechnerkommunikation ausgeschlossen<\/li>\n<\/ul>\n<ul>\n<li>Ausgefallene Server werden automatisch durch automatisch gestartete weitere Server ersetzt, die gleichzeitig in die Kommunikations- und Verteilungsliste angeschlossen werden<\/li>\n<\/ul>\n<p><strong>MySQL-Virtualisation<\/strong><\/p>\n<ul>\n<li>Virtuelle Server k\u00f6nnen mit 100% Kompatibilit\u00e4t mit MySQL 5.1 und den MySQL-Werkzeugen und Applikationen laufen<\/li>\n<\/ul>\n<ul>\n<li>Sichere und problemlose Aktualisierung wird voll automatisch durchgef\u00fchrt<\/li>\n<\/ul>\n<ul>\n<li>Es ist m\u00f6glich, die Zeit f\u00fcr Backup-Speicherungen frei vom Benutzer zu definieren und eine Widerherstellung von diesem Backup zu jedem beliebigen Zeitpunkt auszuf\u00fchren<\/li>\n<\/ul>\n<ul>\n<li>Verschiedene Hardwarekonfigurationen bieten eine gro\u00dfe Palette von virtuellen Konfigurationen nach eigenen Bed\u00fcrfnisse an<\/li>\n<\/ul>\n<ul>\n<li>Zugang zur Datenbank wird durch Inhaberrechte mit Hilfe einfacher Firewall bestimmt<\/li>\n<\/ul>\n<p><strong>Sicherheit und Erreichbarkeit<\/strong><\/p>\n<ul>\n<li>F\u00fchren sie ihre Dienste an ihren Kunden in mehreren amerikanischen und europ\u00e4ischen Datenzentren durch und werden sie gegen jegliche Ausf\u00e4lle, St\u00f6rungen oder Attacken gesch\u00fctzt.<\/li>\n<\/ul>\n<ul>\n<li>Wir bauen f\u00fcr sie multiregionalle Cluster L\u00f6sungen auf, in denen ihre Daten und Applikationen gleichzeitig f\u00fcr ihre Kunden in verschiedenen Landesecken oder Kontinenten erreichbar werden<\/li>\n<\/ul>\n<ul>\n<li>Sprechen sie die Kunden in anderen Regionen an, um hoch erreichbare Informationen mit kurzer Reaktionszeit anbieten zu k\u00f6nnen<\/li>\n<\/ul>\n<p><strong>Nachbildung und Inhaltdistribution in die ganze Welt \u00a0<\/strong><\/p>\n<ul>\n<li>F\u00fchrt die Inhaltdistribution wie Grafik, Musik, Video Streaming oder jeden statischen Dateninhalt in die ganze Welt von sogenannten Seitenknoten durch<\/li>\n<\/ul>\n<ul>\n<li>Knoten sind weltweit verf\u00fcgbar (USA, Europa, Japan, Hong Kong)<\/li>\n<\/ul>\n<ul>\n<li>Erm\u00f6glicht ultraschnellen Datendownload und \u00dcberspielen von Videostreaming mit minimaler Reaktionszeit<\/li>\n<\/ul>\n<ul>\n<li>Verringert die Belastung der eigenen Server<\/li>\n<\/ul>\n<p><strong>Monitoring und dynamische Staffelung \u00a0<\/strong><\/p>\n<ul>\n<li>Wir setzen in ihrer virtuellen Struktur ein intelligentes Monitoringsystem ein, das dynamisch die Ausf\u00e4lle, Rechner\u00fcberlastungen oder gro\u00dfen Anstieg der Benutzerzugriffe verarbeiten kann<\/li>\n<\/ul>\n<ul>\n<li>Sie k\u00f6nnen die \u00fcbertragene Datenmenge, Anzahl von HTTP Verbindungen, CPU oder Speicher-Auslastung \u00fcberwachen<\/li>\n<\/ul>\n<ul>\n<li>W\u00e4hrend des Ausfalls eines oder mehrerer Server, nicht erwarteter System- oder CPU-Belastung gibt es die M\u00f6glichkeit, neue Server zu starten, um die Abweichungen und Komponentenbelastung auszugleichen<\/li>\n<\/ul>\n<ul>\n<li>Stellen sie eine minimale und maximale Anzahl von Servern ein, die f\u00fcr bestimmte Aufgabe betrieben werden. Falls diese nicht ausgenutzt werden, schalten sieautomatisch ab, damit die Kosten reduziert werden<\/li>\n<\/ul>\n","protected":false},"excerpt":{"rendered":"<p>Web Dienste bieten neue M\u00f6glichkeiten beim Entwurf oder der Implementation von IT Projekten an, die vorher nur f\u00fcr gro\u00dfe Gesellschaften zug\u00e4nglich oder kostenaufwendig waren, wie zum Beispiel: M\u00f6glichkeit des kompletten Outsourcings der Wartung des Netzwerks, der Server und den Betriebssystemen sowie BackUp an 3rd Party M\u00f6glichkeit dynamisch und flexibel auf erh\u00f6hte Belastungen zu antworten durch [&hellip;]<\/p>\n","protected":false},"author":2,"featured_media":0,"parent":428,"menu_order":2,"comment_status":"closed","ping_status":"closed","template":"services_detail.php","meta":{"inline_featured_image":false,"_monsterinsights_skip_tracking":false,"_monsterinsights_sitenote_active":false,"_monsterinsights_sitenote_note":"","_monsterinsights_sitenote_category":0,"footnotes":""},"class_list":["post-440","page","type-page","status-publish","hentry"],"yoast_head":"<!-- This site is optimized with the Yoast SEO plugin v27.4 - https:\/\/yoast.com\/product\/yoast-seo-wordpress\/ -->\n<title>Cloud Computing L\u00f6sungen - Nethemba<\/title>\n<meta name=\"robots\" content=\"index, follow, max-snippet:-1, max-image-preview:large, max-video-preview:-1\" \/>\n<link rel=\"canonical\" href=\"https:\/\/nethemba.com\/de\/dienste\/it-security-loesungen\/cloud-computing-loesungen\/\" \/>\n<meta property=\"og:locale\" content=\"de_DE\" \/>\n<meta property=\"og:type\" content=\"article\" \/>\n<meta property=\"og:title\" content=\"Cloud Computing L\u00f6sungen - Nethemba\" \/>\n<meta property=\"og:description\" content=\"Web Dienste bieten neue M\u00f6glichkeiten beim Entwurf oder der Implementation von IT Projekten an, die vorher nur f\u00fcr gro\u00dfe Gesellschaften zug\u00e4nglich oder kostenaufwendig waren, wie zum Beispiel: M\u00f6glichkeit des kompletten Outsourcings der Wartung des Netzwerks, der Server und den Betriebssystemen sowie BackUp an 3rd Party M\u00f6glichkeit dynamisch und flexibel auf erh\u00f6hte Belastungen zu antworten durch [&hellip;]\" \/>\n<meta property=\"og:url\" content=\"https:\/\/nethemba.com\/de\/dienste\/it-security-loesungen\/cloud-computing-loesungen\/\" \/>\n<meta property=\"og:site_name\" content=\"Nethemba\" \/>\n<meta property=\"article:publisher\" content=\"https:\/\/www.facebook.com\/nethemba\" \/>\n<meta property=\"article:modified_time\" content=\"2015-11-09T15:20:49+00:00\" \/>\n<meta name=\"twitter:card\" content=\"summary_large_image\" \/>\n<meta name=\"twitter:site\" content=\"@nethemba\" \/>\n<meta name=\"twitter:label1\" content=\"Gesch\u00e4tzte Lesezeit\" \/>\n\t<meta name=\"twitter:data1\" content=\"5\u00a0Minuten\" \/>\n<script type=\"application\/ld+json\" class=\"yoast-schema-graph\">{\"@context\":\"https:\\\/\\\/schema.org\",\"@graph\":[{\"@type\":\"WebPage\",\"@id\":\"https:\\\/\\\/nethemba.com\\\/de\\\/dienste\\\/it-security-loesungen\\\/cloud-computing-loesungen\\\/\",\"url\":\"https:\\\/\\\/nethemba.com\\\/de\\\/dienste\\\/it-security-loesungen\\\/cloud-computing-loesungen\\\/\",\"name\":\"Cloud Computing L\u00f6sungen - Nethemba\",\"isPartOf\":{\"@id\":\"https:\\\/\\\/nethemba.com\\\/de\\\/#website\"},\"datePublished\":\"2015-11-08T20:55:07+00:00\",\"dateModified\":\"2015-11-09T15:20:49+00:00\",\"breadcrumb\":{\"@id\":\"https:\\\/\\\/nethemba.com\\\/de\\\/dienste\\\/it-security-loesungen\\\/cloud-computing-loesungen\\\/#breadcrumb\"},\"inLanguage\":\"de\",\"potentialAction\":[{\"@type\":\"ReadAction\",\"target\":[\"https:\\\/\\\/nethemba.com\\\/de\\\/dienste\\\/it-security-loesungen\\\/cloud-computing-loesungen\\\/\"]}]},{\"@type\":\"BreadcrumbList\",\"@id\":\"https:\\\/\\\/nethemba.com\\\/de\\\/dienste\\\/it-security-loesungen\\\/cloud-computing-loesungen\\\/#breadcrumb\",\"itemListElement\":[{\"@type\":\"ListItem\",\"position\":1,\"name\":\"Home\",\"item\":\"https:\\\/\\\/nethemba.com\\\/de\\\/home-new-2025\\\/\"},{\"@type\":\"ListItem\",\"position\":2,\"name\":\"Dienste\",\"item\":\"https:\\\/\\\/nethemba.com\\\/de\\\/dienste\\\/\"},{\"@type\":\"ListItem\",\"position\":3,\"name\":\"IT Security-L\u00f6sungen\",\"item\":\"https:\\\/\\\/nethemba.com\\\/de\\\/dienste\\\/it-security-loesungen\\\/\"},{\"@type\":\"ListItem\",\"position\":4,\"name\":\"Cloud Computing L\u00f6sungen\"}]},{\"@type\":\"WebSite\",\"@id\":\"https:\\\/\\\/nethemba.com\\\/de\\\/#website\",\"url\":\"https:\\\/\\\/nethemba.com\\\/de\\\/\",\"name\":\"Nethemba\",\"description\":\"We care about your security\",\"potentialAction\":[{\"@type\":\"SearchAction\",\"target\":{\"@type\":\"EntryPoint\",\"urlTemplate\":\"https:\\\/\\\/nethemba.com\\\/de\\\/?s={search_term_string}\"},\"query-input\":{\"@type\":\"PropertyValueSpecification\",\"valueRequired\":true,\"valueName\":\"search_term_string\"}}],\"inLanguage\":\"de\"}]}<\/script>\n<!-- \/ Yoast SEO plugin. -->","yoast_head_json":{"title":"Cloud Computing L\u00f6sungen - Nethemba","robots":{"index":"index","follow":"follow","max-snippet":"max-snippet:-1","max-image-preview":"max-image-preview:large","max-video-preview":"max-video-preview:-1"},"canonical":"https:\/\/nethemba.com\/de\/dienste\/it-security-loesungen\/cloud-computing-loesungen\/","og_locale":"de_DE","og_type":"article","og_title":"Cloud Computing L\u00f6sungen - Nethemba","og_description":"Web Dienste bieten neue M\u00f6glichkeiten beim Entwurf oder der Implementation von IT Projekten an, die vorher nur f\u00fcr gro\u00dfe Gesellschaften zug\u00e4nglich oder kostenaufwendig waren, wie zum Beispiel: M\u00f6glichkeit des kompletten Outsourcings der Wartung des Netzwerks, der Server und den Betriebssystemen sowie BackUp an 3rd Party M\u00f6glichkeit dynamisch und flexibel auf erh\u00f6hte Belastungen zu antworten durch [&hellip;]","og_url":"https:\/\/nethemba.com\/de\/dienste\/it-security-loesungen\/cloud-computing-loesungen\/","og_site_name":"Nethemba","article_publisher":"https:\/\/www.facebook.com\/nethemba","article_modified_time":"2015-11-09T15:20:49+00:00","twitter_card":"summary_large_image","twitter_site":"@nethemba","twitter_misc":{"Gesch\u00e4tzte Lesezeit":"5\u00a0Minuten"},"schema":{"@context":"https:\/\/schema.org","@graph":[{"@type":"WebPage","@id":"https:\/\/nethemba.com\/de\/dienste\/it-security-loesungen\/cloud-computing-loesungen\/","url":"https:\/\/nethemba.com\/de\/dienste\/it-security-loesungen\/cloud-computing-loesungen\/","name":"Cloud Computing L\u00f6sungen - Nethemba","isPartOf":{"@id":"https:\/\/nethemba.com\/de\/#website"},"datePublished":"2015-11-08T20:55:07+00:00","dateModified":"2015-11-09T15:20:49+00:00","breadcrumb":{"@id":"https:\/\/nethemba.com\/de\/dienste\/it-security-loesungen\/cloud-computing-loesungen\/#breadcrumb"},"inLanguage":"de","potentialAction":[{"@type":"ReadAction","target":["https:\/\/nethemba.com\/de\/dienste\/it-security-loesungen\/cloud-computing-loesungen\/"]}]},{"@type":"BreadcrumbList","@id":"https:\/\/nethemba.com\/de\/dienste\/it-security-loesungen\/cloud-computing-loesungen\/#breadcrumb","itemListElement":[{"@type":"ListItem","position":1,"name":"Home","item":"https:\/\/nethemba.com\/de\/home-new-2025\/"},{"@type":"ListItem","position":2,"name":"Dienste","item":"https:\/\/nethemba.com\/de\/dienste\/"},{"@type":"ListItem","position":3,"name":"IT Security-L\u00f6sungen","item":"https:\/\/nethemba.com\/de\/dienste\/it-security-loesungen\/"},{"@type":"ListItem","position":4,"name":"Cloud Computing L\u00f6sungen"}]},{"@type":"WebSite","@id":"https:\/\/nethemba.com\/de\/#website","url":"https:\/\/nethemba.com\/de\/","name":"Nethemba","description":"We care about your security","potentialAction":[{"@type":"SearchAction","target":{"@type":"EntryPoint","urlTemplate":"https:\/\/nethemba.com\/de\/?s={search_term_string}"},"query-input":{"@type":"PropertyValueSpecification","valueRequired":true,"valueName":"search_term_string"}}],"inLanguage":"de"}]}},"_links":{"self":[{"href":"https:\/\/nethemba.com\/de\/wp-json\/wp\/v2\/pages\/440","targetHints":{"allow":["GET"]}}],"collection":[{"href":"https:\/\/nethemba.com\/de\/wp-json\/wp\/v2\/pages"}],"about":[{"href":"https:\/\/nethemba.com\/de\/wp-json\/wp\/v2\/types\/page"}],"author":[{"embeddable":true,"href":"https:\/\/nethemba.com\/de\/wp-json\/wp\/v2\/users\/2"}],"replies":[{"embeddable":true,"href":"https:\/\/nethemba.com\/de\/wp-json\/wp\/v2\/comments?post=440"}],"version-history":[{"count":0,"href":"https:\/\/nethemba.com\/de\/wp-json\/wp\/v2\/pages\/440\/revisions"}],"up":[{"embeddable":true,"href":"https:\/\/nethemba.com\/de\/wp-json\/wp\/v2\/pages\/428"}],"wp:attachment":[{"href":"https:\/\/nethemba.com\/de\/wp-json\/wp\/v2\/media?parent=440"}],"curies":[{"name":"wp","href":"https:\/\/api.w.org\/{rel}","templated":true}]}}