{"id":447,"date":"2015-11-08T20:56:39","date_gmt":"2015-11-08T20:56:39","guid":{"rendered":"http:\/\/nethemba.com\/de\/?page_id=447"},"modified":"2015-11-09T15:22:24","modified_gmt":"2015-11-09T15:22:24","slug":"linuxunix-cluster","status":"publish","type":"page","link":"https:\/\/nethemba.com\/de\/dienste\/it-security-loesungen\/linuxunix-cluster\/","title":{"rendered":"Linux\/UNIX Cluster"},"content":{"rendered":"<p><strong>Antispam und Antivirus Mailcluster<\/strong><\/p>\n<p>Wir bieten robuste Cluster L\u00f6sungen von zwei zueinander redundanten Servern:<\/p>\n<ul>\n<li>Letzte stabile Linux Distribution<\/li>\n<li>Zentraler LDAP Speicherlager<\/li>\n<li>Leistungsf\u00e4higer Antivirus Software<\/li>\n<li>Leistungsf\u00e4hider Antispam<\/li>\n<li>Redundanz (Cluster wiederstandsf\u00e4hig gegen Ausfall)<\/li>\n<li>Sichere IMAPS\/POP3S<\/li>\n<li>Benutzerfreundliche Web Schnittstelle<\/li>\n<li>Hardware oder Software\u00a0 gemeinsamer Datenbereich<\/li>\n<\/ul>\n<p><strong>Web Cluster<\/strong><\/p>\n<p>Wir bieten eine komplette redundante Web Cluster L\u00f6sung, die die maximale Erreichbarkeit und Lastenverteilung auf 4 bis 16 Server in Abh\u00e4ngigkeit von Kundenanforderungen aufteilt:<\/p>\n<ul>\n<li>Letzte stabile Linux Distribution<\/li>\n<li>Web Lastenverteilung<\/li>\n<li>Datenbank Lastenverteilung<\/li>\n<li>Redundante Server mit Lastenverteilung<\/li>\n<li>MySQL\/PostgreSQL Cluster<\/li>\n<li>Hardware oder Software gemeinsamer Datenbereich<\/li>\n<\/ul>\n","protected":false},"excerpt":{"rendered":"<p>Antispam und Antivirus Mailcluster Wir bieten robuste Cluster L\u00f6sungen von zwei zueinander redundanten Servern: Letzte stabile Linux Distribution Zentraler LDAP Speicherlager Leistungsf\u00e4higer Antivirus Software Leistungsf\u00e4hider Antispam Redundanz (Cluster wiederstandsf\u00e4hig gegen Ausfall) Sichere IMAPS\/POP3S Benutzerfreundliche Web Schnittstelle Hardware oder Software\u00a0 gemeinsamer Datenbereich Web Cluster Wir bieten eine komplette redundante Web Cluster L\u00f6sung, die die maximale Erreichbarkeit [&hellip;]<\/p>\n","protected":false},"author":2,"featured_media":0,"parent":428,"menu_order":3,"comment_status":"closed","ping_status":"closed","template":"services_detail.php","meta":{"inline_featured_image":false,"_monsterinsights_skip_tracking":false,"_monsterinsights_sitenote_active":false,"_monsterinsights_sitenote_note":"","_monsterinsights_sitenote_category":0,"footnotes":""},"class_list":["post-447","page","type-page","status-publish","hentry"],"yoast_head":"<!-- This site is optimized with the Yoast SEO plugin v27.2 - https:\/\/yoast.com\/product\/yoast-seo-wordpress\/ -->\n<title>Linux\/UNIX Cluster - Nethemba<\/title>\n<meta name=\"robots\" content=\"index, follow, max-snippet:-1, max-image-preview:large, max-video-preview:-1\" \/>\n<link rel=\"canonical\" href=\"https:\/\/nethemba.com\/de\/dienste\/it-security-loesungen\/linuxunix-cluster\/\" \/>\n<meta property=\"og:locale\" content=\"de_DE\" \/>\n<meta property=\"og:type\" content=\"article\" \/>\n<meta property=\"og:title\" content=\"Linux\/UNIX Cluster - Nethemba\" \/>\n<meta property=\"og:description\" content=\"Antispam und Antivirus Mailcluster Wir bieten robuste Cluster L\u00f6sungen von zwei zueinander redundanten Servern: Letzte stabile Linux Distribution Zentraler LDAP Speicherlager Leistungsf\u00e4higer Antivirus Software Leistungsf\u00e4hider Antispam Redundanz (Cluster wiederstandsf\u00e4hig gegen Ausfall) Sichere IMAPS\/POP3S Benutzerfreundliche Web Schnittstelle Hardware oder Software\u00a0 gemeinsamer Datenbereich Web Cluster Wir bieten eine komplette redundante Web Cluster L\u00f6sung, die die maximale Erreichbarkeit [&hellip;]\" \/>\n<meta property=\"og:url\" content=\"https:\/\/nethemba.com\/de\/dienste\/it-security-loesungen\/linuxunix-cluster\/\" \/>\n<meta property=\"og:site_name\" content=\"Nethemba\" \/>\n<meta property=\"article:publisher\" content=\"https:\/\/www.facebook.com\/nethemba\" \/>\n<meta property=\"article:modified_time\" content=\"2015-11-09T15:22:24+00:00\" \/>\n<meta name=\"twitter:card\" content=\"summary_large_image\" \/>\n<meta name=\"twitter:site\" content=\"@nethemba\" \/>\n<script type=\"application\/ld+json\" class=\"yoast-schema-graph\">{\"@context\":\"https:\/\/schema.org\",\"@graph\":[{\"@type\":\"WebPage\",\"@id\":\"https:\/\/nethemba.com\/de\/dienste\/it-security-loesungen\/linuxunix-cluster\/\",\"url\":\"https:\/\/nethemba.com\/de\/dienste\/it-security-loesungen\/linuxunix-cluster\/\",\"name\":\"Linux\/UNIX Cluster - Nethemba\",\"isPartOf\":{\"@id\":\"https:\/\/nethemba.com\/de\/#website\"},\"datePublished\":\"2015-11-08T20:56:39+00:00\",\"dateModified\":\"2015-11-09T15:22:24+00:00\",\"breadcrumb\":{\"@id\":\"https:\/\/nethemba.com\/de\/dienste\/it-security-loesungen\/linuxunix-cluster\/#breadcrumb\"},\"inLanguage\":\"de\",\"potentialAction\":[{\"@type\":\"ReadAction\",\"target\":[\"https:\/\/nethemba.com\/de\/dienste\/it-security-loesungen\/linuxunix-cluster\/\"]}]},{\"@type\":\"BreadcrumbList\",\"@id\":\"https:\/\/nethemba.com\/de\/dienste\/it-security-loesungen\/linuxunix-cluster\/#breadcrumb\",\"itemListElement\":[{\"@type\":\"ListItem\",\"position\":1,\"name\":\"Home\",\"item\":\"https:\/\/nethemba.com\/de\/home-new-2025\/\"},{\"@type\":\"ListItem\",\"position\":2,\"name\":\"Dienste\",\"item\":\"https:\/\/nethemba.com\/de\/dienste\/\"},{\"@type\":\"ListItem\",\"position\":3,\"name\":\"IT Security-L\u00f6sungen\",\"item\":\"https:\/\/nethemba.com\/de\/dienste\/it-security-loesungen\/\"},{\"@type\":\"ListItem\",\"position\":4,\"name\":\"Linux\/UNIX Cluster\"}]},{\"@type\":\"WebSite\",\"@id\":\"https:\/\/nethemba.com\/de\/#website\",\"url\":\"https:\/\/nethemba.com\/de\/\",\"name\":\"Nethemba\",\"description\":\"We care about your security\",\"potentialAction\":[{\"@type\":\"SearchAction\",\"target\":{\"@type\":\"EntryPoint\",\"urlTemplate\":\"https:\/\/nethemba.com\/de\/?s={search_term_string}\"},\"query-input\":{\"@type\":\"PropertyValueSpecification\",\"valueRequired\":true,\"valueName\":\"search_term_string\"}}],\"inLanguage\":\"de\"}]}<\/script>\n<!-- \/ Yoast SEO plugin. -->","yoast_head_json":{"title":"Linux\/UNIX Cluster - Nethemba","robots":{"index":"index","follow":"follow","max-snippet":"max-snippet:-1","max-image-preview":"max-image-preview:large","max-video-preview":"max-video-preview:-1"},"canonical":"https:\/\/nethemba.com\/de\/dienste\/it-security-loesungen\/linuxunix-cluster\/","og_locale":"de_DE","og_type":"article","og_title":"Linux\/UNIX Cluster - Nethemba","og_description":"Antispam und Antivirus Mailcluster Wir bieten robuste Cluster L\u00f6sungen von zwei zueinander redundanten Servern: Letzte stabile Linux Distribution Zentraler LDAP Speicherlager Leistungsf\u00e4higer Antivirus Software Leistungsf\u00e4hider Antispam Redundanz (Cluster wiederstandsf\u00e4hig gegen Ausfall) Sichere IMAPS\/POP3S Benutzerfreundliche Web Schnittstelle Hardware oder Software\u00a0 gemeinsamer Datenbereich Web Cluster Wir bieten eine komplette redundante Web Cluster L\u00f6sung, die die maximale Erreichbarkeit [&hellip;]","og_url":"https:\/\/nethemba.com\/de\/dienste\/it-security-loesungen\/linuxunix-cluster\/","og_site_name":"Nethemba","article_publisher":"https:\/\/www.facebook.com\/nethemba","article_modified_time":"2015-11-09T15:22:24+00:00","twitter_card":"summary_large_image","twitter_site":"@nethemba","schema":{"@context":"https:\/\/schema.org","@graph":[{"@type":"WebPage","@id":"https:\/\/nethemba.com\/de\/dienste\/it-security-loesungen\/linuxunix-cluster\/","url":"https:\/\/nethemba.com\/de\/dienste\/it-security-loesungen\/linuxunix-cluster\/","name":"Linux\/UNIX Cluster - Nethemba","isPartOf":{"@id":"https:\/\/nethemba.com\/de\/#website"},"datePublished":"2015-11-08T20:56:39+00:00","dateModified":"2015-11-09T15:22:24+00:00","breadcrumb":{"@id":"https:\/\/nethemba.com\/de\/dienste\/it-security-loesungen\/linuxunix-cluster\/#breadcrumb"},"inLanguage":"de","potentialAction":[{"@type":"ReadAction","target":["https:\/\/nethemba.com\/de\/dienste\/it-security-loesungen\/linuxunix-cluster\/"]}]},{"@type":"BreadcrumbList","@id":"https:\/\/nethemba.com\/de\/dienste\/it-security-loesungen\/linuxunix-cluster\/#breadcrumb","itemListElement":[{"@type":"ListItem","position":1,"name":"Home","item":"https:\/\/nethemba.com\/de\/home-new-2025\/"},{"@type":"ListItem","position":2,"name":"Dienste","item":"https:\/\/nethemba.com\/de\/dienste\/"},{"@type":"ListItem","position":3,"name":"IT Security-L\u00f6sungen","item":"https:\/\/nethemba.com\/de\/dienste\/it-security-loesungen\/"},{"@type":"ListItem","position":4,"name":"Linux\/UNIX Cluster"}]},{"@type":"WebSite","@id":"https:\/\/nethemba.com\/de\/#website","url":"https:\/\/nethemba.com\/de\/","name":"Nethemba","description":"We care about your security","potentialAction":[{"@type":"SearchAction","target":{"@type":"EntryPoint","urlTemplate":"https:\/\/nethemba.com\/de\/?s={search_term_string}"},"query-input":{"@type":"PropertyValueSpecification","valueRequired":true,"valueName":"search_term_string"}}],"inLanguage":"de"}]}},"_links":{"self":[{"href":"https:\/\/nethemba.com\/de\/wp-json\/wp\/v2\/pages\/447","targetHints":{"allow":["GET"]}}],"collection":[{"href":"https:\/\/nethemba.com\/de\/wp-json\/wp\/v2\/pages"}],"about":[{"href":"https:\/\/nethemba.com\/de\/wp-json\/wp\/v2\/types\/page"}],"author":[{"embeddable":true,"href":"https:\/\/nethemba.com\/de\/wp-json\/wp\/v2\/users\/2"}],"replies":[{"embeddable":true,"href":"https:\/\/nethemba.com\/de\/wp-json\/wp\/v2\/comments?post=447"}],"version-history":[{"count":0,"href":"https:\/\/nethemba.com\/de\/wp-json\/wp\/v2\/pages\/447\/revisions"}],"up":[{"embeddable":true,"href":"https:\/\/nethemba.com\/de\/wp-json\/wp\/v2\/pages\/428"}],"wp:attachment":[{"href":"https:\/\/nethemba.com\/de\/wp-json\/wp\/v2\/media?parent=447"}],"curies":[{"name":"wp","href":"https:\/\/api.w.org\/{rel}","templated":true}]}}