{"id":526,"date":"2015-11-08T21:13:15","date_gmt":"2015-11-08T21:13:15","guid":{"rendered":"http:\/\/nethemba.com\/de\/?page_id=526"},"modified":"2021-01-10T09:48:43","modified_gmt":"2021-01-10T08:48:43","slug":"forschung","status":"publish","type":"page","link":"https:\/\/nethemba.com\/de\/ueber-uns-old\/forschung\/","title":{"rendered":"Forschung"},"content":{"rendered":"<p lang=\"en-GB\">Im Falle, dass Sie unsere Publikationen und Pr\u00e4sentationen suchen, fahren sie mit \u201e<a href=\"https:\/\/nethemba.com\/de\/dienste\/it-sicherheitsdienstleistungen\/konsultationen-und-schulungen\/\">Konsultationen und Schulungen<\/a>&#8220; fort.<\/p>\n<p lang=\"en-GB\">W\u00e4hrend unserer T\u00e4tigkeit in der IT-Sicherheit analysierten und entdeckten wir eine Menge von ernsten Sicherheitsl\u00fccken in verschiedenen \u00f6ffentlichen Systemen. Viele Sicherheitsl\u00fccken haben wir bei Sicherheitskonferenzen pr\u00e4sentiert:<\/p>\n<ul>\n<li lang=\"en-GB\">\u00d6ffentliche Sicherheitsanalyse von slowakischen biometrischen P\u00e4ssen<\/li>\n<li>Ernste Sicherheitsl\u00fccken in slowakischen und tschechischen Mifare Chipkarten<\/li>\n<li>Ernste Sicherheitsl\u00fccken in SMS Fahrkarten<\/li>\n<\/ul>\n","protected":false},"excerpt":{"rendered":"<p>Im Falle, dass Sie unsere Publikationen und Pr\u00e4sentationen suchen, fahren sie mit \u201eKonsultationen und Schulungen&#8220; fort. W\u00e4hrend unserer T\u00e4tigkeit in der IT-Sicherheit analysierten und entdeckten wir eine Menge von ernsten Sicherheitsl\u00fccken in verschiedenen \u00f6ffentlichen Systemen. Viele Sicherheitsl\u00fccken haben wir bei Sicherheitskonferenzen pr\u00e4sentiert: \u00d6ffentliche Sicherheitsanalyse von slowakischen biometrischen P\u00e4ssen Ernste Sicherheitsl\u00fccken in slowakischen und tschechischen Mifare [&hellip;]<\/p>\n","protected":false},"author":2,"featured_media":0,"parent":317,"menu_order":0,"comment_status":"closed","ping_status":"closed","template":"research.php","meta":{"inline_featured_image":false,"_monsterinsights_skip_tracking":false,"_monsterinsights_sitenote_active":false,"_monsterinsights_sitenote_note":"","_monsterinsights_sitenote_category":0,"footnotes":""},"class_list":["post-526","page","type-page","status-publish","hentry"],"yoast_head":"<!-- This site is optimized with the Yoast SEO plugin v27.4 - https:\/\/yoast.com\/product\/yoast-seo-wordpress\/ -->\n<title>Forschung - Nethemba<\/title>\n<meta name=\"robots\" content=\"index, follow, max-snippet:-1, max-image-preview:large, max-video-preview:-1\" \/>\n<link rel=\"canonical\" href=\"https:\/\/nethemba.com\/de\/ueber-uns-old\/forschung\/\" \/>\n<meta property=\"og:locale\" content=\"de_DE\" \/>\n<meta property=\"og:type\" content=\"article\" \/>\n<meta property=\"og:title\" content=\"Forschung - Nethemba\" \/>\n<meta property=\"og:description\" content=\"Im Falle, dass Sie unsere Publikationen und Pr\u00e4sentationen suchen, fahren sie mit \u201eKonsultationen und Schulungen&#8220; fort. W\u00e4hrend unserer T\u00e4tigkeit in der IT-Sicherheit analysierten und entdeckten wir eine Menge von ernsten Sicherheitsl\u00fccken in verschiedenen \u00f6ffentlichen Systemen. Viele Sicherheitsl\u00fccken haben wir bei Sicherheitskonferenzen pr\u00e4sentiert: \u00d6ffentliche Sicherheitsanalyse von slowakischen biometrischen P\u00e4ssen Ernste Sicherheitsl\u00fccken in slowakischen und tschechischen Mifare [&hellip;]\" \/>\n<meta property=\"og:url\" content=\"https:\/\/nethemba.com\/de\/ueber-uns-old\/forschung\/\" \/>\n<meta property=\"og:site_name\" content=\"Nethemba\" \/>\n<meta property=\"article:publisher\" content=\"https:\/\/www.facebook.com\/nethemba\" \/>\n<meta property=\"article:modified_time\" content=\"2021-01-10T08:48:43+00:00\" \/>\n<meta name=\"twitter:card\" content=\"summary_large_image\" \/>\n<meta name=\"twitter:site\" content=\"@nethemba\" \/>\n<script type=\"application\/ld+json\" class=\"yoast-schema-graph\">{\"@context\":\"https:\\\/\\\/schema.org\",\"@graph\":[{\"@type\":\"WebPage\",\"@id\":\"https:\\\/\\\/nethemba.com\\\/de\\\/ueber-uns-old\\\/forschung\\\/\",\"url\":\"https:\\\/\\\/nethemba.com\\\/de\\\/ueber-uns-old\\\/forschung\\\/\",\"name\":\"Forschung - Nethemba\",\"isPartOf\":{\"@id\":\"https:\\\/\\\/nethemba.com\\\/de\\\/#website\"},\"datePublished\":\"2015-11-08T21:13:15+00:00\",\"dateModified\":\"2021-01-10T08:48:43+00:00\",\"breadcrumb\":{\"@id\":\"https:\\\/\\\/nethemba.com\\\/de\\\/ueber-uns-old\\\/forschung\\\/#breadcrumb\"},\"inLanguage\":\"de\",\"potentialAction\":[{\"@type\":\"ReadAction\",\"target\":[\"https:\\\/\\\/nethemba.com\\\/de\\\/ueber-uns-old\\\/forschung\\\/\"]}]},{\"@type\":\"BreadcrumbList\",\"@id\":\"https:\\\/\\\/nethemba.com\\\/de\\\/ueber-uns-old\\\/forschung\\\/#breadcrumb\",\"itemListElement\":[{\"@type\":\"ListItem\",\"position\":1,\"name\":\"Home\",\"item\":\"https:\\\/\\\/nethemba.com\\\/de\\\/home-new-2025\\\/\"},{\"@type\":\"ListItem\",\"position\":2,\"name\":\"\u00dcber uns\",\"item\":\"https:\\\/\\\/nethemba.com\\\/de\\\/?page_id=317\"},{\"@type\":\"ListItem\",\"position\":3,\"name\":\"Forschung\"}]},{\"@type\":\"WebSite\",\"@id\":\"https:\\\/\\\/nethemba.com\\\/de\\\/#website\",\"url\":\"https:\\\/\\\/nethemba.com\\\/de\\\/\",\"name\":\"Nethemba\",\"description\":\"We care about your security\",\"potentialAction\":[{\"@type\":\"SearchAction\",\"target\":{\"@type\":\"EntryPoint\",\"urlTemplate\":\"https:\\\/\\\/nethemba.com\\\/de\\\/?s={search_term_string}\"},\"query-input\":{\"@type\":\"PropertyValueSpecification\",\"valueRequired\":true,\"valueName\":\"search_term_string\"}}],\"inLanguage\":\"de\"}]}<\/script>\n<!-- \/ Yoast SEO plugin. -->","yoast_head_json":{"title":"Forschung - Nethemba","robots":{"index":"index","follow":"follow","max-snippet":"max-snippet:-1","max-image-preview":"max-image-preview:large","max-video-preview":"max-video-preview:-1"},"canonical":"https:\/\/nethemba.com\/de\/ueber-uns-old\/forschung\/","og_locale":"de_DE","og_type":"article","og_title":"Forschung - Nethemba","og_description":"Im Falle, dass Sie unsere Publikationen und Pr\u00e4sentationen suchen, fahren sie mit \u201eKonsultationen und Schulungen&#8220; fort. W\u00e4hrend unserer T\u00e4tigkeit in der IT-Sicherheit analysierten und entdeckten wir eine Menge von ernsten Sicherheitsl\u00fccken in verschiedenen \u00f6ffentlichen Systemen. Viele Sicherheitsl\u00fccken haben wir bei Sicherheitskonferenzen pr\u00e4sentiert: \u00d6ffentliche Sicherheitsanalyse von slowakischen biometrischen P\u00e4ssen Ernste Sicherheitsl\u00fccken in slowakischen und tschechischen Mifare [&hellip;]","og_url":"https:\/\/nethemba.com\/de\/ueber-uns-old\/forschung\/","og_site_name":"Nethemba","article_publisher":"https:\/\/www.facebook.com\/nethemba","article_modified_time":"2021-01-10T08:48:43+00:00","twitter_card":"summary_large_image","twitter_site":"@nethemba","schema":{"@context":"https:\/\/schema.org","@graph":[{"@type":"WebPage","@id":"https:\/\/nethemba.com\/de\/ueber-uns-old\/forschung\/","url":"https:\/\/nethemba.com\/de\/ueber-uns-old\/forschung\/","name":"Forschung - Nethemba","isPartOf":{"@id":"https:\/\/nethemba.com\/de\/#website"},"datePublished":"2015-11-08T21:13:15+00:00","dateModified":"2021-01-10T08:48:43+00:00","breadcrumb":{"@id":"https:\/\/nethemba.com\/de\/ueber-uns-old\/forschung\/#breadcrumb"},"inLanguage":"de","potentialAction":[{"@type":"ReadAction","target":["https:\/\/nethemba.com\/de\/ueber-uns-old\/forschung\/"]}]},{"@type":"BreadcrumbList","@id":"https:\/\/nethemba.com\/de\/ueber-uns-old\/forschung\/#breadcrumb","itemListElement":[{"@type":"ListItem","position":1,"name":"Home","item":"https:\/\/nethemba.com\/de\/home-new-2025\/"},{"@type":"ListItem","position":2,"name":"\u00dcber uns","item":"https:\/\/nethemba.com\/de\/?page_id=317"},{"@type":"ListItem","position":3,"name":"Forschung"}]},{"@type":"WebSite","@id":"https:\/\/nethemba.com\/de\/#website","url":"https:\/\/nethemba.com\/de\/","name":"Nethemba","description":"We care about your security","potentialAction":[{"@type":"SearchAction","target":{"@type":"EntryPoint","urlTemplate":"https:\/\/nethemba.com\/de\/?s={search_term_string}"},"query-input":{"@type":"PropertyValueSpecification","valueRequired":true,"valueName":"search_term_string"}}],"inLanguage":"de"}]}},"_links":{"self":[{"href":"https:\/\/nethemba.com\/de\/wp-json\/wp\/v2\/pages\/526","targetHints":{"allow":["GET"]}}],"collection":[{"href":"https:\/\/nethemba.com\/de\/wp-json\/wp\/v2\/pages"}],"about":[{"href":"https:\/\/nethemba.com\/de\/wp-json\/wp\/v2\/types\/page"}],"author":[{"embeddable":true,"href":"https:\/\/nethemba.com\/de\/wp-json\/wp\/v2\/users\/2"}],"replies":[{"embeddable":true,"href":"https:\/\/nethemba.com\/de\/wp-json\/wp\/v2\/comments?post=526"}],"version-history":[{"count":0,"href":"https:\/\/nethemba.com\/de\/wp-json\/wp\/v2\/pages\/526\/revisions"}],"up":[{"embeddable":true,"href":"https:\/\/nethemba.com\/de\/wp-json\/wp\/v2\/pages\/317"}],"wp:attachment":[{"href":"https:\/\/nethemba.com\/de\/wp-json\/wp\/v2\/media?parent=526"}],"curies":[{"name":"wp","href":"https:\/\/api.w.org\/{rel}","templated":true}]}}