{"id":544,"date":"2015-11-08T21:23:06","date_gmt":"2015-11-08T21:23:06","guid":{"rendered":"http:\/\/nethemba.com\/de\/?page_id=544"},"modified":"2020-01-30T04:43:59","modified_gmt":"2020-01-30T03:43:59","slug":"ian-budd","status":"publish","type":"page","link":"https:\/\/nethemba.com\/de\/ueber-uns-old\/unser-team\/ian-budd\/","title":{"rendered":"Ian Budd"},"content":{"rendered":"<p>Ian besch\u00e4ftigt sich bereits\u00a0\u00fcber 12 Jahre mit Expoitation, Verschl\u00fcsselung, Steganographie und hat auf diesen Gebieten viele Erfahrungen. Er gr\u00fcndete eine eigene Webseite namens\u00a0<a href=\"http:\/\/sabrefilms.co.uk\/revolutionelite\/\">RevolutionElite<\/a>, die dem Entwurf der Exploits in gesteuerten Umgebungen gewidmet ist. Er verf\u00fcgt \u00fcber die renommierten Sicherheitszertifikate OSCP <a href=\"https:\/\/www.offensive-security.com\/information-security-certifications\/oscp-offensive-security-certified-professional\/\">(Offensive Security Certified Professional), <\/a>OSCE (<a href=\"https:\/\/www.offensive-security.com\/information-security-certifications\/osce-offensive-security-certified-expert\/\">Offensive Security Certified Expert<\/a>) und <a href=\"https:\/\/www.offensive-security.com\/wifu-oswp\/\">OSWP (Offensive Security Wireless Professional)<\/a>.<\/p>\n<p>Auf dem kommerziellen Gebiet hat Ian Software f\u00fcr Hotels, Musikfestivals und Verschl\u00fcsselung entworfen.<\/p>\n<p>Zurzeit beendet er sein Studium an der Open University und arbeitet t\u00e4glich mit Java, PHP und Sicherheit.<\/p>\n\n","protected":false},"excerpt":{"rendered":"<p>Ian besch\u00e4ftigt sich bereits\u00a0\u00fcber 12 Jahre mit Expoitation, Verschl\u00fcsselung, Steganographie und hat auf diesen Gebieten viele Erfahrungen. Er gr\u00fcndete eine eigene Webseite namens\u00a0RevolutionElite, die dem Entwurf der Exploits in gesteuerten Umgebungen gewidmet ist. Er verf\u00fcgt \u00fcber die renommierten Sicherheitszertifikate OSCP (Offensive Security Certified Professional), OSCE (Offensive Security Certified Expert) und OSWP (Offensive Security Wireless Professional). [&hellip;]<\/p>\n","protected":false},"author":2,"featured_media":0,"parent":550,"menu_order":6,"comment_status":"closed","ping_status":"closed","template":"","meta":{"inline_featured_image":false,"_monsterinsights_skip_tracking":false,"_monsterinsights_sitenote_active":false,"_monsterinsights_sitenote_note":"","_monsterinsights_sitenote_category":0,"footnotes":""},"class_list":["post-544","page","type-page","status-publish","hentry"],"yoast_head":"<!-- This site is optimized with the Yoast SEO plugin v27.3 - https:\/\/yoast.com\/product\/yoast-seo-wordpress\/ -->\n<title>Ian Budd - Nethemba<\/title>\n<meta name=\"robots\" content=\"index, follow, max-snippet:-1, max-image-preview:large, max-video-preview:-1\" \/>\n<link rel=\"canonical\" href=\"https:\/\/nethemba.com\/de\/ueber-uns-old\/unser-team\/ian-budd\/\" \/>\n<meta property=\"og:locale\" content=\"de_DE\" \/>\n<meta property=\"og:type\" content=\"article\" \/>\n<meta property=\"og:title\" content=\"Ian Budd - Nethemba\" \/>\n<meta property=\"og:description\" content=\"Ian besch\u00e4ftigt sich bereits\u00a0\u00fcber 12 Jahre mit Expoitation, Verschl\u00fcsselung, Steganographie und hat auf diesen Gebieten viele Erfahrungen. Er gr\u00fcndete eine eigene Webseite namens\u00a0RevolutionElite, die dem Entwurf der Exploits in gesteuerten Umgebungen gewidmet ist. Er verf\u00fcgt \u00fcber die renommierten Sicherheitszertifikate OSCP (Offensive Security Certified Professional), OSCE (Offensive Security Certified Expert) und OSWP (Offensive Security Wireless Professional). [&hellip;]\" \/>\n<meta property=\"og:url\" content=\"https:\/\/nethemba.com\/de\/ueber-uns-old\/unser-team\/ian-budd\/\" \/>\n<meta property=\"og:site_name\" content=\"Nethemba\" \/>\n<meta property=\"article:publisher\" content=\"https:\/\/www.facebook.com\/nethemba\" \/>\n<meta property=\"article:modified_time\" content=\"2020-01-30T03:43:59+00:00\" \/>\n<meta name=\"twitter:card\" content=\"summary_large_image\" \/>\n<meta name=\"twitter:site\" content=\"@nethemba\" \/>\n<script type=\"application\/ld+json\" class=\"yoast-schema-graph\">{\"@context\":\"https:\\\/\\\/schema.org\",\"@graph\":[{\"@type\":\"WebPage\",\"@id\":\"https:\\\/\\\/nethemba.com\\\/de\\\/ueber-uns-old\\\/unser-team\\\/ian-budd\\\/\",\"url\":\"https:\\\/\\\/nethemba.com\\\/de\\\/ueber-uns-old\\\/unser-team\\\/ian-budd\\\/\",\"name\":\"Ian Budd - Nethemba\",\"isPartOf\":{\"@id\":\"https:\\\/\\\/nethemba.com\\\/de\\\/#website\"},\"datePublished\":\"2015-11-08T21:23:06+00:00\",\"dateModified\":\"2020-01-30T03:43:59+00:00\",\"breadcrumb\":{\"@id\":\"https:\\\/\\\/nethemba.com\\\/de\\\/ueber-uns-old\\\/unser-team\\\/ian-budd\\\/#breadcrumb\"},\"inLanguage\":\"de\",\"potentialAction\":[{\"@type\":\"ReadAction\",\"target\":[\"https:\\\/\\\/nethemba.com\\\/de\\\/ueber-uns-old\\\/unser-team\\\/ian-budd\\\/\"]}]},{\"@type\":\"BreadcrumbList\",\"@id\":\"https:\\\/\\\/nethemba.com\\\/de\\\/ueber-uns-old\\\/unser-team\\\/ian-budd\\\/#breadcrumb\",\"itemListElement\":[{\"@type\":\"ListItem\",\"position\":1,\"name\":\"Home\",\"item\":\"https:\\\/\\\/nethemba.com\\\/de\\\/home-new-2025\\\/\"},{\"@type\":\"ListItem\",\"position\":2,\"name\":\"\u00dcber uns\",\"item\":\"https:\\\/\\\/nethemba.com\\\/de\\\/?page_id=317\"},{\"@type\":\"ListItem\",\"position\":3,\"name\":\"Unser Team\",\"item\":\"https:\\\/\\\/nethemba.com\\\/de\\\/ueber-uns-old\\\/unser-team\\\/\"},{\"@type\":\"ListItem\",\"position\":4,\"name\":\"Ian Budd\"}]},{\"@type\":\"WebSite\",\"@id\":\"https:\\\/\\\/nethemba.com\\\/de\\\/#website\",\"url\":\"https:\\\/\\\/nethemba.com\\\/de\\\/\",\"name\":\"Nethemba\",\"description\":\"We care about your security\",\"potentialAction\":[{\"@type\":\"SearchAction\",\"target\":{\"@type\":\"EntryPoint\",\"urlTemplate\":\"https:\\\/\\\/nethemba.com\\\/de\\\/?s={search_term_string}\"},\"query-input\":{\"@type\":\"PropertyValueSpecification\",\"valueRequired\":true,\"valueName\":\"search_term_string\"}}],\"inLanguage\":\"de\"}]}<\/script>\n<!-- \/ Yoast SEO plugin. -->","yoast_head_json":{"title":"Ian Budd - Nethemba","robots":{"index":"index","follow":"follow","max-snippet":"max-snippet:-1","max-image-preview":"max-image-preview:large","max-video-preview":"max-video-preview:-1"},"canonical":"https:\/\/nethemba.com\/de\/ueber-uns-old\/unser-team\/ian-budd\/","og_locale":"de_DE","og_type":"article","og_title":"Ian Budd - Nethemba","og_description":"Ian besch\u00e4ftigt sich bereits\u00a0\u00fcber 12 Jahre mit Expoitation, Verschl\u00fcsselung, Steganographie und hat auf diesen Gebieten viele Erfahrungen. Er gr\u00fcndete eine eigene Webseite namens\u00a0RevolutionElite, die dem Entwurf der Exploits in gesteuerten Umgebungen gewidmet ist. Er verf\u00fcgt \u00fcber die renommierten Sicherheitszertifikate OSCP (Offensive Security Certified Professional), OSCE (Offensive Security Certified Expert) und OSWP (Offensive Security Wireless Professional). [&hellip;]","og_url":"https:\/\/nethemba.com\/de\/ueber-uns-old\/unser-team\/ian-budd\/","og_site_name":"Nethemba","article_publisher":"https:\/\/www.facebook.com\/nethemba","article_modified_time":"2020-01-30T03:43:59+00:00","twitter_card":"summary_large_image","twitter_site":"@nethemba","schema":{"@context":"https:\/\/schema.org","@graph":[{"@type":"WebPage","@id":"https:\/\/nethemba.com\/de\/ueber-uns-old\/unser-team\/ian-budd\/","url":"https:\/\/nethemba.com\/de\/ueber-uns-old\/unser-team\/ian-budd\/","name":"Ian Budd - Nethemba","isPartOf":{"@id":"https:\/\/nethemba.com\/de\/#website"},"datePublished":"2015-11-08T21:23:06+00:00","dateModified":"2020-01-30T03:43:59+00:00","breadcrumb":{"@id":"https:\/\/nethemba.com\/de\/ueber-uns-old\/unser-team\/ian-budd\/#breadcrumb"},"inLanguage":"de","potentialAction":[{"@type":"ReadAction","target":["https:\/\/nethemba.com\/de\/ueber-uns-old\/unser-team\/ian-budd\/"]}]},{"@type":"BreadcrumbList","@id":"https:\/\/nethemba.com\/de\/ueber-uns-old\/unser-team\/ian-budd\/#breadcrumb","itemListElement":[{"@type":"ListItem","position":1,"name":"Home","item":"https:\/\/nethemba.com\/de\/home-new-2025\/"},{"@type":"ListItem","position":2,"name":"\u00dcber uns","item":"https:\/\/nethemba.com\/de\/?page_id=317"},{"@type":"ListItem","position":3,"name":"Unser Team","item":"https:\/\/nethemba.com\/de\/ueber-uns-old\/unser-team\/"},{"@type":"ListItem","position":4,"name":"Ian Budd"}]},{"@type":"WebSite","@id":"https:\/\/nethemba.com\/de\/#website","url":"https:\/\/nethemba.com\/de\/","name":"Nethemba","description":"We care about your security","potentialAction":[{"@type":"SearchAction","target":{"@type":"EntryPoint","urlTemplate":"https:\/\/nethemba.com\/de\/?s={search_term_string}"},"query-input":{"@type":"PropertyValueSpecification","valueRequired":true,"valueName":"search_term_string"}}],"inLanguage":"de"}]}},"_links":{"self":[{"href":"https:\/\/nethemba.com\/de\/wp-json\/wp\/v2\/pages\/544","targetHints":{"allow":["GET"]}}],"collection":[{"href":"https:\/\/nethemba.com\/de\/wp-json\/wp\/v2\/pages"}],"about":[{"href":"https:\/\/nethemba.com\/de\/wp-json\/wp\/v2\/types\/page"}],"author":[{"embeddable":true,"href":"https:\/\/nethemba.com\/de\/wp-json\/wp\/v2\/users\/2"}],"replies":[{"embeddable":true,"href":"https:\/\/nethemba.com\/de\/wp-json\/wp\/v2\/comments?post=544"}],"version-history":[{"count":0,"href":"https:\/\/nethemba.com\/de\/wp-json\/wp\/v2\/pages\/544\/revisions"}],"up":[{"embeddable":true,"href":"https:\/\/nethemba.com\/de\/wp-json\/wp\/v2\/pages\/550"}],"wp:attachment":[{"href":"https:\/\/nethemba.com\/de\/wp-json\/wp\/v2\/media?parent=544"}],"curies":[{"name":"wp","href":"https:\/\/api.w.org\/{rel}","templated":true}]}}