{"id":556,"date":"2015-11-08T21:24:55","date_gmt":"2015-11-08T21:24:55","guid":{"rendered":"http:\/\/nethemba.com\/de\/?page_id=556"},"modified":"2018-08-18T16:38:14","modified_gmt":"2018-08-18T16:38:14","slug":"jaroslav-babka","status":"publish","type":"page","link":"https:\/\/nethemba.com\/de\/ueber-uns-old\/unser-team\/jaroslav-babka\/","title":{"rendered":"Jaroslav Babka"},"content":{"rendered":"<p>Jaroslav hat umfangreiche Kenntnisse \u00fcber Low-level- und Hochlevel-Programmiersprachen.<\/p>\n<p>Er ist ein Expert f\u00fcr Reverse Engineering und hat detaillierte Kenntnise \u00fcber die Windows\/Linux Architektur.<\/p>\n<p>Er ist der Topspezialist f\u00fcr den Entwurf und die Implementierung der SAP Systeme.<\/p>\n<p>Er hat Kenntnise \u00fcber das <a href=\"http:\/\/www.owasp.org\/index.php\/OWASP_Testing_Guide_v4_Table_of_Contents\">Testhandbuch OWASP<\/a>, OSSTMM und viele Erfahrungen mit dem manuellen Testen der Web Applikationen.<\/p>\n<p>Er besch\u00e4ftigt sich mit der Forschung \u00fcber die Informationssicherheit und der Emulation der Chipkarten \u00fcber NFC Handy.<\/p>\n","protected":false},"excerpt":{"rendered":"<p>Jaroslav hat umfangreiche Kenntnisse \u00fcber Low-level- und Hochlevel-Programmiersprachen. Er ist ein Expert f\u00fcr Reverse Engineering und hat detaillierte Kenntnise \u00fcber die Windows\/Linux Architektur. Er ist der Topspezialist f\u00fcr den Entwurf und die Implementierung der SAP Systeme. Er hat Kenntnise \u00fcber das Testhandbuch OWASP, OSSTMM und viele Erfahrungen mit dem manuellen Testen der Web Applikationen. Er [&hellip;]<\/p>\n","protected":false},"author":2,"featured_media":0,"parent":550,"menu_order":4,"comment_status":"closed","ping_status":"closed","template":"","meta":{"inline_featured_image":false,"_monsterinsights_skip_tracking":false,"_monsterinsights_sitenote_active":false,"_monsterinsights_sitenote_note":"","_monsterinsights_sitenote_category":0,"footnotes":""},"class_list":["post-556","page","type-page","status-publish","hentry"],"yoast_head":"<!-- This site is optimized with the Yoast SEO plugin v27.3 - https:\/\/yoast.com\/product\/yoast-seo-wordpress\/ -->\n<title>Jaroslav Babka - Nethemba<\/title>\n<meta name=\"robots\" content=\"index, follow, max-snippet:-1, max-image-preview:large, max-video-preview:-1\" \/>\n<link rel=\"canonical\" href=\"https:\/\/nethemba.com\/de\/ueber-uns-old\/unser-team\/jaroslav-babka\/\" \/>\n<meta property=\"og:locale\" content=\"de_DE\" \/>\n<meta property=\"og:type\" content=\"article\" \/>\n<meta property=\"og:title\" content=\"Jaroslav Babka - Nethemba\" \/>\n<meta property=\"og:description\" content=\"Jaroslav hat umfangreiche Kenntnisse \u00fcber Low-level- und Hochlevel-Programmiersprachen. Er ist ein Expert f\u00fcr Reverse Engineering und hat detaillierte Kenntnise \u00fcber die Windows\/Linux Architektur. Er ist der Topspezialist f\u00fcr den Entwurf und die Implementierung der SAP Systeme. Er hat Kenntnise \u00fcber das Testhandbuch OWASP, OSSTMM und viele Erfahrungen mit dem manuellen Testen der Web Applikationen. Er [&hellip;]\" \/>\n<meta property=\"og:url\" content=\"https:\/\/nethemba.com\/de\/ueber-uns-old\/unser-team\/jaroslav-babka\/\" \/>\n<meta property=\"og:site_name\" content=\"Nethemba\" \/>\n<meta property=\"article:publisher\" content=\"https:\/\/www.facebook.com\/nethemba\" \/>\n<meta property=\"article:modified_time\" content=\"2018-08-18T16:38:14+00:00\" \/>\n<meta name=\"twitter:card\" content=\"summary_large_image\" \/>\n<meta name=\"twitter:site\" content=\"@nethemba\" \/>\n<script type=\"application\/ld+json\" class=\"yoast-schema-graph\">{\"@context\":\"https:\\\/\\\/schema.org\",\"@graph\":[{\"@type\":\"WebPage\",\"@id\":\"https:\\\/\\\/nethemba.com\\\/de\\\/ueber-uns-old\\\/unser-team\\\/jaroslav-babka\\\/\",\"url\":\"https:\\\/\\\/nethemba.com\\\/de\\\/ueber-uns-old\\\/unser-team\\\/jaroslav-babka\\\/\",\"name\":\"Jaroslav Babka - Nethemba\",\"isPartOf\":{\"@id\":\"https:\\\/\\\/nethemba.com\\\/de\\\/#website\"},\"datePublished\":\"2015-11-08T21:24:55+00:00\",\"dateModified\":\"2018-08-18T16:38:14+00:00\",\"breadcrumb\":{\"@id\":\"https:\\\/\\\/nethemba.com\\\/de\\\/ueber-uns-old\\\/unser-team\\\/jaroslav-babka\\\/#breadcrumb\"},\"inLanguage\":\"de\",\"potentialAction\":[{\"@type\":\"ReadAction\",\"target\":[\"https:\\\/\\\/nethemba.com\\\/de\\\/ueber-uns-old\\\/unser-team\\\/jaroslav-babka\\\/\"]}]},{\"@type\":\"BreadcrumbList\",\"@id\":\"https:\\\/\\\/nethemba.com\\\/de\\\/ueber-uns-old\\\/unser-team\\\/jaroslav-babka\\\/#breadcrumb\",\"itemListElement\":[{\"@type\":\"ListItem\",\"position\":1,\"name\":\"Home\",\"item\":\"https:\\\/\\\/nethemba.com\\\/de\\\/home-new-2025\\\/\"},{\"@type\":\"ListItem\",\"position\":2,\"name\":\"\u00dcber uns\",\"item\":\"https:\\\/\\\/nethemba.com\\\/de\\\/?page_id=317\"},{\"@type\":\"ListItem\",\"position\":3,\"name\":\"Unser Team\",\"item\":\"https:\\\/\\\/nethemba.com\\\/de\\\/ueber-uns-old\\\/unser-team\\\/\"},{\"@type\":\"ListItem\",\"position\":4,\"name\":\"Jaroslav Babka\"}]},{\"@type\":\"WebSite\",\"@id\":\"https:\\\/\\\/nethemba.com\\\/de\\\/#website\",\"url\":\"https:\\\/\\\/nethemba.com\\\/de\\\/\",\"name\":\"Nethemba\",\"description\":\"We care about your security\",\"potentialAction\":[{\"@type\":\"SearchAction\",\"target\":{\"@type\":\"EntryPoint\",\"urlTemplate\":\"https:\\\/\\\/nethemba.com\\\/de\\\/?s={search_term_string}\"},\"query-input\":{\"@type\":\"PropertyValueSpecification\",\"valueRequired\":true,\"valueName\":\"search_term_string\"}}],\"inLanguage\":\"de\"}]}<\/script>\n<!-- \/ Yoast SEO plugin. -->","yoast_head_json":{"title":"Jaroslav Babka - Nethemba","robots":{"index":"index","follow":"follow","max-snippet":"max-snippet:-1","max-image-preview":"max-image-preview:large","max-video-preview":"max-video-preview:-1"},"canonical":"https:\/\/nethemba.com\/de\/ueber-uns-old\/unser-team\/jaroslav-babka\/","og_locale":"de_DE","og_type":"article","og_title":"Jaroslav Babka - Nethemba","og_description":"Jaroslav hat umfangreiche Kenntnisse \u00fcber Low-level- und Hochlevel-Programmiersprachen. Er ist ein Expert f\u00fcr Reverse Engineering und hat detaillierte Kenntnise \u00fcber die Windows\/Linux Architektur. Er ist der Topspezialist f\u00fcr den Entwurf und die Implementierung der SAP Systeme. Er hat Kenntnise \u00fcber das Testhandbuch OWASP, OSSTMM und viele Erfahrungen mit dem manuellen Testen der Web Applikationen. Er [&hellip;]","og_url":"https:\/\/nethemba.com\/de\/ueber-uns-old\/unser-team\/jaroslav-babka\/","og_site_name":"Nethemba","article_publisher":"https:\/\/www.facebook.com\/nethemba","article_modified_time":"2018-08-18T16:38:14+00:00","twitter_card":"summary_large_image","twitter_site":"@nethemba","schema":{"@context":"https:\/\/schema.org","@graph":[{"@type":"WebPage","@id":"https:\/\/nethemba.com\/de\/ueber-uns-old\/unser-team\/jaroslav-babka\/","url":"https:\/\/nethemba.com\/de\/ueber-uns-old\/unser-team\/jaroslav-babka\/","name":"Jaroslav Babka - Nethemba","isPartOf":{"@id":"https:\/\/nethemba.com\/de\/#website"},"datePublished":"2015-11-08T21:24:55+00:00","dateModified":"2018-08-18T16:38:14+00:00","breadcrumb":{"@id":"https:\/\/nethemba.com\/de\/ueber-uns-old\/unser-team\/jaroslav-babka\/#breadcrumb"},"inLanguage":"de","potentialAction":[{"@type":"ReadAction","target":["https:\/\/nethemba.com\/de\/ueber-uns-old\/unser-team\/jaroslav-babka\/"]}]},{"@type":"BreadcrumbList","@id":"https:\/\/nethemba.com\/de\/ueber-uns-old\/unser-team\/jaroslav-babka\/#breadcrumb","itemListElement":[{"@type":"ListItem","position":1,"name":"Home","item":"https:\/\/nethemba.com\/de\/home-new-2025\/"},{"@type":"ListItem","position":2,"name":"\u00dcber uns","item":"https:\/\/nethemba.com\/de\/?page_id=317"},{"@type":"ListItem","position":3,"name":"Unser Team","item":"https:\/\/nethemba.com\/de\/ueber-uns-old\/unser-team\/"},{"@type":"ListItem","position":4,"name":"Jaroslav Babka"}]},{"@type":"WebSite","@id":"https:\/\/nethemba.com\/de\/#website","url":"https:\/\/nethemba.com\/de\/","name":"Nethemba","description":"We care about your security","potentialAction":[{"@type":"SearchAction","target":{"@type":"EntryPoint","urlTemplate":"https:\/\/nethemba.com\/de\/?s={search_term_string}"},"query-input":{"@type":"PropertyValueSpecification","valueRequired":true,"valueName":"search_term_string"}}],"inLanguage":"de"}]}},"_links":{"self":[{"href":"https:\/\/nethemba.com\/de\/wp-json\/wp\/v2\/pages\/556","targetHints":{"allow":["GET"]}}],"collection":[{"href":"https:\/\/nethemba.com\/de\/wp-json\/wp\/v2\/pages"}],"about":[{"href":"https:\/\/nethemba.com\/de\/wp-json\/wp\/v2\/types\/page"}],"author":[{"embeddable":true,"href":"https:\/\/nethemba.com\/de\/wp-json\/wp\/v2\/users\/2"}],"replies":[{"embeddable":true,"href":"https:\/\/nethemba.com\/de\/wp-json\/wp\/v2\/comments?post=556"}],"version-history":[{"count":0,"href":"https:\/\/nethemba.com\/de\/wp-json\/wp\/v2\/pages\/556\/revisions"}],"up":[{"embeddable":true,"href":"https:\/\/nethemba.com\/de\/wp-json\/wp\/v2\/pages\/550"}],"wp:attachment":[{"href":"https:\/\/nethemba.com\/de\/wp-json\/wp\/v2\/media?parent=556"}],"curies":[{"name":"wp","href":"https:\/\/api.w.org\/{rel}","templated":true}]}}