{"id":568,"date":"2015-11-08T21:25:43","date_gmt":"2015-11-08T21:25:43","guid":{"rendered":"http:\/\/nethemba.com\/de\/?page_id=568"},"modified":"2018-08-18T15:43:54","modified_gmt":"2018-08-18T15:43:54","slug":"pavol-luptak","status":"publish","type":"page","link":"https:\/\/nethemba.com\/de\/ueber-uns-old\/unser-team\/pavol-luptak\/","title":{"rendered":"Pavol Lupt\u00e1k"},"content":{"rendered":"<p>Er hat an der Elektrotechnischen Fakult\u00e4t der Slowakischen Technischen Universit\u00e4t in Bratislava und an der Elektrotechnischen Fakult\u00e4t der Tschechischen Technischen Universit\u00e4t in Prag studiert. Das Thema seiner Diplomarbesit waren ultrasichere Systeme. Er erhielt die Sicherheitszertifikate <a href=\"https:\/\/nethemba.com\/resources\/pavol.luptak-cissp.pdf\">CISSP<\/a> und <a href=\"https:\/\/nethemba.com\/resources\/pavol.luptak-CEH.pdf\">CEH <\/a>und er f\u00fchrt die <a href=\"http:\/\/www.owasp.org\/index.php\/Slovakia\">slowakische Filiale OWASP<\/a>. Er ist ein Mitbegr\u00fcnder von <a href=\"http:\/\/www.progressbar.sk\/\">Progressbar<\/a> und <a href=\"http:\/\/www.soit.sk\/\">SOIT<\/a>, wo er die Sektion f\u00fcr IT-Sicherheit f\u00fchrt.<\/p>\n<p>Pavol f\u00fchrt regelm\u00e4\u00dfig Pr\u00e4sentationen auf verschiedenen Weltkonferenzen durch (z.B. in den Niederlanden, Luxemburg, Berlin, Warschau, Krakau, Prag).<\/p>\n<p>In der Vergangenheit hat er die <a href=\"https:\/\/nethemba.com\/resources\/SMS-parking-hack.pdf\">M\u00f6glichkeit des SMS-Fahrkartenmissbrauchs<\/a> in allen europ\u00e4ischen St\u00e4dten demonstriert. Zusammen mit seinem Kollegen Norbet Szetei hat er den massiven <a href=\"https:\/\/nethemba.com\/resources\/mifare-classic-slides.pdf\">Missbrauch der Chip-Karten Mifare Classic<\/a> demonstriert. Er hat eine 14-j\u00e4hrige Erfahrung auf dem Gebiet der Informationssicherheit, der Penetrationstests und der Durchf\u00fchrung verschiedener Audits, einschlie\u00dflich Social Engineering, und der forensischen Analyse.<br \/>\nEr ist <a href=\"http:\/\/www.owasp.org\/index.php\/Testing_Guide_Frontispiece#v3_Authors\">Mitverfasser<\/a> des <a href=\"http:\/\/www.owasp.org\/index.php\/OWASP_Testing_Guide_v3_Table_of_Contents\">Testhandbuchs OWASP Testing Guide v3<\/a>. Er beherrscht sehr detailiert OSSTMM, ISO17799\/27001. Er hat langj\u00e4hrige Erfahrung mit dem manuellen Aufsuchen von Sicherheitsl\u00fccken und mit der Arbeit mit verschiedenen Sicherheitswerkzeugen. Er beherrscht Programmiersprachen (ASM, C, C++, XSLT, Perl, Java, PLSQL, Lisp, Prolog und Skriptsprache), verschiedene Betriebssysteme, VoIP und er widmet sich der Informationssicherheitsforschung.<\/p>\n","protected":false},"excerpt":{"rendered":"<p>Er hat an der Elektrotechnischen Fakult\u00e4t der Slowakischen Technischen Universit\u00e4t in Bratislava und an der Elektrotechnischen Fakult\u00e4t der Tschechischen Technischen Universit\u00e4t in Prag studiert. Das Thema seiner Diplomarbesit waren ultrasichere Systeme. Er erhielt die Sicherheitszertifikate CISSP und CEH und er f\u00fchrt die slowakische Filiale OWASP. Er ist ein Mitbegr\u00fcnder von Progressbar und SOIT, wo er [&hellip;]<\/p>\n","protected":false},"author":2,"featured_media":0,"parent":550,"menu_order":1,"comment_status":"closed","ping_status":"closed","template":"","meta":{"inline_featured_image":false,"_monsterinsights_skip_tracking":false,"_monsterinsights_sitenote_active":false,"_monsterinsights_sitenote_note":"","_monsterinsights_sitenote_category":0,"footnotes":""},"class_list":["post-568","page","type-page","status-publish","hentry"],"yoast_head":"<!-- This site is optimized with the Yoast SEO plugin v27.5 - https:\/\/yoast.com\/product\/yoast-seo-wordpress\/ -->\n<title>Pavol Lupt\u00e1k - Nethemba<\/title>\n<meta name=\"robots\" content=\"index, follow, max-snippet:-1, max-image-preview:large, max-video-preview:-1\" \/>\n<link rel=\"canonical\" href=\"https:\/\/nethemba.com\/de\/ueber-uns-old\/unser-team\/pavol-luptak\/\" \/>\n<meta property=\"og:locale\" content=\"de_DE\" \/>\n<meta property=\"og:type\" content=\"article\" \/>\n<meta property=\"og:title\" content=\"Pavol Lupt\u00e1k - Nethemba\" \/>\n<meta property=\"og:description\" content=\"Er hat an der Elektrotechnischen Fakult\u00e4t der Slowakischen Technischen Universit\u00e4t in Bratislava und an der Elektrotechnischen Fakult\u00e4t der Tschechischen Technischen Universit\u00e4t in Prag studiert. Das Thema seiner Diplomarbesit waren ultrasichere Systeme. Er erhielt die Sicherheitszertifikate CISSP und CEH und er f\u00fchrt die slowakische Filiale OWASP. Er ist ein Mitbegr\u00fcnder von Progressbar und SOIT, wo er [&hellip;]\" \/>\n<meta property=\"og:url\" content=\"https:\/\/nethemba.com\/de\/ueber-uns-old\/unser-team\/pavol-luptak\/\" \/>\n<meta property=\"og:site_name\" content=\"Nethemba\" \/>\n<meta property=\"article:publisher\" content=\"https:\/\/www.facebook.com\/nethemba\" \/>\n<meta property=\"article:modified_time\" content=\"2018-08-18T15:43:54+00:00\" \/>\n<meta name=\"twitter:card\" content=\"summary_large_image\" \/>\n<meta name=\"twitter:site\" content=\"@nethemba\" \/>\n<meta name=\"twitter:label1\" content=\"Gesch\u00e4tzte Lesezeit\" \/>\n\t<meta name=\"twitter:data1\" content=\"1\u00a0Minute\" \/>\n<script type=\"application\/ld+json\" class=\"yoast-schema-graph\">{\"@context\":\"https:\\\/\\\/schema.org\",\"@graph\":[{\"@type\":\"WebPage\",\"@id\":\"https:\\\/\\\/nethemba.com\\\/de\\\/ueber-uns-old\\\/unser-team\\\/pavol-luptak\\\/\",\"url\":\"https:\\\/\\\/nethemba.com\\\/de\\\/ueber-uns-old\\\/unser-team\\\/pavol-luptak\\\/\",\"name\":\"Pavol Lupt\u00e1k - Nethemba\",\"isPartOf\":{\"@id\":\"https:\\\/\\\/nethemba.com\\\/de\\\/#website\"},\"datePublished\":\"2015-11-08T21:25:43+00:00\",\"dateModified\":\"2018-08-18T15:43:54+00:00\",\"breadcrumb\":{\"@id\":\"https:\\\/\\\/nethemba.com\\\/de\\\/ueber-uns-old\\\/unser-team\\\/pavol-luptak\\\/#breadcrumb\"},\"inLanguage\":\"de\",\"potentialAction\":[{\"@type\":\"ReadAction\",\"target\":[\"https:\\\/\\\/nethemba.com\\\/de\\\/ueber-uns-old\\\/unser-team\\\/pavol-luptak\\\/\"]}]},{\"@type\":\"BreadcrumbList\",\"@id\":\"https:\\\/\\\/nethemba.com\\\/de\\\/ueber-uns-old\\\/unser-team\\\/pavol-luptak\\\/#breadcrumb\",\"itemListElement\":[{\"@type\":\"ListItem\",\"position\":1,\"name\":\"Home\",\"item\":\"https:\\\/\\\/nethemba.com\\\/de\\\/home-new-2025\\\/\"},{\"@type\":\"ListItem\",\"position\":2,\"name\":\"\u00dcber uns\",\"item\":\"https:\\\/\\\/nethemba.com\\\/de\\\/?page_id=317\"},{\"@type\":\"ListItem\",\"position\":3,\"name\":\"Unser Team\",\"item\":\"https:\\\/\\\/nethemba.com\\\/de\\\/ueber-uns-old\\\/unser-team\\\/\"},{\"@type\":\"ListItem\",\"position\":4,\"name\":\"Pavol Lupt\u00e1k\"}]},{\"@type\":\"WebSite\",\"@id\":\"https:\\\/\\\/nethemba.com\\\/de\\\/#website\",\"url\":\"https:\\\/\\\/nethemba.com\\\/de\\\/\",\"name\":\"Nethemba\",\"description\":\"We care about your security\",\"potentialAction\":[{\"@type\":\"SearchAction\",\"target\":{\"@type\":\"EntryPoint\",\"urlTemplate\":\"https:\\\/\\\/nethemba.com\\\/de\\\/?s={search_term_string}\"},\"query-input\":{\"@type\":\"PropertyValueSpecification\",\"valueRequired\":true,\"valueName\":\"search_term_string\"}}],\"inLanguage\":\"de\"}]}<\/script>\n<!-- \/ Yoast SEO plugin. -->","yoast_head_json":{"title":"Pavol Lupt\u00e1k - Nethemba","robots":{"index":"index","follow":"follow","max-snippet":"max-snippet:-1","max-image-preview":"max-image-preview:large","max-video-preview":"max-video-preview:-1"},"canonical":"https:\/\/nethemba.com\/de\/ueber-uns-old\/unser-team\/pavol-luptak\/","og_locale":"de_DE","og_type":"article","og_title":"Pavol Lupt\u00e1k - Nethemba","og_description":"Er hat an der Elektrotechnischen Fakult\u00e4t der Slowakischen Technischen Universit\u00e4t in Bratislava und an der Elektrotechnischen Fakult\u00e4t der Tschechischen Technischen Universit\u00e4t in Prag studiert. Das Thema seiner Diplomarbesit waren ultrasichere Systeme. Er erhielt die Sicherheitszertifikate CISSP und CEH und er f\u00fchrt die slowakische Filiale OWASP. Er ist ein Mitbegr\u00fcnder von Progressbar und SOIT, wo er [&hellip;]","og_url":"https:\/\/nethemba.com\/de\/ueber-uns-old\/unser-team\/pavol-luptak\/","og_site_name":"Nethemba","article_publisher":"https:\/\/www.facebook.com\/nethemba","article_modified_time":"2018-08-18T15:43:54+00:00","twitter_card":"summary_large_image","twitter_site":"@nethemba","twitter_misc":{"Gesch\u00e4tzte Lesezeit":"1\u00a0Minute"},"schema":{"@context":"https:\/\/schema.org","@graph":[{"@type":"WebPage","@id":"https:\/\/nethemba.com\/de\/ueber-uns-old\/unser-team\/pavol-luptak\/","url":"https:\/\/nethemba.com\/de\/ueber-uns-old\/unser-team\/pavol-luptak\/","name":"Pavol Lupt\u00e1k - Nethemba","isPartOf":{"@id":"https:\/\/nethemba.com\/de\/#website"},"datePublished":"2015-11-08T21:25:43+00:00","dateModified":"2018-08-18T15:43:54+00:00","breadcrumb":{"@id":"https:\/\/nethemba.com\/de\/ueber-uns-old\/unser-team\/pavol-luptak\/#breadcrumb"},"inLanguage":"de","potentialAction":[{"@type":"ReadAction","target":["https:\/\/nethemba.com\/de\/ueber-uns-old\/unser-team\/pavol-luptak\/"]}]},{"@type":"BreadcrumbList","@id":"https:\/\/nethemba.com\/de\/ueber-uns-old\/unser-team\/pavol-luptak\/#breadcrumb","itemListElement":[{"@type":"ListItem","position":1,"name":"Home","item":"https:\/\/nethemba.com\/de\/home-new-2025\/"},{"@type":"ListItem","position":2,"name":"\u00dcber uns","item":"https:\/\/nethemba.com\/de\/?page_id=317"},{"@type":"ListItem","position":3,"name":"Unser Team","item":"https:\/\/nethemba.com\/de\/ueber-uns-old\/unser-team\/"},{"@type":"ListItem","position":4,"name":"Pavol Lupt\u00e1k"}]},{"@type":"WebSite","@id":"https:\/\/nethemba.com\/de\/#website","url":"https:\/\/nethemba.com\/de\/","name":"Nethemba","description":"We care about your security","potentialAction":[{"@type":"SearchAction","target":{"@type":"EntryPoint","urlTemplate":"https:\/\/nethemba.com\/de\/?s={search_term_string}"},"query-input":{"@type":"PropertyValueSpecification","valueRequired":true,"valueName":"search_term_string"}}],"inLanguage":"de"}]}},"_links":{"self":[{"href":"https:\/\/nethemba.com\/de\/wp-json\/wp\/v2\/pages\/568","targetHints":{"allow":["GET"]}}],"collection":[{"href":"https:\/\/nethemba.com\/de\/wp-json\/wp\/v2\/pages"}],"about":[{"href":"https:\/\/nethemba.com\/de\/wp-json\/wp\/v2\/types\/page"}],"author":[{"embeddable":true,"href":"https:\/\/nethemba.com\/de\/wp-json\/wp\/v2\/users\/2"}],"replies":[{"embeddable":true,"href":"https:\/\/nethemba.com\/de\/wp-json\/wp\/v2\/comments?post=568"}],"version-history":[{"count":0,"href":"https:\/\/nethemba.com\/de\/wp-json\/wp\/v2\/pages\/568\/revisions"}],"up":[{"embeddable":true,"href":"https:\/\/nethemba.com\/de\/wp-json\/wp\/v2\/pages\/550"}],"wp:attachment":[{"href":"https:\/\/nethemba.com\/de\/wp-json\/wp\/v2\/media?parent=568"}],"curies":[{"name":"wp","href":"https:\/\/api.w.org\/{rel}","templated":true}]}}