{"id":574,"date":"2015-11-08T21:26:28","date_gmt":"2015-11-08T21:26:28","guid":{"rendered":"http:\/\/nethemba.com\/de\/?page_id=574"},"modified":"2018-08-18T16:39:25","modified_gmt":"2018-08-18T16:39:25","slug":"slavomir-ivancik","status":"publish","type":"page","link":"https:\/\/nethemba.com\/de\/ueber-uns-old\/unser-team\/slavomir-ivancik\/","title":{"rendered":"Slavom\u00edr Ivan\u010d\u00edk"},"content":{"rendered":"<p>Er studierte an der Elektrotechnischen Fakult\u00e4t der Slowakischen Landwirtschaftsuniversit\u00e4t in Nitra. Er hat viele Sicherheits- und Netzwerkzertifikate \u2013 <a href=\"https:\/\/www.offensive-security.com\/information-security-certifications\/osce-offensive-security-certified-expert\/\" target=\"_blank\" rel=\"noopener\">OSCE (Offensive Security Certified Expert)<\/a> CCSP, CCNP, CCNP-Security, CCDP und CCIP.<\/p>\n<p>Er hat als Konsultatnt und technischer Mitarbeiter in verschiedenen Gesellschaften gearbeitet, als Mitinhaber und Schulungstrainer in Lapis s.r.o., als Direktor in CIKT UKF in Nitra und auch als Sicherheitskonsultant in CORINEX GROUP, a.s.<\/p>\n<p>Er besch\u00e4ftigt sich mit dem Entwurf, der Implementierung und dem Testen der sicheren Netzwerkstruktur, Dokumentation nach ISO 17799\/27000, forensischer Analyse und Penetrationstests.<\/p>\n","protected":false},"excerpt":{"rendered":"<p>Er studierte an der Elektrotechnischen Fakult\u00e4t der Slowakischen Landwirtschaftsuniversit\u00e4t in Nitra. Er hat viele Sicherheits- und Netzwerkzertifikate \u2013 OSCE (Offensive Security Certified Expert) CCSP, CCNP, CCNP-Security, CCDP und CCIP. Er hat als Konsultatnt und technischer Mitarbeiter in verschiedenen Gesellschaften gearbeitet, als Mitinhaber und Schulungstrainer in Lapis s.r.o., als Direktor in CIKT UKF in Nitra und [&hellip;]<\/p>\n","protected":false},"author":2,"featured_media":0,"parent":550,"menu_order":5,"comment_status":"closed","ping_status":"closed","template":"","meta":{"inline_featured_image":false,"_monsterinsights_skip_tracking":false,"_monsterinsights_sitenote_active":false,"_monsterinsights_sitenote_note":"","_monsterinsights_sitenote_category":0,"footnotes":""},"class_list":["post-574","page","type-page","status-publish","hentry"],"yoast_head":"<!-- This site is optimized with the Yoast SEO plugin v27.5 - https:\/\/yoast.com\/product\/yoast-seo-wordpress\/ -->\n<title>Slavom\u00edr Ivan\u010d\u00edk - Nethemba<\/title>\n<meta name=\"robots\" content=\"index, follow, max-snippet:-1, max-image-preview:large, max-video-preview:-1\" \/>\n<link rel=\"canonical\" href=\"https:\/\/nethemba.com\/de\/ueber-uns-old\/unser-team\/slavomir-ivancik\/\" \/>\n<meta property=\"og:locale\" content=\"de_DE\" \/>\n<meta property=\"og:type\" content=\"article\" \/>\n<meta property=\"og:title\" content=\"Slavom\u00edr Ivan\u010d\u00edk - Nethemba\" \/>\n<meta property=\"og:description\" content=\"Er studierte an der Elektrotechnischen Fakult\u00e4t der Slowakischen Landwirtschaftsuniversit\u00e4t in Nitra. Er hat viele Sicherheits- und Netzwerkzertifikate \u2013 OSCE (Offensive Security Certified Expert) CCSP, CCNP, CCNP-Security, CCDP und CCIP. Er hat als Konsultatnt und technischer Mitarbeiter in verschiedenen Gesellschaften gearbeitet, als Mitinhaber und Schulungstrainer in Lapis s.r.o., als Direktor in CIKT UKF in Nitra und [&hellip;]\" \/>\n<meta property=\"og:url\" content=\"https:\/\/nethemba.com\/de\/ueber-uns-old\/unser-team\/slavomir-ivancik\/\" \/>\n<meta property=\"og:site_name\" content=\"Nethemba\" \/>\n<meta property=\"article:publisher\" content=\"https:\/\/www.facebook.com\/nethemba\" \/>\n<meta property=\"article:modified_time\" content=\"2018-08-18T16:39:25+00:00\" \/>\n<meta name=\"twitter:card\" content=\"summary_large_image\" \/>\n<meta name=\"twitter:site\" content=\"@nethemba\" \/>\n<script type=\"application\/ld+json\" class=\"yoast-schema-graph\">{\"@context\":\"https:\\\/\\\/schema.org\",\"@graph\":[{\"@type\":\"WebPage\",\"@id\":\"https:\\\/\\\/nethemba.com\\\/de\\\/ueber-uns-old\\\/unser-team\\\/slavomir-ivancik\\\/\",\"url\":\"https:\\\/\\\/nethemba.com\\\/de\\\/ueber-uns-old\\\/unser-team\\\/slavomir-ivancik\\\/\",\"name\":\"Slavom\u00edr Ivan\u010d\u00edk - Nethemba\",\"isPartOf\":{\"@id\":\"https:\\\/\\\/nethemba.com\\\/de\\\/#website\"},\"datePublished\":\"2015-11-08T21:26:28+00:00\",\"dateModified\":\"2018-08-18T16:39:25+00:00\",\"breadcrumb\":{\"@id\":\"https:\\\/\\\/nethemba.com\\\/de\\\/ueber-uns-old\\\/unser-team\\\/slavomir-ivancik\\\/#breadcrumb\"},\"inLanguage\":\"de\",\"potentialAction\":[{\"@type\":\"ReadAction\",\"target\":[\"https:\\\/\\\/nethemba.com\\\/de\\\/ueber-uns-old\\\/unser-team\\\/slavomir-ivancik\\\/\"]}]},{\"@type\":\"BreadcrumbList\",\"@id\":\"https:\\\/\\\/nethemba.com\\\/de\\\/ueber-uns-old\\\/unser-team\\\/slavomir-ivancik\\\/#breadcrumb\",\"itemListElement\":[{\"@type\":\"ListItem\",\"position\":1,\"name\":\"Home\",\"item\":\"https:\\\/\\\/nethemba.com\\\/de\\\/home-new-2025\\\/\"},{\"@type\":\"ListItem\",\"position\":2,\"name\":\"\u00dcber uns\",\"item\":\"https:\\\/\\\/nethemba.com\\\/de\\\/?page_id=317\"},{\"@type\":\"ListItem\",\"position\":3,\"name\":\"Unser Team\",\"item\":\"https:\\\/\\\/nethemba.com\\\/de\\\/ueber-uns-old\\\/unser-team\\\/\"},{\"@type\":\"ListItem\",\"position\":4,\"name\":\"Slavom\u00edr Ivan\u010d\u00edk\"}]},{\"@type\":\"WebSite\",\"@id\":\"https:\\\/\\\/nethemba.com\\\/de\\\/#website\",\"url\":\"https:\\\/\\\/nethemba.com\\\/de\\\/\",\"name\":\"Nethemba\",\"description\":\"We care about your security\",\"potentialAction\":[{\"@type\":\"SearchAction\",\"target\":{\"@type\":\"EntryPoint\",\"urlTemplate\":\"https:\\\/\\\/nethemba.com\\\/de\\\/?s={search_term_string}\"},\"query-input\":{\"@type\":\"PropertyValueSpecification\",\"valueRequired\":true,\"valueName\":\"search_term_string\"}}],\"inLanguage\":\"de\"}]}<\/script>\n<!-- \/ Yoast SEO plugin. -->","yoast_head_json":{"title":"Slavom\u00edr Ivan\u010d\u00edk - Nethemba","robots":{"index":"index","follow":"follow","max-snippet":"max-snippet:-1","max-image-preview":"max-image-preview:large","max-video-preview":"max-video-preview:-1"},"canonical":"https:\/\/nethemba.com\/de\/ueber-uns-old\/unser-team\/slavomir-ivancik\/","og_locale":"de_DE","og_type":"article","og_title":"Slavom\u00edr Ivan\u010d\u00edk - Nethemba","og_description":"Er studierte an der Elektrotechnischen Fakult\u00e4t der Slowakischen Landwirtschaftsuniversit\u00e4t in Nitra. Er hat viele Sicherheits- und Netzwerkzertifikate \u2013 OSCE (Offensive Security Certified Expert) CCSP, CCNP, CCNP-Security, CCDP und CCIP. Er hat als Konsultatnt und technischer Mitarbeiter in verschiedenen Gesellschaften gearbeitet, als Mitinhaber und Schulungstrainer in Lapis s.r.o., als Direktor in CIKT UKF in Nitra und [&hellip;]","og_url":"https:\/\/nethemba.com\/de\/ueber-uns-old\/unser-team\/slavomir-ivancik\/","og_site_name":"Nethemba","article_publisher":"https:\/\/www.facebook.com\/nethemba","article_modified_time":"2018-08-18T16:39:25+00:00","twitter_card":"summary_large_image","twitter_site":"@nethemba","schema":{"@context":"https:\/\/schema.org","@graph":[{"@type":"WebPage","@id":"https:\/\/nethemba.com\/de\/ueber-uns-old\/unser-team\/slavomir-ivancik\/","url":"https:\/\/nethemba.com\/de\/ueber-uns-old\/unser-team\/slavomir-ivancik\/","name":"Slavom\u00edr Ivan\u010d\u00edk - Nethemba","isPartOf":{"@id":"https:\/\/nethemba.com\/de\/#website"},"datePublished":"2015-11-08T21:26:28+00:00","dateModified":"2018-08-18T16:39:25+00:00","breadcrumb":{"@id":"https:\/\/nethemba.com\/de\/ueber-uns-old\/unser-team\/slavomir-ivancik\/#breadcrumb"},"inLanguage":"de","potentialAction":[{"@type":"ReadAction","target":["https:\/\/nethemba.com\/de\/ueber-uns-old\/unser-team\/slavomir-ivancik\/"]}]},{"@type":"BreadcrumbList","@id":"https:\/\/nethemba.com\/de\/ueber-uns-old\/unser-team\/slavomir-ivancik\/#breadcrumb","itemListElement":[{"@type":"ListItem","position":1,"name":"Home","item":"https:\/\/nethemba.com\/de\/home-new-2025\/"},{"@type":"ListItem","position":2,"name":"\u00dcber uns","item":"https:\/\/nethemba.com\/de\/?page_id=317"},{"@type":"ListItem","position":3,"name":"Unser Team","item":"https:\/\/nethemba.com\/de\/ueber-uns-old\/unser-team\/"},{"@type":"ListItem","position":4,"name":"Slavom\u00edr Ivan\u010d\u00edk"}]},{"@type":"WebSite","@id":"https:\/\/nethemba.com\/de\/#website","url":"https:\/\/nethemba.com\/de\/","name":"Nethemba","description":"We care about your security","potentialAction":[{"@type":"SearchAction","target":{"@type":"EntryPoint","urlTemplate":"https:\/\/nethemba.com\/de\/?s={search_term_string}"},"query-input":{"@type":"PropertyValueSpecification","valueRequired":true,"valueName":"search_term_string"}}],"inLanguage":"de"}]}},"_links":{"self":[{"href":"https:\/\/nethemba.com\/de\/wp-json\/wp\/v2\/pages\/574","targetHints":{"allow":["GET"]}}],"collection":[{"href":"https:\/\/nethemba.com\/de\/wp-json\/wp\/v2\/pages"}],"about":[{"href":"https:\/\/nethemba.com\/de\/wp-json\/wp\/v2\/types\/page"}],"author":[{"embeddable":true,"href":"https:\/\/nethemba.com\/de\/wp-json\/wp\/v2\/users\/2"}],"replies":[{"embeddable":true,"href":"https:\/\/nethemba.com\/de\/wp-json\/wp\/v2\/comments?post=574"}],"version-history":[{"count":0,"href":"https:\/\/nethemba.com\/de\/wp-json\/wp\/v2\/pages\/574\/revisions"}],"up":[{"embeddable":true,"href":"https:\/\/nethemba.com\/de\/wp-json\/wp\/v2\/pages\/550"}],"wp:attachment":[{"href":"https:\/\/nethemba.com\/de\/wp-json\/wp\/v2\/media?parent=574"}],"curies":[{"name":"wp","href":"https:\/\/api.w.org\/{rel}","templated":true}]}}