{"id":580,"date":"2015-11-06T22:14:43","date_gmt":"2015-11-06T22:14:43","guid":{"rendered":"http:\/\/nethemba.com\/de\/referenzen\/vychodoslovenska-energetika\/"},"modified":"2019-10-23T11:50:18","modified_gmt":"2019-10-23T10:50:18","slug":"vychodoslovenska-energetika","status":"publish","type":"page","link":"https:\/\/nethemba.com\/de\/referenzen-old\/vychodoslovenska-energetika\/","title":{"rendered":"V\u00fdchodoslovensk\u00e1 Energetika"},"content":{"rendered":"<p><span class=\"s1\">Ausf\u00fchrliches Sicherheitsaudit den Weapplikationen<\/span><\/p>\n","protected":false},"excerpt":{"rendered":"<p>Ausf\u00fchrliches Sicherheitsaudit den Weapplikationen<\/p>\n","protected":false},"author":2,"featured_media":2985,"parent":325,"menu_order":0,"comment_status":"closed","ping_status":"closed","template":"","meta":{"inline_featured_image":false,"_monsterinsights_skip_tracking":false,"_monsterinsights_sitenote_active":false,"_monsterinsights_sitenote_note":"","_monsterinsights_sitenote_category":0,"footnotes":""},"class_list":["post-580","page","type-page","status-publish","has-post-thumbnail","hentry"],"yoast_head":"<!-- This site is optimized with the Yoast SEO plugin v27.5 - https:\/\/yoast.com\/product\/yoast-seo-wordpress\/ -->\n<title>V\u00fdchodoslovensk\u00e1 Energetika - Nethemba<\/title>\n<meta name=\"robots\" content=\"index, follow, max-snippet:-1, max-image-preview:large, max-video-preview:-1\" \/>\n<link rel=\"canonical\" href=\"https:\/\/nethemba.com\/de\/referenzen-old\/vychodoslovenska-energetika\/\" \/>\n<meta property=\"og:locale\" content=\"de_DE\" \/>\n<meta property=\"og:type\" content=\"article\" \/>\n<meta property=\"og:title\" content=\"V\u00fdchodoslovensk\u00e1 Energetika - Nethemba\" \/>\n<meta property=\"og:description\" content=\"Ausf\u00fchrliches Sicherheitsaudit den Weapplikationen\" \/>\n<meta property=\"og:url\" content=\"https:\/\/nethemba.com\/de\/referenzen-old\/vychodoslovenska-energetika\/\" \/>\n<meta property=\"og:site_name\" content=\"Nethemba\" \/>\n<meta property=\"article:publisher\" content=\"https:\/\/www.facebook.com\/nethemba\" \/>\n<meta property=\"article:modified_time\" content=\"2019-10-23T10:50:18+00:00\" \/>\n<meta property=\"og:image\" content=\"https:\/\/nethemba.com\/wp-content\/uploads\/2015\/11\/vse-e1446848076965.jpg\" \/>\n\t<meta property=\"og:image:width\" content=\"100\" \/>\n\t<meta property=\"og:image:height\" content=\"61\" \/>\n\t<meta property=\"og:image:type\" content=\"image\/jpeg\" \/>\n<meta name=\"twitter:card\" content=\"summary_large_image\" \/>\n<meta name=\"twitter:site\" content=\"@nethemba\" \/>\n<script type=\"application\/ld+json\" class=\"yoast-schema-graph\">{\"@context\":\"https:\\\/\\\/schema.org\",\"@graph\":[{\"@type\":\"WebPage\",\"@id\":\"https:\\\/\\\/nethemba.com\\\/de\\\/referenzen-old\\\/vychodoslovenska-energetika\\\/\",\"url\":\"https:\\\/\\\/nethemba.com\\\/de\\\/referenzen-old\\\/vychodoslovenska-energetika\\\/\",\"name\":\"V\u00fdchodoslovensk\u00e1 Energetika - Nethemba\",\"isPartOf\":{\"@id\":\"https:\\\/\\\/nethemba.com\\\/de\\\/#website\"},\"primaryImageOfPage\":{\"@id\":\"https:\\\/\\\/nethemba.com\\\/de\\\/referenzen-old\\\/vychodoslovenska-energetika\\\/#primaryimage\"},\"image\":{\"@id\":\"https:\\\/\\\/nethemba.com\\\/de\\\/referenzen-old\\\/vychodoslovenska-energetika\\\/#primaryimage\"},\"thumbnailUrl\":\"https:\\\/\\\/nethemba.com\\\/wp-content\\\/uploads\\\/2015\\\/11\\\/vse-e1446848076965.jpg\",\"datePublished\":\"2015-11-06T22:14:43+00:00\",\"dateModified\":\"2019-10-23T10:50:18+00:00\",\"breadcrumb\":{\"@id\":\"https:\\\/\\\/nethemba.com\\\/de\\\/referenzen-old\\\/vychodoslovenska-energetika\\\/#breadcrumb\"},\"inLanguage\":\"de\",\"potentialAction\":[{\"@type\":\"ReadAction\",\"target\":[\"https:\\\/\\\/nethemba.com\\\/de\\\/referenzen-old\\\/vychodoslovenska-energetika\\\/\"]}]},{\"@type\":\"ImageObject\",\"inLanguage\":\"de\",\"@id\":\"https:\\\/\\\/nethemba.com\\\/de\\\/referenzen-old\\\/vychodoslovenska-energetika\\\/#primaryimage\",\"url\":\"https:\\\/\\\/nethemba.com\\\/wp-content\\\/uploads\\\/2015\\\/11\\\/vse-e1446848076965.jpg\",\"contentUrl\":\"https:\\\/\\\/nethemba.com\\\/wp-content\\\/uploads\\\/2015\\\/11\\\/vse-e1446848076965.jpg\",\"width\":100,\"height\":61},{\"@type\":\"BreadcrumbList\",\"@id\":\"https:\\\/\\\/nethemba.com\\\/de\\\/referenzen-old\\\/vychodoslovenska-energetika\\\/#breadcrumb\",\"itemListElement\":[{\"@type\":\"ListItem\",\"position\":1,\"name\":\"Home\",\"item\":\"https:\\\/\\\/nethemba.com\\\/de\\\/home-new-2025\\\/\"},{\"@type\":\"ListItem\",\"position\":2,\"name\":\"Referenzen OLD\",\"item\":\"https:\\\/\\\/nethemba.com\\\/de\\\/referenzen-old\\\/\"},{\"@type\":\"ListItem\",\"position\":3,\"name\":\"V\u00fdchodoslovensk\u00e1 Energetika\"}]},{\"@type\":\"WebSite\",\"@id\":\"https:\\\/\\\/nethemba.com\\\/de\\\/#website\",\"url\":\"https:\\\/\\\/nethemba.com\\\/de\\\/\",\"name\":\"Nethemba\",\"description\":\"We care about your security\",\"potentialAction\":[{\"@type\":\"SearchAction\",\"target\":{\"@type\":\"EntryPoint\",\"urlTemplate\":\"https:\\\/\\\/nethemba.com\\\/de\\\/?s={search_term_string}\"},\"query-input\":{\"@type\":\"PropertyValueSpecification\",\"valueRequired\":true,\"valueName\":\"search_term_string\"}}],\"inLanguage\":\"de\"}]}<\/script>\n<!-- \/ Yoast SEO plugin. -->","yoast_head_json":{"title":"V\u00fdchodoslovensk\u00e1 Energetika - Nethemba","robots":{"index":"index","follow":"follow","max-snippet":"max-snippet:-1","max-image-preview":"max-image-preview:large","max-video-preview":"max-video-preview:-1"},"canonical":"https:\/\/nethemba.com\/de\/referenzen-old\/vychodoslovenska-energetika\/","og_locale":"de_DE","og_type":"article","og_title":"V\u00fdchodoslovensk\u00e1 Energetika - Nethemba","og_description":"Ausf\u00fchrliches Sicherheitsaudit den Weapplikationen","og_url":"https:\/\/nethemba.com\/de\/referenzen-old\/vychodoslovenska-energetika\/","og_site_name":"Nethemba","article_publisher":"https:\/\/www.facebook.com\/nethemba","article_modified_time":"2019-10-23T10:50:18+00:00","og_image":[{"width":100,"height":61,"url":"https:\/\/nethemba.com\/wp-content\/uploads\/2015\/11\/vse-e1446848076965.jpg","type":"image\/jpeg"}],"twitter_card":"summary_large_image","twitter_site":"@nethemba","schema":{"@context":"https:\/\/schema.org","@graph":[{"@type":"WebPage","@id":"https:\/\/nethemba.com\/de\/referenzen-old\/vychodoslovenska-energetika\/","url":"https:\/\/nethemba.com\/de\/referenzen-old\/vychodoslovenska-energetika\/","name":"V\u00fdchodoslovensk\u00e1 Energetika - Nethemba","isPartOf":{"@id":"https:\/\/nethemba.com\/de\/#website"},"primaryImageOfPage":{"@id":"https:\/\/nethemba.com\/de\/referenzen-old\/vychodoslovenska-energetika\/#primaryimage"},"image":{"@id":"https:\/\/nethemba.com\/de\/referenzen-old\/vychodoslovenska-energetika\/#primaryimage"},"thumbnailUrl":"https:\/\/nethemba.com\/wp-content\/uploads\/2015\/11\/vse-e1446848076965.jpg","datePublished":"2015-11-06T22:14:43+00:00","dateModified":"2019-10-23T10:50:18+00:00","breadcrumb":{"@id":"https:\/\/nethemba.com\/de\/referenzen-old\/vychodoslovenska-energetika\/#breadcrumb"},"inLanguage":"de","potentialAction":[{"@type":"ReadAction","target":["https:\/\/nethemba.com\/de\/referenzen-old\/vychodoslovenska-energetika\/"]}]},{"@type":"ImageObject","inLanguage":"de","@id":"https:\/\/nethemba.com\/de\/referenzen-old\/vychodoslovenska-energetika\/#primaryimage","url":"https:\/\/nethemba.com\/wp-content\/uploads\/2015\/11\/vse-e1446848076965.jpg","contentUrl":"https:\/\/nethemba.com\/wp-content\/uploads\/2015\/11\/vse-e1446848076965.jpg","width":100,"height":61},{"@type":"BreadcrumbList","@id":"https:\/\/nethemba.com\/de\/referenzen-old\/vychodoslovenska-energetika\/#breadcrumb","itemListElement":[{"@type":"ListItem","position":1,"name":"Home","item":"https:\/\/nethemba.com\/de\/home-new-2025\/"},{"@type":"ListItem","position":2,"name":"Referenzen OLD","item":"https:\/\/nethemba.com\/de\/referenzen-old\/"},{"@type":"ListItem","position":3,"name":"V\u00fdchodoslovensk\u00e1 Energetika"}]},{"@type":"WebSite","@id":"https:\/\/nethemba.com\/de\/#website","url":"https:\/\/nethemba.com\/de\/","name":"Nethemba","description":"We care about your security","potentialAction":[{"@type":"SearchAction","target":{"@type":"EntryPoint","urlTemplate":"https:\/\/nethemba.com\/de\/?s={search_term_string}"},"query-input":{"@type":"PropertyValueSpecification","valueRequired":true,"valueName":"search_term_string"}}],"inLanguage":"de"}]}},"_links":{"self":[{"href":"https:\/\/nethemba.com\/de\/wp-json\/wp\/v2\/pages\/580","targetHints":{"allow":["GET"]}}],"collection":[{"href":"https:\/\/nethemba.com\/de\/wp-json\/wp\/v2\/pages"}],"about":[{"href":"https:\/\/nethemba.com\/de\/wp-json\/wp\/v2\/types\/page"}],"author":[{"embeddable":true,"href":"https:\/\/nethemba.com\/de\/wp-json\/wp\/v2\/users\/2"}],"replies":[{"embeddable":true,"href":"https:\/\/nethemba.com\/de\/wp-json\/wp\/v2\/comments?post=580"}],"version-history":[{"count":0,"href":"https:\/\/nethemba.com\/de\/wp-json\/wp\/v2\/pages\/580\/revisions"}],"up":[{"embeddable":true,"href":"https:\/\/nethemba.com\/de\/wp-json\/wp\/v2\/pages\/325"}],"wp:featuredmedia":[{"embeddable":true,"href":"https:\/\/nethemba.com\/de\/wp-json\/wp\/v2\/media\/2985"}],"wp:attachment":[{"href":"https:\/\/nethemba.com\/de\/wp-json\/wp\/v2\/media?parent=580"}],"curies":[{"name":"wp","href":"https:\/\/api.w.org\/{rel}","templated":true}]}}