{"id":779,"date":"2015-11-09T12:37:01","date_gmt":"2015-11-09T12:37:01","guid":{"rendered":"http:\/\/nethemba.com\/de\/?page_id=779"},"modified":"2016-02-19T13:46:43","modified_gmt":"2016-02-19T13:46:43","slug":"ernsthafte-sicherheitsluecken-in-sms-fahrkarten","status":"publish","type":"page","link":"https:\/\/nethemba.com\/de\/ueber-uns-old\/forschung\/ernsthafte-sicherheitsluecken-in-sms-fahrkarten\/","title":{"rendered":"Ernsthafte Sicherheitsl\u00fccken in SMS-Fahrkarten"},"content":{"rendered":"<p>SMS-Fahrkarten sind in allen Grosst\u00e4ten in Europa (Prag, Bratislava, Kosice, Wien, Warschau und anderen) beliebt und werden gerne genutzt.<\/p>\n<p>Das Ziel unserer Forschung war es, auf ernsthafte Sicherheitsl\u00fccken der SMS-Fahrkarten hinzuweisen, die gar keine Verbindung mit dem Passagier haben. F\u00fcr eine Demonstration haben wir eine spezielle Netzwerkarchitektur entworfen, die die M\u00f6glichkeit bietet, durch verschl\u00fcsselte Verbindungen eine massive Versendung der SMS-Fahrkarten zwischen der Fahrg\u00e4sten durchzuf\u00fchren(SMS-Ticket-Hacker-Server und SMS-Ticket-Hacker-Client).<\/p>\n<p>Die Kritikalit\u00e4t dieser Sicherheitsl\u00fccke wird dadurch erh\u00f6ht, dass in der\u00a0 Gegenwart keine einfache und billige M\u00f6glichkeit existiert, diese Attacke entdecken zu k\u00f6nnen.<\/p>\n<p lang=\"en-GB\">Wir haben einige, aber leider ungen\u00fcgende Teill\u00f6sungen entworfen, die ein Verkehrsbetrieb realisieren kann, um diese Attacke zu entdecken.<\/p>\n<p>Wir haben auch eine sichere und zuverl\u00e4ssige L\u00f6sung entworfen, die die Fahrgastidentit\u00e4t mit einer SMS-Fahrkarte verbindet und somit eine sichere Ausgabe der SMS-Karten sowie eine schnelle Kontrolle durch Kontolleorgane (Revisoren) erm\u00f6glicht.<\/p>\n<p>Trotzdem die Verkehrbetriebe \u00fcber diese Sicherheitsl\u00fccke mit grossem zeitlichem Vorsprung informiert wurden, wird diese Sicherheitsl\u00fccke weiterhin ignoriert und es werden alte Systeme weiterhin genutzt.<\/p>\n<p lang=\"en-GB\"><strong>Pr\u00e4sentation<\/strong><b>: <\/b><a href=\"https:\/\/nethemba.com\/resources\/SMS-ticket-hack4.pdf\">Sicherheitsl\u00fccken in SMS-Fahrkarten (Pr\u00e4sentation auf Englisch)<\/a><\/p>\n<div id=\"__ss_4738280\"><iframe src=\"https:\/\/www.slideshare.net\/slideshow\/embed_code\/4738280\" width=\"425\" height=\"355\" frameborder=\"0\" marginwidth=\"0\" marginheight=\"0\" scrolling=\"no\"><\/iframe><\/div>\n<p lang=\"en-GB\"><strong>Publikationen auf Konferenzen:<\/strong><br \/>\n<a href=\"https:\/\/har2009.org\/program\/events\/89.en.html\">Hacking At Random 2009 in der Niederlanden<\/a><br \/>\n<a href=\"http:\/\/metalab.at\/wiki\/SMS-Ticket-Vortrag\">Confidence in Krakau \/ Polen<br \/>\nMetalab in Wien<\/a><\/p>\n","protected":false},"excerpt":{"rendered":"<p>SMS-Fahrkarten sind in allen Grosst\u00e4ten in Europa (Prag, Bratislava, Kosice, Wien, Warschau und anderen) beliebt und werden gerne genutzt. Das Ziel unserer Forschung war es, auf ernsthafte Sicherheitsl\u00fccken der SMS-Fahrkarten hinzuweisen, die gar keine Verbindung mit dem Passagier haben. F\u00fcr eine Demonstration haben wir eine spezielle Netzwerkarchitektur entworfen, die die M\u00f6glichkeit bietet, durch verschl\u00fcsselte Verbindungen [&hellip;]<\/p>\n","protected":false},"author":2,"featured_media":0,"parent":526,"menu_order":0,"comment_status":"closed","ping_status":"closed","template":"","meta":{"inline_featured_image":false,"_monsterinsights_skip_tracking":false,"_monsterinsights_sitenote_active":false,"_monsterinsights_sitenote_note":"","_monsterinsights_sitenote_category":0,"footnotes":""},"class_list":["post-779","page","type-page","status-publish","hentry"],"yoast_head":"<!-- This site is optimized with the Yoast SEO plugin v27.4 - https:\/\/yoast.com\/product\/yoast-seo-wordpress\/ -->\n<title>Ernsthafte Sicherheitsl\u00fccken in SMS-Fahrkarten - Nethemba<\/title>\n<meta name=\"robots\" content=\"index, follow, max-snippet:-1, max-image-preview:large, max-video-preview:-1\" \/>\n<link rel=\"canonical\" href=\"https:\/\/nethemba.com\/de\/ueber-uns-old\/forschung\/ernsthafte-sicherheitsluecken-in-sms-fahrkarten\/\" \/>\n<meta property=\"og:locale\" content=\"de_DE\" \/>\n<meta property=\"og:type\" content=\"article\" \/>\n<meta property=\"og:title\" content=\"Ernsthafte Sicherheitsl\u00fccken in SMS-Fahrkarten - Nethemba\" \/>\n<meta property=\"og:description\" content=\"SMS-Fahrkarten sind in allen Grosst\u00e4ten in Europa (Prag, Bratislava, Kosice, Wien, Warschau und anderen) beliebt und werden gerne genutzt. Das Ziel unserer Forschung war es, auf ernsthafte Sicherheitsl\u00fccken der SMS-Fahrkarten hinzuweisen, die gar keine Verbindung mit dem Passagier haben. F\u00fcr eine Demonstration haben wir eine spezielle Netzwerkarchitektur entworfen, die die M\u00f6glichkeit bietet, durch verschl\u00fcsselte Verbindungen [&hellip;]\" \/>\n<meta property=\"og:url\" content=\"https:\/\/nethemba.com\/de\/ueber-uns-old\/forschung\/ernsthafte-sicherheitsluecken-in-sms-fahrkarten\/\" \/>\n<meta property=\"og:site_name\" content=\"Nethemba\" \/>\n<meta property=\"article:publisher\" content=\"https:\/\/www.facebook.com\/nethemba\" \/>\n<meta property=\"article:modified_time\" content=\"2016-02-19T13:46:43+00:00\" \/>\n<meta name=\"twitter:card\" content=\"summary_large_image\" \/>\n<meta name=\"twitter:site\" content=\"@nethemba\" \/>\n<meta name=\"twitter:label1\" content=\"Gesch\u00e4tzte Lesezeit\" \/>\n\t<meta name=\"twitter:data1\" content=\"1\u00a0Minute\" \/>\n<script type=\"application\/ld+json\" class=\"yoast-schema-graph\">{\"@context\":\"https:\\\/\\\/schema.org\",\"@graph\":[{\"@type\":\"WebPage\",\"@id\":\"https:\\\/\\\/nethemba.com\\\/de\\\/ueber-uns-old\\\/forschung\\\/ernsthafte-sicherheitsluecken-in-sms-fahrkarten\\\/\",\"url\":\"https:\\\/\\\/nethemba.com\\\/de\\\/ueber-uns-old\\\/forschung\\\/ernsthafte-sicherheitsluecken-in-sms-fahrkarten\\\/\",\"name\":\"Ernsthafte Sicherheitsl\u00fccken in SMS-Fahrkarten - Nethemba\",\"isPartOf\":{\"@id\":\"https:\\\/\\\/nethemba.com\\\/de\\\/#website\"},\"datePublished\":\"2015-11-09T12:37:01+00:00\",\"dateModified\":\"2016-02-19T13:46:43+00:00\",\"breadcrumb\":{\"@id\":\"https:\\\/\\\/nethemba.com\\\/de\\\/ueber-uns-old\\\/forschung\\\/ernsthafte-sicherheitsluecken-in-sms-fahrkarten\\\/#breadcrumb\"},\"inLanguage\":\"de\",\"potentialAction\":[{\"@type\":\"ReadAction\",\"target\":[\"https:\\\/\\\/nethemba.com\\\/de\\\/ueber-uns-old\\\/forschung\\\/ernsthafte-sicherheitsluecken-in-sms-fahrkarten\\\/\"]}]},{\"@type\":\"BreadcrumbList\",\"@id\":\"https:\\\/\\\/nethemba.com\\\/de\\\/ueber-uns-old\\\/forschung\\\/ernsthafte-sicherheitsluecken-in-sms-fahrkarten\\\/#breadcrumb\",\"itemListElement\":[{\"@type\":\"ListItem\",\"position\":1,\"name\":\"Home\",\"item\":\"https:\\\/\\\/nethemba.com\\\/de\\\/home-new-2025\\\/\"},{\"@type\":\"ListItem\",\"position\":2,\"name\":\"\u00dcber uns\",\"item\":\"https:\\\/\\\/nethemba.com\\\/de\\\/?page_id=317\"},{\"@type\":\"ListItem\",\"position\":3,\"name\":\"Forschung\",\"item\":\"https:\\\/\\\/nethemba.com\\\/de\\\/ueber-uns-old\\\/forschung\\\/\"},{\"@type\":\"ListItem\",\"position\":4,\"name\":\"Ernsthafte Sicherheitsl\u00fccken in SMS-Fahrkarten\"}]},{\"@type\":\"WebSite\",\"@id\":\"https:\\\/\\\/nethemba.com\\\/de\\\/#website\",\"url\":\"https:\\\/\\\/nethemba.com\\\/de\\\/\",\"name\":\"Nethemba\",\"description\":\"We care about your security\",\"potentialAction\":[{\"@type\":\"SearchAction\",\"target\":{\"@type\":\"EntryPoint\",\"urlTemplate\":\"https:\\\/\\\/nethemba.com\\\/de\\\/?s={search_term_string}\"},\"query-input\":{\"@type\":\"PropertyValueSpecification\",\"valueRequired\":true,\"valueName\":\"search_term_string\"}}],\"inLanguage\":\"de\"}]}<\/script>\n<!-- \/ Yoast SEO plugin. -->","yoast_head_json":{"title":"Ernsthafte Sicherheitsl\u00fccken in SMS-Fahrkarten - Nethemba","robots":{"index":"index","follow":"follow","max-snippet":"max-snippet:-1","max-image-preview":"max-image-preview:large","max-video-preview":"max-video-preview:-1"},"canonical":"https:\/\/nethemba.com\/de\/ueber-uns-old\/forschung\/ernsthafte-sicherheitsluecken-in-sms-fahrkarten\/","og_locale":"de_DE","og_type":"article","og_title":"Ernsthafte Sicherheitsl\u00fccken in SMS-Fahrkarten - Nethemba","og_description":"SMS-Fahrkarten sind in allen Grosst\u00e4ten in Europa (Prag, Bratislava, Kosice, Wien, Warschau und anderen) beliebt und werden gerne genutzt. Das Ziel unserer Forschung war es, auf ernsthafte Sicherheitsl\u00fccken der SMS-Fahrkarten hinzuweisen, die gar keine Verbindung mit dem Passagier haben. F\u00fcr eine Demonstration haben wir eine spezielle Netzwerkarchitektur entworfen, die die M\u00f6glichkeit bietet, durch verschl\u00fcsselte Verbindungen [&hellip;]","og_url":"https:\/\/nethemba.com\/de\/ueber-uns-old\/forschung\/ernsthafte-sicherheitsluecken-in-sms-fahrkarten\/","og_site_name":"Nethemba","article_publisher":"https:\/\/www.facebook.com\/nethemba","article_modified_time":"2016-02-19T13:46:43+00:00","twitter_card":"summary_large_image","twitter_site":"@nethemba","twitter_misc":{"Gesch\u00e4tzte Lesezeit":"1\u00a0Minute"},"schema":{"@context":"https:\/\/schema.org","@graph":[{"@type":"WebPage","@id":"https:\/\/nethemba.com\/de\/ueber-uns-old\/forschung\/ernsthafte-sicherheitsluecken-in-sms-fahrkarten\/","url":"https:\/\/nethemba.com\/de\/ueber-uns-old\/forschung\/ernsthafte-sicherheitsluecken-in-sms-fahrkarten\/","name":"Ernsthafte Sicherheitsl\u00fccken in SMS-Fahrkarten - Nethemba","isPartOf":{"@id":"https:\/\/nethemba.com\/de\/#website"},"datePublished":"2015-11-09T12:37:01+00:00","dateModified":"2016-02-19T13:46:43+00:00","breadcrumb":{"@id":"https:\/\/nethemba.com\/de\/ueber-uns-old\/forschung\/ernsthafte-sicherheitsluecken-in-sms-fahrkarten\/#breadcrumb"},"inLanguage":"de","potentialAction":[{"@type":"ReadAction","target":["https:\/\/nethemba.com\/de\/ueber-uns-old\/forschung\/ernsthafte-sicherheitsluecken-in-sms-fahrkarten\/"]}]},{"@type":"BreadcrumbList","@id":"https:\/\/nethemba.com\/de\/ueber-uns-old\/forschung\/ernsthafte-sicherheitsluecken-in-sms-fahrkarten\/#breadcrumb","itemListElement":[{"@type":"ListItem","position":1,"name":"Home","item":"https:\/\/nethemba.com\/de\/home-new-2025\/"},{"@type":"ListItem","position":2,"name":"\u00dcber uns","item":"https:\/\/nethemba.com\/de\/?page_id=317"},{"@type":"ListItem","position":3,"name":"Forschung","item":"https:\/\/nethemba.com\/de\/ueber-uns-old\/forschung\/"},{"@type":"ListItem","position":4,"name":"Ernsthafte Sicherheitsl\u00fccken in SMS-Fahrkarten"}]},{"@type":"WebSite","@id":"https:\/\/nethemba.com\/de\/#website","url":"https:\/\/nethemba.com\/de\/","name":"Nethemba","description":"We care about your security","potentialAction":[{"@type":"SearchAction","target":{"@type":"EntryPoint","urlTemplate":"https:\/\/nethemba.com\/de\/?s={search_term_string}"},"query-input":{"@type":"PropertyValueSpecification","valueRequired":true,"valueName":"search_term_string"}}],"inLanguage":"de"}]}},"_links":{"self":[{"href":"https:\/\/nethemba.com\/de\/wp-json\/wp\/v2\/pages\/779","targetHints":{"allow":["GET"]}}],"collection":[{"href":"https:\/\/nethemba.com\/de\/wp-json\/wp\/v2\/pages"}],"about":[{"href":"https:\/\/nethemba.com\/de\/wp-json\/wp\/v2\/types\/page"}],"author":[{"embeddable":true,"href":"https:\/\/nethemba.com\/de\/wp-json\/wp\/v2\/users\/2"}],"replies":[{"embeddable":true,"href":"https:\/\/nethemba.com\/de\/wp-json\/wp\/v2\/comments?post=779"}],"version-history":[{"count":0,"href":"https:\/\/nethemba.com\/de\/wp-json\/wp\/v2\/pages\/779\/revisions"}],"up":[{"embeddable":true,"href":"https:\/\/nethemba.com\/de\/wp-json\/wp\/v2\/pages\/526"}],"wp:attachment":[{"href":"https:\/\/nethemba.com\/de\/wp-json\/wp\/v2\/media?parent=779"}],"curies":[{"name":"wp","href":"https:\/\/api.w.org\/{rel}","templated":true}]}}