{"id":3239,"date":"2019-03-08T15:59:20","date_gmt":"2019-03-08T15:59:20","guid":{"rendered":"http:\/\/nethemba.com\/?page_id=3239"},"modified":"2023-02-25T11:08:09","modified_gmt":"2023-02-25T10:08:09","slug":"pavol-luptak-profesional-de-seguridad-certificado","status":"publish","type":"page","link":"https:\/\/nethemba.com\/es\/sobre-nosotros-old\/nuestro-equipo\/pavol-luptak-profesional-de-seguridad-certificado\/","title":{"rendered":"Pavol Luptak"},"content":{"rendered":"<p>\r\n<\/p><p><!--StartFragment--><\/p>\r\n\r\n\r\n<p>Profesional de Seguridad Certificado<\/p>\r\n\r\n\r\n\r\n<p>Obtuvo su BSc. en la FEI-STU en Bratislava y MSc en Inform\u00e1tica en la Universidad T\u00e9cnica Checa con una tesis de maestr\u00eda centrada en sistemas ultra seguros. Posee muchas prestigiosas certificaciones de seguridad, incluidas CISSP y CEH, es el l\u00edder del cap\u00edtulo eslovaco de OWASP, cofundador de Progressbar y de las organizaciones SOIT, donde es responsable de la seguridad de TI.<\/p>\r\n\r\n\r\n\r\n<p>Pavol suele tener presentaciones regulares en varias conferencias de seguridad mundiales (en Holanda, Luxemburgo, Berl\u00edn, Varsovia, Cracovia, Praga). En el pasado, demostr\u00f3 vulnerabilidades en los boletos de SMS para el transporte p\u00fablico en las principales ciudades de Europa, y junto con su colega Norbert Szetei, demostr\u00f3 pr\u00e1cticamente las vulnerabilidades en las tarjetas RFID Mifare Classic. Tiene 14 a\u00f1os de experiencia en seguridad de TI, pruebas de penetraci\u00f3n y auditor\u00eda de seguridad, incluyendo ingenier\u00eda social y an\u00e1lisis forense digital.<\/p>\r\n\r\n\r\n\r\n<p>Es coautor de OWASP Testing Guide v3, tiene un profundo conocimiento de OSSTMM, ISO17799 \/ 27001 y tiene muchos a\u00f1os de experiencia en la b\u00fasqueda de vulnerabilidades. Tiene conocimientos de muchos lenguajes de programaci\u00f3n (ASM, C, C ++, XSLT, Perl, Java, PLSQL, Lisp, Prolog, lenguajes de scripting) y sistemas operativos. Tambi\u00e9n est\u00e1 enfocado en VoIP e interesantes investigaciones de seguridad de TI.<\/p>\r\n\r\n\r\n<p><!--EndFragment--><\/p>\r\n<p><\/p>","protected":false},"excerpt":{"rendered":"<p>Profesional de Seguridad Certificado Obtuvo su BSc. en la FEI-STU en Bratislava y MSc en Inform\u00e1tica en la Universidad T\u00e9cnica Checa con una tesis de maestr\u00eda centrada en sistemas ultra seguros. Posee muchas prestigiosas certificaciones de seguridad, incluidas CISSP y CEH, es el l\u00edder del cap\u00edtulo eslovaco de OWASP, cofundador de Progressbar y de las [&hellip;]<\/p>\n","protected":false},"author":2,"featured_media":0,"parent":3226,"menu_order":1,"comment_status":"closed","ping_status":"closed","template":"","meta":{"inline_featured_image":false,"_monsterinsights_skip_tracking":false,"_monsterinsights_sitenote_active":false,"_monsterinsights_sitenote_note":"","_monsterinsights_sitenote_category":0,"footnotes":""},"class_list":["post-3239","page","type-page","status-publish","hentry"],"yoast_head":"<!-- This site is optimized with the Yoast SEO plugin v27.5 - https:\/\/yoast.com\/product\/yoast-seo-wordpress\/ -->\n<title>Pavol Luptak - Nethemba<\/title>\n<meta name=\"robots\" content=\"index, follow, max-snippet:-1, max-image-preview:large, max-video-preview:-1\" \/>\n<link rel=\"canonical\" href=\"https:\/\/nethemba.com\/es\/sobre-nosotros-old\/nuestro-equipo\/pavol-luptak-profesional-de-seguridad-certificado\/\" \/>\n<meta property=\"og:locale\" content=\"es_ES\" \/>\n<meta property=\"og:type\" content=\"article\" \/>\n<meta property=\"og:title\" content=\"Pavol Luptak - Nethemba\" \/>\n<meta property=\"og:description\" content=\"Profesional de Seguridad Certificado Obtuvo su BSc. en la FEI-STU en Bratislava y MSc en Inform\u00e1tica en la Universidad T\u00e9cnica Checa con una tesis de maestr\u00eda centrada en sistemas ultra seguros. Posee muchas prestigiosas certificaciones de seguridad, incluidas CISSP y CEH, es el l\u00edder del cap\u00edtulo eslovaco de OWASP, cofundador de Progressbar y de las [&hellip;]\" \/>\n<meta property=\"og:url\" content=\"https:\/\/nethemba.com\/es\/sobre-nosotros-old\/nuestro-equipo\/pavol-luptak-profesional-de-seguridad-certificado\/\" \/>\n<meta property=\"og:site_name\" content=\"Nethemba\" \/>\n<meta property=\"article:publisher\" content=\"https:\/\/www.facebook.com\/nethemba\" \/>\n<meta property=\"article:modified_time\" content=\"2023-02-25T10:08:09+00:00\" \/>\n<meta name=\"twitter:card\" content=\"summary_large_image\" \/>\n<meta name=\"twitter:site\" content=\"@nethemba\" \/>\n<meta name=\"twitter:label1\" content=\"Tiempo de lectura\" \/>\n\t<meta name=\"twitter:data1\" content=\"1 minuto\" \/>\n<script type=\"application\/ld+json\" class=\"yoast-schema-graph\">{\"@context\":\"https:\\\/\\\/schema.org\",\"@graph\":[{\"@type\":\"WebPage\",\"@id\":\"https:\\\/\\\/nethemba.com\\\/es\\\/sobre-nosotros-old\\\/nuestro-equipo\\\/pavol-luptak-profesional-de-seguridad-certificado\\\/\",\"url\":\"https:\\\/\\\/nethemba.com\\\/es\\\/sobre-nosotros-old\\\/nuestro-equipo\\\/pavol-luptak-profesional-de-seguridad-certificado\\\/\",\"name\":\"Pavol Luptak - Nethemba\",\"isPartOf\":{\"@id\":\"https:\\\/\\\/nethemba.com\\\/de\\\/#website\"},\"datePublished\":\"2019-03-08T15:59:20+00:00\",\"dateModified\":\"2023-02-25T10:08:09+00:00\",\"breadcrumb\":{\"@id\":\"https:\\\/\\\/nethemba.com\\\/es\\\/sobre-nosotros-old\\\/nuestro-equipo\\\/pavol-luptak-profesional-de-seguridad-certificado\\\/#breadcrumb\"},\"inLanguage\":\"es\",\"potentialAction\":[{\"@type\":\"ReadAction\",\"target\":[\"https:\\\/\\\/nethemba.com\\\/es\\\/sobre-nosotros-old\\\/nuestro-equipo\\\/pavol-luptak-profesional-de-seguridad-certificado\\\/\"]}]},{\"@type\":\"BreadcrumbList\",\"@id\":\"https:\\\/\\\/nethemba.com\\\/es\\\/sobre-nosotros-old\\\/nuestro-equipo\\\/pavol-luptak-profesional-de-seguridad-certificado\\\/#breadcrumb\",\"itemListElement\":[{\"@type\":\"ListItem\",\"position\":1,\"name\":\"Home\",\"item\":\"https:\\\/\\\/nethemba.com\\\/cs\\\/\"},{\"@type\":\"ListItem\",\"position\":2,\"name\":\"SOBRE NOSOTROS\",\"item\":\"https:\\\/\\\/nethemba.com\\\/es\\\/sobre-nosotros-old\\\/\"},{\"@type\":\"ListItem\",\"position\":3,\"name\":\"NUESTRO EQUIPO\",\"item\":\"https:\\\/\\\/nethemba.com\\\/es\\\/sobre-nosotros-old\\\/nuestro-equipo\\\/\"},{\"@type\":\"ListItem\",\"position\":4,\"name\":\"Pavol Luptak\"}]},{\"@type\":\"WebSite\",\"@id\":\"https:\\\/\\\/nethemba.com\\\/de\\\/#website\",\"url\":\"https:\\\/\\\/nethemba.com\\\/de\\\/\",\"name\":\"Nethemba\",\"description\":\"We care about your security\",\"potentialAction\":[{\"@type\":\"SearchAction\",\"target\":{\"@type\":\"EntryPoint\",\"urlTemplate\":\"https:\\\/\\\/nethemba.com\\\/de\\\/?s={search_term_string}\"},\"query-input\":{\"@type\":\"PropertyValueSpecification\",\"valueRequired\":true,\"valueName\":\"search_term_string\"}}],\"inLanguage\":\"es\"}]}<\/script>\n<!-- \/ Yoast SEO plugin. -->","yoast_head_json":{"title":"Pavol Luptak - Nethemba","robots":{"index":"index","follow":"follow","max-snippet":"max-snippet:-1","max-image-preview":"max-image-preview:large","max-video-preview":"max-video-preview:-1"},"canonical":"https:\/\/nethemba.com\/es\/sobre-nosotros-old\/nuestro-equipo\/pavol-luptak-profesional-de-seguridad-certificado\/","og_locale":"es_ES","og_type":"article","og_title":"Pavol Luptak - Nethemba","og_description":"Profesional de Seguridad Certificado Obtuvo su BSc. en la FEI-STU en Bratislava y MSc en Inform\u00e1tica en la Universidad T\u00e9cnica Checa con una tesis de maestr\u00eda centrada en sistemas ultra seguros. Posee muchas prestigiosas certificaciones de seguridad, incluidas CISSP y CEH, es el l\u00edder del cap\u00edtulo eslovaco de OWASP, cofundador de Progressbar y de las [&hellip;]","og_url":"https:\/\/nethemba.com\/es\/sobre-nosotros-old\/nuestro-equipo\/pavol-luptak-profesional-de-seguridad-certificado\/","og_site_name":"Nethemba","article_publisher":"https:\/\/www.facebook.com\/nethemba","article_modified_time":"2023-02-25T10:08:09+00:00","twitter_card":"summary_large_image","twitter_site":"@nethemba","twitter_misc":{"Tiempo de lectura":"1 minuto"},"schema":{"@context":"https:\/\/schema.org","@graph":[{"@type":"WebPage","@id":"https:\/\/nethemba.com\/es\/sobre-nosotros-old\/nuestro-equipo\/pavol-luptak-profesional-de-seguridad-certificado\/","url":"https:\/\/nethemba.com\/es\/sobre-nosotros-old\/nuestro-equipo\/pavol-luptak-profesional-de-seguridad-certificado\/","name":"Pavol Luptak - Nethemba","isPartOf":{"@id":"https:\/\/nethemba.com\/de\/#website"},"datePublished":"2019-03-08T15:59:20+00:00","dateModified":"2023-02-25T10:08:09+00:00","breadcrumb":{"@id":"https:\/\/nethemba.com\/es\/sobre-nosotros-old\/nuestro-equipo\/pavol-luptak-profesional-de-seguridad-certificado\/#breadcrumb"},"inLanguage":"es","potentialAction":[{"@type":"ReadAction","target":["https:\/\/nethemba.com\/es\/sobre-nosotros-old\/nuestro-equipo\/pavol-luptak-profesional-de-seguridad-certificado\/"]}]},{"@type":"BreadcrumbList","@id":"https:\/\/nethemba.com\/es\/sobre-nosotros-old\/nuestro-equipo\/pavol-luptak-profesional-de-seguridad-certificado\/#breadcrumb","itemListElement":[{"@type":"ListItem","position":1,"name":"Home","item":"https:\/\/nethemba.com\/cs\/"},{"@type":"ListItem","position":2,"name":"SOBRE NOSOTROS","item":"https:\/\/nethemba.com\/es\/sobre-nosotros-old\/"},{"@type":"ListItem","position":3,"name":"NUESTRO EQUIPO","item":"https:\/\/nethemba.com\/es\/sobre-nosotros-old\/nuestro-equipo\/"},{"@type":"ListItem","position":4,"name":"Pavol Luptak"}]},{"@type":"WebSite","@id":"https:\/\/nethemba.com\/de\/#website","url":"https:\/\/nethemba.com\/de\/","name":"Nethemba","description":"We care about your security","potentialAction":[{"@type":"SearchAction","target":{"@type":"EntryPoint","urlTemplate":"https:\/\/nethemba.com\/de\/?s={search_term_string}"},"query-input":{"@type":"PropertyValueSpecification","valueRequired":true,"valueName":"search_term_string"}}],"inLanguage":"es"}]}},"_links":{"self":[{"href":"https:\/\/nethemba.com\/es\/wp-json\/wp\/v2\/pages\/3239","targetHints":{"allow":["GET"]}}],"collection":[{"href":"https:\/\/nethemba.com\/es\/wp-json\/wp\/v2\/pages"}],"about":[{"href":"https:\/\/nethemba.com\/es\/wp-json\/wp\/v2\/types\/page"}],"author":[{"embeddable":true,"href":"https:\/\/nethemba.com\/es\/wp-json\/wp\/v2\/users\/2"}],"replies":[{"embeddable":true,"href":"https:\/\/nethemba.com\/es\/wp-json\/wp\/v2\/comments?post=3239"}],"version-history":[{"count":0,"href":"https:\/\/nethemba.com\/es\/wp-json\/wp\/v2\/pages\/3239\/revisions"}],"up":[{"embeddable":true,"href":"https:\/\/nethemba.com\/es\/wp-json\/wp\/v2\/pages\/3226"}],"wp:attachment":[{"href":"https:\/\/nethemba.com\/es\/wp-json\/wp\/v2\/media?parent=3239"}],"curies":[{"name":"wp","href":"https:\/\/api.w.org\/{rel}","templated":true}]}}