{"id":3244,"date":"2019-03-08T16:13:14","date_gmt":"2019-03-08T16:13:14","guid":{"rendered":"http:\/\/nethemba.com\/?page_id=3244"},"modified":"2023-02-25T11:09:25","modified_gmt":"2023-02-25T10:09:25","slug":"boris-pisarcik","status":"publish","type":"page","link":"https:\/\/nethemba.com\/es\/sobre-nosotros-old\/nuestro-equipo\/boris-pisarcik\/","title":{"rendered":"Boris Pisar\u010d\u00edk"},"content":{"rendered":"<p>\r\n<\/p><p><!--StartFragment--><\/p>\r\n\r\n\r\n<p><strong> Profesional de Pruebas de Penetraci\u00f3n<\/strong><\/p>\r\n\r\n\r\n\r\n<p>\u00c9l ha aprobado muchas certificaciones: CEH (Certified Ethical Hacker), SCSA (Sun Certified System Administrator), SCNA (Sun Certified Network Administrator), LPIC-3 (Senior Level Linux Professional), CMDB MySQL (MySQL Certified DB Administrator).<\/p>\r\n\r\n\r\n\r\n<p>Boris tiene conocimiento de muchos lenguajes de programaci\u00f3n incluyendo ASM, C, C ++, Java, Python, Perl.<\/p>\r\n\r\n\r\n\r\n<p>En el pasado, propuso e implement\u00f3 muchos cl\u00fasteres complejos de computaci\u00f3n en la nube LB \/ HA basados en tecnolog\u00eda Amazon \/ Rackspace y cl\u00fasteres de base de datos Oracle \/ MySQL \/ PostgreSQL.<\/p>\r\n\r\n\r\n\r\n<p>Tambi\u00e9n tiene un conocimiento muy profundo de la Gu\u00eda de pruebas de OWASP, OSSTMM y experiencia con muchas herramientas de pruebas de seguridad y marcos de explotaci\u00f3n.<br><\/p>\r\n\r\n\r\n<p><!--EndFragment--><\/p>\r\n<p><\/p>","protected":false},"excerpt":{"rendered":"<p>Profesional de Pruebas de Penetraci\u00f3n \u00c9l ha aprobado muchas certificaciones: CEH (Certified Ethical Hacker), SCSA (Sun Certified System Administrator), SCNA (Sun Certified Network Administrator), LPIC-3 (Senior Level Linux Professional), CMDB MySQL (MySQL Certified DB Administrator). Boris tiene conocimiento de muchos lenguajes de programaci\u00f3n incluyendo ASM, C, C ++, Java, Python, Perl. En el pasado, propuso [&hellip;]<\/p>\n","protected":false},"author":2,"featured_media":0,"parent":3226,"menu_order":3,"comment_status":"closed","ping_status":"closed","template":"","meta":{"inline_featured_image":false,"_monsterinsights_skip_tracking":false,"_monsterinsights_sitenote_active":false,"_monsterinsights_sitenote_note":"","_monsterinsights_sitenote_category":0,"footnotes":""},"class_list":["post-3244","page","type-page","status-publish","hentry"],"yoast_head":"<!-- This site is optimized with the Yoast SEO plugin v27.5 - https:\/\/yoast.com\/product\/yoast-seo-wordpress\/ -->\n<title>Boris Pisar\u010d\u00edk - Nethemba<\/title>\n<meta name=\"robots\" content=\"index, follow, max-snippet:-1, max-image-preview:large, max-video-preview:-1\" \/>\n<link rel=\"canonical\" href=\"https:\/\/nethemba.com\/es\/sobre-nosotros-old\/nuestro-equipo\/boris-pisarcik\/\" \/>\n<meta property=\"og:locale\" content=\"es_ES\" \/>\n<meta property=\"og:type\" content=\"article\" \/>\n<meta property=\"og:title\" content=\"Boris Pisar\u010d\u00edk - Nethemba\" \/>\n<meta property=\"og:description\" content=\"Profesional de Pruebas de Penetraci\u00f3n \u00c9l ha aprobado muchas certificaciones: CEH (Certified Ethical Hacker), SCSA (Sun Certified System Administrator), SCNA (Sun Certified Network Administrator), LPIC-3 (Senior Level Linux Professional), CMDB MySQL (MySQL Certified DB Administrator). Boris tiene conocimiento de muchos lenguajes de programaci\u00f3n incluyendo ASM, C, C ++, Java, Python, Perl. En el pasado, propuso [&hellip;]\" \/>\n<meta property=\"og:url\" content=\"https:\/\/nethemba.com\/es\/sobre-nosotros-old\/nuestro-equipo\/boris-pisarcik\/\" \/>\n<meta property=\"og:site_name\" content=\"Nethemba\" \/>\n<meta property=\"article:publisher\" content=\"https:\/\/www.facebook.com\/nethemba\" \/>\n<meta property=\"article:modified_time\" content=\"2023-02-25T10:09:25+00:00\" \/>\n<meta name=\"twitter:card\" content=\"summary_large_image\" \/>\n<meta name=\"twitter:site\" content=\"@nethemba\" \/>\n<meta name=\"twitter:label1\" content=\"Tiempo de lectura\" \/>\n\t<meta name=\"twitter:data1\" content=\"1 minuto\" \/>\n<script type=\"application\/ld+json\" class=\"yoast-schema-graph\">{\"@context\":\"https:\\\/\\\/schema.org\",\"@graph\":[{\"@type\":\"WebPage\",\"@id\":\"https:\\\/\\\/nethemba.com\\\/es\\\/sobre-nosotros-old\\\/nuestro-equipo\\\/boris-pisarcik\\\/\",\"url\":\"https:\\\/\\\/nethemba.com\\\/es\\\/sobre-nosotros-old\\\/nuestro-equipo\\\/boris-pisarcik\\\/\",\"name\":\"Boris Pisar\u010d\u00edk - Nethemba\",\"isPartOf\":{\"@id\":\"https:\\\/\\\/nethemba.com\\\/de\\\/#website\"},\"datePublished\":\"2019-03-08T16:13:14+00:00\",\"dateModified\":\"2023-02-25T10:09:25+00:00\",\"breadcrumb\":{\"@id\":\"https:\\\/\\\/nethemba.com\\\/es\\\/sobre-nosotros-old\\\/nuestro-equipo\\\/boris-pisarcik\\\/#breadcrumb\"},\"inLanguage\":\"es\",\"potentialAction\":[{\"@type\":\"ReadAction\",\"target\":[\"https:\\\/\\\/nethemba.com\\\/es\\\/sobre-nosotros-old\\\/nuestro-equipo\\\/boris-pisarcik\\\/\"]}]},{\"@type\":\"BreadcrumbList\",\"@id\":\"https:\\\/\\\/nethemba.com\\\/es\\\/sobre-nosotros-old\\\/nuestro-equipo\\\/boris-pisarcik\\\/#breadcrumb\",\"itemListElement\":[{\"@type\":\"ListItem\",\"position\":1,\"name\":\"Home\",\"item\":\"https:\\\/\\\/nethemba.com\\\/cs\\\/\"},{\"@type\":\"ListItem\",\"position\":2,\"name\":\"SOBRE NOSOTROS\",\"item\":\"https:\\\/\\\/nethemba.com\\\/es\\\/sobre-nosotros-old\\\/\"},{\"@type\":\"ListItem\",\"position\":3,\"name\":\"NUESTRO EQUIPO\",\"item\":\"https:\\\/\\\/nethemba.com\\\/es\\\/sobre-nosotros-old\\\/nuestro-equipo\\\/\"},{\"@type\":\"ListItem\",\"position\":4,\"name\":\"Boris Pisar\u010d\u00edk\"}]},{\"@type\":\"WebSite\",\"@id\":\"https:\\\/\\\/nethemba.com\\\/de\\\/#website\",\"url\":\"https:\\\/\\\/nethemba.com\\\/de\\\/\",\"name\":\"Nethemba\",\"description\":\"We care about your security\",\"potentialAction\":[{\"@type\":\"SearchAction\",\"target\":{\"@type\":\"EntryPoint\",\"urlTemplate\":\"https:\\\/\\\/nethemba.com\\\/de\\\/?s={search_term_string}\"},\"query-input\":{\"@type\":\"PropertyValueSpecification\",\"valueRequired\":true,\"valueName\":\"search_term_string\"}}],\"inLanguage\":\"es\"}]}<\/script>\n<!-- \/ Yoast SEO plugin. -->","yoast_head_json":{"title":"Boris Pisar\u010d\u00edk - Nethemba","robots":{"index":"index","follow":"follow","max-snippet":"max-snippet:-1","max-image-preview":"max-image-preview:large","max-video-preview":"max-video-preview:-1"},"canonical":"https:\/\/nethemba.com\/es\/sobre-nosotros-old\/nuestro-equipo\/boris-pisarcik\/","og_locale":"es_ES","og_type":"article","og_title":"Boris Pisar\u010d\u00edk - Nethemba","og_description":"Profesional de Pruebas de Penetraci\u00f3n \u00c9l ha aprobado muchas certificaciones: CEH (Certified Ethical Hacker), SCSA (Sun Certified System Administrator), SCNA (Sun Certified Network Administrator), LPIC-3 (Senior Level Linux Professional), CMDB MySQL (MySQL Certified DB Administrator). Boris tiene conocimiento de muchos lenguajes de programaci\u00f3n incluyendo ASM, C, C ++, Java, Python, Perl. En el pasado, propuso [&hellip;]","og_url":"https:\/\/nethemba.com\/es\/sobre-nosotros-old\/nuestro-equipo\/boris-pisarcik\/","og_site_name":"Nethemba","article_publisher":"https:\/\/www.facebook.com\/nethemba","article_modified_time":"2023-02-25T10:09:25+00:00","twitter_card":"summary_large_image","twitter_site":"@nethemba","twitter_misc":{"Tiempo de lectura":"1 minuto"},"schema":{"@context":"https:\/\/schema.org","@graph":[{"@type":"WebPage","@id":"https:\/\/nethemba.com\/es\/sobre-nosotros-old\/nuestro-equipo\/boris-pisarcik\/","url":"https:\/\/nethemba.com\/es\/sobre-nosotros-old\/nuestro-equipo\/boris-pisarcik\/","name":"Boris Pisar\u010d\u00edk - Nethemba","isPartOf":{"@id":"https:\/\/nethemba.com\/de\/#website"},"datePublished":"2019-03-08T16:13:14+00:00","dateModified":"2023-02-25T10:09:25+00:00","breadcrumb":{"@id":"https:\/\/nethemba.com\/es\/sobre-nosotros-old\/nuestro-equipo\/boris-pisarcik\/#breadcrumb"},"inLanguage":"es","potentialAction":[{"@type":"ReadAction","target":["https:\/\/nethemba.com\/es\/sobre-nosotros-old\/nuestro-equipo\/boris-pisarcik\/"]}]},{"@type":"BreadcrumbList","@id":"https:\/\/nethemba.com\/es\/sobre-nosotros-old\/nuestro-equipo\/boris-pisarcik\/#breadcrumb","itemListElement":[{"@type":"ListItem","position":1,"name":"Home","item":"https:\/\/nethemba.com\/cs\/"},{"@type":"ListItem","position":2,"name":"SOBRE NOSOTROS","item":"https:\/\/nethemba.com\/es\/sobre-nosotros-old\/"},{"@type":"ListItem","position":3,"name":"NUESTRO EQUIPO","item":"https:\/\/nethemba.com\/es\/sobre-nosotros-old\/nuestro-equipo\/"},{"@type":"ListItem","position":4,"name":"Boris Pisar\u010d\u00edk"}]},{"@type":"WebSite","@id":"https:\/\/nethemba.com\/de\/#website","url":"https:\/\/nethemba.com\/de\/","name":"Nethemba","description":"We care about your security","potentialAction":[{"@type":"SearchAction","target":{"@type":"EntryPoint","urlTemplate":"https:\/\/nethemba.com\/de\/?s={search_term_string}"},"query-input":{"@type":"PropertyValueSpecification","valueRequired":true,"valueName":"search_term_string"}}],"inLanguage":"es"}]}},"_links":{"self":[{"href":"https:\/\/nethemba.com\/es\/wp-json\/wp\/v2\/pages\/3244","targetHints":{"allow":["GET"]}}],"collection":[{"href":"https:\/\/nethemba.com\/es\/wp-json\/wp\/v2\/pages"}],"about":[{"href":"https:\/\/nethemba.com\/es\/wp-json\/wp\/v2\/types\/page"}],"author":[{"embeddable":true,"href":"https:\/\/nethemba.com\/es\/wp-json\/wp\/v2\/users\/2"}],"replies":[{"embeddable":true,"href":"https:\/\/nethemba.com\/es\/wp-json\/wp\/v2\/comments?post=3244"}],"version-history":[{"count":0,"href":"https:\/\/nethemba.com\/es\/wp-json\/wp\/v2\/pages\/3244\/revisions"}],"up":[{"embeddable":true,"href":"https:\/\/nethemba.com\/es\/wp-json\/wp\/v2\/pages\/3226"}],"wp:attachment":[{"href":"https:\/\/nethemba.com\/es\/wp-json\/wp\/v2\/media?parent=3244"}],"curies":[{"name":"wp","href":"https:\/\/api.w.org\/{rel}","templated":true}]}}