{"id":3251,"date":"2019-03-08T16:27:43","date_gmt":"2019-03-08T16:27:43","guid":{"rendered":"http:\/\/nethemba.com\/?page_id=3251"},"modified":"2023-02-25T11:10:39","modified_gmt":"2023-02-25T10:10:39","slug":"jaroslav-babka","status":"publish","type":"page","link":"https:\/\/nethemba.com\/es\/sobre-nosotros-old\/nuestro-equipo\/jaroslav-babka\/","title":{"rendered":"Jaroslav Babka"},"content":{"rendered":"\r\n<p>Profesional de Pruebas de Penetraci\u00f3n<\/p>\r\n\r\n\r\n\r\n<p>Jaroslav tiene un profundo conocimiento de los lenguajes de programaci\u00f3n de bajo y alto nivel. Es un experto en ingenier\u00eda inversa y tiene un conocimiento detallado de la arquitectura del sistema Windows \/ Linux.<\/p>\r\n\r\n\r\n\r\n<p>Tambi\u00e9n es un especialista en dise\u00f1o arquitect\u00f3nico e implementaci\u00f3n de sistemas SAP. Tiene un conocimiento de la Gu\u00eda de pruebas de OWASP, OSSTMM y mucha experiencia en la b\u00fasqueda de vulnerabilidades.<\/p>\r\n\r\n\r\n\r\n<p>Tambi\u00e9n se centra en la investigaci\u00f3n de seguridad de TI (emulaci\u00f3n de tarjetas inteligentes a trav\u00e9s de tel\u00e9fonos NFC).<\/p>\r\n","protected":false},"excerpt":{"rendered":"<p>Profesional de Pruebas de Penetraci\u00f3n Jaroslav tiene un profundo conocimiento de los lenguajes de programaci\u00f3n de bajo y alto nivel. Es un experto en ingenier\u00eda inversa y tiene un conocimiento detallado de la arquitectura del sistema Windows \/ Linux. Tambi\u00e9n es un especialista en dise\u00f1o arquitect\u00f3nico e implementaci\u00f3n de sistemas SAP. Tiene un conocimiento de [&hellip;]<\/p>\n","protected":false},"author":2,"featured_media":0,"parent":3226,"menu_order":4,"comment_status":"closed","ping_status":"closed","template":"","meta":{"inline_featured_image":false,"_monsterinsights_skip_tracking":false,"_monsterinsights_sitenote_active":false,"_monsterinsights_sitenote_note":"","_monsterinsights_sitenote_category":0,"footnotes":""},"class_list":["post-3251","page","type-page","status-publish","hentry"],"yoast_head":"<!-- This site is optimized with the Yoast SEO plugin v27.3 - https:\/\/yoast.com\/product\/yoast-seo-wordpress\/ -->\n<title>Jaroslav Babka - Nethemba<\/title>\n<meta name=\"robots\" content=\"index, follow, max-snippet:-1, max-image-preview:large, max-video-preview:-1\" \/>\n<link rel=\"canonical\" href=\"https:\/\/nethemba.com\/es\/sobre-nosotros-old\/nuestro-equipo\/jaroslav-babka\/\" \/>\n<meta property=\"og:locale\" content=\"es_ES\" \/>\n<meta property=\"og:type\" content=\"article\" \/>\n<meta property=\"og:title\" content=\"Jaroslav Babka - Nethemba\" \/>\n<meta property=\"og:description\" content=\"Profesional de Pruebas de Penetraci\u00f3n Jaroslav tiene un profundo conocimiento de los lenguajes de programaci\u00f3n de bajo y alto nivel. Es un experto en ingenier\u00eda inversa y tiene un conocimiento detallado de la arquitectura del sistema Windows \/ Linux. Tambi\u00e9n es un especialista en dise\u00f1o arquitect\u00f3nico e implementaci\u00f3n de sistemas SAP. Tiene un conocimiento de [&hellip;]\" \/>\n<meta property=\"og:url\" content=\"https:\/\/nethemba.com\/es\/sobre-nosotros-old\/nuestro-equipo\/jaroslav-babka\/\" \/>\n<meta property=\"og:site_name\" content=\"Nethemba\" \/>\n<meta property=\"article:publisher\" content=\"https:\/\/www.facebook.com\/nethemba\" \/>\n<meta property=\"article:modified_time\" content=\"2023-02-25T10:10:39+00:00\" \/>\n<meta name=\"twitter:card\" content=\"summary_large_image\" \/>\n<meta name=\"twitter:site\" content=\"@nethemba\" \/>\n<meta name=\"twitter:label1\" content=\"Tiempo de lectura\" \/>\n\t<meta name=\"twitter:data1\" content=\"1 minuto\" \/>\n<script type=\"application\/ld+json\" class=\"yoast-schema-graph\">{\"@context\":\"https:\\\/\\\/schema.org\",\"@graph\":[{\"@type\":\"WebPage\",\"@id\":\"https:\\\/\\\/nethemba.com\\\/es\\\/sobre-nosotros-old\\\/nuestro-equipo\\\/jaroslav-babka\\\/\",\"url\":\"https:\\\/\\\/nethemba.com\\\/es\\\/sobre-nosotros-old\\\/nuestro-equipo\\\/jaroslav-babka\\\/\",\"name\":\"Jaroslav Babka - Nethemba\",\"isPartOf\":{\"@id\":\"https:\\\/\\\/nethemba.com\\\/de\\\/#website\"},\"datePublished\":\"2019-03-08T16:27:43+00:00\",\"dateModified\":\"2023-02-25T10:10:39+00:00\",\"breadcrumb\":{\"@id\":\"https:\\\/\\\/nethemba.com\\\/es\\\/sobre-nosotros-old\\\/nuestro-equipo\\\/jaroslav-babka\\\/#breadcrumb\"},\"inLanguage\":\"es\",\"potentialAction\":[{\"@type\":\"ReadAction\",\"target\":[\"https:\\\/\\\/nethemba.com\\\/es\\\/sobre-nosotros-old\\\/nuestro-equipo\\\/jaroslav-babka\\\/\"]}]},{\"@type\":\"BreadcrumbList\",\"@id\":\"https:\\\/\\\/nethemba.com\\\/es\\\/sobre-nosotros-old\\\/nuestro-equipo\\\/jaroslav-babka\\\/#breadcrumb\",\"itemListElement\":[{\"@type\":\"ListItem\",\"position\":1,\"name\":\"Home\",\"item\":\"https:\\\/\\\/nethemba.com\\\/cs\\\/\"},{\"@type\":\"ListItem\",\"position\":2,\"name\":\"SOBRE NOSOTROS\",\"item\":\"https:\\\/\\\/nethemba.com\\\/es\\\/sobre-nosotros-old\\\/\"},{\"@type\":\"ListItem\",\"position\":3,\"name\":\"NUESTRO EQUIPO\",\"item\":\"https:\\\/\\\/nethemba.com\\\/es\\\/sobre-nosotros-old\\\/nuestro-equipo\\\/\"},{\"@type\":\"ListItem\",\"position\":4,\"name\":\"Jaroslav Babka\"}]},{\"@type\":\"WebSite\",\"@id\":\"https:\\\/\\\/nethemba.com\\\/de\\\/#website\",\"url\":\"https:\\\/\\\/nethemba.com\\\/de\\\/\",\"name\":\"Nethemba\",\"description\":\"We care about your security\",\"potentialAction\":[{\"@type\":\"SearchAction\",\"target\":{\"@type\":\"EntryPoint\",\"urlTemplate\":\"https:\\\/\\\/nethemba.com\\\/de\\\/?s={search_term_string}\"},\"query-input\":{\"@type\":\"PropertyValueSpecification\",\"valueRequired\":true,\"valueName\":\"search_term_string\"}}],\"inLanguage\":\"es\"}]}<\/script>\n<!-- \/ Yoast SEO plugin. -->","yoast_head_json":{"title":"Jaroslav Babka - Nethemba","robots":{"index":"index","follow":"follow","max-snippet":"max-snippet:-1","max-image-preview":"max-image-preview:large","max-video-preview":"max-video-preview:-1"},"canonical":"https:\/\/nethemba.com\/es\/sobre-nosotros-old\/nuestro-equipo\/jaroslav-babka\/","og_locale":"es_ES","og_type":"article","og_title":"Jaroslav Babka - Nethemba","og_description":"Profesional de Pruebas de Penetraci\u00f3n Jaroslav tiene un profundo conocimiento de los lenguajes de programaci\u00f3n de bajo y alto nivel. Es un experto en ingenier\u00eda inversa y tiene un conocimiento detallado de la arquitectura del sistema Windows \/ Linux. Tambi\u00e9n es un especialista en dise\u00f1o arquitect\u00f3nico e implementaci\u00f3n de sistemas SAP. Tiene un conocimiento de [&hellip;]","og_url":"https:\/\/nethemba.com\/es\/sobre-nosotros-old\/nuestro-equipo\/jaroslav-babka\/","og_site_name":"Nethemba","article_publisher":"https:\/\/www.facebook.com\/nethemba","article_modified_time":"2023-02-25T10:10:39+00:00","twitter_card":"summary_large_image","twitter_site":"@nethemba","twitter_misc":{"Tiempo de lectura":"1 minuto"},"schema":{"@context":"https:\/\/schema.org","@graph":[{"@type":"WebPage","@id":"https:\/\/nethemba.com\/es\/sobre-nosotros-old\/nuestro-equipo\/jaroslav-babka\/","url":"https:\/\/nethemba.com\/es\/sobre-nosotros-old\/nuestro-equipo\/jaroslav-babka\/","name":"Jaroslav Babka - Nethemba","isPartOf":{"@id":"https:\/\/nethemba.com\/de\/#website"},"datePublished":"2019-03-08T16:27:43+00:00","dateModified":"2023-02-25T10:10:39+00:00","breadcrumb":{"@id":"https:\/\/nethemba.com\/es\/sobre-nosotros-old\/nuestro-equipo\/jaroslav-babka\/#breadcrumb"},"inLanguage":"es","potentialAction":[{"@type":"ReadAction","target":["https:\/\/nethemba.com\/es\/sobre-nosotros-old\/nuestro-equipo\/jaroslav-babka\/"]}]},{"@type":"BreadcrumbList","@id":"https:\/\/nethemba.com\/es\/sobre-nosotros-old\/nuestro-equipo\/jaroslav-babka\/#breadcrumb","itemListElement":[{"@type":"ListItem","position":1,"name":"Home","item":"https:\/\/nethemba.com\/cs\/"},{"@type":"ListItem","position":2,"name":"SOBRE NOSOTROS","item":"https:\/\/nethemba.com\/es\/sobre-nosotros-old\/"},{"@type":"ListItem","position":3,"name":"NUESTRO EQUIPO","item":"https:\/\/nethemba.com\/es\/sobre-nosotros-old\/nuestro-equipo\/"},{"@type":"ListItem","position":4,"name":"Jaroslav Babka"}]},{"@type":"WebSite","@id":"https:\/\/nethemba.com\/de\/#website","url":"https:\/\/nethemba.com\/de\/","name":"Nethemba","description":"We care about your security","potentialAction":[{"@type":"SearchAction","target":{"@type":"EntryPoint","urlTemplate":"https:\/\/nethemba.com\/de\/?s={search_term_string}"},"query-input":{"@type":"PropertyValueSpecification","valueRequired":true,"valueName":"search_term_string"}}],"inLanguage":"es"}]}},"_links":{"self":[{"href":"https:\/\/nethemba.com\/es\/wp-json\/wp\/v2\/pages\/3251","targetHints":{"allow":["GET"]}}],"collection":[{"href":"https:\/\/nethemba.com\/es\/wp-json\/wp\/v2\/pages"}],"about":[{"href":"https:\/\/nethemba.com\/es\/wp-json\/wp\/v2\/types\/page"}],"author":[{"embeddable":true,"href":"https:\/\/nethemba.com\/es\/wp-json\/wp\/v2\/users\/2"}],"replies":[{"embeddable":true,"href":"https:\/\/nethemba.com\/es\/wp-json\/wp\/v2\/comments?post=3251"}],"version-history":[{"count":0,"href":"https:\/\/nethemba.com\/es\/wp-json\/wp\/v2\/pages\/3251\/revisions"}],"up":[{"embeddable":true,"href":"https:\/\/nethemba.com\/es\/wp-json\/wp\/v2\/pages\/3226"}],"wp:attachment":[{"href":"https:\/\/nethemba.com\/es\/wp-json\/wp\/v2\/media?parent=3251"}],"curies":[{"name":"wp","href":"https:\/\/api.w.org\/{rel}","templated":true}]}}