{"id":3253,"date":"2019-03-08T16:54:04","date_gmt":"2019-03-08T16:54:04","guid":{"rendered":"http:\/\/nethemba.com\/?page_id=3253"},"modified":"2023-02-25T11:12:04","modified_gmt":"2023-02-25T10:12:04","slug":"slavomir-ivancik","status":"publish","type":"page","link":"https:\/\/nethemba.com\/es\/sobre-nosotros-old\/nuestro-equipo\/slavomir-ivancik\/","title":{"rendered":"Slavom\u00edr Ivan\u010d\u00edk"},"content":{"rendered":"\r\n<p>Profesional de Pruebas de Penetraci\u00f3n\/ Consultor de Seguridad TI<\/p>\r\n\r\n\r\n\r\n<p>Obtuvo su Msc en FEI-SPU Nitra centrado en la gesti\u00f3n cuantitativa e inform\u00e1tica. Posee numerosas certificaciones profesionales de seguridad y redes, incluidas CCSP, CCNP, CCNP-Security, CCDP y CCIP de OSCE (Offensive Security Certified Expert).<\/p>\r\n\r\n\r\n\r\n<p>Trabaj\u00f3 como consultor y director t\u00e9cnico en varias empresas, como copropietario y formador en Lapis, s.r.o., director de la Universidad CIKT en Nitra y consultor de seguridad en CORINEX GROUP, a.s.<\/p>\r\n\r\n\r\n\r\n<p>Est\u00e1 especializado en dise\u00f1o, implementaci\u00f3n y pruebas de seguridad de infraestructura de red, documentaci\u00f3n ISO 17799\/27000, an\u00e1lisis forense y pruebas de penetraci\u00f3n.<\/p>\r\n","protected":false},"excerpt":{"rendered":"<p>Profesional de Pruebas de Penetraci\u00f3n\/ Consultor de Seguridad TI Obtuvo su Msc en FEI-SPU Nitra centrado en la gesti\u00f3n cuantitativa e inform\u00e1tica. Posee numerosas certificaciones profesionales de seguridad y redes, incluidas CCSP, CCNP, CCNP-Security, CCDP y CCIP de OSCE (Offensive Security Certified Expert). Trabaj\u00f3 como consultor y director t\u00e9cnico en varias empresas, como copropietario y [&hellip;]<\/p>\n","protected":false},"author":2,"featured_media":0,"parent":3226,"menu_order":5,"comment_status":"closed","ping_status":"closed","template":"","meta":{"inline_featured_image":false,"_monsterinsights_skip_tracking":false,"_monsterinsights_sitenote_active":false,"_monsterinsights_sitenote_note":"","_monsterinsights_sitenote_category":0,"footnotes":""},"class_list":["post-3253","page","type-page","status-publish","hentry"],"yoast_head":"<!-- This site is optimized with the Yoast SEO plugin v27.2 - https:\/\/yoast.com\/product\/yoast-seo-wordpress\/ -->\n<title>Slavom\u00edr Ivan\u010d\u00edk - Nethemba<\/title>\n<meta name=\"robots\" content=\"index, follow, max-snippet:-1, max-image-preview:large, max-video-preview:-1\" \/>\n<link rel=\"canonical\" href=\"https:\/\/nethemba.com\/es\/sobre-nosotros-old\/nuestro-equipo\/slavomir-ivancik\/\" \/>\n<meta property=\"og:locale\" content=\"es_ES\" \/>\n<meta property=\"og:type\" content=\"article\" \/>\n<meta property=\"og:title\" content=\"Slavom\u00edr Ivan\u010d\u00edk - Nethemba\" \/>\n<meta property=\"og:description\" content=\"Profesional de Pruebas de Penetraci\u00f3n\/ Consultor de Seguridad TI Obtuvo su Msc en FEI-SPU Nitra centrado en la gesti\u00f3n cuantitativa e inform\u00e1tica. Posee numerosas certificaciones profesionales de seguridad y redes, incluidas CCSP, CCNP, CCNP-Security, CCDP y CCIP de OSCE (Offensive Security Certified Expert). Trabaj\u00f3 como consultor y director t\u00e9cnico en varias empresas, como copropietario y [&hellip;]\" \/>\n<meta property=\"og:url\" content=\"https:\/\/nethemba.com\/es\/sobre-nosotros-old\/nuestro-equipo\/slavomir-ivancik\/\" \/>\n<meta property=\"og:site_name\" content=\"Nethemba\" \/>\n<meta property=\"article:publisher\" content=\"https:\/\/www.facebook.com\/nethemba\" \/>\n<meta property=\"article:modified_time\" content=\"2023-02-25T10:12:04+00:00\" \/>\n<meta name=\"twitter:card\" content=\"summary_large_image\" \/>\n<meta name=\"twitter:site\" content=\"@nethemba\" \/>\n<meta name=\"twitter:label1\" content=\"Tiempo de lectura\" \/>\n\t<meta name=\"twitter:data1\" content=\"1 minuto\" \/>\n<script type=\"application\/ld+json\" class=\"yoast-schema-graph\">{\"@context\":\"https:\/\/schema.org\",\"@graph\":[{\"@type\":\"WebPage\",\"@id\":\"https:\/\/nethemba.com\/es\/sobre-nosotros-old\/nuestro-equipo\/slavomir-ivancik\/\",\"url\":\"https:\/\/nethemba.com\/es\/sobre-nosotros-old\/nuestro-equipo\/slavomir-ivancik\/\",\"name\":\"Slavom\u00edr Ivan\u010d\u00edk - Nethemba\",\"isPartOf\":{\"@id\":\"https:\/\/nethemba.com\/de\/#website\"},\"datePublished\":\"2019-03-08T16:54:04+00:00\",\"dateModified\":\"2023-02-25T10:12:04+00:00\",\"breadcrumb\":{\"@id\":\"https:\/\/nethemba.com\/es\/sobre-nosotros-old\/nuestro-equipo\/slavomir-ivancik\/#breadcrumb\"},\"inLanguage\":\"es\",\"potentialAction\":[{\"@type\":\"ReadAction\",\"target\":[\"https:\/\/nethemba.com\/es\/sobre-nosotros-old\/nuestro-equipo\/slavomir-ivancik\/\"]}]},{\"@type\":\"BreadcrumbList\",\"@id\":\"https:\/\/nethemba.com\/es\/sobre-nosotros-old\/nuestro-equipo\/slavomir-ivancik\/#breadcrumb\",\"itemListElement\":[{\"@type\":\"ListItem\",\"position\":1,\"name\":\"Home\",\"item\":\"https:\/\/nethemba.com\/cs\/\"},{\"@type\":\"ListItem\",\"position\":2,\"name\":\"SOBRE NOSOTROS\",\"item\":\"https:\/\/nethemba.com\/es\/sobre-nosotros-old\/\"},{\"@type\":\"ListItem\",\"position\":3,\"name\":\"NUESTRO EQUIPO\",\"item\":\"https:\/\/nethemba.com\/es\/sobre-nosotros-old\/nuestro-equipo\/\"},{\"@type\":\"ListItem\",\"position\":4,\"name\":\"Slavom\u00edr Ivan\u010d\u00edk\"}]},{\"@type\":\"WebSite\",\"@id\":\"https:\/\/nethemba.com\/de\/#website\",\"url\":\"https:\/\/nethemba.com\/de\/\",\"name\":\"Nethemba\",\"description\":\"We care about your security\",\"potentialAction\":[{\"@type\":\"SearchAction\",\"target\":{\"@type\":\"EntryPoint\",\"urlTemplate\":\"https:\/\/nethemba.com\/de\/?s={search_term_string}\"},\"query-input\":{\"@type\":\"PropertyValueSpecification\",\"valueRequired\":true,\"valueName\":\"search_term_string\"}}],\"inLanguage\":\"es\"}]}<\/script>\n<!-- \/ Yoast SEO plugin. -->","yoast_head_json":{"title":"Slavom\u00edr Ivan\u010d\u00edk - Nethemba","robots":{"index":"index","follow":"follow","max-snippet":"max-snippet:-1","max-image-preview":"max-image-preview:large","max-video-preview":"max-video-preview:-1"},"canonical":"https:\/\/nethemba.com\/es\/sobre-nosotros-old\/nuestro-equipo\/slavomir-ivancik\/","og_locale":"es_ES","og_type":"article","og_title":"Slavom\u00edr Ivan\u010d\u00edk - Nethemba","og_description":"Profesional de Pruebas de Penetraci\u00f3n\/ Consultor de Seguridad TI Obtuvo su Msc en FEI-SPU Nitra centrado en la gesti\u00f3n cuantitativa e inform\u00e1tica. Posee numerosas certificaciones profesionales de seguridad y redes, incluidas CCSP, CCNP, CCNP-Security, CCDP y CCIP de OSCE (Offensive Security Certified Expert). Trabaj\u00f3 como consultor y director t\u00e9cnico en varias empresas, como copropietario y [&hellip;]","og_url":"https:\/\/nethemba.com\/es\/sobre-nosotros-old\/nuestro-equipo\/slavomir-ivancik\/","og_site_name":"Nethemba","article_publisher":"https:\/\/www.facebook.com\/nethemba","article_modified_time":"2023-02-25T10:12:04+00:00","twitter_card":"summary_large_image","twitter_site":"@nethemba","twitter_misc":{"Tiempo de lectura":"1 minuto"},"schema":{"@context":"https:\/\/schema.org","@graph":[{"@type":"WebPage","@id":"https:\/\/nethemba.com\/es\/sobre-nosotros-old\/nuestro-equipo\/slavomir-ivancik\/","url":"https:\/\/nethemba.com\/es\/sobre-nosotros-old\/nuestro-equipo\/slavomir-ivancik\/","name":"Slavom\u00edr Ivan\u010d\u00edk - Nethemba","isPartOf":{"@id":"https:\/\/nethemba.com\/de\/#website"},"datePublished":"2019-03-08T16:54:04+00:00","dateModified":"2023-02-25T10:12:04+00:00","breadcrumb":{"@id":"https:\/\/nethemba.com\/es\/sobre-nosotros-old\/nuestro-equipo\/slavomir-ivancik\/#breadcrumb"},"inLanguage":"es","potentialAction":[{"@type":"ReadAction","target":["https:\/\/nethemba.com\/es\/sobre-nosotros-old\/nuestro-equipo\/slavomir-ivancik\/"]}]},{"@type":"BreadcrumbList","@id":"https:\/\/nethemba.com\/es\/sobre-nosotros-old\/nuestro-equipo\/slavomir-ivancik\/#breadcrumb","itemListElement":[{"@type":"ListItem","position":1,"name":"Home","item":"https:\/\/nethemba.com\/cs\/"},{"@type":"ListItem","position":2,"name":"SOBRE NOSOTROS","item":"https:\/\/nethemba.com\/es\/sobre-nosotros-old\/"},{"@type":"ListItem","position":3,"name":"NUESTRO EQUIPO","item":"https:\/\/nethemba.com\/es\/sobre-nosotros-old\/nuestro-equipo\/"},{"@type":"ListItem","position":4,"name":"Slavom\u00edr Ivan\u010d\u00edk"}]},{"@type":"WebSite","@id":"https:\/\/nethemba.com\/de\/#website","url":"https:\/\/nethemba.com\/de\/","name":"Nethemba","description":"We care about your security","potentialAction":[{"@type":"SearchAction","target":{"@type":"EntryPoint","urlTemplate":"https:\/\/nethemba.com\/de\/?s={search_term_string}"},"query-input":{"@type":"PropertyValueSpecification","valueRequired":true,"valueName":"search_term_string"}}],"inLanguage":"es"}]}},"_links":{"self":[{"href":"https:\/\/nethemba.com\/es\/wp-json\/wp\/v2\/pages\/3253","targetHints":{"allow":["GET"]}}],"collection":[{"href":"https:\/\/nethemba.com\/es\/wp-json\/wp\/v2\/pages"}],"about":[{"href":"https:\/\/nethemba.com\/es\/wp-json\/wp\/v2\/types\/page"}],"author":[{"embeddable":true,"href":"https:\/\/nethemba.com\/es\/wp-json\/wp\/v2\/users\/2"}],"replies":[{"embeddable":true,"href":"https:\/\/nethemba.com\/es\/wp-json\/wp\/v2\/comments?post=3253"}],"version-history":[{"count":0,"href":"https:\/\/nethemba.com\/es\/wp-json\/wp\/v2\/pages\/3253\/revisions"}],"up":[{"embeddable":true,"href":"https:\/\/nethemba.com\/es\/wp-json\/wp\/v2\/pages\/3226"}],"wp:attachment":[{"href":"https:\/\/nethemba.com\/es\/wp-json\/wp\/v2\/media?parent=3253"}],"curies":[{"name":"wp","href":"https:\/\/api.w.org\/{rel}","templated":true}]}}