{"id":3257,"date":"2019-03-08T16:59:23","date_gmt":"2019-03-08T16:59:23","guid":{"rendered":"http:\/\/nethemba.com\/?page_id=3257"},"modified":"2023-02-25T11:14:04","modified_gmt":"2023-02-25T10:14:04","slug":"roman-fulop","status":"publish","type":"page","link":"https:\/\/nethemba.com\/es\/sobre-nosotros-old\/nuestro-equipo\/roman-fulop\/","title":{"rendered":"ROMAN F\u00dcL\u00d6P"},"content":{"rendered":"\r\n<p>Profesional de Pruebas de Penetraci\u00f3n\/ Consultor de Seguridad TI<br \/>Obtuvo su maestr\u00eda en la FIIT-STU en Bratislava con una tesis de maestr\u00eda centrada en la gesti\u00f3n adaptativa de las propiedades de los canales port\u00e1tiles (m\u00f3dulo dentro del kernel de Linux)<br \/>Roman trabaj\u00f3 durante m\u00e1s de 12 a\u00f1os como ingeniero de software y administrador de sistemas para una empresa que desarrolla aplicaciones web y m\u00f3viles. Fue responsable del an\u00e1lisis y desarrollo de las aplicaciones que se ejecutan en PHP y ASP.NET. Estuvo desarrollando aplicaciones para la gesti\u00f3n de contenido y soporte de e-learning, sistemas integrados para gestionar eventos en estadios deportivos, en tecnolog\u00eda WPF, y tambi\u00e9n sistemas CRM en la plataforma .NET. Tiene experiencia con metodolog\u00edas \u00e1giles y un proceso completo de desarrollo de software desde el dise\u00f1o hasta la operaci\u00f3n.<br \/>M\u00e1s tarde, en una posici\u00f3n de CTO, Roman obtuvo experiencia pr\u00e1ctica en la planificaci\u00f3n de los aspectos t\u00e9cnicos del desarrollo, creaci\u00f3n e implementaci\u00f3n de la estrategia tecnol\u00f3gica y la coordinaci\u00f3n de todas las etapas t\u00e9cnicas del desarrollo del producto.<\/p>\r\n\r\n\r\n\r\n<p>Paralelamente al empleo, en los a\u00f1os 2012-2014, dio una conferencia sobre FMFI UK como profesor externo que ense\u00f1a desarrollo de aplicaciones m\u00f3viles en plataformas Android y Windows.<br \/>Tiene conocimiento de varias tecnolog\u00edas de programaci\u00f3n (ASP.NET &#8211; Web Forms, MVC, Web API, PHP, Javascript &#8211; tanto el servidor como el cliente, el desarrollo de aplicaciones m\u00f3viles para Android o Windows Phone, programaci\u00f3n de shell en Bash o Powershell, C \/ C ++, ensamblador) y sistemas de base de datos (MySQL, PostgreSQL, MSSQL). Tiene experiencia en programaci\u00f3n para el kernel de Linux. Tiene a\u00f1os de experiencia en pruebas de penetraci\u00f3n de aplicaciones web y m\u00f3viles, asegurando los sistemas y la implementaci\u00f3n de los sistemas IDS e IPS. Tiene un profundo conocimiento de la Gu\u00eda de pruebas de OWASP, OSSTMM y con muchas herramientas de pruebas de seguridad y marcos de explotaci\u00f3n. Tambi\u00e9n tiene experiencia en la preparaci\u00f3n de varias capacitaciones de seguridad de TI y auditor\u00edas del c\u00f3digo fuente (es decir, de acuerdo con Microsoft SDL).<br \/>Actualmente trabaja como ingeniero de software para una empresa que opera en el sector Fintech y tambi\u00e9n como consultor de seguridad de TI en Nethemba.<\/p>\r\n","protected":false},"excerpt":{"rendered":"<p>Profesional de Pruebas de Penetraci\u00f3n\/ Consultor de Seguridad TIObtuvo su maestr\u00eda en la FIIT-STU en Bratislava con una tesis de maestr\u00eda centrada en la gesti\u00f3n adaptativa de las propiedades de los canales port\u00e1tiles (m\u00f3dulo dentro del kernel de Linux)Roman trabaj\u00f3 durante m\u00e1s de 12 a\u00f1os como ingeniero de software y administrador de sistemas para una [&hellip;]<\/p>\n","protected":false},"author":2,"featured_media":0,"parent":3226,"menu_order":7,"comment_status":"closed","ping_status":"closed","template":"","meta":{"inline_featured_image":false,"_monsterinsights_skip_tracking":false,"_monsterinsights_sitenote_active":false,"_monsterinsights_sitenote_note":"","_monsterinsights_sitenote_category":0,"footnotes":""},"class_list":["post-3257","page","type-page","status-publish","hentry"],"yoast_head":"<!-- This site is optimized with the Yoast SEO plugin v27.4 - https:\/\/yoast.com\/product\/yoast-seo-wordpress\/ -->\n<title>ROMAN F\u00dcL\u00d6P - Nethemba<\/title>\n<meta name=\"robots\" content=\"index, follow, max-snippet:-1, max-image-preview:large, max-video-preview:-1\" \/>\n<link rel=\"canonical\" href=\"https:\/\/nethemba.com\/es\/sobre-nosotros-old\/nuestro-equipo\/roman-fulop\/\" \/>\n<meta property=\"og:locale\" content=\"es_ES\" \/>\n<meta property=\"og:type\" content=\"article\" \/>\n<meta property=\"og:title\" content=\"ROMAN F\u00dcL\u00d6P - Nethemba\" \/>\n<meta property=\"og:description\" content=\"Profesional de Pruebas de Penetraci\u00f3n\/ Consultor de Seguridad TIObtuvo su maestr\u00eda en la FIIT-STU en Bratislava con una tesis de maestr\u00eda centrada en la gesti\u00f3n adaptativa de las propiedades de los canales port\u00e1tiles (m\u00f3dulo dentro del kernel de Linux)Roman trabaj\u00f3 durante m\u00e1s de 12 a\u00f1os como ingeniero de software y administrador de sistemas para una [&hellip;]\" \/>\n<meta property=\"og:url\" content=\"https:\/\/nethemba.com\/es\/sobre-nosotros-old\/nuestro-equipo\/roman-fulop\/\" \/>\n<meta property=\"og:site_name\" content=\"Nethemba\" \/>\n<meta property=\"article:publisher\" content=\"https:\/\/www.facebook.com\/nethemba\" \/>\n<meta property=\"article:modified_time\" content=\"2023-02-25T10:14:04+00:00\" \/>\n<meta name=\"twitter:card\" content=\"summary_large_image\" \/>\n<meta name=\"twitter:site\" content=\"@nethemba\" \/>\n<meta name=\"twitter:label1\" content=\"Tiempo de lectura\" \/>\n\t<meta name=\"twitter:data1\" content=\"2 minutos\" \/>\n<script type=\"application\/ld+json\" class=\"yoast-schema-graph\">{\"@context\":\"https:\\\/\\\/schema.org\",\"@graph\":[{\"@type\":\"WebPage\",\"@id\":\"https:\\\/\\\/nethemba.com\\\/es\\\/sobre-nosotros-old\\\/nuestro-equipo\\\/roman-fulop\\\/\",\"url\":\"https:\\\/\\\/nethemba.com\\\/es\\\/sobre-nosotros-old\\\/nuestro-equipo\\\/roman-fulop\\\/\",\"name\":\"ROMAN F\u00dcL\u00d6P - Nethemba\",\"isPartOf\":{\"@id\":\"https:\\\/\\\/nethemba.com\\\/de\\\/#website\"},\"datePublished\":\"2019-03-08T16:59:23+00:00\",\"dateModified\":\"2023-02-25T10:14:04+00:00\",\"breadcrumb\":{\"@id\":\"https:\\\/\\\/nethemba.com\\\/es\\\/sobre-nosotros-old\\\/nuestro-equipo\\\/roman-fulop\\\/#breadcrumb\"},\"inLanguage\":\"es\",\"potentialAction\":[{\"@type\":\"ReadAction\",\"target\":[\"https:\\\/\\\/nethemba.com\\\/es\\\/sobre-nosotros-old\\\/nuestro-equipo\\\/roman-fulop\\\/\"]}]},{\"@type\":\"BreadcrumbList\",\"@id\":\"https:\\\/\\\/nethemba.com\\\/es\\\/sobre-nosotros-old\\\/nuestro-equipo\\\/roman-fulop\\\/#breadcrumb\",\"itemListElement\":[{\"@type\":\"ListItem\",\"position\":1,\"name\":\"Home\",\"item\":\"https:\\\/\\\/nethemba.com\\\/cs\\\/\"},{\"@type\":\"ListItem\",\"position\":2,\"name\":\"SOBRE NOSOTROS\",\"item\":\"https:\\\/\\\/nethemba.com\\\/es\\\/sobre-nosotros-old\\\/\"},{\"@type\":\"ListItem\",\"position\":3,\"name\":\"NUESTRO EQUIPO\",\"item\":\"https:\\\/\\\/nethemba.com\\\/es\\\/sobre-nosotros-old\\\/nuestro-equipo\\\/\"},{\"@type\":\"ListItem\",\"position\":4,\"name\":\"ROMAN F\u00dcL\u00d6P\"}]},{\"@type\":\"WebSite\",\"@id\":\"https:\\\/\\\/nethemba.com\\\/de\\\/#website\",\"url\":\"https:\\\/\\\/nethemba.com\\\/de\\\/\",\"name\":\"Nethemba\",\"description\":\"We care about your security\",\"potentialAction\":[{\"@type\":\"SearchAction\",\"target\":{\"@type\":\"EntryPoint\",\"urlTemplate\":\"https:\\\/\\\/nethemba.com\\\/de\\\/?s={search_term_string}\"},\"query-input\":{\"@type\":\"PropertyValueSpecification\",\"valueRequired\":true,\"valueName\":\"search_term_string\"}}],\"inLanguage\":\"es\"}]}<\/script>\n<!-- \/ Yoast SEO plugin. -->","yoast_head_json":{"title":"ROMAN F\u00dcL\u00d6P - Nethemba","robots":{"index":"index","follow":"follow","max-snippet":"max-snippet:-1","max-image-preview":"max-image-preview:large","max-video-preview":"max-video-preview:-1"},"canonical":"https:\/\/nethemba.com\/es\/sobre-nosotros-old\/nuestro-equipo\/roman-fulop\/","og_locale":"es_ES","og_type":"article","og_title":"ROMAN F\u00dcL\u00d6P - Nethemba","og_description":"Profesional de Pruebas de Penetraci\u00f3n\/ Consultor de Seguridad TIObtuvo su maestr\u00eda en la FIIT-STU en Bratislava con una tesis de maestr\u00eda centrada en la gesti\u00f3n adaptativa de las propiedades de los canales port\u00e1tiles (m\u00f3dulo dentro del kernel de Linux)Roman trabaj\u00f3 durante m\u00e1s de 12 a\u00f1os como ingeniero de software y administrador de sistemas para una [&hellip;]","og_url":"https:\/\/nethemba.com\/es\/sobre-nosotros-old\/nuestro-equipo\/roman-fulop\/","og_site_name":"Nethemba","article_publisher":"https:\/\/www.facebook.com\/nethemba","article_modified_time":"2023-02-25T10:14:04+00:00","twitter_card":"summary_large_image","twitter_site":"@nethemba","twitter_misc":{"Tiempo de lectura":"2 minutos"},"schema":{"@context":"https:\/\/schema.org","@graph":[{"@type":"WebPage","@id":"https:\/\/nethemba.com\/es\/sobre-nosotros-old\/nuestro-equipo\/roman-fulop\/","url":"https:\/\/nethemba.com\/es\/sobre-nosotros-old\/nuestro-equipo\/roman-fulop\/","name":"ROMAN F\u00dcL\u00d6P - Nethemba","isPartOf":{"@id":"https:\/\/nethemba.com\/de\/#website"},"datePublished":"2019-03-08T16:59:23+00:00","dateModified":"2023-02-25T10:14:04+00:00","breadcrumb":{"@id":"https:\/\/nethemba.com\/es\/sobre-nosotros-old\/nuestro-equipo\/roman-fulop\/#breadcrumb"},"inLanguage":"es","potentialAction":[{"@type":"ReadAction","target":["https:\/\/nethemba.com\/es\/sobre-nosotros-old\/nuestro-equipo\/roman-fulop\/"]}]},{"@type":"BreadcrumbList","@id":"https:\/\/nethemba.com\/es\/sobre-nosotros-old\/nuestro-equipo\/roman-fulop\/#breadcrumb","itemListElement":[{"@type":"ListItem","position":1,"name":"Home","item":"https:\/\/nethemba.com\/cs\/"},{"@type":"ListItem","position":2,"name":"SOBRE NOSOTROS","item":"https:\/\/nethemba.com\/es\/sobre-nosotros-old\/"},{"@type":"ListItem","position":3,"name":"NUESTRO EQUIPO","item":"https:\/\/nethemba.com\/es\/sobre-nosotros-old\/nuestro-equipo\/"},{"@type":"ListItem","position":4,"name":"ROMAN F\u00dcL\u00d6P"}]},{"@type":"WebSite","@id":"https:\/\/nethemba.com\/de\/#website","url":"https:\/\/nethemba.com\/de\/","name":"Nethemba","description":"We care about your security","potentialAction":[{"@type":"SearchAction","target":{"@type":"EntryPoint","urlTemplate":"https:\/\/nethemba.com\/de\/?s={search_term_string}"},"query-input":{"@type":"PropertyValueSpecification","valueRequired":true,"valueName":"search_term_string"}}],"inLanguage":"es"}]}},"_links":{"self":[{"href":"https:\/\/nethemba.com\/es\/wp-json\/wp\/v2\/pages\/3257","targetHints":{"allow":["GET"]}}],"collection":[{"href":"https:\/\/nethemba.com\/es\/wp-json\/wp\/v2\/pages"}],"about":[{"href":"https:\/\/nethemba.com\/es\/wp-json\/wp\/v2\/types\/page"}],"author":[{"embeddable":true,"href":"https:\/\/nethemba.com\/es\/wp-json\/wp\/v2\/users\/2"}],"replies":[{"embeddable":true,"href":"https:\/\/nethemba.com\/es\/wp-json\/wp\/v2\/comments?post=3257"}],"version-history":[{"count":0,"href":"https:\/\/nethemba.com\/es\/wp-json\/wp\/v2\/pages\/3257\/revisions"}],"up":[{"embeddable":true,"href":"https:\/\/nethemba.com\/es\/wp-json\/wp\/v2\/pages\/3226"}],"wp:attachment":[{"href":"https:\/\/nethemba.com\/es\/wp-json\/wp\/v2\/media?parent=3257"}],"curies":[{"name":"wp","href":"https:\/\/api.w.org\/{rel}","templated":true}]}}