{"id":3261,"date":"2019-03-08T17:02:01","date_gmt":"2019-03-08T17:02:01","guid":{"rendered":"http:\/\/nethemba.com\/?page_id=3261"},"modified":"2023-02-25T11:15:05","modified_gmt":"2023-02-25T10:15:05","slug":"peter-sooky","status":"publish","type":"page","link":"https:\/\/nethemba.com\/es\/sobre-nosotros-old\/nuestro-equipo\/peter-sooky\/","title":{"rendered":"PETER SO\u00d3KY"},"content":{"rendered":"\r\n<p>Probador de penetraci\u00f3n<br \/>Obtuvo su BSc. en la Universidad de Tecnolog\u00eda de Brno y termin\u00f3 sus estudios como MSc. en la Universidad de Masaryk, con tesis de maestr\u00eda enfocada en el desarrollo de honeypot. Durante sus estudios, tambi\u00e9n tuvo la oportunidad de colaborar con CZ NIC Labs y el Centro Nacional de Seguridad Cibern\u00e9tica de la Rep\u00fablica Checa en el desarrollo de software de seguridad.<br \/>Peter tiene un excelente conocimiento de fondo de inform\u00e1tica y seguridad de tecnolog\u00eda de la informaci\u00f3n. Tiene conocimiento de muchos lenguajes de programaci\u00f3n (ASM, C \/ C ++, Java, Python, Perl, Ruby y m\u00e1s) y varios sistemas de administraci\u00f3n de bases de datos (MySQL, PostgreSQL, Sqlite).<br \/>Para ampliar su conocimiento, Peter participa regularmente en los desaf\u00edos de Capture The Flag en el \u00e1rea de pruebas de penetraci\u00f3n y an\u00e1lisis forense.<\/p>\r\n","protected":false},"excerpt":{"rendered":"<p>Probador de penetraci\u00f3nObtuvo su BSc. en la Universidad de Tecnolog\u00eda de Brno y termin\u00f3 sus estudios como MSc. en la Universidad de Masaryk, con tesis de maestr\u00eda enfocada en el desarrollo de honeypot. Durante sus estudios, tambi\u00e9n tuvo la oportunidad de colaborar con CZ NIC Labs y el Centro Nacional de Seguridad Cibern\u00e9tica de la [&hellip;]<\/p>\n","protected":false},"author":2,"featured_media":0,"parent":3226,"menu_order":9,"comment_status":"closed","ping_status":"closed","template":"","meta":{"inline_featured_image":false,"_monsterinsights_skip_tracking":false,"_monsterinsights_sitenote_active":false,"_monsterinsights_sitenote_note":"","_monsterinsights_sitenote_category":0,"footnotes":""},"class_list":["post-3261","page","type-page","status-publish","hentry"],"yoast_head":"<!-- This site is optimized with the Yoast SEO plugin v27.4 - https:\/\/yoast.com\/product\/yoast-seo-wordpress\/ -->\n<title>PETER SO\u00d3KY - Nethemba<\/title>\n<meta name=\"robots\" content=\"index, follow, max-snippet:-1, max-image-preview:large, max-video-preview:-1\" \/>\n<link rel=\"canonical\" href=\"https:\/\/nethemba.com\/es\/sobre-nosotros-old\/nuestro-equipo\/peter-sooky\/\" \/>\n<meta property=\"og:locale\" content=\"es_ES\" \/>\n<meta property=\"og:type\" content=\"article\" \/>\n<meta property=\"og:title\" content=\"PETER SO\u00d3KY - Nethemba\" \/>\n<meta property=\"og:description\" content=\"Probador de penetraci\u00f3nObtuvo su BSc. en la Universidad de Tecnolog\u00eda de Brno y termin\u00f3 sus estudios como MSc. en la Universidad de Masaryk, con tesis de maestr\u00eda enfocada en el desarrollo de honeypot. Durante sus estudios, tambi\u00e9n tuvo la oportunidad de colaborar con CZ NIC Labs y el Centro Nacional de Seguridad Cibern\u00e9tica de la [&hellip;]\" \/>\n<meta property=\"og:url\" content=\"https:\/\/nethemba.com\/es\/sobre-nosotros-old\/nuestro-equipo\/peter-sooky\/\" \/>\n<meta property=\"og:site_name\" content=\"Nethemba\" \/>\n<meta property=\"article:publisher\" content=\"https:\/\/www.facebook.com\/nethemba\" \/>\n<meta property=\"article:modified_time\" content=\"2023-02-25T10:15:05+00:00\" \/>\n<meta name=\"twitter:card\" content=\"summary_large_image\" \/>\n<meta name=\"twitter:site\" content=\"@nethemba\" \/>\n<meta name=\"twitter:label1\" content=\"Tiempo de lectura\" \/>\n\t<meta name=\"twitter:data1\" content=\"1 minuto\" \/>\n<script type=\"application\/ld+json\" class=\"yoast-schema-graph\">{\"@context\":\"https:\\\/\\\/schema.org\",\"@graph\":[{\"@type\":\"WebPage\",\"@id\":\"https:\\\/\\\/nethemba.com\\\/es\\\/sobre-nosotros-old\\\/nuestro-equipo\\\/peter-sooky\\\/\",\"url\":\"https:\\\/\\\/nethemba.com\\\/es\\\/sobre-nosotros-old\\\/nuestro-equipo\\\/peter-sooky\\\/\",\"name\":\"PETER SO\u00d3KY - Nethemba\",\"isPartOf\":{\"@id\":\"https:\\\/\\\/nethemba.com\\\/de\\\/#website\"},\"datePublished\":\"2019-03-08T17:02:01+00:00\",\"dateModified\":\"2023-02-25T10:15:05+00:00\",\"breadcrumb\":{\"@id\":\"https:\\\/\\\/nethemba.com\\\/es\\\/sobre-nosotros-old\\\/nuestro-equipo\\\/peter-sooky\\\/#breadcrumb\"},\"inLanguage\":\"es\",\"potentialAction\":[{\"@type\":\"ReadAction\",\"target\":[\"https:\\\/\\\/nethemba.com\\\/es\\\/sobre-nosotros-old\\\/nuestro-equipo\\\/peter-sooky\\\/\"]}]},{\"@type\":\"BreadcrumbList\",\"@id\":\"https:\\\/\\\/nethemba.com\\\/es\\\/sobre-nosotros-old\\\/nuestro-equipo\\\/peter-sooky\\\/#breadcrumb\",\"itemListElement\":[{\"@type\":\"ListItem\",\"position\":1,\"name\":\"Home\",\"item\":\"https:\\\/\\\/nethemba.com\\\/cs\\\/\"},{\"@type\":\"ListItem\",\"position\":2,\"name\":\"SOBRE NOSOTROS\",\"item\":\"https:\\\/\\\/nethemba.com\\\/es\\\/sobre-nosotros-old\\\/\"},{\"@type\":\"ListItem\",\"position\":3,\"name\":\"NUESTRO EQUIPO\",\"item\":\"https:\\\/\\\/nethemba.com\\\/es\\\/sobre-nosotros-old\\\/nuestro-equipo\\\/\"},{\"@type\":\"ListItem\",\"position\":4,\"name\":\"PETER SO\u00d3KY\"}]},{\"@type\":\"WebSite\",\"@id\":\"https:\\\/\\\/nethemba.com\\\/de\\\/#website\",\"url\":\"https:\\\/\\\/nethemba.com\\\/de\\\/\",\"name\":\"Nethemba\",\"description\":\"We care about your security\",\"potentialAction\":[{\"@type\":\"SearchAction\",\"target\":{\"@type\":\"EntryPoint\",\"urlTemplate\":\"https:\\\/\\\/nethemba.com\\\/de\\\/?s={search_term_string}\"},\"query-input\":{\"@type\":\"PropertyValueSpecification\",\"valueRequired\":true,\"valueName\":\"search_term_string\"}}],\"inLanguage\":\"es\"}]}<\/script>\n<!-- \/ Yoast SEO plugin. -->","yoast_head_json":{"title":"PETER SO\u00d3KY - Nethemba","robots":{"index":"index","follow":"follow","max-snippet":"max-snippet:-1","max-image-preview":"max-image-preview:large","max-video-preview":"max-video-preview:-1"},"canonical":"https:\/\/nethemba.com\/es\/sobre-nosotros-old\/nuestro-equipo\/peter-sooky\/","og_locale":"es_ES","og_type":"article","og_title":"PETER SO\u00d3KY - Nethemba","og_description":"Probador de penetraci\u00f3nObtuvo su BSc. en la Universidad de Tecnolog\u00eda de Brno y termin\u00f3 sus estudios como MSc. en la Universidad de Masaryk, con tesis de maestr\u00eda enfocada en el desarrollo de honeypot. Durante sus estudios, tambi\u00e9n tuvo la oportunidad de colaborar con CZ NIC Labs y el Centro Nacional de Seguridad Cibern\u00e9tica de la [&hellip;]","og_url":"https:\/\/nethemba.com\/es\/sobre-nosotros-old\/nuestro-equipo\/peter-sooky\/","og_site_name":"Nethemba","article_publisher":"https:\/\/www.facebook.com\/nethemba","article_modified_time":"2023-02-25T10:15:05+00:00","twitter_card":"summary_large_image","twitter_site":"@nethemba","twitter_misc":{"Tiempo de lectura":"1 minuto"},"schema":{"@context":"https:\/\/schema.org","@graph":[{"@type":"WebPage","@id":"https:\/\/nethemba.com\/es\/sobre-nosotros-old\/nuestro-equipo\/peter-sooky\/","url":"https:\/\/nethemba.com\/es\/sobre-nosotros-old\/nuestro-equipo\/peter-sooky\/","name":"PETER SO\u00d3KY - Nethemba","isPartOf":{"@id":"https:\/\/nethemba.com\/de\/#website"},"datePublished":"2019-03-08T17:02:01+00:00","dateModified":"2023-02-25T10:15:05+00:00","breadcrumb":{"@id":"https:\/\/nethemba.com\/es\/sobre-nosotros-old\/nuestro-equipo\/peter-sooky\/#breadcrumb"},"inLanguage":"es","potentialAction":[{"@type":"ReadAction","target":["https:\/\/nethemba.com\/es\/sobre-nosotros-old\/nuestro-equipo\/peter-sooky\/"]}]},{"@type":"BreadcrumbList","@id":"https:\/\/nethemba.com\/es\/sobre-nosotros-old\/nuestro-equipo\/peter-sooky\/#breadcrumb","itemListElement":[{"@type":"ListItem","position":1,"name":"Home","item":"https:\/\/nethemba.com\/cs\/"},{"@type":"ListItem","position":2,"name":"SOBRE NOSOTROS","item":"https:\/\/nethemba.com\/es\/sobre-nosotros-old\/"},{"@type":"ListItem","position":3,"name":"NUESTRO EQUIPO","item":"https:\/\/nethemba.com\/es\/sobre-nosotros-old\/nuestro-equipo\/"},{"@type":"ListItem","position":4,"name":"PETER SO\u00d3KY"}]},{"@type":"WebSite","@id":"https:\/\/nethemba.com\/de\/#website","url":"https:\/\/nethemba.com\/de\/","name":"Nethemba","description":"We care about your security","potentialAction":[{"@type":"SearchAction","target":{"@type":"EntryPoint","urlTemplate":"https:\/\/nethemba.com\/de\/?s={search_term_string}"},"query-input":{"@type":"PropertyValueSpecification","valueRequired":true,"valueName":"search_term_string"}}],"inLanguage":"es"}]}},"_links":{"self":[{"href":"https:\/\/nethemba.com\/es\/wp-json\/wp\/v2\/pages\/3261","targetHints":{"allow":["GET"]}}],"collection":[{"href":"https:\/\/nethemba.com\/es\/wp-json\/wp\/v2\/pages"}],"about":[{"href":"https:\/\/nethemba.com\/es\/wp-json\/wp\/v2\/types\/page"}],"author":[{"embeddable":true,"href":"https:\/\/nethemba.com\/es\/wp-json\/wp\/v2\/users\/2"}],"replies":[{"embeddable":true,"href":"https:\/\/nethemba.com\/es\/wp-json\/wp\/v2\/comments?post=3261"}],"version-history":[{"count":0,"href":"https:\/\/nethemba.com\/es\/wp-json\/wp\/v2\/pages\/3261\/revisions"}],"up":[{"embeddable":true,"href":"https:\/\/nethemba.com\/es\/wp-json\/wp\/v2\/pages\/3226"}],"wp:attachment":[{"href":"https:\/\/nethemba.com\/es\/wp-json\/wp\/v2\/media?parent=3261"}],"curies":[{"name":"wp","href":"https:\/\/api.w.org\/{rel}","templated":true}]}}