{"id":3267,"date":"2019-03-08T17:07:53","date_gmt":"2019-03-08T17:07:53","guid":{"rendered":"http:\/\/nethemba.com\/?page_id=3267"},"modified":"2021-01-10T09:49:34","modified_gmt":"2021-01-10T08:49:34","slug":"investigacion","status":"publish","type":"page","link":"https:\/\/nethemba.com\/es\/sobre-nosotros-old\/investigacion\/","title":{"rendered":"INVESTIGACI\u00d3N"},"content":{"rendered":"\r\n<p>Para ver nuestros documentos y presentaciones, consulte nuestros <a href=\"https:\/\/nethemba.com\/es\/servicios\/servicios-de-seguridad\/consultoria-y-formacion\/\">servicios de Consultor\u00eda y Formaci\u00f3n.<\/a><\/p>\r\n\r\n\r\n\r\n<p>Hemos analizado y revelado serias vulnerabilidades en varios sistemas disponibles p\u00fablicamente. Muchas de estas vulnerabilidades han sido presentadas en varias conferencias de seguridad de renombre:<\/p>\r\n\r\n\r\n\r\n<ul class=\"wp-block-list\">\r\n<li>An\u00e1lisis de seguridad p\u00fablica de los pasaportes biom\u00e9tricos eslovacos<\/li>\r\n<li>Vulnerabilidades cr\u00edticas en las tarjetas inteligentes Mifare eslovacas y checas m\u00e1s utilizadas<\/li>\r\n<li>Vulnerabilidades cr\u00edticas en los tickets SMS de transporte p\u00fablico<\/li>\r\n<\/ul>\r\n\r\n\r\n\r\n<p>&nbsp;<\/p>\r\n\r\n\r\n\r\n<p>&nbsp;<\/p>\r\n","protected":false},"excerpt":{"rendered":"<p>Para ver nuestros documentos y presentaciones, consulte nuestros servicios de Consultor\u00eda y Formaci\u00f3n. Hemos analizado y revelado serias vulnerabilidades en varios sistemas disponibles p\u00fablicamente. Muchas de estas vulnerabilidades han sido presentadas en varias conferencias de seguridad de renombre: An\u00e1lisis de seguridad p\u00fablica de los pasaportes biom\u00e9tricos eslovacos Vulnerabilidades cr\u00edticas en las tarjetas inteligentes Mifare eslovacas [&hellip;]<\/p>\n","protected":false},"author":2,"featured_media":0,"parent":3222,"menu_order":0,"comment_status":"closed","ping_status":"closed","template":"research.php","meta":{"inline_featured_image":false,"_monsterinsights_skip_tracking":false,"_monsterinsights_sitenote_active":false,"_monsterinsights_sitenote_note":"","_monsterinsights_sitenote_category":0,"footnotes":""},"class_list":["post-3267","page","type-page","status-publish","hentry"],"yoast_head":"<!-- This site is optimized with the Yoast SEO plugin v27.4 - https:\/\/yoast.com\/product\/yoast-seo-wordpress\/ -->\n<title>INVESTIGACI\u00d3N - Nethemba<\/title>\n<meta name=\"robots\" content=\"index, follow, max-snippet:-1, max-image-preview:large, max-video-preview:-1\" \/>\n<link rel=\"canonical\" href=\"https:\/\/nethemba.com\/es\/sobre-nosotros-old\/investigacion\/\" \/>\n<meta property=\"og:locale\" content=\"es_ES\" \/>\n<meta property=\"og:type\" content=\"article\" \/>\n<meta property=\"og:title\" content=\"INVESTIGACI\u00d3N - Nethemba\" \/>\n<meta property=\"og:description\" content=\"Para ver nuestros documentos y presentaciones, consulte nuestros servicios de Consultor\u00eda y Formaci\u00f3n. Hemos analizado y revelado serias vulnerabilidades en varios sistemas disponibles p\u00fablicamente. Muchas de estas vulnerabilidades han sido presentadas en varias conferencias de seguridad de renombre: An\u00e1lisis de seguridad p\u00fablica de los pasaportes biom\u00e9tricos eslovacos Vulnerabilidades cr\u00edticas en las tarjetas inteligentes Mifare eslovacas [&hellip;]\" \/>\n<meta property=\"og:url\" content=\"https:\/\/nethemba.com\/es\/sobre-nosotros-old\/investigacion\/\" \/>\n<meta property=\"og:site_name\" content=\"Nethemba\" \/>\n<meta property=\"article:publisher\" content=\"https:\/\/www.facebook.com\/nethemba\" \/>\n<meta property=\"article:modified_time\" content=\"2021-01-10T08:49:34+00:00\" \/>\n<meta name=\"twitter:card\" content=\"summary_large_image\" \/>\n<meta name=\"twitter:site\" content=\"@nethemba\" \/>\n<script type=\"application\/ld+json\" class=\"yoast-schema-graph\">{\"@context\":\"https:\\\/\\\/schema.org\",\"@graph\":[{\"@type\":\"WebPage\",\"@id\":\"https:\\\/\\\/nethemba.com\\\/es\\\/sobre-nosotros-old\\\/investigacion\\\/\",\"url\":\"https:\\\/\\\/nethemba.com\\\/es\\\/sobre-nosotros-old\\\/investigacion\\\/\",\"name\":\"INVESTIGACI\u00d3N - Nethemba\",\"isPartOf\":{\"@id\":\"https:\\\/\\\/nethemba.com\\\/de\\\/#website\"},\"datePublished\":\"2019-03-08T17:07:53+00:00\",\"dateModified\":\"2021-01-10T08:49:34+00:00\",\"breadcrumb\":{\"@id\":\"https:\\\/\\\/nethemba.com\\\/es\\\/sobre-nosotros-old\\\/investigacion\\\/#breadcrumb\"},\"inLanguage\":\"es\",\"potentialAction\":[{\"@type\":\"ReadAction\",\"target\":[\"https:\\\/\\\/nethemba.com\\\/es\\\/sobre-nosotros-old\\\/investigacion\\\/\"]}]},{\"@type\":\"BreadcrumbList\",\"@id\":\"https:\\\/\\\/nethemba.com\\\/es\\\/sobre-nosotros-old\\\/investigacion\\\/#breadcrumb\",\"itemListElement\":[{\"@type\":\"ListItem\",\"position\":1,\"name\":\"Home\",\"item\":\"https:\\\/\\\/nethemba.com\\\/cs\\\/\"},{\"@type\":\"ListItem\",\"position\":2,\"name\":\"SOBRE NOSOTROS\",\"item\":\"https:\\\/\\\/nethemba.com\\\/es\\\/sobre-nosotros-old\\\/\"},{\"@type\":\"ListItem\",\"position\":3,\"name\":\"INVESTIGACI\u00d3N\"}]},{\"@type\":\"WebSite\",\"@id\":\"https:\\\/\\\/nethemba.com\\\/de\\\/#website\",\"url\":\"https:\\\/\\\/nethemba.com\\\/de\\\/\",\"name\":\"Nethemba\",\"description\":\"We care about your security\",\"potentialAction\":[{\"@type\":\"SearchAction\",\"target\":{\"@type\":\"EntryPoint\",\"urlTemplate\":\"https:\\\/\\\/nethemba.com\\\/de\\\/?s={search_term_string}\"},\"query-input\":{\"@type\":\"PropertyValueSpecification\",\"valueRequired\":true,\"valueName\":\"search_term_string\"}}],\"inLanguage\":\"es\"}]}<\/script>\n<!-- \/ Yoast SEO plugin. -->","yoast_head_json":{"title":"INVESTIGACI\u00d3N - Nethemba","robots":{"index":"index","follow":"follow","max-snippet":"max-snippet:-1","max-image-preview":"max-image-preview:large","max-video-preview":"max-video-preview:-1"},"canonical":"https:\/\/nethemba.com\/es\/sobre-nosotros-old\/investigacion\/","og_locale":"es_ES","og_type":"article","og_title":"INVESTIGACI\u00d3N - Nethemba","og_description":"Para ver nuestros documentos y presentaciones, consulte nuestros servicios de Consultor\u00eda y Formaci\u00f3n. Hemos analizado y revelado serias vulnerabilidades en varios sistemas disponibles p\u00fablicamente. Muchas de estas vulnerabilidades han sido presentadas en varias conferencias de seguridad de renombre: An\u00e1lisis de seguridad p\u00fablica de los pasaportes biom\u00e9tricos eslovacos Vulnerabilidades cr\u00edticas en las tarjetas inteligentes Mifare eslovacas [&hellip;]","og_url":"https:\/\/nethemba.com\/es\/sobre-nosotros-old\/investigacion\/","og_site_name":"Nethemba","article_publisher":"https:\/\/www.facebook.com\/nethemba","article_modified_time":"2021-01-10T08:49:34+00:00","twitter_card":"summary_large_image","twitter_site":"@nethemba","schema":{"@context":"https:\/\/schema.org","@graph":[{"@type":"WebPage","@id":"https:\/\/nethemba.com\/es\/sobre-nosotros-old\/investigacion\/","url":"https:\/\/nethemba.com\/es\/sobre-nosotros-old\/investigacion\/","name":"INVESTIGACI\u00d3N - Nethemba","isPartOf":{"@id":"https:\/\/nethemba.com\/de\/#website"},"datePublished":"2019-03-08T17:07:53+00:00","dateModified":"2021-01-10T08:49:34+00:00","breadcrumb":{"@id":"https:\/\/nethemba.com\/es\/sobre-nosotros-old\/investigacion\/#breadcrumb"},"inLanguage":"es","potentialAction":[{"@type":"ReadAction","target":["https:\/\/nethemba.com\/es\/sobre-nosotros-old\/investigacion\/"]}]},{"@type":"BreadcrumbList","@id":"https:\/\/nethemba.com\/es\/sobre-nosotros-old\/investigacion\/#breadcrumb","itemListElement":[{"@type":"ListItem","position":1,"name":"Home","item":"https:\/\/nethemba.com\/cs\/"},{"@type":"ListItem","position":2,"name":"SOBRE NOSOTROS","item":"https:\/\/nethemba.com\/es\/sobre-nosotros-old\/"},{"@type":"ListItem","position":3,"name":"INVESTIGACI\u00d3N"}]},{"@type":"WebSite","@id":"https:\/\/nethemba.com\/de\/#website","url":"https:\/\/nethemba.com\/de\/","name":"Nethemba","description":"We care about your security","potentialAction":[{"@type":"SearchAction","target":{"@type":"EntryPoint","urlTemplate":"https:\/\/nethemba.com\/de\/?s={search_term_string}"},"query-input":{"@type":"PropertyValueSpecification","valueRequired":true,"valueName":"search_term_string"}}],"inLanguage":"es"}]}},"_links":{"self":[{"href":"https:\/\/nethemba.com\/es\/wp-json\/wp\/v2\/pages\/3267","targetHints":{"allow":["GET"]}}],"collection":[{"href":"https:\/\/nethemba.com\/es\/wp-json\/wp\/v2\/pages"}],"about":[{"href":"https:\/\/nethemba.com\/es\/wp-json\/wp\/v2\/types\/page"}],"author":[{"embeddable":true,"href":"https:\/\/nethemba.com\/es\/wp-json\/wp\/v2\/users\/2"}],"replies":[{"embeddable":true,"href":"https:\/\/nethemba.com\/es\/wp-json\/wp\/v2\/comments?post=3267"}],"version-history":[{"count":0,"href":"https:\/\/nethemba.com\/es\/wp-json\/wp\/v2\/pages\/3267\/revisions"}],"up":[{"embeddable":true,"href":"https:\/\/nethemba.com\/es\/wp-json\/wp\/v2\/pages\/3222"}],"wp:attachment":[{"href":"https:\/\/nethemba.com\/es\/wp-json\/wp\/v2\/media?parent=3267"}],"curies":[{"name":"wp","href":"https:\/\/api.w.org\/{rel}","templated":true}]}}