{"id":3275,"date":"2019-03-08T17:19:56","date_gmt":"2019-03-08T17:19:56","guid":{"rendered":"http:\/\/nethemba.com\/?page_id=3275"},"modified":"2019-03-08T17:19:57","modified_gmt":"2019-03-08T17:19:57","slug":"vulnerabilidad-de-los-tickets-sms-de-transporte-publico","status":"publish","type":"page","link":"https:\/\/nethemba.com\/es\/sobre-nosotros-old\/investigacion\/vulnerabilidad-de-los-tickets-sms-de-transporte-publico\/","title":{"rendered":"VULNERABILIDAD DE LOS TICKETS SMS DE TRANSPORTE P\u00daBLICO"},"content":{"rendered":"\n<p>Los billetes SMS son ampliamente utilizados en las grandes ciudades de Europa Central (Praga, Bratislava, Ko\u0161ice, Viena, Varsovia,\u2026)<\/p>\n\n\n\n<p>El objetivo principal de esta presentaci\u00f3n es mostrar una grave vulnerabilidad inherente a los sistemas de tickets SMS de transporte p\u00fablico utilizados en muchas grandes ciudades.<\/p>\n\n\n\n<p>En primer lugar, se describen los requisitos previos para un hacking exitoso. A continuaci\u00f3n, se describe una propuesta de arquitectura de red de hacking de tickets SMS, incluyendo un servidor de hacking de tickets SMS, clientes de hacking m\u00f3vil de tickets SMS y su protocolo de comunicaci\u00f3n encriptado.<\/p>\n\n\n\n<p>El autor describe varias soluciones parciales para solucionar esta vulnerabilidad, incluyendo instrucciones para que los atacantes puedan evadirlas (por ejemplo, utilizando una red m\u00f3vil P2P privada descentralizada).<\/p>\n\n\n\n<p>Por \u00faltimo, se propone una contramedida eficaz: m\u00e9todos seguros de generaci\u00f3n de tickets SMS basados en criptograf\u00eda sim\u00e9trica\/asim\u00e9trica y una mejora de la seguridad del proceso de control de los inspectores de transporte.<\/p>\n\n\n\n<p>A pesar de que las empresas de transporte p\u00fablico ya han sido informadas sobre esta grave vulnerabilidad, ignoran este hecho y siguen utilizando los sistemas vulnerables.<\/p>\n\n\n\n<p><strong>Presentaci\u00f3n: <a href=\"https:\/\/nethemba.com\/resources\/SMS-ticket-hack4.pdf\">Hacking de tickets SMS de transporte p\u00fablico (presentaci\u00f3n)<\/a><\/strong><\/p>\n","protected":false},"excerpt":{"rendered":"<p>Los billetes SMS son ampliamente utilizados en las grandes ciudades de Europa Central (Praga, Bratislava, Ko\u0161ice, Viena, Varsovia,\u2026) El objetivo principal de esta presentaci\u00f3n es mostrar una grave vulnerabilidad inherente a los sistemas de tickets SMS de transporte p\u00fablico utilizados en muchas grandes ciudades. En primer lugar, se describen los requisitos previos para un hacking [&hellip;]<\/p>\n","protected":false},"author":2,"featured_media":0,"parent":3267,"menu_order":0,"comment_status":"closed","ping_status":"closed","template":"","meta":{"inline_featured_image":false,"_monsterinsights_skip_tracking":false,"_monsterinsights_sitenote_active":false,"_monsterinsights_sitenote_note":"","_monsterinsights_sitenote_category":0,"footnotes":""},"class_list":["post-3275","page","type-page","status-publish","hentry"],"yoast_head":"<!-- This site is optimized with the Yoast SEO plugin v27.4 - https:\/\/yoast.com\/product\/yoast-seo-wordpress\/ -->\n<title>VULNERABILIDAD DE LOS TICKETS SMS DE TRANSPORTE P\u00daBLICO - Nethemba<\/title>\n<meta name=\"robots\" content=\"index, follow, max-snippet:-1, max-image-preview:large, max-video-preview:-1\" \/>\n<link rel=\"canonical\" href=\"https:\/\/nethemba.com\/es\/sobre-nosotros-old\/investigacion\/vulnerabilidad-de-los-tickets-sms-de-transporte-publico\/\" \/>\n<meta property=\"og:locale\" content=\"es_ES\" \/>\n<meta property=\"og:type\" content=\"article\" \/>\n<meta property=\"og:title\" content=\"VULNERABILIDAD DE LOS TICKETS SMS DE TRANSPORTE P\u00daBLICO - Nethemba\" \/>\n<meta property=\"og:description\" content=\"Los billetes SMS son ampliamente utilizados en las grandes ciudades de Europa Central (Praga, Bratislava, Ko\u0161ice, Viena, Varsovia,\u2026) El objetivo principal de esta presentaci\u00f3n es mostrar una grave vulnerabilidad inherente a los sistemas de tickets SMS de transporte p\u00fablico utilizados en muchas grandes ciudades. En primer lugar, se describen los requisitos previos para un hacking [&hellip;]\" \/>\n<meta property=\"og:url\" content=\"https:\/\/nethemba.com\/es\/sobre-nosotros-old\/investigacion\/vulnerabilidad-de-los-tickets-sms-de-transporte-publico\/\" \/>\n<meta property=\"og:site_name\" content=\"Nethemba\" \/>\n<meta property=\"article:publisher\" content=\"https:\/\/www.facebook.com\/nethemba\" \/>\n<meta property=\"article:modified_time\" content=\"2019-03-08T17:19:57+00:00\" \/>\n<meta name=\"twitter:card\" content=\"summary_large_image\" \/>\n<meta name=\"twitter:site\" content=\"@nethemba\" \/>\n<meta name=\"twitter:label1\" content=\"Tiempo de lectura\" \/>\n\t<meta name=\"twitter:data1\" content=\"1 minuto\" \/>\n<script type=\"application\/ld+json\" class=\"yoast-schema-graph\">{\"@context\":\"https:\\\/\\\/schema.org\",\"@graph\":[{\"@type\":\"WebPage\",\"@id\":\"https:\\\/\\\/nethemba.com\\\/es\\\/sobre-nosotros-old\\\/investigacion\\\/vulnerabilidad-de-los-tickets-sms-de-transporte-publico\\\/\",\"url\":\"https:\\\/\\\/nethemba.com\\\/es\\\/sobre-nosotros-old\\\/investigacion\\\/vulnerabilidad-de-los-tickets-sms-de-transporte-publico\\\/\",\"name\":\"VULNERABILIDAD DE LOS TICKETS SMS DE TRANSPORTE P\u00daBLICO - Nethemba\",\"isPartOf\":{\"@id\":\"https:\\\/\\\/nethemba.com\\\/de\\\/#website\"},\"datePublished\":\"2019-03-08T17:19:56+00:00\",\"dateModified\":\"2019-03-08T17:19:57+00:00\",\"breadcrumb\":{\"@id\":\"https:\\\/\\\/nethemba.com\\\/es\\\/sobre-nosotros-old\\\/investigacion\\\/vulnerabilidad-de-los-tickets-sms-de-transporte-publico\\\/#breadcrumb\"},\"inLanguage\":\"es\",\"potentialAction\":[{\"@type\":\"ReadAction\",\"target\":[\"https:\\\/\\\/nethemba.com\\\/es\\\/sobre-nosotros-old\\\/investigacion\\\/vulnerabilidad-de-los-tickets-sms-de-transporte-publico\\\/\"]}]},{\"@type\":\"BreadcrumbList\",\"@id\":\"https:\\\/\\\/nethemba.com\\\/es\\\/sobre-nosotros-old\\\/investigacion\\\/vulnerabilidad-de-los-tickets-sms-de-transporte-publico\\\/#breadcrumb\",\"itemListElement\":[{\"@type\":\"ListItem\",\"position\":1,\"name\":\"Home\",\"item\":\"https:\\\/\\\/nethemba.com\\\/cs\\\/\"},{\"@type\":\"ListItem\",\"position\":2,\"name\":\"SOBRE NOSOTROS\",\"item\":\"https:\\\/\\\/nethemba.com\\\/es\\\/sobre-nosotros-old\\\/\"},{\"@type\":\"ListItem\",\"position\":3,\"name\":\"INVESTIGACI\u00d3N\",\"item\":\"https:\\\/\\\/nethemba.com\\\/es\\\/sobre-nosotros-old\\\/investigacion\\\/\"},{\"@type\":\"ListItem\",\"position\":4,\"name\":\"VULNERABILIDAD DE LOS TICKETS SMS DE TRANSPORTE P\u00daBLICO\"}]},{\"@type\":\"WebSite\",\"@id\":\"https:\\\/\\\/nethemba.com\\\/de\\\/#website\",\"url\":\"https:\\\/\\\/nethemba.com\\\/de\\\/\",\"name\":\"Nethemba\",\"description\":\"We care about your security\",\"potentialAction\":[{\"@type\":\"SearchAction\",\"target\":{\"@type\":\"EntryPoint\",\"urlTemplate\":\"https:\\\/\\\/nethemba.com\\\/de\\\/?s={search_term_string}\"},\"query-input\":{\"@type\":\"PropertyValueSpecification\",\"valueRequired\":true,\"valueName\":\"search_term_string\"}}],\"inLanguage\":\"es\"}]}<\/script>\n<!-- \/ Yoast SEO plugin. -->","yoast_head_json":{"title":"VULNERABILIDAD DE LOS TICKETS SMS DE TRANSPORTE P\u00daBLICO - Nethemba","robots":{"index":"index","follow":"follow","max-snippet":"max-snippet:-1","max-image-preview":"max-image-preview:large","max-video-preview":"max-video-preview:-1"},"canonical":"https:\/\/nethemba.com\/es\/sobre-nosotros-old\/investigacion\/vulnerabilidad-de-los-tickets-sms-de-transporte-publico\/","og_locale":"es_ES","og_type":"article","og_title":"VULNERABILIDAD DE LOS TICKETS SMS DE TRANSPORTE P\u00daBLICO - Nethemba","og_description":"Los billetes SMS son ampliamente utilizados en las grandes ciudades de Europa Central (Praga, Bratislava, Ko\u0161ice, Viena, Varsovia,\u2026) El objetivo principal de esta presentaci\u00f3n es mostrar una grave vulnerabilidad inherente a los sistemas de tickets SMS de transporte p\u00fablico utilizados en muchas grandes ciudades. En primer lugar, se describen los requisitos previos para un hacking [&hellip;]","og_url":"https:\/\/nethemba.com\/es\/sobre-nosotros-old\/investigacion\/vulnerabilidad-de-los-tickets-sms-de-transporte-publico\/","og_site_name":"Nethemba","article_publisher":"https:\/\/www.facebook.com\/nethemba","article_modified_time":"2019-03-08T17:19:57+00:00","twitter_card":"summary_large_image","twitter_site":"@nethemba","twitter_misc":{"Tiempo de lectura":"1 minuto"},"schema":{"@context":"https:\/\/schema.org","@graph":[{"@type":"WebPage","@id":"https:\/\/nethemba.com\/es\/sobre-nosotros-old\/investigacion\/vulnerabilidad-de-los-tickets-sms-de-transporte-publico\/","url":"https:\/\/nethemba.com\/es\/sobre-nosotros-old\/investigacion\/vulnerabilidad-de-los-tickets-sms-de-transporte-publico\/","name":"VULNERABILIDAD DE LOS TICKETS SMS DE TRANSPORTE P\u00daBLICO - Nethemba","isPartOf":{"@id":"https:\/\/nethemba.com\/de\/#website"},"datePublished":"2019-03-08T17:19:56+00:00","dateModified":"2019-03-08T17:19:57+00:00","breadcrumb":{"@id":"https:\/\/nethemba.com\/es\/sobre-nosotros-old\/investigacion\/vulnerabilidad-de-los-tickets-sms-de-transporte-publico\/#breadcrumb"},"inLanguage":"es","potentialAction":[{"@type":"ReadAction","target":["https:\/\/nethemba.com\/es\/sobre-nosotros-old\/investigacion\/vulnerabilidad-de-los-tickets-sms-de-transporte-publico\/"]}]},{"@type":"BreadcrumbList","@id":"https:\/\/nethemba.com\/es\/sobre-nosotros-old\/investigacion\/vulnerabilidad-de-los-tickets-sms-de-transporte-publico\/#breadcrumb","itemListElement":[{"@type":"ListItem","position":1,"name":"Home","item":"https:\/\/nethemba.com\/cs\/"},{"@type":"ListItem","position":2,"name":"SOBRE NOSOTROS","item":"https:\/\/nethemba.com\/es\/sobre-nosotros-old\/"},{"@type":"ListItem","position":3,"name":"INVESTIGACI\u00d3N","item":"https:\/\/nethemba.com\/es\/sobre-nosotros-old\/investigacion\/"},{"@type":"ListItem","position":4,"name":"VULNERABILIDAD DE LOS TICKETS SMS DE TRANSPORTE P\u00daBLICO"}]},{"@type":"WebSite","@id":"https:\/\/nethemba.com\/de\/#website","url":"https:\/\/nethemba.com\/de\/","name":"Nethemba","description":"We care about your security","potentialAction":[{"@type":"SearchAction","target":{"@type":"EntryPoint","urlTemplate":"https:\/\/nethemba.com\/de\/?s={search_term_string}"},"query-input":{"@type":"PropertyValueSpecification","valueRequired":true,"valueName":"search_term_string"}}],"inLanguage":"es"}]}},"_links":{"self":[{"href":"https:\/\/nethemba.com\/es\/wp-json\/wp\/v2\/pages\/3275","targetHints":{"allow":["GET"]}}],"collection":[{"href":"https:\/\/nethemba.com\/es\/wp-json\/wp\/v2\/pages"}],"about":[{"href":"https:\/\/nethemba.com\/es\/wp-json\/wp\/v2\/types\/page"}],"author":[{"embeddable":true,"href":"https:\/\/nethemba.com\/es\/wp-json\/wp\/v2\/users\/2"}],"replies":[{"embeddable":true,"href":"https:\/\/nethemba.com\/es\/wp-json\/wp\/v2\/comments?post=3275"}],"version-history":[{"count":0,"href":"https:\/\/nethemba.com\/es\/wp-json\/wp\/v2\/pages\/3275\/revisions"}],"up":[{"embeddable":true,"href":"https:\/\/nethemba.com\/es\/wp-json\/wp\/v2\/pages\/3267"}],"wp:attachment":[{"href":"https:\/\/nethemba.com\/es\/wp-json\/wp\/v2\/media?parent=3275"}],"curies":[{"name":"wp","href":"https:\/\/api.w.org\/{rel}","templated":true}]}}