{"id":3288,"date":"2019-03-08T17:41:18","date_gmt":"2019-03-08T17:41:18","guid":{"rendered":"http:\/\/nethemba.com\/?page_id=3288"},"modified":"2019-03-28T19:53:30","modified_gmt":"2019-03-28T19:53:30","slug":"prueba-de-penetracion-de-aplicacion-web-basica","status":"publish","type":"page","link":"https:\/\/nethemba.com\/es\/servicios\/seguridad-de-la-aplicacion\/prueba-de-penetracion-de-aplicacion-web-basica\/","title":{"rendered":"Prueba de penetraci\u00f3n de aplicaci\u00f3n WEB BASICA"},"content":{"rendered":"\n<!--more-->\n\n\n\n<p><br> El objetivo de la prueba de penetraci\u00f3n b\u00e1sica es revelar la mayor cantidad posible de vulnerabilidades de seguridad m\u00e1s cr\u00edticas en la aplicaci\u00f3n web \/ servidor web durante un d\u00eda.<br> Principalmente, la prueba es automatizada usando nuestras herramientas comerciales y de c\u00f3digo abierto (la mayor\u00eda de ellas est\u00e1n disponibles aqu\u00ed). La existencia de todas las vulnerabilidades altas-cr\u00edticas se verifican manualmente. Utilizamos nuestros conocimientos de seguridad de aplicaciones web para elegir las herramientas m\u00e1s adecuadas para cada aplicaci\u00f3n espec\u00edfica.<\/p>\n\n\n\n<p><br> <strong>La prueba consiste en:<\/strong><\/p>\n\n\n\n<ul class=\"wp-block-list\"><li><strong>Recopilaci\u00f3n de informaci\u00f3n<\/strong> &#8211; se identifica y documenta la informaci\u00f3n sobre el sistema objetivo incluyendo la versi\u00f3n del servidor web, sus m\u00f3dulos, el marco de programaci\u00f3n utilizado, WAF, identificaci\u00f3n de todos los puntos de entrada<\/li><\/ul>\n\n\n\n<ul class=\"wp-block-list\"><li><strong>Enumeraci\u00f3n y mapeo de vulnerabilidades<\/strong> &#8211; se utilizan m\u00e9todos y t\u00e9cnicas intrusivas (solicitudes HTTP especialmente dise\u00f1adas) para identificar vulnerabilidades potenciales (se utilizan esc\u00e1neres especiales de vulnerabilidades de aplicaciones web de y proxies de inyecci\u00f3n de fallas)<\/li><\/ul>\n\n\n\n<ul class=\"wp-block-list\"><li><strong>Verificaci\u00f3n manual de vulnerabilidades altas cr\u00edticas reveladas<\/strong> (para prevenir falsos positivos)<\/li><\/ul>\n\n\n\n<p><\/p>\n\n\n\n<p><strong>Caracter\u00edsticas:\ufeff<\/strong><\/p>\n\n\n\n<ul class=\"wp-block-list\"><li>revela las vulnerabilidades m\u00e1s graves (especialmente las causadas por una validaci\u00f3n insuficiente, como las inyecciones de SQL, XSS \/ CSRF, desbordamientos de b\u00fafer, etc.) que pueden revelarse de forma totalmente automatizada<\/li><li>para pruebas m\u00e1s exhaustivas que tambi\u00e9n incluyan inspecci\u00f3n manual, recomendamos encarecidamente realizar nuestra prueba de penetraci\u00f3n est\u00e1ndar o una auditor\u00eda completa de seguridad de la aplicaci\u00f3n web, que tambi\u00e9n incluye una demostraci\u00f3n pr\u00e1ctica de hacking de vulnerabilidades cr\u00edticas reveladas (codificaci\u00f3n de explotaciones propias, volcado de base de datos, CSRF \/ XSS \/ demostraciones de fijaci\u00f3n de sesi\u00f3n , ..), reuni\u00f3n de un d\u00eda con los desarrolladores de la aplicaci\u00f3n y prueba completa de la aplicaci\u00f3n web de acuerdo con la Gu\u00eda de pruebas de OWASP<\/li><\/ul>\n\n\n\n<p><\/p>\n\n\n\n<p><\/p>\n","protected":false},"excerpt":{"rendered":"","protected":false},"author":2,"featured_media":0,"parent":3286,"menu_order":1,"comment_status":"closed","ping_status":"closed","template":"","meta":{"inline_featured_image":false,"_monsterinsights_skip_tracking":false,"_monsterinsights_sitenote_active":false,"_monsterinsights_sitenote_note":"","_monsterinsights_sitenote_category":0,"footnotes":""},"class_list":["post-3288","page","type-page","status-publish","hentry"],"yoast_head":"<!-- This site is optimized with the Yoast SEO plugin v27.5 - https:\/\/yoast.com\/product\/yoast-seo-wordpress\/ -->\n<title>Prueba de penetraci\u00f3n de aplicaci\u00f3n WEB BASICA - Nethemba<\/title>\n<meta name=\"robots\" content=\"index, follow, max-snippet:-1, max-image-preview:large, max-video-preview:-1\" \/>\n<link rel=\"canonical\" href=\"https:\/\/nethemba.com\/es\/servicios\/seguridad-de-la-aplicacion\/prueba-de-penetracion-de-aplicacion-web-basica\/\" \/>\n<meta property=\"og:locale\" content=\"es_ES\" \/>\n<meta property=\"og:type\" content=\"article\" \/>\n<meta property=\"og:title\" content=\"Prueba de penetraci\u00f3n de aplicaci\u00f3n WEB BASICA - Nethemba\" \/>\n<meta property=\"og:url\" content=\"https:\/\/nethemba.com\/es\/servicios\/seguridad-de-la-aplicacion\/prueba-de-penetracion-de-aplicacion-web-basica\/\" \/>\n<meta property=\"og:site_name\" content=\"Nethemba\" \/>\n<meta property=\"article:publisher\" content=\"https:\/\/www.facebook.com\/nethemba\" \/>\n<meta property=\"article:modified_time\" content=\"2019-03-28T19:53:30+00:00\" \/>\n<meta name=\"twitter:card\" content=\"summary_large_image\" \/>\n<meta name=\"twitter:site\" content=\"@nethemba\" \/>\n<meta name=\"twitter:label1\" content=\"Tiempo de lectura\" \/>\n\t<meta name=\"twitter:data1\" content=\"2 minutos\" \/>\n<script type=\"application\/ld+json\" class=\"yoast-schema-graph\">{\"@context\":\"https:\\\/\\\/schema.org\",\"@graph\":[{\"@type\":\"WebPage\",\"@id\":\"https:\\\/\\\/nethemba.com\\\/es\\\/servicios\\\/seguridad-de-la-aplicacion\\\/prueba-de-penetracion-de-aplicacion-web-basica\\\/\",\"url\":\"https:\\\/\\\/nethemba.com\\\/es\\\/servicios\\\/seguridad-de-la-aplicacion\\\/prueba-de-penetracion-de-aplicacion-web-basica\\\/\",\"name\":\"Prueba de penetraci\u00f3n de aplicaci\u00f3n WEB BASICA - Nethemba\",\"isPartOf\":{\"@id\":\"https:\\\/\\\/nethemba.com\\\/de\\\/#website\"},\"datePublished\":\"2019-03-08T17:41:18+00:00\",\"dateModified\":\"2019-03-28T19:53:30+00:00\",\"breadcrumb\":{\"@id\":\"https:\\\/\\\/nethemba.com\\\/es\\\/servicios\\\/seguridad-de-la-aplicacion\\\/prueba-de-penetracion-de-aplicacion-web-basica\\\/#breadcrumb\"},\"inLanguage\":\"es\",\"potentialAction\":[{\"@type\":\"ReadAction\",\"target\":[\"https:\\\/\\\/nethemba.com\\\/es\\\/servicios\\\/seguridad-de-la-aplicacion\\\/prueba-de-penetracion-de-aplicacion-web-basica\\\/\"]}]},{\"@type\":\"BreadcrumbList\",\"@id\":\"https:\\\/\\\/nethemba.com\\\/es\\\/servicios\\\/seguridad-de-la-aplicacion\\\/prueba-de-penetracion-de-aplicacion-web-basica\\\/#breadcrumb\",\"itemListElement\":[{\"@type\":\"ListItem\",\"position\":1,\"name\":\"Home\",\"item\":\"https:\\\/\\\/nethemba.com\\\/cs\\\/\"},{\"@type\":\"ListItem\",\"position\":2,\"name\":\"SERVICIOS\",\"item\":\"https:\\\/\\\/nethemba.com\\\/es\\\/servicios\\\/\"},{\"@type\":\"ListItem\",\"position\":3,\"name\":\"SEGURIDAD DE LA APLICACI\u00d3N\",\"item\":\"https:\\\/\\\/nethemba.com\\\/es\\\/servicios\\\/seguridad-de-la-aplicacion\\\/\"},{\"@type\":\"ListItem\",\"position\":4,\"name\":\"Prueba de penetraci\u00f3n de aplicaci\u00f3n WEB BASICA\"}]},{\"@type\":\"WebSite\",\"@id\":\"https:\\\/\\\/nethemba.com\\\/de\\\/#website\",\"url\":\"https:\\\/\\\/nethemba.com\\\/de\\\/\",\"name\":\"Nethemba\",\"description\":\"We care about your security\",\"potentialAction\":[{\"@type\":\"SearchAction\",\"target\":{\"@type\":\"EntryPoint\",\"urlTemplate\":\"https:\\\/\\\/nethemba.com\\\/de\\\/?s={search_term_string}\"},\"query-input\":{\"@type\":\"PropertyValueSpecification\",\"valueRequired\":true,\"valueName\":\"search_term_string\"}}],\"inLanguage\":\"es\"}]}<\/script>\n<!-- \/ Yoast SEO plugin. -->","yoast_head_json":{"title":"Prueba de penetraci\u00f3n de aplicaci\u00f3n WEB BASICA - Nethemba","robots":{"index":"index","follow":"follow","max-snippet":"max-snippet:-1","max-image-preview":"max-image-preview:large","max-video-preview":"max-video-preview:-1"},"canonical":"https:\/\/nethemba.com\/es\/servicios\/seguridad-de-la-aplicacion\/prueba-de-penetracion-de-aplicacion-web-basica\/","og_locale":"es_ES","og_type":"article","og_title":"Prueba de penetraci\u00f3n de aplicaci\u00f3n WEB BASICA - Nethemba","og_url":"https:\/\/nethemba.com\/es\/servicios\/seguridad-de-la-aplicacion\/prueba-de-penetracion-de-aplicacion-web-basica\/","og_site_name":"Nethemba","article_publisher":"https:\/\/www.facebook.com\/nethemba","article_modified_time":"2019-03-28T19:53:30+00:00","twitter_card":"summary_large_image","twitter_site":"@nethemba","twitter_misc":{"Tiempo de lectura":"2 minutos"},"schema":{"@context":"https:\/\/schema.org","@graph":[{"@type":"WebPage","@id":"https:\/\/nethemba.com\/es\/servicios\/seguridad-de-la-aplicacion\/prueba-de-penetracion-de-aplicacion-web-basica\/","url":"https:\/\/nethemba.com\/es\/servicios\/seguridad-de-la-aplicacion\/prueba-de-penetracion-de-aplicacion-web-basica\/","name":"Prueba de penetraci\u00f3n de aplicaci\u00f3n WEB BASICA - Nethemba","isPartOf":{"@id":"https:\/\/nethemba.com\/de\/#website"},"datePublished":"2019-03-08T17:41:18+00:00","dateModified":"2019-03-28T19:53:30+00:00","breadcrumb":{"@id":"https:\/\/nethemba.com\/es\/servicios\/seguridad-de-la-aplicacion\/prueba-de-penetracion-de-aplicacion-web-basica\/#breadcrumb"},"inLanguage":"es","potentialAction":[{"@type":"ReadAction","target":["https:\/\/nethemba.com\/es\/servicios\/seguridad-de-la-aplicacion\/prueba-de-penetracion-de-aplicacion-web-basica\/"]}]},{"@type":"BreadcrumbList","@id":"https:\/\/nethemba.com\/es\/servicios\/seguridad-de-la-aplicacion\/prueba-de-penetracion-de-aplicacion-web-basica\/#breadcrumb","itemListElement":[{"@type":"ListItem","position":1,"name":"Home","item":"https:\/\/nethemba.com\/cs\/"},{"@type":"ListItem","position":2,"name":"SERVICIOS","item":"https:\/\/nethemba.com\/es\/servicios\/"},{"@type":"ListItem","position":3,"name":"SEGURIDAD DE LA APLICACI\u00d3N","item":"https:\/\/nethemba.com\/es\/servicios\/seguridad-de-la-aplicacion\/"},{"@type":"ListItem","position":4,"name":"Prueba de penetraci\u00f3n de aplicaci\u00f3n WEB BASICA"}]},{"@type":"WebSite","@id":"https:\/\/nethemba.com\/de\/#website","url":"https:\/\/nethemba.com\/de\/","name":"Nethemba","description":"We care about your security","potentialAction":[{"@type":"SearchAction","target":{"@type":"EntryPoint","urlTemplate":"https:\/\/nethemba.com\/de\/?s={search_term_string}"},"query-input":{"@type":"PropertyValueSpecification","valueRequired":true,"valueName":"search_term_string"}}],"inLanguage":"es"}]}},"_links":{"self":[{"href":"https:\/\/nethemba.com\/es\/wp-json\/wp\/v2\/pages\/3288","targetHints":{"allow":["GET"]}}],"collection":[{"href":"https:\/\/nethemba.com\/es\/wp-json\/wp\/v2\/pages"}],"about":[{"href":"https:\/\/nethemba.com\/es\/wp-json\/wp\/v2\/types\/page"}],"author":[{"embeddable":true,"href":"https:\/\/nethemba.com\/es\/wp-json\/wp\/v2\/users\/2"}],"replies":[{"embeddable":true,"href":"https:\/\/nethemba.com\/es\/wp-json\/wp\/v2\/comments?post=3288"}],"version-history":[{"count":0,"href":"https:\/\/nethemba.com\/es\/wp-json\/wp\/v2\/pages\/3288\/revisions"}],"up":[{"embeddable":true,"href":"https:\/\/nethemba.com\/es\/wp-json\/wp\/v2\/pages\/3286"}],"wp:attachment":[{"href":"https:\/\/nethemba.com\/es\/wp-json\/wp\/v2\/media?parent=3288"}],"curies":[{"name":"wp","href":"https:\/\/api.w.org\/{rel}","templated":true}]}}