{"id":3302,"date":"2019-03-08T18:23:51","date_gmt":"2019-03-08T18:23:51","guid":{"rendered":"http:\/\/nethemba.com\/?page_id=3302"},"modified":"2020-12-11T19:00:52","modified_gmt":"2020-12-11T18:00:52","slug":"auditoria-de-seguridad-exhaustiva","status":"publish","type":"page","link":"https:\/\/nethemba.com\/es\/servicios\/seguridad-de-la-aplicacion\/auditoria-de-seguridad-exhaustiva\/","title":{"rendered":"Auditor\u00eda de seguridad exhaustiva"},"content":{"rendered":"\r\n<p>El objetivo de la auditor\u00eda de seguridad exhaustiva de la aplicaci\u00f3n web \/ servidor web es probar la aplicaci\u00f3n web de la forma m\u00e1s completa posible (todos los formularios, todo tipo de vulnerabilidades conocidas). La prueba sigue estrictamente <a href=\"https:\/\/owasp.org\/www-project-web-security-testing-guide\/v42\/\">la Gu\u00eda de pruebas de OWASP<\/a> y es muy exhaustiva.<\/p>\r\n\r\n\r\n\r\n<p><strong>Incluye:<\/strong><\/p>\r\n\r\n\r\n\r\n<ul class=\"wp-block-list\">\r\n<li>practical hacking demonstration of revealed critical vulnerabilities (own exploits coding, database dump, CSRF\/XSS\/session fixation demonstrations, ..)<\/li>\r\n<\/ul>\r\n\r\n\r\n\r\n<ul class=\"wp-block-list\">\r\n<li>reuni\u00f3n de un d\u00eda con los desarrolladores de la aplicaci\u00f3n (presentaci\u00f3n del informe, c\u00f3mo se pueden explotar las vulnerabilidades reveladas, c\u00f3mo solucionar la aplicaci\u00f3n y seguir nuestras recomendaciones de seguridad)<\/li>\r\n<li>prueba de la aplicaci\u00f3n web completa y estricta de acuerdo con la Gu\u00eda de pruebas de OWASP.<\/li>\r\n<li>Informe t\u00e9cnico con resumen ejecutivo, todas las vulnerabilidades reveladas, niveles de riesgo y recomendaciones<\/li>\r\n<\/ul>\r\n\r\n\r\n\r\n<ul class=\"wp-block-list\">\r\n<li><strong>Precio:<\/strong> depende de la complejidad de la aplicaci\u00f3n (n\u00famero de formularios, entradas de usuarios, jerarqu\u00eda de usuarios, etc.).<\/li>\r\n<\/ul>\r\n","protected":false},"excerpt":{"rendered":"<p>El objetivo de la auditor\u00eda de seguridad exhaustiva de la aplicaci\u00f3n web \/ servidor web es probar la aplicaci\u00f3n web de la forma m\u00e1s completa posible (todos los formularios, todo tipo de vulnerabilidades conocidas). La prueba sigue estrictamente la Gu\u00eda de pruebas de OWASP y es muy exhaustiva. Incluye: practical hacking demonstration of revealed critical [&hellip;]<\/p>\n","protected":false},"author":2,"featured_media":0,"parent":3286,"menu_order":3,"comment_status":"closed","ping_status":"closed","template":"services_detail.php","meta":{"inline_featured_image":false,"_monsterinsights_skip_tracking":false,"_monsterinsights_sitenote_active":false,"_monsterinsights_sitenote_note":"","_monsterinsights_sitenote_category":0,"footnotes":""},"class_list":["post-3302","page","type-page","status-publish","hentry"],"yoast_head":"<!-- This site is optimized with the Yoast SEO plugin v27.4 - https:\/\/yoast.com\/product\/yoast-seo-wordpress\/ -->\n<title>Auditor\u00eda de seguridad exhaustiva - Nethemba<\/title>\n<meta name=\"robots\" content=\"index, follow, max-snippet:-1, max-image-preview:large, max-video-preview:-1\" \/>\n<link rel=\"canonical\" href=\"https:\/\/nethemba.com\/es\/servicios\/seguridad-de-la-aplicacion\/auditoria-de-seguridad-exhaustiva\/\" \/>\n<meta property=\"og:locale\" content=\"es_ES\" \/>\n<meta property=\"og:type\" content=\"article\" \/>\n<meta property=\"og:title\" content=\"Auditor\u00eda de seguridad exhaustiva - Nethemba\" \/>\n<meta property=\"og:description\" content=\"El objetivo de la auditor\u00eda de seguridad exhaustiva de la aplicaci\u00f3n web \/ servidor web es probar la aplicaci\u00f3n web de la forma m\u00e1s completa posible (todos los formularios, todo tipo de vulnerabilidades conocidas). La prueba sigue estrictamente la Gu\u00eda de pruebas de OWASP y es muy exhaustiva. Incluye: practical hacking demonstration of revealed critical [&hellip;]\" \/>\n<meta property=\"og:url\" content=\"https:\/\/nethemba.com\/es\/servicios\/seguridad-de-la-aplicacion\/auditoria-de-seguridad-exhaustiva\/\" \/>\n<meta property=\"og:site_name\" content=\"Nethemba\" \/>\n<meta property=\"article:publisher\" content=\"https:\/\/www.facebook.com\/nethemba\" \/>\n<meta property=\"article:modified_time\" content=\"2020-12-11T18:00:52+00:00\" \/>\n<meta name=\"twitter:card\" content=\"summary_large_image\" \/>\n<meta name=\"twitter:site\" content=\"@nethemba\" \/>\n<meta name=\"twitter:label1\" content=\"Tiempo de lectura\" \/>\n\t<meta name=\"twitter:data1\" content=\"1 minuto\" \/>\n<script type=\"application\/ld+json\" class=\"yoast-schema-graph\">{\"@context\":\"https:\\\/\\\/schema.org\",\"@graph\":[{\"@type\":\"WebPage\",\"@id\":\"https:\\\/\\\/nethemba.com\\\/es\\\/servicios\\\/seguridad-de-la-aplicacion\\\/auditoria-de-seguridad-exhaustiva\\\/\",\"url\":\"https:\\\/\\\/nethemba.com\\\/es\\\/servicios\\\/seguridad-de-la-aplicacion\\\/auditoria-de-seguridad-exhaustiva\\\/\",\"name\":\"Auditor\u00eda de seguridad exhaustiva - Nethemba\",\"isPartOf\":{\"@id\":\"https:\\\/\\\/nethemba.com\\\/de\\\/#website\"},\"datePublished\":\"2019-03-08T18:23:51+00:00\",\"dateModified\":\"2020-12-11T18:00:52+00:00\",\"breadcrumb\":{\"@id\":\"https:\\\/\\\/nethemba.com\\\/es\\\/servicios\\\/seguridad-de-la-aplicacion\\\/auditoria-de-seguridad-exhaustiva\\\/#breadcrumb\"},\"inLanguage\":\"es\",\"potentialAction\":[{\"@type\":\"ReadAction\",\"target\":[\"https:\\\/\\\/nethemba.com\\\/es\\\/servicios\\\/seguridad-de-la-aplicacion\\\/auditoria-de-seguridad-exhaustiva\\\/\"]}]},{\"@type\":\"BreadcrumbList\",\"@id\":\"https:\\\/\\\/nethemba.com\\\/es\\\/servicios\\\/seguridad-de-la-aplicacion\\\/auditoria-de-seguridad-exhaustiva\\\/#breadcrumb\",\"itemListElement\":[{\"@type\":\"ListItem\",\"position\":1,\"name\":\"Home\",\"item\":\"https:\\\/\\\/nethemba.com\\\/cs\\\/\"},{\"@type\":\"ListItem\",\"position\":2,\"name\":\"SERVICIOS\",\"item\":\"https:\\\/\\\/nethemba.com\\\/es\\\/servicios\\\/\"},{\"@type\":\"ListItem\",\"position\":3,\"name\":\"SEGURIDAD DE LA APLICACI\u00d3N\",\"item\":\"https:\\\/\\\/nethemba.com\\\/es\\\/servicios\\\/seguridad-de-la-aplicacion\\\/\"},{\"@type\":\"ListItem\",\"position\":4,\"name\":\"Auditor\u00eda de seguridad exhaustiva\"}]},{\"@type\":\"WebSite\",\"@id\":\"https:\\\/\\\/nethemba.com\\\/de\\\/#website\",\"url\":\"https:\\\/\\\/nethemba.com\\\/de\\\/\",\"name\":\"Nethemba\",\"description\":\"We care about your security\",\"potentialAction\":[{\"@type\":\"SearchAction\",\"target\":{\"@type\":\"EntryPoint\",\"urlTemplate\":\"https:\\\/\\\/nethemba.com\\\/de\\\/?s={search_term_string}\"},\"query-input\":{\"@type\":\"PropertyValueSpecification\",\"valueRequired\":true,\"valueName\":\"search_term_string\"}}],\"inLanguage\":\"es\"}]}<\/script>\n<!-- \/ Yoast SEO plugin. -->","yoast_head_json":{"title":"Auditor\u00eda de seguridad exhaustiva - Nethemba","robots":{"index":"index","follow":"follow","max-snippet":"max-snippet:-1","max-image-preview":"max-image-preview:large","max-video-preview":"max-video-preview:-1"},"canonical":"https:\/\/nethemba.com\/es\/servicios\/seguridad-de-la-aplicacion\/auditoria-de-seguridad-exhaustiva\/","og_locale":"es_ES","og_type":"article","og_title":"Auditor\u00eda de seguridad exhaustiva - Nethemba","og_description":"El objetivo de la auditor\u00eda de seguridad exhaustiva de la aplicaci\u00f3n web \/ servidor web es probar la aplicaci\u00f3n web de la forma m\u00e1s completa posible (todos los formularios, todo tipo de vulnerabilidades conocidas). La prueba sigue estrictamente la Gu\u00eda de pruebas de OWASP y es muy exhaustiva. Incluye: practical hacking demonstration of revealed critical [&hellip;]","og_url":"https:\/\/nethemba.com\/es\/servicios\/seguridad-de-la-aplicacion\/auditoria-de-seguridad-exhaustiva\/","og_site_name":"Nethemba","article_publisher":"https:\/\/www.facebook.com\/nethemba","article_modified_time":"2020-12-11T18:00:52+00:00","twitter_card":"summary_large_image","twitter_site":"@nethemba","twitter_misc":{"Tiempo de lectura":"1 minuto"},"schema":{"@context":"https:\/\/schema.org","@graph":[{"@type":"WebPage","@id":"https:\/\/nethemba.com\/es\/servicios\/seguridad-de-la-aplicacion\/auditoria-de-seguridad-exhaustiva\/","url":"https:\/\/nethemba.com\/es\/servicios\/seguridad-de-la-aplicacion\/auditoria-de-seguridad-exhaustiva\/","name":"Auditor\u00eda de seguridad exhaustiva - Nethemba","isPartOf":{"@id":"https:\/\/nethemba.com\/de\/#website"},"datePublished":"2019-03-08T18:23:51+00:00","dateModified":"2020-12-11T18:00:52+00:00","breadcrumb":{"@id":"https:\/\/nethemba.com\/es\/servicios\/seguridad-de-la-aplicacion\/auditoria-de-seguridad-exhaustiva\/#breadcrumb"},"inLanguage":"es","potentialAction":[{"@type":"ReadAction","target":["https:\/\/nethemba.com\/es\/servicios\/seguridad-de-la-aplicacion\/auditoria-de-seguridad-exhaustiva\/"]}]},{"@type":"BreadcrumbList","@id":"https:\/\/nethemba.com\/es\/servicios\/seguridad-de-la-aplicacion\/auditoria-de-seguridad-exhaustiva\/#breadcrumb","itemListElement":[{"@type":"ListItem","position":1,"name":"Home","item":"https:\/\/nethemba.com\/cs\/"},{"@type":"ListItem","position":2,"name":"SERVICIOS","item":"https:\/\/nethemba.com\/es\/servicios\/"},{"@type":"ListItem","position":3,"name":"SEGURIDAD DE LA APLICACI\u00d3N","item":"https:\/\/nethemba.com\/es\/servicios\/seguridad-de-la-aplicacion\/"},{"@type":"ListItem","position":4,"name":"Auditor\u00eda de seguridad exhaustiva"}]},{"@type":"WebSite","@id":"https:\/\/nethemba.com\/de\/#website","url":"https:\/\/nethemba.com\/de\/","name":"Nethemba","description":"We care about your security","potentialAction":[{"@type":"SearchAction","target":{"@type":"EntryPoint","urlTemplate":"https:\/\/nethemba.com\/de\/?s={search_term_string}"},"query-input":{"@type":"PropertyValueSpecification","valueRequired":true,"valueName":"search_term_string"}}],"inLanguage":"es"}]}},"_links":{"self":[{"href":"https:\/\/nethemba.com\/es\/wp-json\/wp\/v2\/pages\/3302","targetHints":{"allow":["GET"]}}],"collection":[{"href":"https:\/\/nethemba.com\/es\/wp-json\/wp\/v2\/pages"}],"about":[{"href":"https:\/\/nethemba.com\/es\/wp-json\/wp\/v2\/types\/page"}],"author":[{"embeddable":true,"href":"https:\/\/nethemba.com\/es\/wp-json\/wp\/v2\/users\/2"}],"replies":[{"embeddable":true,"href":"https:\/\/nethemba.com\/es\/wp-json\/wp\/v2\/comments?post=3302"}],"version-history":[{"count":0,"href":"https:\/\/nethemba.com\/es\/wp-json\/wp\/v2\/pages\/3302\/revisions"}],"up":[{"embeddable":true,"href":"https:\/\/nethemba.com\/es\/wp-json\/wp\/v2\/pages\/3286"}],"wp:attachment":[{"href":"https:\/\/nethemba.com\/es\/wp-json\/wp\/v2\/media?parent=3302"}],"curies":[{"name":"wp","href":"https:\/\/api.w.org\/{rel}","templated":true}]}}